{"id":4451,"date":"2022-02-03T19:26:45","date_gmt":"2022-02-03T18:26:45","guid":{"rendered":"http:\/\/provansadekor.rs\/?post_type=product&#038;p=4451"},"modified":"2026-03-13T11:34:34","modified_gmt":"2026-03-13T10:34:34","slug":"box-aranzman-sa-plisanim-medom-za-decake","status":"publish","type":"product","link":"https:\/\/provansadekor.rs\/en\/proizvod\/box-arrangement-with-soft-honey-for-boys\/","title":{"rendered":"Box arrangement with teddy bear for boys"},"content":{"rendered":"<p><em>Kinds of <strong>flowers in an arrangement<\/strong><\/em>:\u00a0<strong>white rose, white lisianthus, chrysanthemum yoko ono.<\/strong><\/p>\n<p><em>Accompanying <\/em><strong><em>decoration<\/em>:<\/strong> round blue box, teddy bear, wooden spade (It&#039;s a boy), blue ribbon bow with white details, thin gray satin ribbon bow.<\/p>\n<p>As a way to welcome a newborn baby boy, choose this one <strong>a gift for a baby<\/strong> of a boy who, in addition to a teddy bear, can boast of a unique combination of flowers that will additionally decorate one of the most beautiful days of life.<\/p>\n<p><strong>Ordering flowers online<\/strong> it has never been easier.<\/p>\n<p>Product declaration, country of origin and manufacturer are available on the label of the product itself.<\/p>\n<p>&nbsp;<\/p>\n<h2 style=\"text-align: center;\"><strong>A gift for a baby, Cve\u0107ara Online<\/strong><\/h2>\n<p>&nbsp;<\/p>","protected":false},"excerpt":{"rendered":"<p>Vrste cve\u0107a u aran\u017emanu:\u00a0bela ru\u017ea, beli lizijantus, hrizantema yoko ono. Prate\u0107a dekoracija: okrugli plavi box, pli\u0161ani meda, drveni pik( It\u2019s a boy), ma\u0161na od plave trake sa belim detaljima, ma\u0161na od tanke sive satenske trake. Kao na\u010din iskazivanja dobrodo\u0161lice novorodjenom de\u010daku, izaberite ovaj poklon za bebu de\u010daka koji osim pli\u0161anog medveda mo\u017ee da se pohvali [&hellip;]<\/p>","protected":false},"featured_media":66982,"template":"","meta":[],"product_brand":[],"product_cat":[163],"product_tag":[],"class_list":{"0":"post-4451","1":"product","2":"type-product","3":"status-publish","4":"has-post-thumbnail","6":"product_cat-poklon-za-bebe","8":"first","9":"instock","10":"shipping-taxable","11":"purchasable","12":"product-type-simple"},"yoast_head":"<!-- This site is optimized with the Yoast SEO Premium plugin v20.9 (Yoast SEO v26.5) - https:\/\/yoast.com\/wordpress\/plugins\/seo\/ -->\n<title>Box aran\u017eman sa pli\u0161anim medom za de\u010dake &#8211; Provansa Dekor<\/title>\n<meta name=\"description\" content=\"Prate\u0107a dekoracija: okrugli beli box, pli\u0161ani meda, suva dekorativna trava, drveni pik( It\u2019s a boy), ma\u0161na od plave trake sa belim detaljima, Cve\u0107ara Online\" \/>\n<meta name=\"robots\" content=\"index, follow, max-snippet:-1, max-image-preview:large, max-video-preview:-1\" \/>\n<link rel=\"canonical\" href=\"https:\/\/provansadekor.rs\/en\/proizvod\/box-arrangement-with-soft-honey-for-boys\/\" \/>\n<meta property=\"og:locale\" content=\"en_US\" \/>\n<meta property=\"og:type\" content=\"article\" \/>\n<meta property=\"og:title\" content=\"Box aran\u017eman sa pli\u0161anim medom za de\u010dake\" \/>\n<meta property=\"og:description\" content=\"Prate\u0107a dekoracija: okrugli beli box, pli\u0161ani meda, suva dekorativna trava, drveni pik( It\u2019s a boy), ma\u0161na od plave trake sa belim detaljima, Cve\u0107ara Online\" \/>\n<meta property=\"og:url\" content=\"https:\/\/provansadekor.rs\/en\/proizvod\/box-arrangement-with-soft-honey-for-boys\/\" \/>\n<meta property=\"og:site_name\" content=\"Provansa Dekor\" \/>\n<meta property=\"article:publisher\" content=\"https:\/\/www.facebook.com\/provansadekor\" \/>\n<meta property=\"article:modified_time\" content=\"2026-03-13T10:34:34+00:00\" \/>\n<meta property=\"og:image\" content=\"https:\/\/provansadekor.rs\/wp-content\/uploads\/2022\/10\/5-2.jpg\" \/>\n\t<meta property=\"og:image:width\" content=\"900\" \/>\n\t<meta property=\"og:image:height\" content=\"900\" \/>\n\t<meta property=\"og:image:type\" content=\"image\/jpeg\" \/>\n<meta name=\"twitter:card\" content=\"summary_large_image\" \/>\n<meta name=\"twitter:label1\" content=\"Est. reading time\" \/>\n\t<meta name=\"twitter:data1\" content=\"1 minute\" \/>\n<script type=\"application\/ld+json\" class=\"yoast-schema-graph\">{\"@context\":\"https:\/\/schema.org\",\"@graph\":[{\"@type\":[\"WebPage\",\"ItemPage\"],\"@id\":\"https:\/\/provansadekor.rs\/proizvod\/box-aranzman-sa-plisanim-medom-za-decake\/\",\"url\":\"https:\/\/provansadekor.rs\/proizvod\/box-aranzman-sa-plisanim-medom-za-decake\/\",\"name\":\"Box aran\u017eman sa pli\u0161anim medom za de\u010dake &#8211; Provansa Dekor\",\"isPartOf\":{\"@id\":\"https:\/\/provansadekor.rs\/#website\"},\"primaryImageOfPage\":{\"@id\":\"https:\/\/provansadekor.rs\/proizvod\/box-aranzman-sa-plisanim-medom-za-decake\/#primaryimage\"},\"image\":{\"@id\":\"https:\/\/provansadekor.rs\/proizvod\/box-aranzman-sa-plisanim-medom-za-decake\/#primaryimage\"},\"thumbnailUrl\":\"https:\/\/provansadekor.rs\/wp-content\/uploads\/2022\/10\/5-2.jpg\",\"datePublished\":\"2022-02-03T18:26:45+00:00\",\"dateModified\":\"2026-03-13T10:34:34+00:00\",\"description\":\"Prate\u0107a dekoracija: okrugli beli box, pli\u0161ani meda, suva dekorativna trava, drveni pik( It\u2019s a boy), ma\u0161na od plave trake sa belim detaljima, Cve\u0107ara Online\",\"breadcrumb\":{\"@id\":\"https:\/\/provansadekor.rs\/proizvod\/box-aranzman-sa-plisanim-medom-za-decake\/#breadcrumb\"},\"inLanguage\":\"en-US\",\"potentialAction\":[{\"@type\":\"ReadAction\",\"target\":[\"https:\/\/provansadekor.rs\/proizvod\/box-aranzman-sa-plisanim-medom-za-decake\/\"]}]},{\"@type\":\"ImageObject\",\"inLanguage\":\"en-US\",\"@id\":\"https:\/\/provansadekor.rs\/proizvod\/box-aranzman-sa-plisanim-medom-za-decake\/#primaryimage\",\"url\":\"https:\/\/provansadekor.rs\/wp-content\/uploads\/2022\/10\/5-2.jpg\",\"contentUrl\":\"https:\/\/provansadekor.rs\/wp-content\/uploads\/2022\/10\/5-2.jpg\",\"width\":900,\"height\":900},{\"@type\":\"BreadcrumbList\",\"@id\":\"https:\/\/provansadekor.rs\/proizvod\/box-aranzman-sa-plisanim-medom-za-decake\/#breadcrumb\",\"itemListElement\":[{\"@type\":\"ListItem\",\"position\":1,\"name\":\"\u041f\u043e\u0447\u0435\u0442\u043d\u0430\",\"item\":\"https:\/\/provansadekor.rs\/\"},{\"@type\":\"ListItem\",\"position\":2,\"name\":\"\u041f\u0440\u043e\u0438\u0437\u0432\u043e\u0434\u0438\",\"item\":\"https:\/\/provansadekor.rs\/shop\/\"},{\"@type\":\"ListItem\",\"position\":3,\"name\":\"Box aran\u017eman sa pli\u0161anim medom za de\u010dake\"}]},{\"@type\":\"WebSite\",\"@id\":\"https:\/\/provansadekor.rs\/#website\",\"url\":\"https:\/\/provansadekor.rs\/\",\"name\":\"Provansa Dekor\",\"description\":\"Dostava cve\u0107a Beograd - Organizacija i Dekoracija doga\u0111aja - Ure\u0111enje zelenih povr\u0161ina\",\"publisher\":{\"@id\":\"https:\/\/provansadekor.rs\/#organization\"},\"potentialAction\":[{\"@type\":\"SearchAction\",\"target\":{\"@type\":\"EntryPoint\",\"urlTemplate\":\"https:\/\/provansadekor.rs\/?s={search_term_string}\"},\"query-input\":{\"@type\":\"PropertyValueSpecification\",\"valueRequired\":true,\"valueName\":\"search_term_string\"}}],\"inLanguage\":\"en-US\"},{\"@type\":\"Organization\",\"@id\":\"https:\/\/provansadekor.rs\/#organization\",\"name\":\"Provansa Dekor Cve\u0107ara Beograd\",\"url\":\"https:\/\/provansadekor.rs\/\",\"logo\":{\"@type\":\"ImageObject\",\"inLanguage\":\"en-US\",\"@id\":\"https:\/\/provansadekor.rs\/#\/schema\/logo\/image\/\",\"url\":\"https:\/\/provansadekor.rs\/wp-content\/uploads\/2022\/03\/logo-provansa.jpg\",\"contentUrl\":\"https:\/\/provansadekor.rs\/wp-content\/uploads\/2022\/03\/logo-provansa.jpg\",\"width\":200,\"height\":200,\"caption\":\"Provansa Dekor Cve\u0107ara Beograd\"},\"image\":{\"@id\":\"https:\/\/provansadekor.rs\/#\/schema\/logo\/image\/\"},\"sameAs\":[\"https:\/\/www.facebook.com\/provansadekor\",\"https:\/\/www.instagram.com\/provansadekor\/\"]}]}<\/script>\n<!-- \/ Yoast SEO Premium plugin. -->","yoast_head_json":{"title":"Box arrangement with teddy bear for boys - Provence Decor","description":"Accompanying decoration: round white box, teddy bear, dry decorative grass, wooden spade (It&#039;s a boy), blue ribbon bow with white details, Cve\u0107ara Online","robots":{"index":"index","follow":"follow","max-snippet":"max-snippet:-1","max-image-preview":"max-image-preview:large","max-video-preview":"max-video-preview:-1"},"canonical":"https:\/\/provansadekor.rs\/en\/proizvod\/box-arrangement-with-soft-honey-for-boys\/","og_locale":"en_US","og_type":"article","og_title":"Box aran\u017eman sa pli\u0161anim medom za de\u010dake","og_description":"Prate\u0107a dekoracija: okrugli beli box, pli\u0161ani meda, suva dekorativna trava, drveni pik( It\u2019s a boy), ma\u0161na od plave trake sa belim detaljima, Cve\u0107ara Online","og_url":"https:\/\/provansadekor.rs\/en\/proizvod\/box-arrangement-with-soft-honey-for-boys\/","og_site_name":"Provansa Dekor","article_publisher":"https:\/\/www.facebook.com\/provansadekor","article_modified_time":"2026-03-13T10:34:34+00:00","og_image":[{"width":900,"height":900,"url":"https:\/\/provansadekor.rs\/wp-content\/uploads\/2022\/10\/5-2.jpg","type":"image\/jpeg"}],"twitter_card":"summary_large_image","twitter_misc":{"Est. reading time":"1 minute"},"schema":{"@context":"https:\/\/schema.org","@graph":[{"@type":["WebPage","ItemPage"],"@id":"https:\/\/provansadekor.rs\/proizvod\/box-aranzman-sa-plisanim-medom-za-decake\/","url":"https:\/\/provansadekor.rs\/proizvod\/box-aranzman-sa-plisanim-medom-za-decake\/","name":"Box arrangement with teddy bear for boys - Provence Decor","isPartOf":{"@id":"https:\/\/provansadekor.rs\/#website"},"primaryImageOfPage":{"@id":"https:\/\/provansadekor.rs\/proizvod\/box-aranzman-sa-plisanim-medom-za-decake\/#primaryimage"},"image":{"@id":"https:\/\/provansadekor.rs\/proizvod\/box-aranzman-sa-plisanim-medom-za-decake\/#primaryimage"},"thumbnailUrl":"https:\/\/provansadekor.rs\/wp-content\/uploads\/2022\/10\/5-2.jpg","datePublished":"2022-02-03T18:26:45+00:00","dateModified":"2026-03-13T10:34:34+00:00","description":"Accompanying decoration: round white box, teddy bear, dry decorative grass, wooden spade (It&#039;s a boy), blue ribbon bow with white details, Cve\u0107ara Online","breadcrumb":{"@id":"https:\/\/provansadekor.rs\/proizvod\/box-aranzman-sa-plisanim-medom-za-decake\/#breadcrumb"},"inLanguage":"en-US","potentialAction":[{"@type":"ReadAction","target":["https:\/\/provansadekor.rs\/proizvod\/box-aranzman-sa-plisanim-medom-za-decake\/"]}]},{"@type":"ImageObject","inLanguage":"en-US","@id":"https:\/\/provansadekor.rs\/proizvod\/box-aranzman-sa-plisanim-medom-za-decake\/#primaryimage","url":"https:\/\/provansadekor.rs\/wp-content\/uploads\/2022\/10\/5-2.jpg","contentUrl":"https:\/\/provansadekor.rs\/wp-content\/uploads\/2022\/10\/5-2.jpg","width":900,"height":900},{"@type":"BreadcrumbList","@id":"https:\/\/provansadekor.rs\/proizvod\/box-aranzman-sa-plisanim-medom-za-decake\/#breadcrumb","itemListElement":[{"@type":"ListItem","position":1,"name":"\u041f\u043e\u0447\u0435\u0442\u043d\u0430","item":"https:\/\/provansadekor.rs\/"},{"@type":"ListItem","position":2,"name":"\u041f\u0440\u043e\u0438\u0437\u0432\u043e\u0434\u0438","item":"https:\/\/provansadekor.rs\/shop\/"},{"@type":"ListItem","position":3,"name":"Box aran\u017eman sa pli\u0161anim medom za de\u010dake"}]},{"@type":"WebSite","@id":"https:\/\/provansadekor.rs\/#website","url":"https:\/\/provansadekor.rs\/","name":"Provence Decor","description":"Flower delivery Belgrade - Event organization and decoration - Landscaping","publisher":{"@id":"https:\/\/provansadekor.rs\/#organization"},"potentialAction":[{"@type":"SearchAction","target":{"@type":"EntryPoint","urlTemplate":"https:\/\/provansadekor.rs\/?s={search_term_string}"},"query-input":{"@type":"PropertyValueSpecification","valueRequired":true,"valueName":"search_term_string"}}],"inLanguage":"en-US"},{"@type":"Organization","@id":"https:\/\/provansadekor.rs\/#organization","name":"Provence Decor Flower Shop Belgrade","url":"https:\/\/provansadekor.rs\/","logo":{"@type":"ImageObject","inLanguage":"en-US","@id":"https:\/\/provansadekor.rs\/#\/schema\/logo\/image\/","url":"https:\/\/provansadekor.rs\/wp-content\/uploads\/2022\/03\/logo-provansa.jpg","contentUrl":"https:\/\/provansadekor.rs\/wp-content\/uploads\/2022\/03\/logo-provansa.jpg","width":200,"height":200,"caption":"Provansa Dekor Cve\u0107ara Beograd"},"image":{"@id":"https:\/\/provansadekor.rs\/#\/schema\/logo\/image\/"},"sameAs":["https:\/\/www.facebook.com\/provansadekor","https:\/\/www.instagram.com\/provansadekor\/"]}]}},"_links":{"self":[{"href":"https:\/\/provansadekor.rs\/en\/wp-json\/wp\/v2\/product\/4451","targetHints":{"allow":["GET"]}}],"collection":[{"href":"https:\/\/provansadekor.rs\/en\/wp-json\/wp\/v2\/product"}],"about":[{"href":"https:\/\/provansadekor.rs\/en\/wp-json\/wp\/v2\/types\/product"}],"version-history":[{"count":8,"href":"https:\/\/provansadekor.rs\/en\/wp-json\/wp\/v2\/product\/4451\/revisions"}],"predecessor-version":[{"id":77215,"href":"https:\/\/provansadekor.rs\/en\/wp-json\/wp\/v2\/product\/4451\/revisions\/77215"}],"wp:featuredmedia":[{"embeddable":true,"href":"https:\/\/provansadekor.rs\/en\/wp-json\/wp\/v2\/media\/66982"}],"wp:attachment":[{"href":"https:\/\/provansadekor.rs\/en\/wp-json\/wp\/v2\/media?parent=4451"}],"wp:term":[{"taxonomy":"product_brand","embeddable":true,"href":"https:\/\/provansadekor.rs\/en\/wp-json\/wp\/v2\/product_brand?post=4451"},{"taxonomy":"product_cat","embeddable":true,"href":"https:\/\/provansadekor.rs\/en\/wp-json\/wp\/v2\/product_cat?post=4451"},{"taxonomy":"product_tag","embeddable":true,"href":"https:\/\/provansadekor.rs\/en\/wp-json\/wp\/v2\/product_tag?post=4451"}],"curies":[{"name":"wp","href":"https:\/\/api.w.org\/{rel}","templated":true}]}}