{"id":4450,"date":"2022-02-03T19:08:47","date_gmt":"2022-02-03T18:08:47","guid":{"rendered":"http:\/\/provansadekor.rs\/?post_type=product&#038;p=4450"},"modified":"2026-03-13T11:34:35","modified_gmt":"2026-03-13T10:34:35","slug":"malisan-01","status":"publish","type":"product","link":"https:\/\/provansadekor.rs\/en\/proizvod\/malisan-01\/","title":{"rendered":"A pink welcome for princesses"},"content":{"rendered":"<p>Kinds of <strong>flowers in the arrangement: pink rose<\/strong>, pink and cream lisianthus, eucalyptus.<\/p>\n<p>Accompanying decoration: hip cosmetics for babies, treasure chest, bodysuit, socks, cream teddy bear, pink round plush box, bow of gray ribbon with white edges, bow of pink satin ribbon, balloon with the inscription - It&#039;s a girl.<\/p>\n<p><strong>A gift for babies<\/strong> which makes up a pink plush box, which will later be perfect for storing things, as a seat for a beautiful flower arrangement, there is also a teddy bear toy, but also the first basic necessities that new parents will thank you for.<\/p>\n<p>Product declaration, country of origin and manufacturer are available on the label of the product itself.<\/p>\n<h2 style=\"text-align: center;\"><strong>Gift for babies, Online Flower Shop Belgrade\u00a0<\/strong><\/h2>","protected":false},"excerpt":{"rendered":"<p>Vrste cve\u0107a u aran\u017emanu: roze ru\u017ea, roze i krem lizijantus, eukaliptus. Prate\u0107a dekoracija: hipp kozmetika za bebe, riznica, bodi, \u010darapice, krem pli\u0161ani meda, roze okrugli pli\u0161ani box, ma\u0161na od sive trake sa belim ivicama, ma\u0161na od roze satenske trake, balon sa natpisom- It\u2019s a girl. Poklon za bebe koji \u010dini roze pli\u0161ani box, koji \u0107e [&hellip;]<\/p>","protected":false},"featured_media":64500,"template":"","meta":[],"product_brand":[],"product_cat":[163],"product_tag":[],"class_list":{"0":"post-4450","1":"product","2":"type-product","3":"status-publish","4":"has-post-thumbnail","6":"product_cat-poklon-za-bebe","8":"first","9":"instock","10":"shipping-taxable","11":"purchasable","12":"product-type-simple"},"yoast_head":"<!-- This site is optimized with the Yoast SEO Premium plugin v20.9 (Yoast SEO v26.5) - https:\/\/yoast.com\/wordpress\/plugins\/seo\/ -->\n<title>Roze dobrodo\u0161lica za princeze &#8211; Provansa Dekor<\/title>\n<meta name=\"description\" content=\"Poklon za bebe koji \u010dini roze pli\u0161ani box, koji \u0107e kasnije savr\u0161eno poslu\u017eiti za odlaganje stvari, kao sedi\u0161te prelepom cvetnom aran\u017emanu, tu je i igra\u010dka pli\u0161ani medved ali i prve osonovne potreb\u0161tine na kojima \u0107e Vam novonastali roditelji biti zahvalni.Poklon za bebe, Online Cve\u0107ara Beograd\u00a0\" \/>\n<meta name=\"robots\" content=\"index, follow, max-snippet:-1, max-image-preview:large, max-video-preview:-1\" \/>\n<link rel=\"canonical\" href=\"https:\/\/provansadekor.rs\/en\/proizvod\/malisan-01\/\" \/>\n<meta property=\"og:locale\" content=\"en_US\" \/>\n<meta property=\"og:type\" content=\"article\" \/>\n<meta property=\"og:title\" content=\"Roze dobrodo\u0161lica za princeze\" \/>\n<meta property=\"og:description\" content=\"Poklon za bebe koji \u010dini roze pli\u0161ani box, koji \u0107e kasnije savr\u0161eno poslu\u017eiti za odlaganje stvari, kao sedi\u0161te prelepom cvetnom aran\u017emanu, tu je i igra\u010dka pli\u0161ani medved ali i prve osonovne potreb\u0161tine na kojima \u0107e Vam novonastali roditelji biti zahvalni.Poklon za bebe, Online Cve\u0107ara Beograd\u00a0\" \/>\n<meta property=\"og:url\" content=\"https:\/\/provansadekor.rs\/en\/proizvod\/malisan-01\/\" \/>\n<meta property=\"og:site_name\" content=\"Provansa Dekor\" \/>\n<meta property=\"article:publisher\" content=\"https:\/\/www.facebook.com\/provansadekor\" \/>\n<meta property=\"article:modified_time\" content=\"2026-03-13T10:34:35+00:00\" \/>\n<meta property=\"og:image\" content=\"https:\/\/provansadekor.rs\/wp-content\/uploads\/2022\/08\/17.jpg\" \/>\n\t<meta property=\"og:image:width\" content=\"900\" \/>\n\t<meta property=\"og:image:height\" content=\"900\" \/>\n\t<meta property=\"og:image:type\" content=\"image\/jpeg\" \/>\n<meta name=\"twitter:card\" content=\"summary_large_image\" \/>\n<meta name=\"twitter:label1\" content=\"Est. reading time\" \/>\n\t<meta name=\"twitter:data1\" content=\"1 minute\" \/>\n<script type=\"application\/ld+json\" class=\"yoast-schema-graph\">{\"@context\":\"https:\/\/schema.org\",\"@graph\":[{\"@type\":[\"WebPage\",\"ItemPage\"],\"@id\":\"https:\/\/provansadekor.rs\/proizvod\/malisan-01\/\",\"url\":\"https:\/\/provansadekor.rs\/proizvod\/malisan-01\/\",\"name\":\"Roze dobrodo\u0161lica za princeze &#8211; Provansa Dekor\",\"isPartOf\":{\"@id\":\"https:\/\/provansadekor.rs\/#website\"},\"primaryImageOfPage\":{\"@id\":\"https:\/\/provansadekor.rs\/proizvod\/malisan-01\/#primaryimage\"},\"image\":{\"@id\":\"https:\/\/provansadekor.rs\/proizvod\/malisan-01\/#primaryimage\"},\"thumbnailUrl\":\"https:\/\/provansadekor.rs\/wp-content\/uploads\/2022\/08\/17.jpg\",\"datePublished\":\"2022-02-03T18:08:47+00:00\",\"dateModified\":\"2026-03-13T10:34:35+00:00\",\"description\":\"Poklon za bebe koji \u010dini roze pli\u0161ani box, koji \u0107e kasnije savr\u0161eno poslu\u017eiti za odlaganje stvari, kao sedi\u0161te prelepom cvetnom aran\u017emanu, tu je i igra\u010dka pli\u0161ani medved ali i prve osonovne potreb\u0161tine na kojima \u0107e Vam novonastali roditelji biti zahvalni.Poklon za bebe, Online Cve\u0107ara Beograd\u00a0\",\"breadcrumb\":{\"@id\":\"https:\/\/provansadekor.rs\/proizvod\/malisan-01\/#breadcrumb\"},\"inLanguage\":\"en-US\",\"potentialAction\":[{\"@type\":\"ReadAction\",\"target\":[\"https:\/\/provansadekor.rs\/proizvod\/malisan-01\/\"]}]},{\"@type\":\"ImageObject\",\"inLanguage\":\"en-US\",\"@id\":\"https:\/\/provansadekor.rs\/proizvod\/malisan-01\/#primaryimage\",\"url\":\"https:\/\/provansadekor.rs\/wp-content\/uploads\/2022\/08\/17.jpg\",\"contentUrl\":\"https:\/\/provansadekor.rs\/wp-content\/uploads\/2022\/08\/17.jpg\",\"width\":900,\"height\":900},{\"@type\":\"BreadcrumbList\",\"@id\":\"https:\/\/provansadekor.rs\/proizvod\/malisan-01\/#breadcrumb\",\"itemListElement\":[{\"@type\":\"ListItem\",\"position\":1,\"name\":\"\u041f\u043e\u0447\u0435\u0442\u043d\u0430\",\"item\":\"https:\/\/provansadekor.rs\/\"},{\"@type\":\"ListItem\",\"position\":2,\"name\":\"\u041f\u0440\u043e\u0438\u0437\u0432\u043e\u0434\u0438\",\"item\":\"https:\/\/provansadekor.rs\/shop\/\"},{\"@type\":\"ListItem\",\"position\":3,\"name\":\"Roze dobrodo\u0161lica za princeze\"}]},{\"@type\":\"WebSite\",\"@id\":\"https:\/\/provansadekor.rs\/#website\",\"url\":\"https:\/\/provansadekor.rs\/\",\"name\":\"Provansa Dekor\",\"description\":\"Dostava cve\u0107a Beograd - Organizacija i Dekoracija doga\u0111aja - Ure\u0111enje zelenih povr\u0161ina\",\"publisher\":{\"@id\":\"https:\/\/provansadekor.rs\/#organization\"},\"potentialAction\":[{\"@type\":\"SearchAction\",\"target\":{\"@type\":\"EntryPoint\",\"urlTemplate\":\"https:\/\/provansadekor.rs\/?s={search_term_string}\"},\"query-input\":{\"@type\":\"PropertyValueSpecification\",\"valueRequired\":true,\"valueName\":\"search_term_string\"}}],\"inLanguage\":\"en-US\"},{\"@type\":\"Organization\",\"@id\":\"https:\/\/provansadekor.rs\/#organization\",\"name\":\"Provansa Dekor Cve\u0107ara Beograd\",\"url\":\"https:\/\/provansadekor.rs\/\",\"logo\":{\"@type\":\"ImageObject\",\"inLanguage\":\"en-US\",\"@id\":\"https:\/\/provansadekor.rs\/#\/schema\/logo\/image\/\",\"url\":\"https:\/\/provansadekor.rs\/wp-content\/uploads\/2022\/03\/logo-provansa.jpg\",\"contentUrl\":\"https:\/\/provansadekor.rs\/wp-content\/uploads\/2022\/03\/logo-provansa.jpg\",\"width\":200,\"height\":200,\"caption\":\"Provansa Dekor Cve\u0107ara Beograd\"},\"image\":{\"@id\":\"https:\/\/provansadekor.rs\/#\/schema\/logo\/image\/\"},\"sameAs\":[\"https:\/\/www.facebook.com\/provansadekor\",\"https:\/\/www.instagram.com\/provansadekor\/\"]}]}<\/script>\n<!-- \/ Yoast SEO Premium plugin. -->","yoast_head_json":{"title":"Pink welcome for princesses - Provence Decor","description":"A gift for babies that consists of a pink plush box, which will later be perfect for storing things, as a seat for a beautiful flower arrangement, there is also a toy teddy bear, but also the first basic necessities that new parents will be grateful for. Gift for babies, Online Florist White City\u00a0","robots":{"index":"index","follow":"follow","max-snippet":"max-snippet:-1","max-image-preview":"max-image-preview:large","max-video-preview":"max-video-preview:-1"},"canonical":"https:\/\/provansadekor.rs\/en\/proizvod\/malisan-01\/","og_locale":"en_US","og_type":"article","og_title":"Roze dobrodo\u0161lica za princeze","og_description":"Poklon za bebe koji \u010dini roze pli\u0161ani box, koji \u0107e kasnije savr\u0161eno poslu\u017eiti za odlaganje stvari, kao sedi\u0161te prelepom cvetnom aran\u017emanu, tu je i igra\u010dka pli\u0161ani medved ali i prve osonovne potreb\u0161tine na kojima \u0107e Vam novonastali roditelji biti zahvalni.Poklon za bebe, Online Cve\u0107ara Beograd\u00a0","og_url":"https:\/\/provansadekor.rs\/en\/proizvod\/malisan-01\/","og_site_name":"Provansa Dekor","article_publisher":"https:\/\/www.facebook.com\/provansadekor","article_modified_time":"2026-03-13T10:34:35+00:00","og_image":[{"width":900,"height":900,"url":"https:\/\/provansadekor.rs\/wp-content\/uploads\/2022\/08\/17.jpg","type":"image\/jpeg"}],"twitter_card":"summary_large_image","twitter_misc":{"Est. reading time":"1 minute"},"schema":{"@context":"https:\/\/schema.org","@graph":[{"@type":["WebPage","ItemPage"],"@id":"https:\/\/provansadekor.rs\/proizvod\/malisan-01\/","url":"https:\/\/provansadekor.rs\/proizvod\/malisan-01\/","name":"Pink welcome for princesses - Provence Decor","isPartOf":{"@id":"https:\/\/provansadekor.rs\/#website"},"primaryImageOfPage":{"@id":"https:\/\/provansadekor.rs\/proizvod\/malisan-01\/#primaryimage"},"image":{"@id":"https:\/\/provansadekor.rs\/proizvod\/malisan-01\/#primaryimage"},"thumbnailUrl":"https:\/\/provansadekor.rs\/wp-content\/uploads\/2022\/08\/17.jpg","datePublished":"2022-02-03T18:08:47+00:00","dateModified":"2026-03-13T10:34:35+00:00","description":"A gift for babies that consists of a pink plush box, which will later be perfect for storing things, as a seat for a beautiful flower arrangement, there is also a toy teddy bear, but also the first basic necessities that new parents will be grateful for. Gift for babies, Online Florist White City\u00a0","breadcrumb":{"@id":"https:\/\/provansadekor.rs\/proizvod\/malisan-01\/#breadcrumb"},"inLanguage":"en-US","potentialAction":[{"@type":"ReadAction","target":["https:\/\/provansadekor.rs\/proizvod\/malisan-01\/"]}]},{"@type":"ImageObject","inLanguage":"en-US","@id":"https:\/\/provansadekor.rs\/proizvod\/malisan-01\/#primaryimage","url":"https:\/\/provansadekor.rs\/wp-content\/uploads\/2022\/08\/17.jpg","contentUrl":"https:\/\/provansadekor.rs\/wp-content\/uploads\/2022\/08\/17.jpg","width":900,"height":900},{"@type":"BreadcrumbList","@id":"https:\/\/provansadekor.rs\/proizvod\/malisan-01\/#breadcrumb","itemListElement":[{"@type":"ListItem","position":1,"name":"\u041f\u043e\u0447\u0435\u0442\u043d\u0430","item":"https:\/\/provansadekor.rs\/"},{"@type":"ListItem","position":2,"name":"\u041f\u0440\u043e\u0438\u0437\u0432\u043e\u0434\u0438","item":"https:\/\/provansadekor.rs\/shop\/"},{"@type":"ListItem","position":3,"name":"Roze dobrodo\u0161lica za princeze"}]},{"@type":"WebSite","@id":"https:\/\/provansadekor.rs\/#website","url":"https:\/\/provansadekor.rs\/","name":"Provence Decor","description":"Flower delivery Belgrade - Event organization and decoration - Landscaping","publisher":{"@id":"https:\/\/provansadekor.rs\/#organization"},"potentialAction":[{"@type":"SearchAction","target":{"@type":"EntryPoint","urlTemplate":"https:\/\/provansadekor.rs\/?s={search_term_string}"},"query-input":{"@type":"PropertyValueSpecification","valueRequired":true,"valueName":"search_term_string"}}],"inLanguage":"en-US"},{"@type":"Organization","@id":"https:\/\/provansadekor.rs\/#organization","name":"Provence Decor Flower Shop Belgrade","url":"https:\/\/provansadekor.rs\/","logo":{"@type":"ImageObject","inLanguage":"en-US","@id":"https:\/\/provansadekor.rs\/#\/schema\/logo\/image\/","url":"https:\/\/provansadekor.rs\/wp-content\/uploads\/2022\/03\/logo-provansa.jpg","contentUrl":"https:\/\/provansadekor.rs\/wp-content\/uploads\/2022\/03\/logo-provansa.jpg","width":200,"height":200,"caption":"Provansa Dekor Cve\u0107ara Beograd"},"image":{"@id":"https:\/\/provansadekor.rs\/#\/schema\/logo\/image\/"},"sameAs":["https:\/\/www.facebook.com\/provansadekor","https:\/\/www.instagram.com\/provansadekor\/"]}]}},"_links":{"self":[{"href":"https:\/\/provansadekor.rs\/en\/wp-json\/wp\/v2\/product\/4450","targetHints":{"allow":["GET"]}}],"collection":[{"href":"https:\/\/provansadekor.rs\/en\/wp-json\/wp\/v2\/product"}],"about":[{"href":"https:\/\/provansadekor.rs\/en\/wp-json\/wp\/v2\/types\/product"}],"version-history":[{"count":6,"href":"https:\/\/provansadekor.rs\/en\/wp-json\/wp\/v2\/product\/4450\/revisions"}],"predecessor-version":[{"id":77214,"href":"https:\/\/provansadekor.rs\/en\/wp-json\/wp\/v2\/product\/4450\/revisions\/77214"}],"wp:featuredmedia":[{"embeddable":true,"href":"https:\/\/provansadekor.rs\/en\/wp-json\/wp\/v2\/media\/64500"}],"wp:attachment":[{"href":"https:\/\/provansadekor.rs\/en\/wp-json\/wp\/v2\/media?parent=4450"}],"wp:term":[{"taxonomy":"product_brand","embeddable":true,"href":"https:\/\/provansadekor.rs\/en\/wp-json\/wp\/v2\/product_brand?post=4450"},{"taxonomy":"product_cat","embeddable":true,"href":"https:\/\/provansadekor.rs\/en\/wp-json\/wp\/v2\/product_cat?post=4450"},{"taxonomy":"product_tag","embeddable":true,"href":"https:\/\/provansadekor.rs\/en\/wp-json\/wp\/v2\/product_tag?post=4450"}],"curies":[{"name":"wp","href":"https:\/\/api.w.org\/{rel}","templated":true}]}}