{"id":4409,"date":"2019-08-10T11:26:53","date_gmt":"2019-08-10T11:26:53","guid":{"rendered":"http:\/\/provansadekor.rs\/?post_type=product&#038;p=4409"},"modified":"2026-03-13T11:36:47","modified_gmt":"2026-03-13T10:36:47","slug":"nezno-roze-buket-iz-bajke","status":"publish","type":"product","link":"https:\/\/provansadekor.rs\/en\/proizvod\/tender-pink-bouquet-from-a-fairy-tale\/","title":{"rendered":"Soft pink fairy tale bouquet"},"content":{"rendered":"<p><em>Types of flowers in <strong>the bouquet<\/strong><\/em>: pink lisianthus, white alstroemeria, white veronica.<\/p>\n<p><em>Accompanying decoration<\/em>: beige multi-layer natron paper with white tufts, bows and white colors.<\/p>\n<p>A mesmerizing combination of fairy-tale lisianthus in pink tones with fluffy white alstroemeria and delicate white veronica. This combination <strong>flowers<\/strong> we packed it in beige natron paper with white tassels and tied it with pink and white bows. <strong>Bouquet of flowers<\/strong> as an infallible proof of your style. Enrich someone&#039;s birthday, christening, wedding or simply a day.<\/p>","protected":false},"excerpt":{"rendered":"<p>Types of flowers in the bouquet: pink lisianthus, white alstroemeria, white veronica. Accompanying decoration: multi-layer beige natron paper with white tufts, bows and white flowers. A mesmerizing combination of fairy-tale lisianthus in pink tones with fluffy white alstroemeria and delicate white veronica. We wrapped this combination of flowers in beige natron paper with white tassels and tied [\u2026]<\/p>","protected":false},"featured_media":15819,"template":"","meta":[],"product_brand":[],"product_cat":[115],"product_tag":[],"class_list":{"0":"post-4409","1":"product","2":"type-product","3":"status-publish","4":"has-post-thumbnail","6":"product_cat-buketi-cveca","8":"first","9":"instock","10":"featured","11":"shipping-taxable","12":"purchasable","13":"product-type-simple"},"yoast_head":"<!-- This site is optimized with the Yoast SEO Premium plugin v20.9 (Yoast SEO v26.5) - https:\/\/yoast.com\/wordpress\/plugins\/seo\/ -->\n<title>Ne\u017eno roze buket iz bajke &#8211; Provansa Dekor<\/title>\n<meta name=\"description\" content=\"Vrste cve\u0107a u buketu: roze lizijantus, bela alstromerija, bela veronika.Prate\u0107a dekoracija: vi\u0161eslojni natron papir be\u017e boje sa belim tufnama, ma\u0161ne ro\u017ee i bele boje.\" \/>\n<meta name=\"robots\" content=\"index, follow, max-snippet:-1, max-image-preview:large, max-video-preview:-1\" \/>\n<link rel=\"canonical\" href=\"https:\/\/provansadekor.rs\/en\/proizvod\/tender-pink-bouquet-from-a-fairy-tale\/\" \/>\n<meta property=\"og:locale\" content=\"en_US\" \/>\n<meta property=\"og:type\" content=\"article\" \/>\n<meta property=\"og:title\" content=\"Ne\u017eno roze buket iz bajke\" \/>\n<meta property=\"og:description\" content=\"Vrste cve\u0107a u buketu: roze lizijantus, bela alstromerija, bela veronika.Prate\u0107a dekoracija: vi\u0161eslojni natron papir be\u017e boje sa belim tufnama, ma\u0161ne ro\u017ee i bele boje.\" \/>\n<meta property=\"og:url\" content=\"https:\/\/provansadekor.rs\/en\/proizvod\/tender-pink-bouquet-from-a-fairy-tale\/\" \/>\n<meta property=\"og:site_name\" content=\"Provansa Dekor\" \/>\n<meta property=\"article:publisher\" content=\"https:\/\/www.facebook.com\/provansadekor\" \/>\n<meta property=\"article:modified_time\" content=\"2026-03-13T10:36:47+00:00\" \/>\n<meta property=\"og:image\" content=\"https:\/\/provansadekor.rs\/wp-content\/uploads\/2020\/07\/20200725_120335-scaled.jpg\" \/>\n\t<meta property=\"og:image:width\" content=\"2560\" \/>\n\t<meta property=\"og:image:height\" content=\"2560\" \/>\n\t<meta property=\"og:image:type\" content=\"image\/jpeg\" \/>\n<meta name=\"twitter:card\" content=\"summary_large_image\" \/>\n<meta name=\"twitter:label1\" content=\"Est. reading time\" \/>\n\t<meta name=\"twitter:data1\" content=\"1 minute\" \/>\n<script type=\"application\/ld+json\" class=\"yoast-schema-graph\">{\"@context\":\"https:\/\/schema.org\",\"@graph\":[{\"@type\":[\"WebPage\",\"ItemPage\"],\"@id\":\"https:\/\/provansadekor.rs\/proizvod\/nezno-roze-buket-iz-bajke\/\",\"url\":\"https:\/\/provansadekor.rs\/proizvod\/nezno-roze-buket-iz-bajke\/\",\"name\":\"Ne\u017eno roze buket iz bajke &#8211; Provansa Dekor\",\"isPartOf\":{\"@id\":\"https:\/\/provansadekor.rs\/#website\"},\"primaryImageOfPage\":{\"@id\":\"https:\/\/provansadekor.rs\/proizvod\/nezno-roze-buket-iz-bajke\/#primaryimage\"},\"image\":{\"@id\":\"https:\/\/provansadekor.rs\/proizvod\/nezno-roze-buket-iz-bajke\/#primaryimage\"},\"thumbnailUrl\":\"https:\/\/provansadekor.rs\/wp-content\/uploads\/2020\/07\/20200725_120335-scaled.jpg\",\"datePublished\":\"2019-08-10T11:26:53+00:00\",\"dateModified\":\"2026-03-13T10:36:47+00:00\",\"description\":\"Vrste cve\u0107a u buketu: roze lizijantus, bela alstromerija, bela veronika.Prate\u0107a dekoracija: vi\u0161eslojni natron papir be\u017e boje sa belim tufnama, ma\u0161ne ro\u017ee i bele boje.\",\"breadcrumb\":{\"@id\":\"https:\/\/provansadekor.rs\/proizvod\/nezno-roze-buket-iz-bajke\/#breadcrumb\"},\"inLanguage\":\"en-US\",\"potentialAction\":[{\"@type\":\"ReadAction\",\"target\":[\"https:\/\/provansadekor.rs\/proizvod\/nezno-roze-buket-iz-bajke\/\"]}]},{\"@type\":\"ImageObject\",\"inLanguage\":\"en-US\",\"@id\":\"https:\/\/provansadekor.rs\/proizvod\/nezno-roze-buket-iz-bajke\/#primaryimage\",\"url\":\"https:\/\/provansadekor.rs\/wp-content\/uploads\/2020\/07\/20200725_120335-scaled.jpg\",\"contentUrl\":\"https:\/\/provansadekor.rs\/wp-content\/uploads\/2020\/07\/20200725_120335-scaled.jpg\",\"width\":2560,\"height\":2560},{\"@type\":\"BreadcrumbList\",\"@id\":\"https:\/\/provansadekor.rs\/proizvod\/nezno-roze-buket-iz-bajke\/#breadcrumb\",\"itemListElement\":[{\"@type\":\"ListItem\",\"position\":1,\"name\":\"\u041f\u043e\u0447\u0435\u0442\u043d\u0430\",\"item\":\"https:\/\/provansadekor.rs\/\"},{\"@type\":\"ListItem\",\"position\":2,\"name\":\"\u041f\u0440\u043e\u0438\u0437\u0432\u043e\u0434\u0438\",\"item\":\"https:\/\/provansadekor.rs\/shop\/\"},{\"@type\":\"ListItem\",\"position\":3,\"name\":\"Ne\u017eno roze buket iz bajke\"}]},{\"@type\":\"WebSite\",\"@id\":\"https:\/\/provansadekor.rs\/#website\",\"url\":\"https:\/\/provansadekor.rs\/\",\"name\":\"Provansa Dekor\",\"description\":\"Dostava cve\u0107a Beograd - Organizacija i Dekoracija doga\u0111aja - Ure\u0111enje zelenih povr\u0161ina\",\"publisher\":{\"@id\":\"https:\/\/provansadekor.rs\/#organization\"},\"potentialAction\":[{\"@type\":\"SearchAction\",\"target\":{\"@type\":\"EntryPoint\",\"urlTemplate\":\"https:\/\/provansadekor.rs\/?s={search_term_string}\"},\"query-input\":{\"@type\":\"PropertyValueSpecification\",\"valueRequired\":true,\"valueName\":\"search_term_string\"}}],\"inLanguage\":\"en-US\"},{\"@type\":\"Organization\",\"@id\":\"https:\/\/provansadekor.rs\/#organization\",\"name\":\"Provansa Dekor Cve\u0107ara Beograd\",\"url\":\"https:\/\/provansadekor.rs\/\",\"logo\":{\"@type\":\"ImageObject\",\"inLanguage\":\"en-US\",\"@id\":\"https:\/\/provansadekor.rs\/#\/schema\/logo\/image\/\",\"url\":\"https:\/\/provansadekor.rs\/wp-content\/uploads\/2022\/03\/logo-provansa.jpg\",\"contentUrl\":\"https:\/\/provansadekor.rs\/wp-content\/uploads\/2022\/03\/logo-provansa.jpg\",\"width\":200,\"height\":200,\"caption\":\"Provansa Dekor Cve\u0107ara Beograd\"},\"image\":{\"@id\":\"https:\/\/provansadekor.rs\/#\/schema\/logo\/image\/\"},\"sameAs\":[\"https:\/\/www.facebook.com\/provansadekor\",\"https:\/\/www.instagram.com\/provansadekor\/\"]}]}<\/script>\n<!-- \/ Yoast SEO Premium plugin. -->","yoast_head_json":{"title":"Soft pink fairy tale bouquet \u2013 Provence Decor","description":"Types of flowers in the bouquet: pink lisianthus, white alstroemeria, white veronica. Accompanying decoration: multi-layer beige natron paper with white tufts, bow roses and white colors.","robots":{"index":"index","follow":"follow","max-snippet":"max-snippet:-1","max-image-preview":"max-image-preview:large","max-video-preview":"max-video-preview:-1"},"canonical":"https:\/\/provansadekor.rs\/en\/proizvod\/tender-pink-bouquet-from-a-fairy-tale\/","og_locale":"en_US","og_type":"article","og_title":"Ne\u017eno roze buket iz bajke","og_description":"Vrste cve\u0107a u buketu: roze lizijantus, bela alstromerija, bela veronika.Prate\u0107a dekoracija: vi\u0161eslojni natron papir be\u017e boje sa belim tufnama, ma\u0161ne ro\u017ee i bele boje.","og_url":"https:\/\/provansadekor.rs\/en\/proizvod\/tender-pink-bouquet-from-a-fairy-tale\/","og_site_name":"Provansa Dekor","article_publisher":"https:\/\/www.facebook.com\/provansadekor","article_modified_time":"2026-03-13T10:36:47+00:00","og_image":[{"width":2560,"height":2560,"url":"https:\/\/provansadekor.rs\/wp-content\/uploads\/2020\/07\/20200725_120335-scaled.jpg","type":"image\/jpeg"}],"twitter_card":"summary_large_image","twitter_misc":{"Est. reading time":"1 minute"},"schema":{"@context":"https:\/\/schema.org","@graph":[{"@type":["WebPage","ItemPage"],"@id":"https:\/\/provansadekor.rs\/proizvod\/nezno-roze-buket-iz-bajke\/","url":"https:\/\/provansadekor.rs\/proizvod\/nezno-roze-buket-iz-bajke\/","name":"Soft pink fairy tale bouquet \u2013 Provence Decor","isPartOf":{"@id":"https:\/\/provansadekor.rs\/#website"},"primaryImageOfPage":{"@id":"https:\/\/provansadekor.rs\/proizvod\/nezno-roze-buket-iz-bajke\/#primaryimage"},"image":{"@id":"https:\/\/provansadekor.rs\/proizvod\/nezno-roze-buket-iz-bajke\/#primaryimage"},"thumbnailUrl":"https:\/\/provansadekor.rs\/wp-content\/uploads\/2020\/07\/20200725_120335-scaled.jpg","datePublished":"2019-08-10T11:26:53+00:00","dateModified":"2026-03-13T10:36:47+00:00","description":"Types of flowers in the bouquet: pink lisianthus, white alstroemeria, white veronica. Accompanying decoration: multi-layer beige natron paper with white tufts, bow roses and white colors.","breadcrumb":{"@id":"https:\/\/provansadekor.rs\/proizvod\/nezno-roze-buket-iz-bajke\/#breadcrumb"},"inLanguage":"en-US","potentialAction":[{"@type":"ReadAction","target":["https:\/\/provansadekor.rs\/proizvod\/nezno-roze-buket-iz-bajke\/"]}]},{"@type":"ImageObject","inLanguage":"en-US","@id":"https:\/\/provansadekor.rs\/proizvod\/nezno-roze-buket-iz-bajke\/#primaryimage","url":"https:\/\/provansadekor.rs\/wp-content\/uploads\/2020\/07\/20200725_120335-scaled.jpg","contentUrl":"https:\/\/provansadekor.rs\/wp-content\/uploads\/2020\/07\/20200725_120335-scaled.jpg","width":2560,"height":2560},{"@type":"BreadcrumbList","@id":"https:\/\/provansadekor.rs\/proizvod\/nezno-roze-buket-iz-bajke\/#breadcrumb","itemListElement":[{"@type":"ListItem","position":1,"name":"\u041f\u043e\u0447\u0435\u0442\u043d\u0430","item":"https:\/\/provansadekor.rs\/"},{"@type":"ListItem","position":2,"name":"\u041f\u0440\u043e\u0438\u0437\u0432\u043e\u0434\u0438","item":"https:\/\/provansadekor.rs\/shop\/"},{"@type":"ListItem","position":3,"name":"Ne\u017eno roze buket iz bajke"}]},{"@type":"WebSite","@id":"https:\/\/provansadekor.rs\/#website","url":"https:\/\/provansadekor.rs\/","name":"Provence Decor","description":"Flower delivery Belgrade - Event organization and decoration - Landscaping","publisher":{"@id":"https:\/\/provansadekor.rs\/#organization"},"potentialAction":[{"@type":"SearchAction","target":{"@type":"EntryPoint","urlTemplate":"https:\/\/provansadekor.rs\/?s={search_term_string}"},"query-input":{"@type":"PropertyValueSpecification","valueRequired":true,"valueName":"search_term_string"}}],"inLanguage":"en-US"},{"@type":"Organization","@id":"https:\/\/provansadekor.rs\/#organization","name":"Provence Decor Flower Shop Belgrade","url":"https:\/\/provansadekor.rs\/","logo":{"@type":"ImageObject","inLanguage":"en-US","@id":"https:\/\/provansadekor.rs\/#\/schema\/logo\/image\/","url":"https:\/\/provansadekor.rs\/wp-content\/uploads\/2022\/03\/logo-provansa.jpg","contentUrl":"https:\/\/provansadekor.rs\/wp-content\/uploads\/2022\/03\/logo-provansa.jpg","width":200,"height":200,"caption":"Provansa Dekor Cve\u0107ara Beograd"},"image":{"@id":"https:\/\/provansadekor.rs\/#\/schema\/logo\/image\/"},"sameAs":["https:\/\/www.facebook.com\/provansadekor","https:\/\/www.instagram.com\/provansadekor\/"]}]}},"_links":{"self":[{"href":"https:\/\/provansadekor.rs\/en\/wp-json\/wp\/v2\/product\/4409","targetHints":{"allow":["GET"]}}],"collection":[{"href":"https:\/\/provansadekor.rs\/en\/wp-json\/wp\/v2\/product"}],"about":[{"href":"https:\/\/provansadekor.rs\/en\/wp-json\/wp\/v2\/types\/product"}],"version-history":[{"count":4,"href":"https:\/\/provansadekor.rs\/en\/wp-json\/wp\/v2\/product\/4409\/revisions"}],"predecessor-version":[{"id":67268,"href":"https:\/\/provansadekor.rs\/en\/wp-json\/wp\/v2\/product\/4409\/revisions\/67268"}],"wp:featuredmedia":[{"embeddable":true,"href":"https:\/\/provansadekor.rs\/en\/wp-json\/wp\/v2\/media\/15819"}],"wp:attachment":[{"href":"https:\/\/provansadekor.rs\/en\/wp-json\/wp\/v2\/media?parent=4409"}],"wp:term":[{"taxonomy":"product_brand","embeddable":true,"href":"https:\/\/provansadekor.rs\/en\/wp-json\/wp\/v2\/product_brand?post=4409"},{"taxonomy":"product_cat","embeddable":true,"href":"https:\/\/provansadekor.rs\/en\/wp-json\/wp\/v2\/product_cat?post=4409"},{"taxonomy":"product_tag","embeddable":true,"href":"https:\/\/provansadekor.rs\/en\/wp-json\/wp\/v2\/product_tag?post=4409"}],"curies":[{"name":"wp","href":"https:\/\/api.w.org\/{rel}","templated":true}]}}