{"id":4371,"date":"2019-07-31T22:07:37","date_gmt":"2019-07-31T22:07:37","guid":{"rendered":"http:\/\/provansadekor.rs\/?post_type=product&#038;p=4371"},"modified":"2026-03-08T16:28:36","modified_gmt":"2026-03-08T15:28:36","slug":"cvetni-buket-kao-mirisljava-cestitka","status":"publish","type":"product","link":"https:\/\/provansadekor.rs\/en\/proizvod\/flower-bouquet-like-scented-card\/","title":{"rendered":"A flower bouquet as a fragrant greeting card"},"content":{"rendered":"<p><em>Types of flowers in an arrangement<\/em><strong>:<\/strong> <strong>pink roses<\/strong>, pink lisianthus, alstroemeria cyclamen and mountain grass.<\/p>\n<p><em>Accompanying decoration<\/em><strong>:<\/strong> multi-layer colorful pink paper, satin bow.<\/p>\n<p>A carefully selected bouquet <strong>flowers<\/strong> composed of <strong>a rose<\/strong> and lisianthus in combination with alstroemeria and mountain grass will make your birthday, christening or graduation special. Congratulations <strong>18th birthday<\/strong> or <strong>childbirth<\/strong> the right choice <strong>bouquet<\/strong>.<\/p>\n<p>&nbsp;<\/p>\n<p>&nbsp;<\/p>\n<p>&nbsp;<\/p>","protected":false},"excerpt":{"rendered":"<p>Types of flowers in the arrangement: pink roses, pink lisianthus, cyclamen alstroemeria and mountain grass. Accompanying decoration: multi-layer colorful pink paper, satin bow. A bouquet of carefully selected flowers made of roses and lisianthus in combination with alstroemeria and berggrass will make your birthday, baptism or graduation event memorable. Congratulate the 18th birthday or the birth of a child with the right choice of bouquet. &nbsp; &nbsp; &nbsp;<\/p>","protected":false},"featured_media":69755,"template":"","meta":[],"product_brand":[327,324],"product_cat":[320,115],"product_tag":[323],"class_list":{"0":"post-4371","1":"product","2":"type-product","3":"status-publish","4":"has-post-thumbnail","6":"product_brand-do5","7":"product_brand-jesen-2025-by-provansa-dekor","8":"product_cat-8-mart","9":"product_cat-buketi-cveca","10":"product_tag-sept25","12":"first","13":"instock","14":"featured","15":"shipping-taxable","16":"purchasable","17":"product-type-simple"},"yoast_head":"<!-- This site is optimized with the Yoast SEO Premium plugin v20.9 (Yoast SEO v26.5) - https:\/\/yoast.com\/wordpress\/plugins\/seo\/ -->\n<title>Cvetni buket kao miri\u0161ljava \u010destitka &#8211; Provansa Dekor<\/title>\n<meta name=\"description\" content=\"Buket pa\u017eljivo biranog cve\u0107a sa\u010dinjen od ru\u017ea i lizijantusa u kombinaciji sa alstromerijom i bergrasom \u0107e va\u0161 odlazak na rodjendan, kr\u0161tenje ili maturu u\u010diniti zapa\u017eenim.\" \/>\n<meta name=\"robots\" content=\"index, follow, max-snippet:-1, max-image-preview:large, max-video-preview:-1\" \/>\n<link rel=\"canonical\" href=\"https:\/\/provansadekor.rs\/en\/proizvod\/flower-bouquet-like-scented-card\/\" \/>\n<meta property=\"og:locale\" content=\"en_US\" \/>\n<meta property=\"og:type\" content=\"article\" \/>\n<meta property=\"og:title\" content=\"Cvetni buket kao miri\u0161ljava \u010destitka\" \/>\n<meta property=\"og:description\" content=\"Buket pa\u017eljivo biranog cve\u0107a sa\u010dinjen od ru\u017ea i lizijantusa u kombinaciji sa alstromerijom i bergrasom \u0107e va\u0161 odlazak na rodjendan, kr\u0161tenje ili maturu u\u010diniti zapa\u017eenim.\" \/>\n<meta property=\"og:url\" content=\"https:\/\/provansadekor.rs\/en\/proizvod\/flower-bouquet-like-scented-card\/\" \/>\n<meta property=\"og:site_name\" content=\"Provansa Dekor\" \/>\n<meta property=\"article:publisher\" content=\"https:\/\/www.facebook.com\/provansadekor\" \/>\n<meta property=\"article:modified_time\" content=\"2026-03-08T15:28:36+00:00\" \/>\n<meta property=\"og:image\" content=\"https:\/\/provansadekor.rs\/wp-content\/uploads\/2022\/11\/6-2.jpg\" \/>\n\t<meta property=\"og:image:width\" content=\"900\" \/>\n\t<meta property=\"og:image:height\" content=\"900\" \/>\n\t<meta property=\"og:image:type\" content=\"image\/jpeg\" \/>\n<meta name=\"twitter:card\" content=\"summary_large_image\" \/>\n<meta name=\"twitter:label1\" content=\"Est. reading time\" \/>\n\t<meta name=\"twitter:data1\" content=\"1 minute\" \/>\n<script type=\"application\/ld+json\" class=\"yoast-schema-graph\">{\"@context\":\"https:\/\/schema.org\",\"@graph\":[{\"@type\":[\"WebPage\",\"ItemPage\"],\"@id\":\"https:\/\/provansadekor.rs\/proizvod\/cvetni-buket-kao-mirisljava-cestitka\/\",\"url\":\"https:\/\/provansadekor.rs\/proizvod\/cvetni-buket-kao-mirisljava-cestitka\/\",\"name\":\"Cvetni buket kao miri\u0161ljava \u010destitka &#8211; Provansa Dekor\",\"isPartOf\":{\"@id\":\"https:\/\/provansadekor.rs\/#website\"},\"primaryImageOfPage\":{\"@id\":\"https:\/\/provansadekor.rs\/proizvod\/cvetni-buket-kao-mirisljava-cestitka\/#primaryimage\"},\"image\":{\"@id\":\"https:\/\/provansadekor.rs\/proizvod\/cvetni-buket-kao-mirisljava-cestitka\/#primaryimage\"},\"thumbnailUrl\":\"https:\/\/provansadekor.rs\/wp-content\/uploads\/2022\/11\/6-2.jpg\",\"datePublished\":\"2019-07-31T22:07:37+00:00\",\"dateModified\":\"2026-03-08T15:28:36+00:00\",\"description\":\"Buket pa\u017eljivo biranog cve\u0107a sa\u010dinjen od ru\u017ea i lizijantusa u kombinaciji sa alstromerijom i bergrasom \u0107e va\u0161 odlazak na rodjendan, kr\u0161tenje ili maturu u\u010diniti zapa\u017eenim.\",\"breadcrumb\":{\"@id\":\"https:\/\/provansadekor.rs\/proizvod\/cvetni-buket-kao-mirisljava-cestitka\/#breadcrumb\"},\"inLanguage\":\"en-US\",\"potentialAction\":[{\"@type\":\"ReadAction\",\"target\":[\"https:\/\/provansadekor.rs\/proizvod\/cvetni-buket-kao-mirisljava-cestitka\/\"]}]},{\"@type\":\"ImageObject\",\"inLanguage\":\"en-US\",\"@id\":\"https:\/\/provansadekor.rs\/proizvod\/cvetni-buket-kao-mirisljava-cestitka\/#primaryimage\",\"url\":\"https:\/\/provansadekor.rs\/wp-content\/uploads\/2022\/11\/6-2.jpg\",\"contentUrl\":\"https:\/\/provansadekor.rs\/wp-content\/uploads\/2022\/11\/6-2.jpg\",\"width\":900,\"height\":900},{\"@type\":\"BreadcrumbList\",\"@id\":\"https:\/\/provansadekor.rs\/proizvod\/cvetni-buket-kao-mirisljava-cestitka\/#breadcrumb\",\"itemListElement\":[{\"@type\":\"ListItem\",\"position\":1,\"name\":\"\u041f\u043e\u0447\u0435\u0442\u043d\u0430\",\"item\":\"https:\/\/provansadekor.rs\/\"},{\"@type\":\"ListItem\",\"position\":2,\"name\":\"\u041f\u0440\u043e\u0438\u0437\u0432\u043e\u0434\u0438\",\"item\":\"https:\/\/provansadekor.rs\/shop\/\"},{\"@type\":\"ListItem\",\"position\":3,\"name\":\"Cvetni buket kao miri\u0161ljava \u010destitka\"}]},{\"@type\":\"WebSite\",\"@id\":\"https:\/\/provansadekor.rs\/#website\",\"url\":\"https:\/\/provansadekor.rs\/\",\"name\":\"Provansa Dekor\",\"description\":\"Dostava cve\u0107a Beograd - Organizacija i Dekoracija doga\u0111aja - Ure\u0111enje zelenih povr\u0161ina\",\"publisher\":{\"@id\":\"https:\/\/provansadekor.rs\/#organization\"},\"potentialAction\":[{\"@type\":\"SearchAction\",\"target\":{\"@type\":\"EntryPoint\",\"urlTemplate\":\"https:\/\/provansadekor.rs\/?s={search_term_string}\"},\"query-input\":{\"@type\":\"PropertyValueSpecification\",\"valueRequired\":true,\"valueName\":\"search_term_string\"}}],\"inLanguage\":\"en-US\"},{\"@type\":\"Organization\",\"@id\":\"https:\/\/provansadekor.rs\/#organization\",\"name\":\"Provansa Dekor Cve\u0107ara Beograd\",\"url\":\"https:\/\/provansadekor.rs\/\",\"logo\":{\"@type\":\"ImageObject\",\"inLanguage\":\"en-US\",\"@id\":\"https:\/\/provansadekor.rs\/#\/schema\/logo\/image\/\",\"url\":\"https:\/\/provansadekor.rs\/wp-content\/uploads\/2022\/03\/logo-provansa.jpg\",\"contentUrl\":\"https:\/\/provansadekor.rs\/wp-content\/uploads\/2022\/03\/logo-provansa.jpg\",\"width\":200,\"height\":200,\"caption\":\"Provansa Dekor Cve\u0107ara Beograd\"},\"image\":{\"@id\":\"https:\/\/provansadekor.rs\/#\/schema\/logo\/image\/\"},\"sameAs\":[\"https:\/\/www.facebook.com\/provansadekor\",\"https:\/\/www.instagram.com\/provansadekor\/\"]}]}<\/script>\n<!-- \/ Yoast SEO Premium plugin. -->","yoast_head_json":{"title":"Flower bouquet as a fragrant greeting card - Provence Decor","description":"A bouquet of carefully selected flowers made of roses and lisianthus in combination with alstroemeria and berggrass will make your birthday, baptism or graduation event memorable.","robots":{"index":"index","follow":"follow","max-snippet":"max-snippet:-1","max-image-preview":"max-image-preview:large","max-video-preview":"max-video-preview:-1"},"canonical":"https:\/\/provansadekor.rs\/en\/proizvod\/flower-bouquet-like-scented-card\/","og_locale":"en_US","og_type":"article","og_title":"Cvetni buket kao miri\u0161ljava \u010destitka","og_description":"Buket pa\u017eljivo biranog cve\u0107a sa\u010dinjen od ru\u017ea i lizijantusa u kombinaciji sa alstromerijom i bergrasom \u0107e va\u0161 odlazak na rodjendan, kr\u0161tenje ili maturu u\u010diniti zapa\u017eenim.","og_url":"https:\/\/provansadekor.rs\/en\/proizvod\/flower-bouquet-like-scented-card\/","og_site_name":"Provansa Dekor","article_publisher":"https:\/\/www.facebook.com\/provansadekor","article_modified_time":"2026-03-08T15:28:36+00:00","og_image":[{"width":900,"height":900,"url":"https:\/\/provansadekor.rs\/wp-content\/uploads\/2022\/11\/6-2.jpg","type":"image\/jpeg"}],"twitter_card":"summary_large_image","twitter_misc":{"Est. reading time":"1 minute"},"schema":{"@context":"https:\/\/schema.org","@graph":[{"@type":["WebPage","ItemPage"],"@id":"https:\/\/provansadekor.rs\/proizvod\/cvetni-buket-kao-mirisljava-cestitka\/","url":"https:\/\/provansadekor.rs\/proizvod\/cvetni-buket-kao-mirisljava-cestitka\/","name":"Flower bouquet as a fragrant greeting card - Provence Decor","isPartOf":{"@id":"https:\/\/provansadekor.rs\/#website"},"primaryImageOfPage":{"@id":"https:\/\/provansadekor.rs\/proizvod\/cvetni-buket-kao-mirisljava-cestitka\/#primaryimage"},"image":{"@id":"https:\/\/provansadekor.rs\/proizvod\/cvetni-buket-kao-mirisljava-cestitka\/#primaryimage"},"thumbnailUrl":"https:\/\/provansadekor.rs\/wp-content\/uploads\/2022\/11\/6-2.jpg","datePublished":"2019-07-31T22:07:37+00:00","dateModified":"2026-03-08T15:28:36+00:00","description":"A bouquet of carefully selected flowers made of roses and lisianthus in combination with alstroemeria and berggrass will make your birthday, baptism or graduation event memorable.","breadcrumb":{"@id":"https:\/\/provansadekor.rs\/proizvod\/cvetni-buket-kao-mirisljava-cestitka\/#breadcrumb"},"inLanguage":"en-US","potentialAction":[{"@type":"ReadAction","target":["https:\/\/provansadekor.rs\/proizvod\/cvetni-buket-kao-mirisljava-cestitka\/"]}]},{"@type":"ImageObject","inLanguage":"en-US","@id":"https:\/\/provansadekor.rs\/proizvod\/cvetni-buket-kao-mirisljava-cestitka\/#primaryimage","url":"https:\/\/provansadekor.rs\/wp-content\/uploads\/2022\/11\/6-2.jpg","contentUrl":"https:\/\/provansadekor.rs\/wp-content\/uploads\/2022\/11\/6-2.jpg","width":900,"height":900},{"@type":"BreadcrumbList","@id":"https:\/\/provansadekor.rs\/proizvod\/cvetni-buket-kao-mirisljava-cestitka\/#breadcrumb","itemListElement":[{"@type":"ListItem","position":1,"name":"\u041f\u043e\u0447\u0435\u0442\u043d\u0430","item":"https:\/\/provansadekor.rs\/"},{"@type":"ListItem","position":2,"name":"\u041f\u0440\u043e\u0438\u0437\u0432\u043e\u0434\u0438","item":"https:\/\/provansadekor.rs\/shop\/"},{"@type":"ListItem","position":3,"name":"Cvetni buket kao miri\u0161ljava \u010destitka"}]},{"@type":"WebSite","@id":"https:\/\/provansadekor.rs\/#website","url":"https:\/\/provansadekor.rs\/","name":"Provence Decor","description":"Flower delivery Belgrade - Event organization and decoration - Landscaping","publisher":{"@id":"https:\/\/provansadekor.rs\/#organization"},"potentialAction":[{"@type":"SearchAction","target":{"@type":"EntryPoint","urlTemplate":"https:\/\/provansadekor.rs\/?s={search_term_string}"},"query-input":{"@type":"PropertyValueSpecification","valueRequired":true,"valueName":"search_term_string"}}],"inLanguage":"en-US"},{"@type":"Organization","@id":"https:\/\/provansadekor.rs\/#organization","name":"Provence Decor Flower Shop Belgrade","url":"https:\/\/provansadekor.rs\/","logo":{"@type":"ImageObject","inLanguage":"en-US","@id":"https:\/\/provansadekor.rs\/#\/schema\/logo\/image\/","url":"https:\/\/provansadekor.rs\/wp-content\/uploads\/2022\/03\/logo-provansa.jpg","contentUrl":"https:\/\/provansadekor.rs\/wp-content\/uploads\/2022\/03\/logo-provansa.jpg","width":200,"height":200,"caption":"Provansa Dekor Cve\u0107ara Beograd"},"image":{"@id":"https:\/\/provansadekor.rs\/#\/schema\/logo\/image\/"},"sameAs":["https:\/\/www.facebook.com\/provansadekor","https:\/\/www.instagram.com\/provansadekor\/"]}]}},"_links":{"self":[{"href":"https:\/\/provansadekor.rs\/en\/wp-json\/wp\/v2\/product\/4371","targetHints":{"allow":["GET"]}}],"collection":[{"href":"https:\/\/provansadekor.rs\/en\/wp-json\/wp\/v2\/product"}],"about":[{"href":"https:\/\/provansadekor.rs\/en\/wp-json\/wp\/v2\/types\/product"}],"version-history":[{"count":5,"href":"https:\/\/provansadekor.rs\/en\/wp-json\/wp\/v2\/product\/4371\/revisions"}],"predecessor-version":[{"id":69770,"href":"https:\/\/provansadekor.rs\/en\/wp-json\/wp\/v2\/product\/4371\/revisions\/69770"}],"wp:featuredmedia":[{"embeddable":true,"href":"https:\/\/provansadekor.rs\/en\/wp-json\/wp\/v2\/media\/69755"}],"wp:attachment":[{"href":"https:\/\/provansadekor.rs\/en\/wp-json\/wp\/v2\/media?parent=4371"}],"wp:term":[{"taxonomy":"product_brand","embeddable":true,"href":"https:\/\/provansadekor.rs\/en\/wp-json\/wp\/v2\/product_brand?post=4371"},{"taxonomy":"product_cat","embeddable":true,"href":"https:\/\/provansadekor.rs\/en\/wp-json\/wp\/v2\/product_cat?post=4371"},{"taxonomy":"product_tag","embeddable":true,"href":"https:\/\/provansadekor.rs\/en\/wp-json\/wp\/v2\/product_tag?post=4371"}],"curies":[{"name":"wp","href":"https:\/\/api.w.org\/{rel}","templated":true}]}}