{"id":4356,"date":"2019-07-31T21:50:19","date_gmt":"2019-07-31T19:50:19","guid":{"rendered":"http:\/\/provansadekor.rs\/?post_type=product&#038;p=4356"},"modified":"2026-03-07T16:05:30","modified_gmt":"2026-03-07T15:05:30","slug":"crvena-senzacija-u-buketu","status":"publish","type":"product","link":"https:\/\/provansadekor.rs\/en\/proizvod\/red-sensation-in-a-bouquet\/","title":{"rendered":"A red sensation in the bouquet"},"content":{"rendered":"<p><em>Types of flowers in a bouquet<\/em>: <strong>red roses<\/strong><\/p>\n<p><em>Accompanying decoration<\/em>: multi-layered cream paper, black lace bow, thin satin red bow.<\/p>\n<p>A tangle of the most beautiful <strong>red roses<\/strong> will crown the set of circumstances between you. Seductively crafted <strong>bouquet<\/strong> made of a series of layers of decorative cream paper, tied with a black lace bow. It will make one&#039;s memories of your moments together more powerful for another emotion.<\/p>\n<h2>Flower delivery Belgrade<\/h2>","protected":false},"excerpt":{"rendered":"<p>Types of flowers in the bouquet: red roses Accompanying decoration: multi-layered cream paper, black lace bow, thin satin red bow. A tangle of the most beautiful red roses will crown the tangle of circumstances between you. Seductively crafted bouquet from a series of layers of decorative cream paper, tied with a black lace bow. It will make one&#039;s memories of your moments together more powerful for another emotion. Flower delivery Belgrade<\/p>","protected":false},"featured_media":68449,"template":"","meta":[],"product_brand":[324,325],"product_cat":[320,169,115],"product_tag":[318,323,326],"class_list":{"0":"post-4356","1":"product","2":"type-product","3":"status-publish","4":"has-post-thumbnail","6":"product_brand-jesen-2025-by-provansa-dekor","7":"product_brand-slavska-kolekcija-2025","8":"product_cat-8-mart","9":"product_cat-dan-zaljubljenih","10":"product_cat-buketi-cveca","11":"product_tag-crvene-ruze","12":"product_tag-sept25","13":"product_tag-slava2025","15":"first","16":"instock","17":"sale","18":"featured","19":"shipping-taxable","20":"purchasable","21":"product-type-simple"},"yoast_head":"<!-- This site is optimized with the Yoast SEO Premium plugin v20.9 (Yoast SEO v26.5) - https:\/\/yoast.com\/wordpress\/plugins\/seo\/ -->\n<title>Crvena senzacija u buketu &#8211; Provansa Dekor<\/title>\n<meta name=\"description\" content=\"Vrste cve\u0107a u buketu: crvene ru\u017eePrate\u0107a dekoracija: crvena \u010dipka, vi\u0161eslojni krem papir, \u0161arena bordo-siva ma\u0161na.Dostava cve\u0107a Beograd\" \/>\n<meta name=\"robots\" content=\"index, follow, max-snippet:-1, max-image-preview:large, max-video-preview:-1\" \/>\n<link rel=\"canonical\" href=\"https:\/\/provansadekor.rs\/en\/proizvod\/red-sensation-in-a-bouquet\/\" \/>\n<meta property=\"og:locale\" content=\"en_US\" \/>\n<meta property=\"og:type\" content=\"article\" \/>\n<meta property=\"og:title\" content=\"Crvena senzacija u buketu\" \/>\n<meta property=\"og:description\" content=\"Vrste cve\u0107a u buketu: crvene ru\u017eePrate\u0107a dekoracija: crvena \u010dipka, vi\u0161eslojni krem papir, \u0161arena bordo-siva ma\u0161na.Dostava cve\u0107a Beograd\" \/>\n<meta property=\"og:url\" content=\"https:\/\/provansadekor.rs\/en\/proizvod\/red-sensation-in-a-bouquet\/\" \/>\n<meta property=\"og:site_name\" content=\"Provansa Dekor\" \/>\n<meta property=\"article:publisher\" content=\"https:\/\/www.facebook.com\/provansadekor\" \/>\n<meta property=\"article:modified_time\" content=\"2026-03-07T15:05:30+00:00\" \/>\n<meta property=\"og:image\" content=\"https:\/\/provansadekor.rs\/wp-content\/uploads\/2022\/10\/35.jpg\" \/>\n\t<meta property=\"og:image:width\" content=\"900\" \/>\n\t<meta property=\"og:image:height\" content=\"900\" \/>\n\t<meta property=\"og:image:type\" content=\"image\/jpeg\" \/>\n<meta name=\"twitter:card\" content=\"summary_large_image\" \/>\n<meta name=\"twitter:label1\" content=\"Est. reading time\" \/>\n\t<meta name=\"twitter:data1\" content=\"1 minute\" \/>\n<script type=\"application\/ld+json\" class=\"yoast-schema-graph\">{\"@context\":\"https:\/\/schema.org\",\"@graph\":[{\"@type\":[\"WebPage\",\"ItemPage\"],\"@id\":\"https:\/\/provansadekor.rs\/proizvod\/crvena-senzacija-u-buketu\/\",\"url\":\"https:\/\/provansadekor.rs\/proizvod\/crvena-senzacija-u-buketu\/\",\"name\":\"Crvena senzacija u buketu &#8211; Provansa Dekor\",\"isPartOf\":{\"@id\":\"https:\/\/provansadekor.rs\/#website\"},\"primaryImageOfPage\":{\"@id\":\"https:\/\/provansadekor.rs\/proizvod\/crvena-senzacija-u-buketu\/#primaryimage\"},\"image\":{\"@id\":\"https:\/\/provansadekor.rs\/proizvod\/crvena-senzacija-u-buketu\/#primaryimage\"},\"thumbnailUrl\":\"https:\/\/provansadekor.rs\/wp-content\/uploads\/2022\/10\/35.jpg\",\"datePublished\":\"2019-07-31T19:50:19+00:00\",\"dateModified\":\"2026-03-07T15:05:30+00:00\",\"description\":\"Vrste cve\u0107a u buketu: crvene ru\u017eePrate\u0107a dekoracija: crvena \u010dipka, vi\u0161eslojni krem papir, \u0161arena bordo-siva ma\u0161na.Dostava cve\u0107a Beograd\",\"breadcrumb\":{\"@id\":\"https:\/\/provansadekor.rs\/proizvod\/crvena-senzacija-u-buketu\/#breadcrumb\"},\"inLanguage\":\"en-US\",\"potentialAction\":[{\"@type\":\"ReadAction\",\"target\":[\"https:\/\/provansadekor.rs\/proizvod\/crvena-senzacija-u-buketu\/\"]}]},{\"@type\":\"ImageObject\",\"inLanguage\":\"en-US\",\"@id\":\"https:\/\/provansadekor.rs\/proizvod\/crvena-senzacija-u-buketu\/#primaryimage\",\"url\":\"https:\/\/provansadekor.rs\/wp-content\/uploads\/2022\/10\/35.jpg\",\"contentUrl\":\"https:\/\/provansadekor.rs\/wp-content\/uploads\/2022\/10\/35.jpg\",\"width\":900,\"height\":900},{\"@type\":\"BreadcrumbList\",\"@id\":\"https:\/\/provansadekor.rs\/proizvod\/crvena-senzacija-u-buketu\/#breadcrumb\",\"itemListElement\":[{\"@type\":\"ListItem\",\"position\":1,\"name\":\"\u041f\u043e\u0447\u0435\u0442\u043d\u0430\",\"item\":\"https:\/\/provansadekor.rs\/\"},{\"@type\":\"ListItem\",\"position\":2,\"name\":\"\u041f\u0440\u043e\u0438\u0437\u0432\u043e\u0434\u0438\",\"item\":\"https:\/\/provansadekor.rs\/shop\/\"},{\"@type\":\"ListItem\",\"position\":3,\"name\":\"Crvena senzacija u buketu\"}]},{\"@type\":\"WebSite\",\"@id\":\"https:\/\/provansadekor.rs\/#website\",\"url\":\"https:\/\/provansadekor.rs\/\",\"name\":\"Provansa Dekor\",\"description\":\"Dostava cve\u0107a Beograd - Organizacija i Dekoracija doga\u0111aja - Ure\u0111enje zelenih povr\u0161ina\",\"publisher\":{\"@id\":\"https:\/\/provansadekor.rs\/#organization\"},\"potentialAction\":[{\"@type\":\"SearchAction\",\"target\":{\"@type\":\"EntryPoint\",\"urlTemplate\":\"https:\/\/provansadekor.rs\/?s={search_term_string}\"},\"query-input\":{\"@type\":\"PropertyValueSpecification\",\"valueRequired\":true,\"valueName\":\"search_term_string\"}}],\"inLanguage\":\"en-US\"},{\"@type\":\"Organization\",\"@id\":\"https:\/\/provansadekor.rs\/#organization\",\"name\":\"Provansa Dekor Cve\u0107ara Beograd\",\"url\":\"https:\/\/provansadekor.rs\/\",\"logo\":{\"@type\":\"ImageObject\",\"inLanguage\":\"en-US\",\"@id\":\"https:\/\/provansadekor.rs\/#\/schema\/logo\/image\/\",\"url\":\"https:\/\/provansadekor.rs\/wp-content\/uploads\/2022\/03\/logo-provansa.jpg\",\"contentUrl\":\"https:\/\/provansadekor.rs\/wp-content\/uploads\/2022\/03\/logo-provansa.jpg\",\"width\":200,\"height\":200,\"caption\":\"Provansa Dekor Cve\u0107ara Beograd\"},\"image\":{\"@id\":\"https:\/\/provansadekor.rs\/#\/schema\/logo\/image\/\"},\"sameAs\":[\"https:\/\/www.facebook.com\/provansadekor\",\"https:\/\/www.instagram.com\/provansadekor\/\"]}]}<\/script>\n<!-- \/ Yoast SEO Premium plugin. -->","yoast_head_json":{"title":"A red sensation in the bouquet - Provence Decor","description":"Types of flowers in the bouquet: red roses Accompanying decoration: red lace, multi-layered cream paper, colorful burgundy-gray bow. Flower delivery Belgrade","robots":{"index":"index","follow":"follow","max-snippet":"max-snippet:-1","max-image-preview":"max-image-preview:large","max-video-preview":"max-video-preview:-1"},"canonical":"https:\/\/provansadekor.rs\/en\/proizvod\/red-sensation-in-a-bouquet\/","og_locale":"en_US","og_type":"article","og_title":"Crvena senzacija u buketu","og_description":"Vrste cve\u0107a u buketu: crvene ru\u017eePrate\u0107a dekoracija: crvena \u010dipka, vi\u0161eslojni krem papir, \u0161arena bordo-siva ma\u0161na.Dostava cve\u0107a Beograd","og_url":"https:\/\/provansadekor.rs\/en\/proizvod\/red-sensation-in-a-bouquet\/","og_site_name":"Provansa Dekor","article_publisher":"https:\/\/www.facebook.com\/provansadekor","article_modified_time":"2026-03-07T15:05:30+00:00","og_image":[{"width":900,"height":900,"url":"https:\/\/provansadekor.rs\/wp-content\/uploads\/2022\/10\/35.jpg","type":"image\/jpeg"}],"twitter_card":"summary_large_image","twitter_misc":{"Est. reading time":"1 minute"},"schema":{"@context":"https:\/\/schema.org","@graph":[{"@type":["WebPage","ItemPage"],"@id":"https:\/\/provansadekor.rs\/proizvod\/crvena-senzacija-u-buketu\/","url":"https:\/\/provansadekor.rs\/proizvod\/crvena-senzacija-u-buketu\/","name":"A red sensation in the bouquet - Provence Decor","isPartOf":{"@id":"https:\/\/provansadekor.rs\/#website"},"primaryImageOfPage":{"@id":"https:\/\/provansadekor.rs\/proizvod\/crvena-senzacija-u-buketu\/#primaryimage"},"image":{"@id":"https:\/\/provansadekor.rs\/proizvod\/crvena-senzacija-u-buketu\/#primaryimage"},"thumbnailUrl":"https:\/\/provansadekor.rs\/wp-content\/uploads\/2022\/10\/35.jpg","datePublished":"2019-07-31T19:50:19+00:00","dateModified":"2026-03-07T15:05:30+00:00","description":"Types of flowers in the bouquet: red roses Accompanying decoration: red lace, multi-layered cream paper, colorful burgundy-gray bow. Flower delivery Belgrade","breadcrumb":{"@id":"https:\/\/provansadekor.rs\/proizvod\/crvena-senzacija-u-buketu\/#breadcrumb"},"inLanguage":"en-US","potentialAction":[{"@type":"ReadAction","target":["https:\/\/provansadekor.rs\/proizvod\/crvena-senzacija-u-buketu\/"]}]},{"@type":"ImageObject","inLanguage":"en-US","@id":"https:\/\/provansadekor.rs\/proizvod\/crvena-senzacija-u-buketu\/#primaryimage","url":"https:\/\/provansadekor.rs\/wp-content\/uploads\/2022\/10\/35.jpg","contentUrl":"https:\/\/provansadekor.rs\/wp-content\/uploads\/2022\/10\/35.jpg","width":900,"height":900},{"@type":"BreadcrumbList","@id":"https:\/\/provansadekor.rs\/proizvod\/crvena-senzacija-u-buketu\/#breadcrumb","itemListElement":[{"@type":"ListItem","position":1,"name":"\u041f\u043e\u0447\u0435\u0442\u043d\u0430","item":"https:\/\/provansadekor.rs\/"},{"@type":"ListItem","position":2,"name":"\u041f\u0440\u043e\u0438\u0437\u0432\u043e\u0434\u0438","item":"https:\/\/provansadekor.rs\/shop\/"},{"@type":"ListItem","position":3,"name":"Crvena senzacija u buketu"}]},{"@type":"WebSite","@id":"https:\/\/provansadekor.rs\/#website","url":"https:\/\/provansadekor.rs\/","name":"Provence Decor","description":"Flower delivery Belgrade - Event organization and decoration - Landscaping","publisher":{"@id":"https:\/\/provansadekor.rs\/#organization"},"potentialAction":[{"@type":"SearchAction","target":{"@type":"EntryPoint","urlTemplate":"https:\/\/provansadekor.rs\/?s={search_term_string}"},"query-input":{"@type":"PropertyValueSpecification","valueRequired":true,"valueName":"search_term_string"}}],"inLanguage":"en-US"},{"@type":"Organization","@id":"https:\/\/provansadekor.rs\/#organization","name":"Provence Decor Flower Shop Belgrade","url":"https:\/\/provansadekor.rs\/","logo":{"@type":"ImageObject","inLanguage":"en-US","@id":"https:\/\/provansadekor.rs\/#\/schema\/logo\/image\/","url":"https:\/\/provansadekor.rs\/wp-content\/uploads\/2022\/03\/logo-provansa.jpg","contentUrl":"https:\/\/provansadekor.rs\/wp-content\/uploads\/2022\/03\/logo-provansa.jpg","width":200,"height":200,"caption":"Provansa Dekor Cve\u0107ara Beograd"},"image":{"@id":"https:\/\/provansadekor.rs\/#\/schema\/logo\/image\/"},"sameAs":["https:\/\/www.facebook.com\/provansadekor","https:\/\/www.instagram.com\/provansadekor\/"]}]}},"_links":{"self":[{"href":"https:\/\/provansadekor.rs\/en\/wp-json\/wp\/v2\/product\/4356","targetHints":{"allow":["GET"]}}],"collection":[{"href":"https:\/\/provansadekor.rs\/en\/wp-json\/wp\/v2\/product"}],"about":[{"href":"https:\/\/provansadekor.rs\/en\/wp-json\/wp\/v2\/types\/product"}],"version-history":[{"count":7,"href":"https:\/\/provansadekor.rs\/en\/wp-json\/wp\/v2\/product\/4356\/revisions"}],"predecessor-version":[{"id":68454,"href":"https:\/\/provansadekor.rs\/en\/wp-json\/wp\/v2\/product\/4356\/revisions\/68454"}],"wp:featuredmedia":[{"embeddable":true,"href":"https:\/\/provansadekor.rs\/en\/wp-json\/wp\/v2\/media\/68449"}],"wp:attachment":[{"href":"https:\/\/provansadekor.rs\/en\/wp-json\/wp\/v2\/media?parent=4356"}],"wp:term":[{"taxonomy":"product_brand","embeddable":true,"href":"https:\/\/provansadekor.rs\/en\/wp-json\/wp\/v2\/product_brand?post=4356"},{"taxonomy":"product_cat","embeddable":true,"href":"https:\/\/provansadekor.rs\/en\/wp-json\/wp\/v2\/product_cat?post=4356"},{"taxonomy":"product_tag","embeddable":true,"href":"https:\/\/provansadekor.rs\/en\/wp-json\/wp\/v2\/product_tag?post=4356"}],"curies":[{"name":"wp","href":"https:\/\/api.w.org\/{rel}","templated":true}]}}