{"id":4314,"date":"2019-07-14T18:58:16","date_gmt":"2019-07-14T18:58:16","guid":{"rendered":"http:\/\/provansadekor.rs\/?post_type=product&#038;p=4314"},"modified":"2026-03-07T16:05:31","modified_gmt":"2026-03-07T15:05:31","slug":"impresivni-buket-sa-ekskluzivnim-ljiljanima-da-obori-sa-nogu","status":"publish","type":"product","link":"https:\/\/provansadekor.rs\/en\/proizvod\/impressive-bouquet-with-exclusive-lilies-to-knock-off-your-foot\/","title":{"rendered":"Impressive XXL bouquet with exclusive lilies to knock you off your feet"},"content":{"rendered":"<h2>Impressive XXL bouquet with exclusive lilies to knock you off your feet<\/h2>\n<p><em>Types of flowers in the arrangement:<\/em> White lilies, white, apricot and pink lisianthus, pink and cyclamen <strong>roses<\/strong><\/p>\n<p><em>Accompanying <strong>decoration:<\/strong><\/em> Natron (beige) and pink decorative paper, a combination of bows in several colors (brown, purple, apricot and pink lilac, pink and beige)<\/p>\n<p>An exclusive combination <strong>flowers<\/strong> in the most varied shades of pink. <strong>Bouquet with fresh cut white lilies<\/strong>; white, apricot and pink lisianthus; pink and cyclamen roses. Decoratively wrapped in several layers of beautiful pink paper combined with natron (beige) paper. Choose an occasion when you will strengthen your appearance in the eyes of your loved ones.<\/p>\n<h4><a href=\"https:\/\/provansadekor.rs\/dostava-cveca-beograd\/\"><strong>Fastest flower delivery in Belgrade<\/strong><\/a><\/h4>\n<p>&nbsp;<\/p>","protected":false},"excerpt":{"rendered":"<p>Impressive XXL bouquet with exclusive lilies to knock you off your feet Types of flowers in the arrangement: White lilies, white, apricot and pink lisianthus, pink and cyclamen roses Accompanying decoration: Natron (beige) and pink decorative paper, a combination of bows in several colors (brown, purple , apricot and pink lilac , pink and beige ) An exclusive combination of flowers in the most diverse shades [...]<\/p>","protected":false},"featured_media":16143,"template":"","meta":[],"product_brand":[324],"product_cat":[320,115,286],"product_tag":[323],"class_list":{"0":"post-4314","1":"product","2":"type-product","3":"status-publish","4":"has-post-thumbnail","6":"product_brand-jesen-2025-by-provansa-dekor","7":"product_cat-8-mart","8":"product_cat-buketi-cveca","9":"product_cat-xxl-buketi","10":"product_tag-sept25","12":"first","13":"instock","14":"featured","15":"shipping-taxable","16":"purchasable","17":"product-type-simple"},"yoast_head":"<!-- This site is optimized with the Yoast SEO Premium plugin v20.9 (Yoast SEO v26.5) - https:\/\/yoast.com\/wordpress\/plugins\/seo\/ -->\n<title>Impresivni XXL buket sa ekskluzivnim ljiljanima da obori s nogu &#8211; Provansa Dekor<\/title>\n<meta name=\"description\" content=\"Vrste cve\u0107a u aran\u017emanu: Beli ljiljani, beli, kajsija i roze\u00a0 lizijantusi, roze i ciklama ru\u017eePrate\u0107a dekoracija: Natron(be\u017e) i roze dekorativni papir,\" \/>\n<meta name=\"robots\" content=\"index, follow, max-snippet:-1, max-image-preview:large, max-video-preview:-1\" \/>\n<link rel=\"canonical\" href=\"https:\/\/provansadekor.rs\/en\/proizvod\/impressive-bouquet-with-exclusive-lilies-to-knock-off-your-foot\/\" \/>\n<meta property=\"og:locale\" content=\"en_US\" \/>\n<meta property=\"og:type\" content=\"article\" \/>\n<meta property=\"og:title\" content=\"Impresivni XXL buket sa ekskluzivnim ljiljanima da obori s nogu\" \/>\n<meta property=\"og:description\" content=\"Vrste cve\u0107a u aran\u017emanu: Beli ljiljani, beli, kajsija i roze\u00a0 lizijantusi, roze i ciklama ru\u017eePrate\u0107a dekoracija: Natron(be\u017e) i roze dekorativni papir,\" \/>\n<meta property=\"og:url\" content=\"https:\/\/provansadekor.rs\/en\/proizvod\/impressive-bouquet-with-exclusive-lilies-to-knock-off-your-foot\/\" \/>\n<meta property=\"og:site_name\" content=\"Provansa Dekor\" \/>\n<meta property=\"article:publisher\" content=\"https:\/\/www.facebook.com\/provansadekor\" \/>\n<meta property=\"article:modified_time\" content=\"2026-03-07T15:05:31+00:00\" \/>\n<meta property=\"og:image\" content=\"https:\/\/provansadekor.rs\/wp-content\/uploads\/2020\/08\/IMG-1da9ce6f50e21102bb64b79c15fc8618-V.jpg\" \/>\n\t<meta property=\"og:image:width\" content=\"1200\" \/>\n\t<meta property=\"og:image:height\" content=\"1600\" \/>\n\t<meta property=\"og:image:type\" content=\"image\/jpeg\" \/>\n<meta name=\"twitter:card\" content=\"summary_large_image\" \/>\n<meta name=\"twitter:label1\" content=\"Est. reading time\" \/>\n\t<meta name=\"twitter:data1\" content=\"1 minute\" \/>\n<script type=\"application\/ld+json\" class=\"yoast-schema-graph\">{\"@context\":\"https:\/\/schema.org\",\"@graph\":[{\"@type\":[\"WebPage\",\"ItemPage\"],\"@id\":\"https:\/\/provansadekor.rs\/proizvod\/impresivni-buket-sa-ekskluzivnim-ljiljanima-da-obori-sa-nogu\/\",\"url\":\"https:\/\/provansadekor.rs\/proizvod\/impresivni-buket-sa-ekskluzivnim-ljiljanima-da-obori-sa-nogu\/\",\"name\":\"Impresivni XXL buket sa ekskluzivnim ljiljanima da obori s nogu &#8211; Provansa Dekor\",\"isPartOf\":{\"@id\":\"https:\/\/provansadekor.rs\/#website\"},\"primaryImageOfPage\":{\"@id\":\"https:\/\/provansadekor.rs\/proizvod\/impresivni-buket-sa-ekskluzivnim-ljiljanima-da-obori-sa-nogu\/#primaryimage\"},\"image\":{\"@id\":\"https:\/\/provansadekor.rs\/proizvod\/impresivni-buket-sa-ekskluzivnim-ljiljanima-da-obori-sa-nogu\/#primaryimage\"},\"thumbnailUrl\":\"https:\/\/provansadekor.rs\/wp-content\/uploads\/2020\/08\/IMG-1da9ce6f50e21102bb64b79c15fc8618-V.jpg\",\"datePublished\":\"2019-07-14T18:58:16+00:00\",\"dateModified\":\"2026-03-07T15:05:31+00:00\",\"description\":\"Vrste cve\u0107a u aran\u017emanu: Beli ljiljani, beli, kajsija i roze\u00a0 lizijantusi, roze i ciklama ru\u017eePrate\u0107a dekoracija: Natron(be\u017e) i roze dekorativni papir,\",\"breadcrumb\":{\"@id\":\"https:\/\/provansadekor.rs\/proizvod\/impresivni-buket-sa-ekskluzivnim-ljiljanima-da-obori-sa-nogu\/#breadcrumb\"},\"inLanguage\":\"en-US\",\"potentialAction\":[{\"@type\":\"ReadAction\",\"target\":[\"https:\/\/provansadekor.rs\/proizvod\/impresivni-buket-sa-ekskluzivnim-ljiljanima-da-obori-sa-nogu\/\"]}]},{\"@type\":\"ImageObject\",\"inLanguage\":\"en-US\",\"@id\":\"https:\/\/provansadekor.rs\/proizvod\/impresivni-buket-sa-ekskluzivnim-ljiljanima-da-obori-sa-nogu\/#primaryimage\",\"url\":\"https:\/\/provansadekor.rs\/wp-content\/uploads\/2020\/08\/IMG-1da9ce6f50e21102bb64b79c15fc8618-V.jpg\",\"contentUrl\":\"https:\/\/provansadekor.rs\/wp-content\/uploads\/2020\/08\/IMG-1da9ce6f50e21102bb64b79c15fc8618-V.jpg\",\"width\":1200,\"height\":1600,\"caption\":\"xxl buket sa lizijanturima\"},{\"@type\":\"BreadcrumbList\",\"@id\":\"https:\/\/provansadekor.rs\/proizvod\/impresivni-buket-sa-ekskluzivnim-ljiljanima-da-obori-sa-nogu\/#breadcrumb\",\"itemListElement\":[{\"@type\":\"ListItem\",\"position\":1,\"name\":\"\u041f\u043e\u0447\u0435\u0442\u043d\u0430\",\"item\":\"https:\/\/provansadekor.rs\/\"},{\"@type\":\"ListItem\",\"position\":2,\"name\":\"\u041f\u0440\u043e\u0438\u0437\u0432\u043e\u0434\u0438\",\"item\":\"https:\/\/provansadekor.rs\/shop\/\"},{\"@type\":\"ListItem\",\"position\":3,\"name\":\"Impresivni XXL buket sa ekskluzivnim ljiljanima da obori s nogu\"}]},{\"@type\":\"WebSite\",\"@id\":\"https:\/\/provansadekor.rs\/#website\",\"url\":\"https:\/\/provansadekor.rs\/\",\"name\":\"Provansa Dekor\",\"description\":\"Dostava cve\u0107a Beograd - Organizacija i Dekoracija doga\u0111aja - Ure\u0111enje zelenih povr\u0161ina\",\"publisher\":{\"@id\":\"https:\/\/provansadekor.rs\/#organization\"},\"potentialAction\":[{\"@type\":\"SearchAction\",\"target\":{\"@type\":\"EntryPoint\",\"urlTemplate\":\"https:\/\/provansadekor.rs\/?s={search_term_string}\"},\"query-input\":{\"@type\":\"PropertyValueSpecification\",\"valueRequired\":true,\"valueName\":\"search_term_string\"}}],\"inLanguage\":\"en-US\"},{\"@type\":\"Organization\",\"@id\":\"https:\/\/provansadekor.rs\/#organization\",\"name\":\"Provansa Dekor Cve\u0107ara Beograd\",\"url\":\"https:\/\/provansadekor.rs\/\",\"logo\":{\"@type\":\"ImageObject\",\"inLanguage\":\"en-US\",\"@id\":\"https:\/\/provansadekor.rs\/#\/schema\/logo\/image\/\",\"url\":\"https:\/\/provansadekor.rs\/wp-content\/uploads\/2022\/03\/logo-provansa.jpg\",\"contentUrl\":\"https:\/\/provansadekor.rs\/wp-content\/uploads\/2022\/03\/logo-provansa.jpg\",\"width\":200,\"height\":200,\"caption\":\"Provansa Dekor Cve\u0107ara Beograd\"},\"image\":{\"@id\":\"https:\/\/provansadekor.rs\/#\/schema\/logo\/image\/\"},\"sameAs\":[\"https:\/\/www.facebook.com\/provansadekor\",\"https:\/\/www.instagram.com\/provansadekor\/\"]}]}<\/script>\n<!-- \/ Yoast SEO Premium plugin. -->","yoast_head_json":{"title":"Impressive XXL bouquet with exclusive lilies to knock you off your feet - Provence Decor","description":"Types of flowers in the arrangement: White lilies, white, apricot and pink lisianthus, pink and cyclamen roses Accompanying decoration: Natron (beige) and pink decorative paper,","robots":{"index":"index","follow":"follow","max-snippet":"max-snippet:-1","max-image-preview":"max-image-preview:large","max-video-preview":"max-video-preview:-1"},"canonical":"https:\/\/provansadekor.rs\/en\/proizvod\/impressive-bouquet-with-exclusive-lilies-to-knock-off-your-foot\/","og_locale":"en_US","og_type":"article","og_title":"Impresivni XXL buket sa ekskluzivnim ljiljanima da obori s nogu","og_description":"Vrste cve\u0107a u aran\u017emanu: Beli ljiljani, beli, kajsija i roze\u00a0 lizijantusi, roze i ciklama ru\u017eePrate\u0107a dekoracija: Natron(be\u017e) i roze dekorativni papir,","og_url":"https:\/\/provansadekor.rs\/en\/proizvod\/impressive-bouquet-with-exclusive-lilies-to-knock-off-your-foot\/","og_site_name":"Provansa Dekor","article_publisher":"https:\/\/www.facebook.com\/provansadekor","article_modified_time":"2026-03-07T15:05:31+00:00","og_image":[{"width":1200,"height":1600,"url":"https:\/\/provansadekor.rs\/wp-content\/uploads\/2020\/08\/IMG-1da9ce6f50e21102bb64b79c15fc8618-V.jpg","type":"image\/jpeg"}],"twitter_card":"summary_large_image","twitter_misc":{"Est. reading time":"1 minute"},"schema":{"@context":"https:\/\/schema.org","@graph":[{"@type":["WebPage","ItemPage"],"@id":"https:\/\/provansadekor.rs\/proizvod\/impresivni-buket-sa-ekskluzivnim-ljiljanima-da-obori-sa-nogu\/","url":"https:\/\/provansadekor.rs\/proizvod\/impresivni-buket-sa-ekskluzivnim-ljiljanima-da-obori-sa-nogu\/","name":"Impressive XXL bouquet with exclusive lilies to knock you off your feet - Provence Decor","isPartOf":{"@id":"https:\/\/provansadekor.rs\/#website"},"primaryImageOfPage":{"@id":"https:\/\/provansadekor.rs\/proizvod\/impresivni-buket-sa-ekskluzivnim-ljiljanima-da-obori-sa-nogu\/#primaryimage"},"image":{"@id":"https:\/\/provansadekor.rs\/proizvod\/impresivni-buket-sa-ekskluzivnim-ljiljanima-da-obori-sa-nogu\/#primaryimage"},"thumbnailUrl":"https:\/\/provansadekor.rs\/wp-content\/uploads\/2020\/08\/IMG-1da9ce6f50e21102bb64b79c15fc8618-V.jpg","datePublished":"2019-07-14T18:58:16+00:00","dateModified":"2026-03-07T15:05:31+00:00","description":"Types of flowers in the arrangement: White lilies, white, apricot and pink lisianthus, pink and cyclamen roses Accompanying decoration: Natron (beige) and pink decorative paper,","breadcrumb":{"@id":"https:\/\/provansadekor.rs\/proizvod\/impresivni-buket-sa-ekskluzivnim-ljiljanima-da-obori-sa-nogu\/#breadcrumb"},"inLanguage":"en-US","potentialAction":[{"@type":"ReadAction","target":["https:\/\/provansadekor.rs\/proizvod\/impresivni-buket-sa-ekskluzivnim-ljiljanima-da-obori-sa-nogu\/"]}]},{"@type":"ImageObject","inLanguage":"en-US","@id":"https:\/\/provansadekor.rs\/proizvod\/impresivni-buket-sa-ekskluzivnim-ljiljanima-da-obori-sa-nogu\/#primaryimage","url":"https:\/\/provansadekor.rs\/wp-content\/uploads\/2020\/08\/IMG-1da9ce6f50e21102bb64b79c15fc8618-V.jpg","contentUrl":"https:\/\/provansadekor.rs\/wp-content\/uploads\/2020\/08\/IMG-1da9ce6f50e21102bb64b79c15fc8618-V.jpg","width":1200,"height":1600,"caption":"xxl buket sa lizijanturima"},{"@type":"BreadcrumbList","@id":"https:\/\/provansadekor.rs\/proizvod\/impresivni-buket-sa-ekskluzivnim-ljiljanima-da-obori-sa-nogu\/#breadcrumb","itemListElement":[{"@type":"ListItem","position":1,"name":"\u041f\u043e\u0447\u0435\u0442\u043d\u0430","item":"https:\/\/provansadekor.rs\/"},{"@type":"ListItem","position":2,"name":"\u041f\u0440\u043e\u0438\u0437\u0432\u043e\u0434\u0438","item":"https:\/\/provansadekor.rs\/shop\/"},{"@type":"ListItem","position":3,"name":"Impresivni XXL buket sa ekskluzivnim ljiljanima da obori s nogu"}]},{"@type":"WebSite","@id":"https:\/\/provansadekor.rs\/#website","url":"https:\/\/provansadekor.rs\/","name":"Provence Decor","description":"Flower delivery Belgrade - Event organization and decoration - Landscaping","publisher":{"@id":"https:\/\/provansadekor.rs\/#organization"},"potentialAction":[{"@type":"SearchAction","target":{"@type":"EntryPoint","urlTemplate":"https:\/\/provansadekor.rs\/?s={search_term_string}"},"query-input":{"@type":"PropertyValueSpecification","valueRequired":true,"valueName":"search_term_string"}}],"inLanguage":"en-US"},{"@type":"Organization","@id":"https:\/\/provansadekor.rs\/#organization","name":"Provence Decor Flower Shop Belgrade","url":"https:\/\/provansadekor.rs\/","logo":{"@type":"ImageObject","inLanguage":"en-US","@id":"https:\/\/provansadekor.rs\/#\/schema\/logo\/image\/","url":"https:\/\/provansadekor.rs\/wp-content\/uploads\/2022\/03\/logo-provansa.jpg","contentUrl":"https:\/\/provansadekor.rs\/wp-content\/uploads\/2022\/03\/logo-provansa.jpg","width":200,"height":200,"caption":"Provansa Dekor Cve\u0107ara Beograd"},"image":{"@id":"https:\/\/provansadekor.rs\/#\/schema\/logo\/image\/"},"sameAs":["https:\/\/www.facebook.com\/provansadekor","https:\/\/www.instagram.com\/provansadekor\/"]}]}},"_links":{"self":[{"href":"https:\/\/provansadekor.rs\/en\/wp-json\/wp\/v2\/product\/4314","targetHints":{"allow":["GET"]}}],"collection":[{"href":"https:\/\/provansadekor.rs\/en\/wp-json\/wp\/v2\/product"}],"about":[{"href":"https:\/\/provansadekor.rs\/en\/wp-json\/wp\/v2\/types\/product"}],"version-history":[{"count":7,"href":"https:\/\/provansadekor.rs\/en\/wp-json\/wp\/v2\/product\/4314\/revisions"}],"predecessor-version":[{"id":71215,"href":"https:\/\/provansadekor.rs\/en\/wp-json\/wp\/v2\/product\/4314\/revisions\/71215"}],"wp:featuredmedia":[{"embeddable":true,"href":"https:\/\/provansadekor.rs\/en\/wp-json\/wp\/v2\/media\/16143"}],"wp:attachment":[{"href":"https:\/\/provansadekor.rs\/en\/wp-json\/wp\/v2\/media?parent=4314"}],"wp:term":[{"taxonomy":"product_brand","embeddable":true,"href":"https:\/\/provansadekor.rs\/en\/wp-json\/wp\/v2\/product_brand?post=4314"},{"taxonomy":"product_cat","embeddable":true,"href":"https:\/\/provansadekor.rs\/en\/wp-json\/wp\/v2\/product_cat?post=4314"},{"taxonomy":"product_tag","embeddable":true,"href":"https:\/\/provansadekor.rs\/en\/wp-json\/wp\/v2\/product_tag?post=4314"}],"curies":[{"name":"wp","href":"https:\/\/api.w.org\/{rel}","templated":true}]}}