{"id":4277,"date":"2019-07-14T10:35:44","date_gmt":"2019-07-14T10:35:44","guid":{"rendered":"http:\/\/provansadekor.rs\/?post_type=product&#038;p=4277"},"modified":"2026-03-08T16:28:38","modified_gmt":"2026-03-08T15:28:38","slug":"buket-alstromerija-za-trenutke-koji-ostaju","status":"publish","type":"product","link":"https:\/\/provansadekor.rs\/en\/proizvod\/bouquet-of-alstroemeria-for-the-moments-that-remain\/","title":{"rendered":"Alstroemeria bouquet for moments that last"},"content":{"rendered":"<p><em>Kinds of <strong>flowers in a bouquet<\/strong><\/em><strong>:<\/strong> alstroemeria of different colors (purple, pink, pink or white), green bell.<\/p>\n<p><em>Accompanying <strong>decoration<\/strong><\/em><strong>:<\/strong> gray natron paper, pink satin ribbon bow.<\/p>\n<p>The bold combination of playful alstroemeria in different colors is what gives this bouquet its uniqueness. A bold combination of this <strong>flowers<\/strong> with simple gray natron paper, it will bring back childhood moments to anyone who sees it. A perfect choice when visiting friends, having a family lunch or generally meeting people who mean something to us.<\/p>\n<h2 style=\"text-align: center;\"><strong>Bouquet of flowers - Cve\u0107ara Belgrade\u00a0<\/strong><\/h2>\n<p>&nbsp;<\/p>","protected":false},"excerpt":{"rendered":"<p>Vrste cve\u0107a u buketu: alstromerija razli\u010ditih boja (ljubi\u010dasta, pink, roze ili bela), green bell. Prate\u0107a dekoracija: natron papir sive boje, roze ma\u0161na od satenske trake. Smeo spoj razigranih alstromerija razli\u010ditih boja je ono \u0161to ovom buketu daje jedinstvenost. Smelo kombinovanje ovog cve\u0107a sa jednostavnim sivim natron papirom probudi\u0107e trenutke iz detinjstva svakome ko ga ugleda. [&hellip;]<\/p>","protected":false},"featured_media":69693,"template":"","meta":[],"product_brand":[327],"product_cat":[320,115],"product_tag":[],"class_list":{"0":"post-4277","1":"product","2":"type-product","3":"status-publish","4":"has-post-thumbnail","6":"product_brand-do5","7":"product_cat-8-mart","8":"product_cat-buketi-cveca","10":"first","11":"instock","12":"shipping-taxable","13":"purchasable","14":"product-type-simple"},"yoast_head":"<!-- This site is optimized with the Yoast SEO Premium plugin v20.9 (Yoast SEO v26.5) - https:\/\/yoast.com\/wordpress\/plugins\/seo\/ -->\n<title>Buket alstromerija za trenutke koji ostaju &#8211; Provansa Dekor<\/title>\n<meta name=\"description\" content=\"Smelo kombinovanje ovog cve\u0107a sa jednostavnim sivim natron papirom probudi\u0107e trenutke iz detinjstva svakome ko ga ugleda.Buket cve\u0107a; Cve\u0107ara Beograd\u00a0\" \/>\n<meta name=\"robots\" content=\"index, follow, max-snippet:-1, max-image-preview:large, max-video-preview:-1\" \/>\n<link rel=\"canonical\" href=\"https:\/\/provansadekor.rs\/en\/proizvod\/bouquet-of-alstroemeria-for-the-moments-that-remain\/\" \/>\n<meta property=\"og:locale\" content=\"en_US\" \/>\n<meta property=\"og:type\" content=\"article\" \/>\n<meta property=\"og:title\" content=\"Buket alstromerija za trenutke koji ostaju\" \/>\n<meta property=\"og:description\" content=\"Smelo kombinovanje ovog cve\u0107a sa jednostavnim sivim natron papirom probudi\u0107e trenutke iz detinjstva svakome ko ga ugleda.Buket cve\u0107a; Cve\u0107ara Beograd\u00a0\" \/>\n<meta property=\"og:url\" content=\"https:\/\/provansadekor.rs\/en\/proizvod\/bouquet-of-alstroemeria-for-the-moments-that-remain\/\" \/>\n<meta property=\"og:site_name\" content=\"Provansa Dekor\" \/>\n<meta property=\"article:publisher\" content=\"https:\/\/www.facebook.com\/provansadekor\" \/>\n<meta property=\"article:modified_time\" content=\"2026-03-08T15:28:38+00:00\" \/>\n<meta property=\"og:image\" content=\"https:\/\/provansadekor.rs\/wp-content\/uploads\/2022\/11\/13-1.jpg\" \/>\n\t<meta property=\"og:image:width\" content=\"900\" \/>\n\t<meta property=\"og:image:height\" content=\"900\" \/>\n\t<meta property=\"og:image:type\" content=\"image\/jpeg\" \/>\n<meta name=\"twitter:card\" content=\"summary_large_image\" \/>\n<meta name=\"twitter:label1\" content=\"Est. reading time\" \/>\n\t<meta name=\"twitter:data1\" content=\"1 minute\" \/>\n<script type=\"application\/ld+json\" class=\"yoast-schema-graph\">{\"@context\":\"https:\/\/schema.org\",\"@graph\":[{\"@type\":[\"WebPage\",\"ItemPage\"],\"@id\":\"https:\/\/provansadekor.rs\/proizvod\/buket-alstromerija-za-trenutke-koji-ostaju\/\",\"url\":\"https:\/\/provansadekor.rs\/proizvod\/buket-alstromerija-za-trenutke-koji-ostaju\/\",\"name\":\"Buket alstromerija za trenutke koji ostaju &#8211; Provansa Dekor\",\"isPartOf\":{\"@id\":\"https:\/\/provansadekor.rs\/#website\"},\"primaryImageOfPage\":{\"@id\":\"https:\/\/provansadekor.rs\/proizvod\/buket-alstromerija-za-trenutke-koji-ostaju\/#primaryimage\"},\"image\":{\"@id\":\"https:\/\/provansadekor.rs\/proizvod\/buket-alstromerija-za-trenutke-koji-ostaju\/#primaryimage\"},\"thumbnailUrl\":\"https:\/\/provansadekor.rs\/wp-content\/uploads\/2022\/11\/13-1.jpg\",\"datePublished\":\"2019-07-14T10:35:44+00:00\",\"dateModified\":\"2026-03-08T15:28:38+00:00\",\"description\":\"Smelo kombinovanje ovog cve\u0107a sa jednostavnim sivim natron papirom probudi\u0107e trenutke iz detinjstva svakome ko ga ugleda.Buket cve\u0107a; Cve\u0107ara Beograd\u00a0\",\"breadcrumb\":{\"@id\":\"https:\/\/provansadekor.rs\/proizvod\/buket-alstromerija-za-trenutke-koji-ostaju\/#breadcrumb\"},\"inLanguage\":\"en-US\",\"potentialAction\":[{\"@type\":\"ReadAction\",\"target\":[\"https:\/\/provansadekor.rs\/proizvod\/buket-alstromerija-za-trenutke-koji-ostaju\/\"]}]},{\"@type\":\"ImageObject\",\"inLanguage\":\"en-US\",\"@id\":\"https:\/\/provansadekor.rs\/proizvod\/buket-alstromerija-za-trenutke-koji-ostaju\/#primaryimage\",\"url\":\"https:\/\/provansadekor.rs\/wp-content\/uploads\/2022\/11\/13-1.jpg\",\"contentUrl\":\"https:\/\/provansadekor.rs\/wp-content\/uploads\/2022\/11\/13-1.jpg\",\"width\":900,\"height\":900,\"caption\":\"buket od \u0161arenog cve\u0107a - austromeria - buketi cve\u0107a - dostava cve\u0107a Beograd - Provansa Dekor cve\u0107ara\"},{\"@type\":\"BreadcrumbList\",\"@id\":\"https:\/\/provansadekor.rs\/proizvod\/buket-alstromerija-za-trenutke-koji-ostaju\/#breadcrumb\",\"itemListElement\":[{\"@type\":\"ListItem\",\"position\":1,\"name\":\"\u041f\u043e\u0447\u0435\u0442\u043d\u0430\",\"item\":\"https:\/\/provansadekor.rs\/\"},{\"@type\":\"ListItem\",\"position\":2,\"name\":\"\u041f\u0440\u043e\u0438\u0437\u0432\u043e\u0434\u0438\",\"item\":\"https:\/\/provansadekor.rs\/shop\/\"},{\"@type\":\"ListItem\",\"position\":3,\"name\":\"Buket alstromerija za trenutke koji ostaju\"}]},{\"@type\":\"WebSite\",\"@id\":\"https:\/\/provansadekor.rs\/#website\",\"url\":\"https:\/\/provansadekor.rs\/\",\"name\":\"Provansa Dekor\",\"description\":\"Dostava cve\u0107a Beograd - Organizacija i Dekoracija doga\u0111aja - Ure\u0111enje zelenih povr\u0161ina\",\"publisher\":{\"@id\":\"https:\/\/provansadekor.rs\/#organization\"},\"potentialAction\":[{\"@type\":\"SearchAction\",\"target\":{\"@type\":\"EntryPoint\",\"urlTemplate\":\"https:\/\/provansadekor.rs\/?s={search_term_string}\"},\"query-input\":{\"@type\":\"PropertyValueSpecification\",\"valueRequired\":true,\"valueName\":\"search_term_string\"}}],\"inLanguage\":\"en-US\"},{\"@type\":\"Organization\",\"@id\":\"https:\/\/provansadekor.rs\/#organization\",\"name\":\"Provansa Dekor Cve\u0107ara Beograd\",\"url\":\"https:\/\/provansadekor.rs\/\",\"logo\":{\"@type\":\"ImageObject\",\"inLanguage\":\"en-US\",\"@id\":\"https:\/\/provansadekor.rs\/#\/schema\/logo\/image\/\",\"url\":\"https:\/\/provansadekor.rs\/wp-content\/uploads\/2022\/03\/logo-provansa.jpg\",\"contentUrl\":\"https:\/\/provansadekor.rs\/wp-content\/uploads\/2022\/03\/logo-provansa.jpg\",\"width\":200,\"height\":200,\"caption\":\"Provansa Dekor Cve\u0107ara Beograd\"},\"image\":{\"@id\":\"https:\/\/provansadekor.rs\/#\/schema\/logo\/image\/\"},\"sameAs\":[\"https:\/\/www.facebook.com\/provansadekor\",\"https:\/\/www.instagram.com\/provansadekor\/\"]}]}<\/script>\n<!-- \/ Yoast SEO Premium plugin. -->","yoast_head_json":{"title":"Alstroemeria bouquet for lasting moments - Provence Decor","description":"The bold combination of these flowers with simple gray natron paper will awaken moments from childhood to anyone who sees it.Bouquet of flowers; Flower shop Belgrade\u00a0","robots":{"index":"index","follow":"follow","max-snippet":"max-snippet:-1","max-image-preview":"max-image-preview:large","max-video-preview":"max-video-preview:-1"},"canonical":"https:\/\/provansadekor.rs\/en\/proizvod\/bouquet-of-alstroemeria-for-the-moments-that-remain\/","og_locale":"en_US","og_type":"article","og_title":"Buket alstromerija za trenutke koji ostaju","og_description":"Smelo kombinovanje ovog cve\u0107a sa jednostavnim sivim natron papirom probudi\u0107e trenutke iz detinjstva svakome ko ga ugleda.Buket cve\u0107a; Cve\u0107ara Beograd\u00a0","og_url":"https:\/\/provansadekor.rs\/en\/proizvod\/bouquet-of-alstroemeria-for-the-moments-that-remain\/","og_site_name":"Provansa Dekor","article_publisher":"https:\/\/www.facebook.com\/provansadekor","article_modified_time":"2026-03-08T15:28:38+00:00","og_image":[{"width":900,"height":900,"url":"https:\/\/provansadekor.rs\/wp-content\/uploads\/2022\/11\/13-1.jpg","type":"image\/jpeg"}],"twitter_card":"summary_large_image","twitter_misc":{"Est. reading time":"1 minute"},"schema":{"@context":"https:\/\/schema.org","@graph":[{"@type":["WebPage","ItemPage"],"@id":"https:\/\/provansadekor.rs\/proizvod\/buket-alstromerija-za-trenutke-koji-ostaju\/","url":"https:\/\/provansadekor.rs\/proizvod\/buket-alstromerija-za-trenutke-koji-ostaju\/","name":"Alstroemeria bouquet for lasting moments - Provence Decor","isPartOf":{"@id":"https:\/\/provansadekor.rs\/#website"},"primaryImageOfPage":{"@id":"https:\/\/provansadekor.rs\/proizvod\/buket-alstromerija-za-trenutke-koji-ostaju\/#primaryimage"},"image":{"@id":"https:\/\/provansadekor.rs\/proizvod\/buket-alstromerija-za-trenutke-koji-ostaju\/#primaryimage"},"thumbnailUrl":"https:\/\/provansadekor.rs\/wp-content\/uploads\/2022\/11\/13-1.jpg","datePublished":"2019-07-14T10:35:44+00:00","dateModified":"2026-03-08T15:28:38+00:00","description":"The bold combination of these flowers with simple gray natron paper will awaken moments from childhood to anyone who sees it.Bouquet of flowers; Flower shop Belgrade\u00a0","breadcrumb":{"@id":"https:\/\/provansadekor.rs\/proizvod\/buket-alstromerija-za-trenutke-koji-ostaju\/#breadcrumb"},"inLanguage":"en-US","potentialAction":[{"@type":"ReadAction","target":["https:\/\/provansadekor.rs\/proizvod\/buket-alstromerija-za-trenutke-koji-ostaju\/"]}]},{"@type":"ImageObject","inLanguage":"en-US","@id":"https:\/\/provansadekor.rs\/proizvod\/buket-alstromerija-za-trenutke-koji-ostaju\/#primaryimage","url":"https:\/\/provansadekor.rs\/wp-content\/uploads\/2022\/11\/13-1.jpg","contentUrl":"https:\/\/provansadekor.rs\/wp-content\/uploads\/2022\/11\/13-1.jpg","width":900,"height":900,"caption":"buket od \u0161arenog cve\u0107a - austromeria - buketi cve\u0107a - dostava cve\u0107a Beograd - Provansa Dekor cve\u0107ara"},{"@type":"BreadcrumbList","@id":"https:\/\/provansadekor.rs\/proizvod\/buket-alstromerija-za-trenutke-koji-ostaju\/#breadcrumb","itemListElement":[{"@type":"ListItem","position":1,"name":"\u041f\u043e\u0447\u0435\u0442\u043d\u0430","item":"https:\/\/provansadekor.rs\/"},{"@type":"ListItem","position":2,"name":"\u041f\u0440\u043e\u0438\u0437\u0432\u043e\u0434\u0438","item":"https:\/\/provansadekor.rs\/shop\/"},{"@type":"ListItem","position":3,"name":"Buket alstromerija za trenutke koji ostaju"}]},{"@type":"WebSite","@id":"https:\/\/provansadekor.rs\/#website","url":"https:\/\/provansadekor.rs\/","name":"Provence Decor","description":"Flower delivery Belgrade - Event organization and decoration - Landscaping","publisher":{"@id":"https:\/\/provansadekor.rs\/#organization"},"potentialAction":[{"@type":"SearchAction","target":{"@type":"EntryPoint","urlTemplate":"https:\/\/provansadekor.rs\/?s={search_term_string}"},"query-input":{"@type":"PropertyValueSpecification","valueRequired":true,"valueName":"search_term_string"}}],"inLanguage":"en-US"},{"@type":"Organization","@id":"https:\/\/provansadekor.rs\/#organization","name":"Provence Decor Flower Shop Belgrade","url":"https:\/\/provansadekor.rs\/","logo":{"@type":"ImageObject","inLanguage":"en-US","@id":"https:\/\/provansadekor.rs\/#\/schema\/logo\/image\/","url":"https:\/\/provansadekor.rs\/wp-content\/uploads\/2022\/03\/logo-provansa.jpg","contentUrl":"https:\/\/provansadekor.rs\/wp-content\/uploads\/2022\/03\/logo-provansa.jpg","width":200,"height":200,"caption":"Provansa Dekor Cve\u0107ara Beograd"},"image":{"@id":"https:\/\/provansadekor.rs\/#\/schema\/logo\/image\/"},"sameAs":["https:\/\/www.facebook.com\/provansadekor","https:\/\/www.instagram.com\/provansadekor\/"]}]}},"_links":{"self":[{"href":"https:\/\/provansadekor.rs\/en\/wp-json\/wp\/v2\/product\/4277","targetHints":{"allow":["GET"]}}],"collection":[{"href":"https:\/\/provansadekor.rs\/en\/wp-json\/wp\/v2\/product"}],"about":[{"href":"https:\/\/provansadekor.rs\/en\/wp-json\/wp\/v2\/types\/product"}],"version-history":[{"count":5,"href":"https:\/\/provansadekor.rs\/en\/wp-json\/wp\/v2\/product\/4277\/revisions"}],"predecessor-version":[{"id":67369,"href":"https:\/\/provansadekor.rs\/en\/wp-json\/wp\/v2\/product\/4277\/revisions\/67369"}],"wp:featuredmedia":[{"embeddable":true,"href":"https:\/\/provansadekor.rs\/en\/wp-json\/wp\/v2\/media\/69693"}],"wp:attachment":[{"href":"https:\/\/provansadekor.rs\/en\/wp-json\/wp\/v2\/media?parent=4277"}],"wp:term":[{"taxonomy":"product_brand","embeddable":true,"href":"https:\/\/provansadekor.rs\/en\/wp-json\/wp\/v2\/product_brand?post=4277"},{"taxonomy":"product_cat","embeddable":true,"href":"https:\/\/provansadekor.rs\/en\/wp-json\/wp\/v2\/product_cat?post=4277"},{"taxonomy":"product_tag","embeddable":true,"href":"https:\/\/provansadekor.rs\/en\/wp-json\/wp\/v2\/product_tag?post=4277"}],"curies":[{"name":"wp","href":"https:\/\/api.w.org\/{rel}","templated":true}]}}