{"id":3649,"date":"2019-06-10T22:42:01","date_gmt":"2019-06-10T22:42:01","guid":{"rendered":"http:\/\/provansadekor.rs\/?post_type=product&#038;p=3649"},"modified":"2026-03-07T16:05:35","modified_gmt":"2026-03-07T15:05:35","slug":"jesenji-zagrljaj-cveca","status":"publish","type":"product","link":"https:\/\/provansadekor.rs\/en\/proizvod\/autumn-embrace-of-flowers\/","title":{"rendered":"Autumnal embrace of flowers"},"content":{"rendered":"<p>Kinds of <strong>flowers<\/strong> in <strong>arrangement<\/strong>in: <strong>Red rose<\/strong>, orange rose, apricot rose, orange mini rose, creme lisianthus, apricot gerber, senecia, eucalyptus.<\/p>\n<p>Accompanying decoration: ribbed box in natural color, chocolate pralines, satin bow in burgundy color, decorative wooden leaf.<\/p>\n<p>The warmest colors of autumn are collected in cut flowers <strong>a rose<\/strong>, lisianthus and gerbera. Order this one <strong>arrangement<\/strong> and brighten someone&#039;s day with a carefully selected combination <strong>flowers<\/strong>. The perfect gift for any occasion.<\/p>\n<p>Our<strong> flower shop online<\/strong> is here for you seven days a week, and ordering <strong>on line<\/strong> it has never been easier.<\/p>\n<p>Product declaration, country of origin and manufacturer are available on the label of the product itself.<\/p>\n<h2 style=\"text-align: center;\"><strong>Flower Arrangement - Florist Online<\/strong><\/h2>","protected":false},"excerpt":{"rendered":"<p>Vrste cve\u0107a u aran\u017emanu: crvena ru\u017ea, narand\u017easta ru\u017ea, kajsija ru\u017ea, narand\u017easta mini ru\u017ea, krem lizijantus, kajsija gerber, senecija, eukaliptus. Prate\u0107a dekoracija: rebrasti box u natur boji, \u010dokoladne praline, satenska ma\u0161na u bordo boji, dekorativni list od drveta. Najtoplije boje jeseni sabrane su u rezanim cvetovima ru\u017ea, lizijantusa i gerbera. Naru\u010dite ovaj aran\u017eman i zagrejte ne\u010diji [&hellip;]<\/p>","protected":false},"featured_media":70748,"template":"","meta":[],"product_brand":[],"product_cat":[320,116],"product_tag":[],"class_list":{"0":"post-3649","1":"product","2":"type-product","3":"status-publish","4":"has-post-thumbnail","6":"product_cat-8-mart","7":"product_cat-cvetni-aranzmani","9":"first","10":"instock","11":"shipping-taxable","12":"purchasable","13":"product-type-simple"},"yoast_head":"<!-- This site is optimized with the Yoast SEO Premium plugin v20.9 (Yoast SEO v26.5) - https:\/\/yoast.com\/wordpress\/plugins\/seo\/ -->\n<title>Jesenji zagrljaj cve\u0107a &#8211; Provansa Dekor<\/title>\n<meta name=\"description\" content=\"Na\u0161a cve\u0107ara online je tu za vas sedam dana u nedelji, a poru\u010divanje online nikad nije bilo lak\u0161e.Cvetni Aran\u017eman - Cve\u0107ara Online\" \/>\n<meta name=\"robots\" content=\"index, follow, max-snippet:-1, max-image-preview:large, max-video-preview:-1\" \/>\n<link rel=\"canonical\" href=\"https:\/\/provansadekor.rs\/en\/proizvod\/autumn-embrace-of-flowers\/\" \/>\n<meta property=\"og:locale\" content=\"en_US\" \/>\n<meta property=\"og:type\" content=\"article\" \/>\n<meta property=\"og:title\" content=\"Jesenji zagrljaj cve\u0107a\" \/>\n<meta property=\"og:description\" content=\"Na\u0161a cve\u0107ara online je tu za vas sedam dana u nedelji, a poru\u010divanje online nikad nije bilo lak\u0161e.Cvetni Aran\u017eman - Cve\u0107ara Online\" \/>\n<meta property=\"og:url\" content=\"https:\/\/provansadekor.rs\/en\/proizvod\/autumn-embrace-of-flowers\/\" \/>\n<meta property=\"og:site_name\" content=\"Provansa Dekor\" \/>\n<meta property=\"article:publisher\" content=\"https:\/\/www.facebook.com\/provansadekor\" \/>\n<meta property=\"article:modified_time\" content=\"2026-03-07T15:05:35+00:00\" \/>\n<meta property=\"og:image\" content=\"https:\/\/provansadekor.rs\/wp-content\/uploads\/2023\/03\/118.jpg\" \/>\n\t<meta property=\"og:image:width\" content=\"900\" \/>\n\t<meta property=\"og:image:height\" content=\"900\" \/>\n\t<meta property=\"og:image:type\" content=\"image\/jpeg\" \/>\n<meta name=\"twitter:card\" content=\"summary_large_image\" \/>\n<meta name=\"twitter:label1\" content=\"Est. reading time\" \/>\n\t<meta name=\"twitter:data1\" content=\"1 minute\" \/>\n<script type=\"application\/ld+json\" class=\"yoast-schema-graph\">{\"@context\":\"https:\/\/schema.org\",\"@graph\":[{\"@type\":[\"WebPage\",\"ItemPage\"],\"@id\":\"https:\/\/provansadekor.rs\/proizvod\/jesenji-zagrljaj-cveca\/\",\"url\":\"https:\/\/provansadekor.rs\/proizvod\/jesenji-zagrljaj-cveca\/\",\"name\":\"Jesenji zagrljaj cve\u0107a &#8211; Provansa Dekor\",\"isPartOf\":{\"@id\":\"https:\/\/provansadekor.rs\/#website\"},\"primaryImageOfPage\":{\"@id\":\"https:\/\/provansadekor.rs\/proizvod\/jesenji-zagrljaj-cveca\/#primaryimage\"},\"image\":{\"@id\":\"https:\/\/provansadekor.rs\/proizvod\/jesenji-zagrljaj-cveca\/#primaryimage\"},\"thumbnailUrl\":\"https:\/\/provansadekor.rs\/wp-content\/uploads\/2023\/03\/118.jpg\",\"datePublished\":\"2019-06-10T22:42:01+00:00\",\"dateModified\":\"2026-03-07T15:05:35+00:00\",\"description\":\"Na\u0161a cve\u0107ara online je tu za vas sedam dana u nedelji, a poru\u010divanje online nikad nije bilo lak\u0161e.Cvetni Aran\u017eman - Cve\u0107ara Online\",\"breadcrumb\":{\"@id\":\"https:\/\/provansadekor.rs\/proizvod\/jesenji-zagrljaj-cveca\/#breadcrumb\"},\"inLanguage\":\"en-US\",\"potentialAction\":[{\"@type\":\"ReadAction\",\"target\":[\"https:\/\/provansadekor.rs\/proizvod\/jesenji-zagrljaj-cveca\/\"]}]},{\"@type\":\"ImageObject\",\"inLanguage\":\"en-US\",\"@id\":\"https:\/\/provansadekor.rs\/proizvod\/jesenji-zagrljaj-cveca\/#primaryimage\",\"url\":\"https:\/\/provansadekor.rs\/wp-content\/uploads\/2023\/03\/118.jpg\",\"contentUrl\":\"https:\/\/provansadekor.rs\/wp-content\/uploads\/2023\/03\/118.jpg\",\"width\":900,\"height\":900},{\"@type\":\"BreadcrumbList\",\"@id\":\"https:\/\/provansadekor.rs\/proizvod\/jesenji-zagrljaj-cveca\/#breadcrumb\",\"itemListElement\":[{\"@type\":\"ListItem\",\"position\":1,\"name\":\"\u041f\u043e\u0447\u0435\u0442\u043d\u0430\",\"item\":\"https:\/\/provansadekor.rs\/\"},{\"@type\":\"ListItem\",\"position\":2,\"name\":\"\u041f\u0440\u043e\u0438\u0437\u0432\u043e\u0434\u0438\",\"item\":\"https:\/\/provansadekor.rs\/shop\/\"},{\"@type\":\"ListItem\",\"position\":3,\"name\":\"Jesenji zagrljaj cve\u0107a\"}]},{\"@type\":\"WebSite\",\"@id\":\"https:\/\/provansadekor.rs\/#website\",\"url\":\"https:\/\/provansadekor.rs\/\",\"name\":\"Provansa Dekor\",\"description\":\"Dostava cve\u0107a Beograd - Organizacija i Dekoracija doga\u0111aja - Ure\u0111enje zelenih povr\u0161ina\",\"publisher\":{\"@id\":\"https:\/\/provansadekor.rs\/#organization\"},\"potentialAction\":[{\"@type\":\"SearchAction\",\"target\":{\"@type\":\"EntryPoint\",\"urlTemplate\":\"https:\/\/provansadekor.rs\/?s={search_term_string}\"},\"query-input\":{\"@type\":\"PropertyValueSpecification\",\"valueRequired\":true,\"valueName\":\"search_term_string\"}}],\"inLanguage\":\"en-US\"},{\"@type\":\"Organization\",\"@id\":\"https:\/\/provansadekor.rs\/#organization\",\"name\":\"Provansa Dekor Cve\u0107ara Beograd\",\"url\":\"https:\/\/provansadekor.rs\/\",\"logo\":{\"@type\":\"ImageObject\",\"inLanguage\":\"en-US\",\"@id\":\"https:\/\/provansadekor.rs\/#\/schema\/logo\/image\/\",\"url\":\"https:\/\/provansadekor.rs\/wp-content\/uploads\/2022\/03\/logo-provansa.jpg\",\"contentUrl\":\"https:\/\/provansadekor.rs\/wp-content\/uploads\/2022\/03\/logo-provansa.jpg\",\"width\":200,\"height\":200,\"caption\":\"Provansa Dekor Cve\u0107ara Beograd\"},\"image\":{\"@id\":\"https:\/\/provansadekor.rs\/#\/schema\/logo\/image\/\"},\"sameAs\":[\"https:\/\/www.facebook.com\/provansadekor\",\"https:\/\/www.instagram.com\/provansadekor\/\"]}]}<\/script>\n<!-- \/ Yoast SEO Premium plugin. -->","yoast_head_json":{"title":"Autumnal embrace of flowers - Provence Decor","description":"Our online flower shop is here for you seven days a week, and ordering online has never been easier. Flower Arrangement - Online Flower Shop","robots":{"index":"index","follow":"follow","max-snippet":"max-snippet:-1","max-image-preview":"max-image-preview:large","max-video-preview":"max-video-preview:-1"},"canonical":"https:\/\/provansadekor.rs\/en\/proizvod\/autumn-embrace-of-flowers\/","og_locale":"en_US","og_type":"article","og_title":"Jesenji zagrljaj cve\u0107a","og_description":"Na\u0161a cve\u0107ara online je tu za vas sedam dana u nedelji, a poru\u010divanje online nikad nije bilo lak\u0161e.Cvetni Aran\u017eman - Cve\u0107ara Online","og_url":"https:\/\/provansadekor.rs\/en\/proizvod\/autumn-embrace-of-flowers\/","og_site_name":"Provansa Dekor","article_publisher":"https:\/\/www.facebook.com\/provansadekor","article_modified_time":"2026-03-07T15:05:35+00:00","og_image":[{"width":900,"height":900,"url":"https:\/\/provansadekor.rs\/wp-content\/uploads\/2023\/03\/118.jpg","type":"image\/jpeg"}],"twitter_card":"summary_large_image","twitter_misc":{"Est. reading time":"1 minute"},"schema":{"@context":"https:\/\/schema.org","@graph":[{"@type":["WebPage","ItemPage"],"@id":"https:\/\/provansadekor.rs\/proizvod\/jesenji-zagrljaj-cveca\/","url":"https:\/\/provansadekor.rs\/proizvod\/jesenji-zagrljaj-cveca\/","name":"Autumnal embrace of flowers - Provence Decor","isPartOf":{"@id":"https:\/\/provansadekor.rs\/#website"},"primaryImageOfPage":{"@id":"https:\/\/provansadekor.rs\/proizvod\/jesenji-zagrljaj-cveca\/#primaryimage"},"image":{"@id":"https:\/\/provansadekor.rs\/proizvod\/jesenji-zagrljaj-cveca\/#primaryimage"},"thumbnailUrl":"https:\/\/provansadekor.rs\/wp-content\/uploads\/2023\/03\/118.jpg","datePublished":"2019-06-10T22:42:01+00:00","dateModified":"2026-03-07T15:05:35+00:00","description":"Our online flower shop is here for you seven days a week, and ordering online has never been easier. Flower Arrangement - Online Flower Shop","breadcrumb":{"@id":"https:\/\/provansadekor.rs\/proizvod\/jesenji-zagrljaj-cveca\/#breadcrumb"},"inLanguage":"en-US","potentialAction":[{"@type":"ReadAction","target":["https:\/\/provansadekor.rs\/proizvod\/jesenji-zagrljaj-cveca\/"]}]},{"@type":"ImageObject","inLanguage":"en-US","@id":"https:\/\/provansadekor.rs\/proizvod\/jesenji-zagrljaj-cveca\/#primaryimage","url":"https:\/\/provansadekor.rs\/wp-content\/uploads\/2023\/03\/118.jpg","contentUrl":"https:\/\/provansadekor.rs\/wp-content\/uploads\/2023\/03\/118.jpg","width":900,"height":900},{"@type":"BreadcrumbList","@id":"https:\/\/provansadekor.rs\/proizvod\/jesenji-zagrljaj-cveca\/#breadcrumb","itemListElement":[{"@type":"ListItem","position":1,"name":"\u041f\u043e\u0447\u0435\u0442\u043d\u0430","item":"https:\/\/provansadekor.rs\/"},{"@type":"ListItem","position":2,"name":"\u041f\u0440\u043e\u0438\u0437\u0432\u043e\u0434\u0438","item":"https:\/\/provansadekor.rs\/shop\/"},{"@type":"ListItem","position":3,"name":"Jesenji zagrljaj cve\u0107a"}]},{"@type":"WebSite","@id":"https:\/\/provansadekor.rs\/#website","url":"https:\/\/provansadekor.rs\/","name":"Provence Decor","description":"Flower delivery Belgrade - Event organization and decoration - Landscaping","publisher":{"@id":"https:\/\/provansadekor.rs\/#organization"},"potentialAction":[{"@type":"SearchAction","target":{"@type":"EntryPoint","urlTemplate":"https:\/\/provansadekor.rs\/?s={search_term_string}"},"query-input":{"@type":"PropertyValueSpecification","valueRequired":true,"valueName":"search_term_string"}}],"inLanguage":"en-US"},{"@type":"Organization","@id":"https:\/\/provansadekor.rs\/#organization","name":"Provence Decor Flower Shop Belgrade","url":"https:\/\/provansadekor.rs\/","logo":{"@type":"ImageObject","inLanguage":"en-US","@id":"https:\/\/provansadekor.rs\/#\/schema\/logo\/image\/","url":"https:\/\/provansadekor.rs\/wp-content\/uploads\/2022\/03\/logo-provansa.jpg","contentUrl":"https:\/\/provansadekor.rs\/wp-content\/uploads\/2022\/03\/logo-provansa.jpg","width":200,"height":200,"caption":"Provansa Dekor Cve\u0107ara Beograd"},"image":{"@id":"https:\/\/provansadekor.rs\/#\/schema\/logo\/image\/"},"sameAs":["https:\/\/www.facebook.com\/provansadekor","https:\/\/www.instagram.com\/provansadekor\/"]}]}},"_links":{"self":[{"href":"https:\/\/provansadekor.rs\/en\/wp-json\/wp\/v2\/product\/3649","targetHints":{"allow":["GET"]}}],"collection":[{"href":"https:\/\/provansadekor.rs\/en\/wp-json\/wp\/v2\/product"}],"about":[{"href":"https:\/\/provansadekor.rs\/en\/wp-json\/wp\/v2\/types\/product"}],"version-history":[{"count":6,"href":"https:\/\/provansadekor.rs\/en\/wp-json\/wp\/v2\/product\/3649\/revisions"}],"predecessor-version":[{"id":77169,"href":"https:\/\/provansadekor.rs\/en\/wp-json\/wp\/v2\/product\/3649\/revisions\/77169"}],"wp:featuredmedia":[{"embeddable":true,"href":"https:\/\/provansadekor.rs\/en\/wp-json\/wp\/v2\/media\/70748"}],"wp:attachment":[{"href":"https:\/\/provansadekor.rs\/en\/wp-json\/wp\/v2\/media?parent=3649"}],"wp:term":[{"taxonomy":"product_brand","embeddable":true,"href":"https:\/\/provansadekor.rs\/en\/wp-json\/wp\/v2\/product_brand?post=3649"},{"taxonomy":"product_cat","embeddable":true,"href":"https:\/\/provansadekor.rs\/en\/wp-json\/wp\/v2\/product_cat?post=3649"},{"taxonomy":"product_tag","embeddable":true,"href":"https:\/\/provansadekor.rs\/en\/wp-json\/wp\/v2\/product_tag?post=3649"}],"curies":[{"name":"wp","href":"https:\/\/api.w.org\/{rel}","templated":true}]}}