{"id":3645,"date":"2019-06-10T22:30:09","date_gmt":"2019-06-10T20:30:09","guid":{"rendered":"http:\/\/provansadekor.rs\/?post_type=product&#038;p=3645"},"modified":"2026-03-13T11:36:55","modified_gmt":"2026-03-13T10:36:55","slug":"aranzman-22","status":"publish","type":"product","link":"https:\/\/provansadekor.rs\/en\/proizvod\/arrangement-22\/","title":{"rendered":"Pink-black fantasy"},"content":{"rendered":"<p>Kinds of <strong>flowers in an arrangement:<\/strong> <strong>pink rose<\/strong>, white lisianthus, chrysanthemum yoko ono, wax, mountain grass, eucalyptus, pittosporum.<\/p>\n<p>Accompanying decoration: black round box, decorative white twigs, bow made of ribbon with black and white stripes and bow made of black textile ribbon with white edges.<\/p>\n<p>Fantastic <strong>flower arrangement<\/strong> with pink roses and white lisianthus that exudes an intriguing simplicity. Order this one<strong> arrangement<\/strong> as a birthday gift, an anniversary gift, a celebration gift or a gift for any occasion in which you recognize a moment to stand out.<\/p>\n<p><strong>Online flower shop<\/strong> is here for you as well as home delivery.<\/p>\n<h2><strong>Online flower shop, flower arrangements, delivery Belgrade<\/strong><\/h2>","protected":false},"excerpt":{"rendered":"<p>Vrste cve\u0107a u aran\u017emanu: roze ru\u017ea, beli lizijantus, hrizantema yoko ono, wax, bergras, eukaliptus, pitosporum. Prate\u0107a dekoracija: crni okrugli box, dekorativne bele gran\u010dice, ma\u0161na od trake na crno-bele pruge i ma\u0161na od crne tekstilne trake sa belim ivicama. Fantasti\u010dan cvetni aran\u017eman sa roze ru\u017eama i belim lizijantusima koji odi\u0161e intrigantnom jednostavno\u0161\u0107u. Naru\u010dite ovaj aran\u017eman kao [&hellip;]<\/p>","protected":false},"featured_media":32076,"template":"","meta":[],"product_brand":[],"product_cat":[146],"product_tag":[],"class_list":{"0":"post-3645","1":"product","2":"type-product","3":"status-publish","4":"has-post-thumbnail","6":"product_cat-cvece-u-kutiji","8":"first","9":"instock","10":"shipping-taxable","11":"purchasable","12":"product-type-simple"},"yoast_head":"<!-- This site is optimized with the Yoast SEO Premium plugin v20.9 (Yoast SEO v26.5) - https:\/\/yoast.com\/wordpress\/plugins\/seo\/ -->\n<title>Pink-crna fantazija &#8211; Provansa Dekor<\/title>\n<meta name=\"description\" content=\"Fantasti\u010dan cvetni aran\u017eman sa roze ru\u017eama i belim lizijantusima koji odi\u0161e intrigantnom jednostavno\u0161\u0107u. Naru\u010dite ovaj aran\u017eman kao poklon za rodjendan, poklon za godi\u0161njicu, slavu ili poklon za svaku priliku u kojoj prepoznajete momenat da se istaknete. Online cve\u0107ara, cvetni aran\u017emani, dostava Beograd\" \/>\n<meta name=\"robots\" content=\"index, follow, max-snippet:-1, max-image-preview:large, max-video-preview:-1\" \/>\n<link rel=\"canonical\" href=\"https:\/\/provansadekor.rs\/en\/proizvod\/arrangement-22\/\" \/>\n<meta property=\"og:locale\" content=\"en_US\" \/>\n<meta property=\"og:type\" content=\"article\" \/>\n<meta property=\"og:title\" content=\"Pink-crna fantazija\" \/>\n<meta property=\"og:description\" content=\"Fantasti\u010dan cvetni aran\u017eman sa roze ru\u017eama i belim lizijantusima koji odi\u0161e intrigantnom jednostavno\u0161\u0107u. Naru\u010dite ovaj aran\u017eman kao poklon za rodjendan, poklon za godi\u0161njicu, slavu ili poklon za svaku priliku u kojoj prepoznajete momenat da se istaknete. Online cve\u0107ara, cvetni aran\u017emani, dostava Beograd\" \/>\n<meta property=\"og:url\" content=\"https:\/\/provansadekor.rs\/en\/proizvod\/arrangement-22\/\" \/>\n<meta property=\"og:site_name\" content=\"Provansa Dekor\" \/>\n<meta property=\"article:publisher\" content=\"https:\/\/www.facebook.com\/provansadekor\" \/>\n<meta property=\"article:modified_time\" content=\"2026-03-13T10:36:55+00:00\" \/>\n<meta property=\"og:image\" content=\"https:\/\/provansadekor.rs\/wp-content\/uploads\/2021\/02\/boks-mali-crni.jpg\" \/>\n\t<meta property=\"og:image:width\" content=\"1200\" \/>\n\t<meta property=\"og:image:height\" content=\"1600\" \/>\n\t<meta property=\"og:image:type\" content=\"image\/jpeg\" \/>\n<meta name=\"twitter:card\" content=\"summary_large_image\" \/>\n<meta name=\"twitter:label1\" content=\"Est. reading time\" \/>\n\t<meta name=\"twitter:data1\" content=\"1 minute\" \/>\n<script type=\"application\/ld+json\" class=\"yoast-schema-graph\">{\"@context\":\"https:\/\/schema.org\",\"@graph\":[{\"@type\":[\"WebPage\",\"ItemPage\"],\"@id\":\"https:\/\/provansadekor.rs\/proizvod\/aranzman-22\/\",\"url\":\"https:\/\/provansadekor.rs\/proizvod\/aranzman-22\/\",\"name\":\"Pink-crna fantazija &#8211; Provansa Dekor\",\"isPartOf\":{\"@id\":\"https:\/\/provansadekor.rs\/#website\"},\"primaryImageOfPage\":{\"@id\":\"https:\/\/provansadekor.rs\/proizvod\/aranzman-22\/#primaryimage\"},\"image\":{\"@id\":\"https:\/\/provansadekor.rs\/proizvod\/aranzman-22\/#primaryimage\"},\"thumbnailUrl\":\"https:\/\/provansadekor.rs\/wp-content\/uploads\/2021\/02\/boks-mali-crni.jpg\",\"datePublished\":\"2019-06-10T20:30:09+00:00\",\"dateModified\":\"2026-03-13T10:36:55+00:00\",\"description\":\"Fantasti\u010dan cvetni aran\u017eman sa roze ru\u017eama i belim lizijantusima koji odi\u0161e intrigantnom jednostavno\u0161\u0107u. Naru\u010dite ovaj aran\u017eman kao poklon za rodjendan, poklon za godi\u0161njicu, slavu ili poklon za svaku priliku u kojoj prepoznajete momenat da se istaknete. Online cve\u0107ara, cvetni aran\u017emani, dostava Beograd\",\"breadcrumb\":{\"@id\":\"https:\/\/provansadekor.rs\/proizvod\/aranzman-22\/#breadcrumb\"},\"inLanguage\":\"en-US\",\"potentialAction\":[{\"@type\":\"ReadAction\",\"target\":[\"https:\/\/provansadekor.rs\/proizvod\/aranzman-22\/\"]}]},{\"@type\":\"ImageObject\",\"inLanguage\":\"en-US\",\"@id\":\"https:\/\/provansadekor.rs\/proizvod\/aranzman-22\/#primaryimage\",\"url\":\"https:\/\/provansadekor.rs\/wp-content\/uploads\/2021\/02\/boks-mali-crni.jpg\",\"contentUrl\":\"https:\/\/provansadekor.rs\/wp-content\/uploads\/2021\/02\/boks-mali-crni.jpg\",\"width\":1200,\"height\":1600},{\"@type\":\"BreadcrumbList\",\"@id\":\"https:\/\/provansadekor.rs\/proizvod\/aranzman-22\/#breadcrumb\",\"itemListElement\":[{\"@type\":\"ListItem\",\"position\":1,\"name\":\"\u041f\u043e\u0447\u0435\u0442\u043d\u0430\",\"item\":\"https:\/\/provansadekor.rs\/\"},{\"@type\":\"ListItem\",\"position\":2,\"name\":\"\u041f\u0440\u043e\u0438\u0437\u0432\u043e\u0434\u0438\",\"item\":\"https:\/\/provansadekor.rs\/shop\/\"},{\"@type\":\"ListItem\",\"position\":3,\"name\":\"Pink-crna fantazija\"}]},{\"@type\":\"WebSite\",\"@id\":\"https:\/\/provansadekor.rs\/#website\",\"url\":\"https:\/\/provansadekor.rs\/\",\"name\":\"Provansa Dekor\",\"description\":\"Dostava cve\u0107a Beograd - Organizacija i Dekoracija doga\u0111aja - Ure\u0111enje zelenih povr\u0161ina\",\"publisher\":{\"@id\":\"https:\/\/provansadekor.rs\/#organization\"},\"potentialAction\":[{\"@type\":\"SearchAction\",\"target\":{\"@type\":\"EntryPoint\",\"urlTemplate\":\"https:\/\/provansadekor.rs\/?s={search_term_string}\"},\"query-input\":{\"@type\":\"PropertyValueSpecification\",\"valueRequired\":true,\"valueName\":\"search_term_string\"}}],\"inLanguage\":\"en-US\"},{\"@type\":\"Organization\",\"@id\":\"https:\/\/provansadekor.rs\/#organization\",\"name\":\"Provansa Dekor Cve\u0107ara Beograd\",\"url\":\"https:\/\/provansadekor.rs\/\",\"logo\":{\"@type\":\"ImageObject\",\"inLanguage\":\"en-US\",\"@id\":\"https:\/\/provansadekor.rs\/#\/schema\/logo\/image\/\",\"url\":\"https:\/\/provansadekor.rs\/wp-content\/uploads\/2022\/03\/logo-provansa.jpg\",\"contentUrl\":\"https:\/\/provansadekor.rs\/wp-content\/uploads\/2022\/03\/logo-provansa.jpg\",\"width\":200,\"height\":200,\"caption\":\"Provansa Dekor Cve\u0107ara Beograd\"},\"image\":{\"@id\":\"https:\/\/provansadekor.rs\/#\/schema\/logo\/image\/\"},\"sameAs\":[\"https:\/\/www.facebook.com\/provansadekor\",\"https:\/\/www.instagram.com\/provansadekor\/\"]}]}<\/script>\n<!-- \/ Yoast SEO Premium plugin. -->","yoast_head_json":{"title":"Pink-black fantasy - Provence Decor","description":"A fantastic flower arrangement with pink roses and white lisianthus that exudes intriguing simplicity. Order this arrangement as a birthday gift, anniversary gift, celebration gift or gift for any occasion in which you recognize a moment to stand out. Online flower shop, flower arrangements, delivery Belgrade","robots":{"index":"index","follow":"follow","max-snippet":"max-snippet:-1","max-image-preview":"max-image-preview:large","max-video-preview":"max-video-preview:-1"},"canonical":"https:\/\/provansadekor.rs\/en\/proizvod\/arrangement-22\/","og_locale":"en_US","og_type":"article","og_title":"Pink-crna fantazija","og_description":"Fantasti\u010dan cvetni aran\u017eman sa roze ru\u017eama i belim lizijantusima koji odi\u0161e intrigantnom jednostavno\u0161\u0107u. Naru\u010dite ovaj aran\u017eman kao poklon za rodjendan, poklon za godi\u0161njicu, slavu ili poklon za svaku priliku u kojoj prepoznajete momenat da se istaknete. Online cve\u0107ara, cvetni aran\u017emani, dostava Beograd","og_url":"https:\/\/provansadekor.rs\/en\/proizvod\/arrangement-22\/","og_site_name":"Provansa Dekor","article_publisher":"https:\/\/www.facebook.com\/provansadekor","article_modified_time":"2026-03-13T10:36:55+00:00","og_image":[{"width":1200,"height":1600,"url":"https:\/\/provansadekor.rs\/wp-content\/uploads\/2021\/02\/boks-mali-crni.jpg","type":"image\/jpeg"}],"twitter_card":"summary_large_image","twitter_misc":{"Est. reading time":"1 minute"},"schema":{"@context":"https:\/\/schema.org","@graph":[{"@type":["WebPage","ItemPage"],"@id":"https:\/\/provansadekor.rs\/proizvod\/aranzman-22\/","url":"https:\/\/provansadekor.rs\/proizvod\/aranzman-22\/","name":"Pink-black fantasy - Provence Decor","isPartOf":{"@id":"https:\/\/provansadekor.rs\/#website"},"primaryImageOfPage":{"@id":"https:\/\/provansadekor.rs\/proizvod\/aranzman-22\/#primaryimage"},"image":{"@id":"https:\/\/provansadekor.rs\/proizvod\/aranzman-22\/#primaryimage"},"thumbnailUrl":"https:\/\/provansadekor.rs\/wp-content\/uploads\/2021\/02\/boks-mali-crni.jpg","datePublished":"2019-06-10T20:30:09+00:00","dateModified":"2026-03-13T10:36:55+00:00","description":"A fantastic flower arrangement with pink roses and white lisianthus that exudes intriguing simplicity. Order this arrangement as a birthday gift, anniversary gift, celebration gift or gift for any occasion in which you recognize a moment to stand out. Online flower shop, flower arrangements, delivery Belgrade","breadcrumb":{"@id":"https:\/\/provansadekor.rs\/proizvod\/aranzman-22\/#breadcrumb"},"inLanguage":"en-US","potentialAction":[{"@type":"ReadAction","target":["https:\/\/provansadekor.rs\/proizvod\/aranzman-22\/"]}]},{"@type":"ImageObject","inLanguage":"en-US","@id":"https:\/\/provansadekor.rs\/proizvod\/aranzman-22\/#primaryimage","url":"https:\/\/provansadekor.rs\/wp-content\/uploads\/2021\/02\/boks-mali-crni.jpg","contentUrl":"https:\/\/provansadekor.rs\/wp-content\/uploads\/2021\/02\/boks-mali-crni.jpg","width":1200,"height":1600},{"@type":"BreadcrumbList","@id":"https:\/\/provansadekor.rs\/proizvod\/aranzman-22\/#breadcrumb","itemListElement":[{"@type":"ListItem","position":1,"name":"\u041f\u043e\u0447\u0435\u0442\u043d\u0430","item":"https:\/\/provansadekor.rs\/"},{"@type":"ListItem","position":2,"name":"\u041f\u0440\u043e\u0438\u0437\u0432\u043e\u0434\u0438","item":"https:\/\/provansadekor.rs\/shop\/"},{"@type":"ListItem","position":3,"name":"Pink-crna fantazija"}]},{"@type":"WebSite","@id":"https:\/\/provansadekor.rs\/#website","url":"https:\/\/provansadekor.rs\/","name":"Provence Decor","description":"Flower delivery Belgrade - Event organization and decoration - Landscaping","publisher":{"@id":"https:\/\/provansadekor.rs\/#organization"},"potentialAction":[{"@type":"SearchAction","target":{"@type":"EntryPoint","urlTemplate":"https:\/\/provansadekor.rs\/?s={search_term_string}"},"query-input":{"@type":"PropertyValueSpecification","valueRequired":true,"valueName":"search_term_string"}}],"inLanguage":"en-US"},{"@type":"Organization","@id":"https:\/\/provansadekor.rs\/#organization","name":"Provence Decor Flower Shop Belgrade","url":"https:\/\/provansadekor.rs\/","logo":{"@type":"ImageObject","inLanguage":"en-US","@id":"https:\/\/provansadekor.rs\/#\/schema\/logo\/image\/","url":"https:\/\/provansadekor.rs\/wp-content\/uploads\/2022\/03\/logo-provansa.jpg","contentUrl":"https:\/\/provansadekor.rs\/wp-content\/uploads\/2022\/03\/logo-provansa.jpg","width":200,"height":200,"caption":"Provansa Dekor Cve\u0107ara Beograd"},"image":{"@id":"https:\/\/provansadekor.rs\/#\/schema\/logo\/image\/"},"sameAs":["https:\/\/www.facebook.com\/provansadekor","https:\/\/www.instagram.com\/provansadekor\/"]}]}},"_links":{"self":[{"href":"https:\/\/provansadekor.rs\/en\/wp-json\/wp\/v2\/product\/3645","targetHints":{"allow":["GET"]}}],"collection":[{"href":"https:\/\/provansadekor.rs\/en\/wp-json\/wp\/v2\/product"}],"about":[{"href":"https:\/\/provansadekor.rs\/en\/wp-json\/wp\/v2\/types\/product"}],"version-history":[{"count":4,"href":"https:\/\/provansadekor.rs\/en\/wp-json\/wp\/v2\/product\/3645\/revisions"}],"predecessor-version":[{"id":67545,"href":"https:\/\/provansadekor.rs\/en\/wp-json\/wp\/v2\/product\/3645\/revisions\/67545"}],"wp:featuredmedia":[{"embeddable":true,"href":"https:\/\/provansadekor.rs\/en\/wp-json\/wp\/v2\/media\/32076"}],"wp:attachment":[{"href":"https:\/\/provansadekor.rs\/en\/wp-json\/wp\/v2\/media?parent=3645"}],"wp:term":[{"taxonomy":"product_brand","embeddable":true,"href":"https:\/\/provansadekor.rs\/en\/wp-json\/wp\/v2\/product_brand?post=3645"},{"taxonomy":"product_cat","embeddable":true,"href":"https:\/\/provansadekor.rs\/en\/wp-json\/wp\/v2\/product_cat?post=3645"},{"taxonomy":"product_tag","embeddable":true,"href":"https:\/\/provansadekor.rs\/en\/wp-json\/wp\/v2\/product_tag?post=3645"}],"curies":[{"name":"wp","href":"https:\/\/api.w.org\/{rel}","templated":true}]}}