{"id":35685,"date":"2022-01-28T11:45:53","date_gmt":"2022-01-28T10:45:53","guid":{"rendered":"http:\/\/provansadekor.rs\/?post_type=product&#038;p=35685"},"modified":"2026-03-07T16:05:17","modified_gmt":"2026-03-07T15:05:17","slug":"buket-prefinjenog-cveca","status":"publish","type":"product","link":"https:\/\/provansadekor.rs\/en\/proizvod\/bouquet-of-refined-flowers\/","title":{"rendered":"A bouquet of refined flowers"},"content":{"rendered":"<p><em>Kinds of <strong>flowers in a bouquet<\/strong><\/em>: orange <strong>a rose<\/strong>, pink rose, pink rose, mini pink rose, pink carnation, mini apricot carnation, white lisianthus, limonium, white lily, mountain grass, eucalyptus.<\/p>\n<p><em>Accompanying decoration<\/em>: shiny pink paper, brown natural paper, brown textile ribbon bow with white edges, pink textile ribbon bow.<\/p>\n<p>Perfect match <strong>a rose<\/strong>, carnations, lisianthus, limonium, lilies, mountain grass and eucalyptus in combination with pink and brown natron paper represent a perfect combination in a bouquet.<\/p>\n<h2 style=\"text-align: center;\">A bouquet of refined flowers, Flower Delivery Belgrade<\/h2>\n<p>&nbsp;<\/p>","protected":false},"excerpt":{"rendered":"<p>Types of flowers in the bouquet: orange rose, pink rose, pink rose, mini pink rose, pink carnation, mini apricot carnation, white lisianthus, limonium, white lily, mountain grass, eucalyptus. Accompanying decoration: shiny pink paper, brown natural paper, brown textile ribbon bow with white edges, pink textile ribbon bow. A perfect blend of roses, carnations, lisianthus, limonium, lilies, berggrass and [...]<\/p>","protected":false},"featured_media":38811,"template":"","meta":[],"product_brand":[],"product_cat":[320,115,286],"product_tag":[],"class_list":{"0":"post-35685","1":"product","2":"type-product","3":"status-publish","4":"has-post-thumbnail","6":"product_cat-8-mart","7":"product_cat-buketi-cveca","8":"product_cat-xxl-buketi","10":"first","11":"instock","12":"featured","13":"shipping-taxable","14":"purchasable","15":"product-type-simple"},"yoast_head":"<!-- This site is optimized with the Yoast SEO Premium plugin v20.9 (Yoast SEO v26.5) - https:\/\/yoast.com\/wordpress\/plugins\/seo\/ -->\n<title>Buket prefinjenog cve\u0107a | Provansa Dekor<\/title>\n<meta name=\"description\" content=\"Savr\u0161en spoj ru\u017ea, karanfila, lizijantusa, limoniuma, ljiljana, bergrasa i eukaliptusa u kombinaciji sa roze i braon natron papirom predstavljaju savr\u0161eni spoj u buketu.Buket prefinjenog cve\u0107a, Dostava Cve\u0107a Beograd\u00a0\" \/>\n<meta name=\"robots\" content=\"index, follow, max-snippet:-1, max-image-preview:large, max-video-preview:-1\" \/>\n<link rel=\"canonical\" href=\"https:\/\/provansadekor.rs\/en\/proizvod\/bouquet-of-refined-flowers\/\" \/>\n<meta property=\"og:locale\" content=\"en_US\" \/>\n<meta property=\"og:type\" content=\"article\" \/>\n<meta property=\"og:title\" content=\"Buket prefinjenog cve\u0107a\" \/>\n<meta property=\"og:description\" content=\"Savr\u0161en spoj ru\u017ea, karanfila, lizijantusa, limoniuma, ljiljana, bergrasa i eukaliptusa u kombinaciji sa roze i braon natron papirom predstavljaju savr\u0161eni spoj u buketu.Buket prefinjenog cve\u0107a, Dostava Cve\u0107a Beograd\u00a0\" \/>\n<meta property=\"og:url\" content=\"https:\/\/provansadekor.rs\/en\/proizvod\/bouquet-of-refined-flowers\/\" \/>\n<meta property=\"og:site_name\" content=\"Provansa Dekor\" \/>\n<meta property=\"article:publisher\" content=\"https:\/\/www.facebook.com\/provansadekor\" \/>\n<meta property=\"article:modified_time\" content=\"2026-03-07T15:05:17+00:00\" \/>\n<meta property=\"og:image\" content=\"https:\/\/provansadekor.rs\/wp-content\/uploads\/2022\/01\/Buket-79_1.jpg\" \/>\n\t<meta property=\"og:image:width\" content=\"675\" \/>\n\t<meta property=\"og:image:height\" content=\"900\" \/>\n\t<meta property=\"og:image:type\" content=\"image\/jpeg\" \/>\n<meta name=\"twitter:card\" content=\"summary_large_image\" \/>\n<meta name=\"twitter:label1\" content=\"Est. reading time\" \/>\n\t<meta name=\"twitter:data1\" content=\"1 minute\" \/>\n<script type=\"application\/ld+json\" class=\"yoast-schema-graph\">{\"@context\":\"https:\/\/schema.org\",\"@graph\":[{\"@type\":[\"WebPage\",\"ItemPage\"],\"@id\":\"https:\/\/provansadekor.rs\/proizvod\/buket-prefinjenog-cveca\/\",\"url\":\"https:\/\/provansadekor.rs\/proizvod\/buket-prefinjenog-cveca\/\",\"name\":\"Buket prefinjenog cve\u0107a | Provansa Dekor\",\"isPartOf\":{\"@id\":\"https:\/\/provansadekor.rs\/#website\"},\"primaryImageOfPage\":{\"@id\":\"https:\/\/provansadekor.rs\/proizvod\/buket-prefinjenog-cveca\/#primaryimage\"},\"image\":{\"@id\":\"https:\/\/provansadekor.rs\/proizvod\/buket-prefinjenog-cveca\/#primaryimage\"},\"thumbnailUrl\":\"https:\/\/provansadekor.rs\/wp-content\/uploads\/2022\/01\/Buket-79_1.jpg\",\"datePublished\":\"2022-01-28T10:45:53+00:00\",\"dateModified\":\"2026-03-07T15:05:17+00:00\",\"description\":\"Savr\u0161en spoj ru\u017ea, karanfila, lizijantusa, limoniuma, ljiljana, bergrasa i eukaliptusa u kombinaciji sa roze i braon natron papirom predstavljaju savr\u0161eni spoj u buketu.Buket prefinjenog cve\u0107a, Dostava Cve\u0107a Beograd\u00a0\",\"breadcrumb\":{\"@id\":\"https:\/\/provansadekor.rs\/proizvod\/buket-prefinjenog-cveca\/#breadcrumb\"},\"inLanguage\":\"en-US\",\"potentialAction\":[{\"@type\":\"ReadAction\",\"target\":[\"https:\/\/provansadekor.rs\/proizvod\/buket-prefinjenog-cveca\/\"]}]},{\"@type\":\"ImageObject\",\"inLanguage\":\"en-US\",\"@id\":\"https:\/\/provansadekor.rs\/proizvod\/buket-prefinjenog-cveca\/#primaryimage\",\"url\":\"https:\/\/provansadekor.rs\/wp-content\/uploads\/2022\/01\/Buket-79_1.jpg\",\"contentUrl\":\"https:\/\/provansadekor.rs\/wp-content\/uploads\/2022\/01\/Buket-79_1.jpg\",\"width\":675,\"height\":900},{\"@type\":\"BreadcrumbList\",\"@id\":\"https:\/\/provansadekor.rs\/proizvod\/buket-prefinjenog-cveca\/#breadcrumb\",\"itemListElement\":[{\"@type\":\"ListItem\",\"position\":1,\"name\":\"\u041f\u043e\u0447\u0435\u0442\u043d\u0430\",\"item\":\"https:\/\/provansadekor.rs\/\"},{\"@type\":\"ListItem\",\"position\":2,\"name\":\"\u041f\u0440\u043e\u0438\u0437\u0432\u043e\u0434\u0438\",\"item\":\"https:\/\/provansadekor.rs\/shop\/\"},{\"@type\":\"ListItem\",\"position\":3,\"name\":\"Buket prefinjenog cve\u0107a\"}]},{\"@type\":\"WebSite\",\"@id\":\"https:\/\/provansadekor.rs\/#website\",\"url\":\"https:\/\/provansadekor.rs\/\",\"name\":\"Provansa Dekor\",\"description\":\"Dostava cve\u0107a Beograd - Organizacija i Dekoracija doga\u0111aja - Ure\u0111enje zelenih povr\u0161ina\",\"publisher\":{\"@id\":\"https:\/\/provansadekor.rs\/#organization\"},\"potentialAction\":[{\"@type\":\"SearchAction\",\"target\":{\"@type\":\"EntryPoint\",\"urlTemplate\":\"https:\/\/provansadekor.rs\/?s={search_term_string}\"},\"query-input\":{\"@type\":\"PropertyValueSpecification\",\"valueRequired\":true,\"valueName\":\"search_term_string\"}}],\"inLanguage\":\"en-US\"},{\"@type\":\"Organization\",\"@id\":\"https:\/\/provansadekor.rs\/#organization\",\"name\":\"Provansa Dekor Cve\u0107ara Beograd\",\"url\":\"https:\/\/provansadekor.rs\/\",\"logo\":{\"@type\":\"ImageObject\",\"inLanguage\":\"en-US\",\"@id\":\"https:\/\/provansadekor.rs\/#\/schema\/logo\/image\/\",\"url\":\"https:\/\/provansadekor.rs\/wp-content\/uploads\/2022\/03\/logo-provansa.jpg\",\"contentUrl\":\"https:\/\/provansadekor.rs\/wp-content\/uploads\/2022\/03\/logo-provansa.jpg\",\"width\":200,\"height\":200,\"caption\":\"Provansa Dekor Cve\u0107ara Beograd\"},\"image\":{\"@id\":\"https:\/\/provansadekor.rs\/#\/schema\/logo\/image\/\"},\"sameAs\":[\"https:\/\/www.facebook.com\/provansadekor\",\"https:\/\/www.instagram.com\/provansadekor\/\"]}]}<\/script>\n<!-- \/ Yoast SEO Premium plugin. -->","yoast_head_json":{"title":"A bouquet of refined flowers | Provence Decor","description":"A perfect combination of roses, carnations, lisianthus, limonium, lilies, mountain grass and eucalyptus in combination with pink and brown natron paper represent the perfect combination in a bouquet. Bouquet of refined flowers, Flower Delivery Belgrade\u00a0","robots":{"index":"index","follow":"follow","max-snippet":"max-snippet:-1","max-image-preview":"max-image-preview:large","max-video-preview":"max-video-preview:-1"},"canonical":"https:\/\/provansadekor.rs\/en\/proizvod\/bouquet-of-refined-flowers\/","og_locale":"en_US","og_type":"article","og_title":"Buket prefinjenog cve\u0107a","og_description":"Savr\u0161en spoj ru\u017ea, karanfila, lizijantusa, limoniuma, ljiljana, bergrasa i eukaliptusa u kombinaciji sa roze i braon natron papirom predstavljaju savr\u0161eni spoj u buketu.Buket prefinjenog cve\u0107a, Dostava Cve\u0107a Beograd\u00a0","og_url":"https:\/\/provansadekor.rs\/en\/proizvod\/bouquet-of-refined-flowers\/","og_site_name":"Provansa Dekor","article_publisher":"https:\/\/www.facebook.com\/provansadekor","article_modified_time":"2026-03-07T15:05:17+00:00","og_image":[{"width":675,"height":900,"url":"https:\/\/provansadekor.rs\/wp-content\/uploads\/2022\/01\/Buket-79_1.jpg","type":"image\/jpeg"}],"twitter_card":"summary_large_image","twitter_misc":{"Est. reading time":"1 minute"},"schema":{"@context":"https:\/\/schema.org","@graph":[{"@type":["WebPage","ItemPage"],"@id":"https:\/\/provansadekor.rs\/proizvod\/buket-prefinjenog-cveca\/","url":"https:\/\/provansadekor.rs\/proizvod\/buket-prefinjenog-cveca\/","name":"A bouquet of refined flowers | Provence Decor","isPartOf":{"@id":"https:\/\/provansadekor.rs\/#website"},"primaryImageOfPage":{"@id":"https:\/\/provansadekor.rs\/proizvod\/buket-prefinjenog-cveca\/#primaryimage"},"image":{"@id":"https:\/\/provansadekor.rs\/proizvod\/buket-prefinjenog-cveca\/#primaryimage"},"thumbnailUrl":"https:\/\/provansadekor.rs\/wp-content\/uploads\/2022\/01\/Buket-79_1.jpg","datePublished":"2022-01-28T10:45:53+00:00","dateModified":"2026-03-07T15:05:17+00:00","description":"A perfect combination of roses, carnations, lisianthus, limonium, lilies, mountain grass and eucalyptus in combination with pink and brown natron paper represent the perfect combination in a bouquet. Bouquet of refined flowers, Flower Delivery Belgrade\u00a0","breadcrumb":{"@id":"https:\/\/provansadekor.rs\/proizvod\/buket-prefinjenog-cveca\/#breadcrumb"},"inLanguage":"en-US","potentialAction":[{"@type":"ReadAction","target":["https:\/\/provansadekor.rs\/proizvod\/buket-prefinjenog-cveca\/"]}]},{"@type":"ImageObject","inLanguage":"en-US","@id":"https:\/\/provansadekor.rs\/proizvod\/buket-prefinjenog-cveca\/#primaryimage","url":"https:\/\/provansadekor.rs\/wp-content\/uploads\/2022\/01\/Buket-79_1.jpg","contentUrl":"https:\/\/provansadekor.rs\/wp-content\/uploads\/2022\/01\/Buket-79_1.jpg","width":675,"height":900},{"@type":"BreadcrumbList","@id":"https:\/\/provansadekor.rs\/proizvod\/buket-prefinjenog-cveca\/#breadcrumb","itemListElement":[{"@type":"ListItem","position":1,"name":"\u041f\u043e\u0447\u0435\u0442\u043d\u0430","item":"https:\/\/provansadekor.rs\/"},{"@type":"ListItem","position":2,"name":"\u041f\u0440\u043e\u0438\u0437\u0432\u043e\u0434\u0438","item":"https:\/\/provansadekor.rs\/shop\/"},{"@type":"ListItem","position":3,"name":"Buket prefinjenog cve\u0107a"}]},{"@type":"WebSite","@id":"https:\/\/provansadekor.rs\/#website","url":"https:\/\/provansadekor.rs\/","name":"Provence Decor","description":"Flower delivery Belgrade - Event organization and decoration - Landscaping","publisher":{"@id":"https:\/\/provansadekor.rs\/#organization"},"potentialAction":[{"@type":"SearchAction","target":{"@type":"EntryPoint","urlTemplate":"https:\/\/provansadekor.rs\/?s={search_term_string}"},"query-input":{"@type":"PropertyValueSpecification","valueRequired":true,"valueName":"search_term_string"}}],"inLanguage":"en-US"},{"@type":"Organization","@id":"https:\/\/provansadekor.rs\/#organization","name":"Provence Decor Flower Shop Belgrade","url":"https:\/\/provansadekor.rs\/","logo":{"@type":"ImageObject","inLanguage":"en-US","@id":"https:\/\/provansadekor.rs\/#\/schema\/logo\/image\/","url":"https:\/\/provansadekor.rs\/wp-content\/uploads\/2022\/03\/logo-provansa.jpg","contentUrl":"https:\/\/provansadekor.rs\/wp-content\/uploads\/2022\/03\/logo-provansa.jpg","width":200,"height":200,"caption":"Provansa Dekor Cve\u0107ara Beograd"},"image":{"@id":"https:\/\/provansadekor.rs\/#\/schema\/logo\/image\/"},"sameAs":["https:\/\/www.facebook.com\/provansadekor","https:\/\/www.instagram.com\/provansadekor\/"]}]}},"_links":{"self":[{"href":"https:\/\/provansadekor.rs\/en\/wp-json\/wp\/v2\/product\/35685","targetHints":{"allow":["GET"]}}],"collection":[{"href":"https:\/\/provansadekor.rs\/en\/wp-json\/wp\/v2\/product"}],"about":[{"href":"https:\/\/provansadekor.rs\/en\/wp-json\/wp\/v2\/types\/product"}],"version-history":[{"count":4,"href":"https:\/\/provansadekor.rs\/en\/wp-json\/wp\/v2\/product\/35685\/revisions"}],"predecessor-version":[{"id":67299,"href":"https:\/\/provansadekor.rs\/en\/wp-json\/wp\/v2\/product\/35685\/revisions\/67299"}],"wp:featuredmedia":[{"embeddable":true,"href":"https:\/\/provansadekor.rs\/en\/wp-json\/wp\/v2\/media\/38811"}],"wp:attachment":[{"href":"https:\/\/provansadekor.rs\/en\/wp-json\/wp\/v2\/media?parent=35685"}],"wp:term":[{"taxonomy":"product_brand","embeddable":true,"href":"https:\/\/provansadekor.rs\/en\/wp-json\/wp\/v2\/product_brand?post=35685"},{"taxonomy":"product_cat","embeddable":true,"href":"https:\/\/provansadekor.rs\/en\/wp-json\/wp\/v2\/product_cat?post=35685"},{"taxonomy":"product_tag","embeddable":true,"href":"https:\/\/provansadekor.rs\/en\/wp-json\/wp\/v2\/product_tag?post=35685"}],"curies":[{"name":"wp","href":"https:\/\/api.w.org\/{rel}","templated":true}]}}