{"id":35682,"date":"2022-01-28T12:01:05","date_gmt":"2022-01-28T11:01:05","guid":{"rendered":"http:\/\/provansadekor.rs\/?post_type=product&#038;p=35682"},"modified":"2026-03-13T11:35:13","modified_gmt":"2026-03-13T10:35:13","slug":"slatka-poslastica-u-buketu","status":"publish","type":"product","link":"https:\/\/provansadekor.rs\/en\/proizvod\/sweet-treat-in-a-bouquet\/","title":{"rendered":"A sweet treat in a bouquet"},"content":{"rendered":"<p><em>Accompanying decoration<\/em>: ferrero rocher, light <strong>pink decorative mesh<\/strong> with gold details, pink decorative paper, burgundy satin ribbon bow and thin pink satin ribbon bow.<\/p>\n<p>An adorable combination <strong>Ferrero Rocher<\/strong> ball in a bouquet wrapped in decorative mesh and paper with a satin ribbon bow. Make someone happy with this sweet gift.<\/p>\n<p>Product declaration, country of origin and manufacturer are available on the label of the product itself.<\/p>\n<h2 style=\"text-align: center;\">Sweet Bouquet - Delivery Belgrade<\/h2>","protected":false},"excerpt":{"rendered":"<p>Prate\u0107a dekoracija: ferrero rocher, svetlo roze dekorativna mre\u017eica sa zlatnim detaljima, ru\u017ei\u010dasti dekorativni papir, ma\u0161na od bordo satenske trake i ma\u0161na od tanke roze satenske trake. Preslatka kombinacija Ferrero Rocher kuglica u buketu uvijene u dekorativnu mre\u017eicu i papir sa ma\u0161nom od satenske trake. Obradujte nekog ovim slatkim poklonom. Deklaracija proizvoda, zemlja porekla i proizvodja\u010d [&hellip;]<\/p>","protected":false},"featured_media":38826,"template":"","meta":[],"product_brand":[],"product_cat":[169,115],"product_tag":[],"class_list":{"0":"post-35682","1":"product","2":"type-product","3":"status-publish","4":"has-post-thumbnail","6":"product_cat-dan-zaljubljenih","7":"product_cat-buketi-cveca","9":"first","10":"instock","11":"shipping-taxable","12":"purchasable","13":"product-type-simple"},"yoast_head":"<!-- This site is optimized with the Yoast SEO Premium plugin v20.9 (Yoast SEO v26.5) - https:\/\/yoast.com\/wordpress\/plugins\/seo\/ -->\n<title>Slatka poslastica u buketu | Provansa Dekor | Beograd<\/title>\n<meta name=\"description\" content=\"Preslatka kombinacija Ferrero Rocher kuglica u buketu uvijene u dekorativnu mre\u017eicu i papir sa ma\u0161nom od satenske trake. Dostava Cve\u0107a Beograd\" \/>\n<meta name=\"robots\" content=\"index, follow, max-snippet:-1, max-image-preview:large, max-video-preview:-1\" \/>\n<link rel=\"canonical\" href=\"https:\/\/provansadekor.rs\/en\/proizvod\/sweet-treat-in-a-bouquet\/\" \/>\n<meta property=\"og:locale\" content=\"en_US\" \/>\n<meta property=\"og:type\" content=\"article\" \/>\n<meta property=\"og:title\" content=\"Slatka poslastica u buketu\" \/>\n<meta property=\"og:description\" content=\"Preslatka kombinacija Ferrero Rocher kuglica u buketu uvijene u dekorativnu mre\u017eicu i papir sa ma\u0161nom od satenske trake. Dostava Cve\u0107a Beograd\" \/>\n<meta property=\"og:url\" content=\"https:\/\/provansadekor.rs\/en\/proizvod\/sweet-treat-in-a-bouquet\/\" \/>\n<meta property=\"og:site_name\" content=\"Provansa Dekor\" \/>\n<meta property=\"article:publisher\" content=\"https:\/\/www.facebook.com\/provansadekor\" \/>\n<meta property=\"article:modified_time\" content=\"2026-03-13T10:35:13+00:00\" \/>\n<meta property=\"og:image\" content=\"https:\/\/provansadekor.rs\/wp-content\/uploads\/2021\/10\/Buket-76_1.jpg\" \/>\n\t<meta property=\"og:image:width\" content=\"675\" \/>\n\t<meta property=\"og:image:height\" content=\"900\" \/>\n\t<meta property=\"og:image:type\" content=\"image\/jpeg\" \/>\n<meta name=\"twitter:card\" content=\"summary_large_image\" \/>\n<meta name=\"twitter:label1\" content=\"Est. reading time\" \/>\n\t<meta name=\"twitter:data1\" content=\"1 minute\" \/>\n<script type=\"application\/ld+json\" class=\"yoast-schema-graph\">{\"@context\":\"https:\/\/schema.org\",\"@graph\":[{\"@type\":[\"WebPage\",\"ItemPage\"],\"@id\":\"https:\/\/provansadekor.rs\/proizvod\/slatka-poslastica-u-buketu\/\",\"url\":\"https:\/\/provansadekor.rs\/proizvod\/slatka-poslastica-u-buketu\/\",\"name\":\"Slatka poslastica u buketu | Provansa Dekor | Beograd\",\"isPartOf\":{\"@id\":\"https:\/\/provansadekor.rs\/#website\"},\"primaryImageOfPage\":{\"@id\":\"https:\/\/provansadekor.rs\/proizvod\/slatka-poslastica-u-buketu\/#primaryimage\"},\"image\":{\"@id\":\"https:\/\/provansadekor.rs\/proizvod\/slatka-poslastica-u-buketu\/#primaryimage\"},\"thumbnailUrl\":\"https:\/\/provansadekor.rs\/wp-content\/uploads\/2021\/10\/Buket-76_1.jpg\",\"datePublished\":\"2022-01-28T11:01:05+00:00\",\"dateModified\":\"2026-03-13T10:35:13+00:00\",\"description\":\"Preslatka kombinacija Ferrero Rocher kuglica u buketu uvijene u dekorativnu mre\u017eicu i papir sa ma\u0161nom od satenske trake. Dostava Cve\u0107a Beograd\",\"breadcrumb\":{\"@id\":\"https:\/\/provansadekor.rs\/proizvod\/slatka-poslastica-u-buketu\/#breadcrumb\"},\"inLanguage\":\"en-US\",\"potentialAction\":[{\"@type\":\"ReadAction\",\"target\":[\"https:\/\/provansadekor.rs\/proizvod\/slatka-poslastica-u-buketu\/\"]}]},{\"@type\":\"ImageObject\",\"inLanguage\":\"en-US\",\"@id\":\"https:\/\/provansadekor.rs\/proizvod\/slatka-poslastica-u-buketu\/#primaryimage\",\"url\":\"https:\/\/provansadekor.rs\/wp-content\/uploads\/2021\/10\/Buket-76_1.jpg\",\"contentUrl\":\"https:\/\/provansadekor.rs\/wp-content\/uploads\/2021\/10\/Buket-76_1.jpg\",\"width\":675,\"height\":900},{\"@type\":\"BreadcrumbList\",\"@id\":\"https:\/\/provansadekor.rs\/proizvod\/slatka-poslastica-u-buketu\/#breadcrumb\",\"itemListElement\":[{\"@type\":\"ListItem\",\"position\":1,\"name\":\"\u041f\u043e\u0447\u0435\u0442\u043d\u0430\",\"item\":\"https:\/\/provansadekor.rs\/\"},{\"@type\":\"ListItem\",\"position\":2,\"name\":\"\u041f\u0440\u043e\u0438\u0437\u0432\u043e\u0434\u0438\",\"item\":\"https:\/\/provansadekor.rs\/shop\/\"},{\"@type\":\"ListItem\",\"position\":3,\"name\":\"Slatka poslastica u buketu\"}]},{\"@type\":\"WebSite\",\"@id\":\"https:\/\/provansadekor.rs\/#website\",\"url\":\"https:\/\/provansadekor.rs\/\",\"name\":\"Provansa Dekor\",\"description\":\"Dostava cve\u0107a Beograd - Organizacija i Dekoracija doga\u0111aja - Ure\u0111enje zelenih povr\u0161ina\",\"publisher\":{\"@id\":\"https:\/\/provansadekor.rs\/#organization\"},\"potentialAction\":[{\"@type\":\"SearchAction\",\"target\":{\"@type\":\"EntryPoint\",\"urlTemplate\":\"https:\/\/provansadekor.rs\/?s={search_term_string}\"},\"query-input\":{\"@type\":\"PropertyValueSpecification\",\"valueRequired\":true,\"valueName\":\"search_term_string\"}}],\"inLanguage\":\"en-US\"},{\"@type\":\"Organization\",\"@id\":\"https:\/\/provansadekor.rs\/#organization\",\"name\":\"Provansa Dekor Cve\u0107ara Beograd\",\"url\":\"https:\/\/provansadekor.rs\/\",\"logo\":{\"@type\":\"ImageObject\",\"inLanguage\":\"en-US\",\"@id\":\"https:\/\/provansadekor.rs\/#\/schema\/logo\/image\/\",\"url\":\"https:\/\/provansadekor.rs\/wp-content\/uploads\/2022\/03\/logo-provansa.jpg\",\"contentUrl\":\"https:\/\/provansadekor.rs\/wp-content\/uploads\/2022\/03\/logo-provansa.jpg\",\"width\":200,\"height\":200,\"caption\":\"Provansa Dekor Cve\u0107ara Beograd\"},\"image\":{\"@id\":\"https:\/\/provansadekor.rs\/#\/schema\/logo\/image\/\"},\"sameAs\":[\"https:\/\/www.facebook.com\/provansadekor\",\"https:\/\/www.instagram.com\/provansadekor\/\"]}]}<\/script>\n<!-- \/ Yoast SEO Premium plugin. -->","yoast_head_json":{"title":"A sweet treat in a bouquet | Provence Decor | White City","description":"An adorable combination of Ferrero Rocher baubles in a bouquet wrapped in decorative mesh and paper with a satin ribbon bow. Delivery of flowers Belgrade","robots":{"index":"index","follow":"follow","max-snippet":"max-snippet:-1","max-image-preview":"max-image-preview:large","max-video-preview":"max-video-preview:-1"},"canonical":"https:\/\/provansadekor.rs\/en\/proizvod\/sweet-treat-in-a-bouquet\/","og_locale":"en_US","og_type":"article","og_title":"Slatka poslastica u buketu","og_description":"Preslatka kombinacija Ferrero Rocher kuglica u buketu uvijene u dekorativnu mre\u017eicu i papir sa ma\u0161nom od satenske trake. Dostava Cve\u0107a Beograd","og_url":"https:\/\/provansadekor.rs\/en\/proizvod\/sweet-treat-in-a-bouquet\/","og_site_name":"Provansa Dekor","article_publisher":"https:\/\/www.facebook.com\/provansadekor","article_modified_time":"2026-03-13T10:35:13+00:00","og_image":[{"width":675,"height":900,"url":"https:\/\/provansadekor.rs\/wp-content\/uploads\/2021\/10\/Buket-76_1.jpg","type":"image\/jpeg"}],"twitter_card":"summary_large_image","twitter_misc":{"Est. reading time":"1 minute"},"schema":{"@context":"https:\/\/schema.org","@graph":[{"@type":["WebPage","ItemPage"],"@id":"https:\/\/provansadekor.rs\/proizvod\/slatka-poslastica-u-buketu\/","url":"https:\/\/provansadekor.rs\/proizvod\/slatka-poslastica-u-buketu\/","name":"A sweet treat in a bouquet | Provence Decor | White City","isPartOf":{"@id":"https:\/\/provansadekor.rs\/#website"},"primaryImageOfPage":{"@id":"https:\/\/provansadekor.rs\/proizvod\/slatka-poslastica-u-buketu\/#primaryimage"},"image":{"@id":"https:\/\/provansadekor.rs\/proizvod\/slatka-poslastica-u-buketu\/#primaryimage"},"thumbnailUrl":"https:\/\/provansadekor.rs\/wp-content\/uploads\/2021\/10\/Buket-76_1.jpg","datePublished":"2022-01-28T11:01:05+00:00","dateModified":"2026-03-13T10:35:13+00:00","description":"An adorable combination of Ferrero Rocher baubles in a bouquet wrapped in decorative mesh and paper with a satin ribbon bow. Delivery of flowers Belgrade","breadcrumb":{"@id":"https:\/\/provansadekor.rs\/proizvod\/slatka-poslastica-u-buketu\/#breadcrumb"},"inLanguage":"en-US","potentialAction":[{"@type":"ReadAction","target":["https:\/\/provansadekor.rs\/proizvod\/slatka-poslastica-u-buketu\/"]}]},{"@type":"ImageObject","inLanguage":"en-US","@id":"https:\/\/provansadekor.rs\/proizvod\/slatka-poslastica-u-buketu\/#primaryimage","url":"https:\/\/provansadekor.rs\/wp-content\/uploads\/2021\/10\/Buket-76_1.jpg","contentUrl":"https:\/\/provansadekor.rs\/wp-content\/uploads\/2021\/10\/Buket-76_1.jpg","width":675,"height":900},{"@type":"BreadcrumbList","@id":"https:\/\/provansadekor.rs\/proizvod\/slatka-poslastica-u-buketu\/#breadcrumb","itemListElement":[{"@type":"ListItem","position":1,"name":"\u041f\u043e\u0447\u0435\u0442\u043d\u0430","item":"https:\/\/provansadekor.rs\/"},{"@type":"ListItem","position":2,"name":"\u041f\u0440\u043e\u0438\u0437\u0432\u043e\u0434\u0438","item":"https:\/\/provansadekor.rs\/shop\/"},{"@type":"ListItem","position":3,"name":"Slatka poslastica u buketu"}]},{"@type":"WebSite","@id":"https:\/\/provansadekor.rs\/#website","url":"https:\/\/provansadekor.rs\/","name":"Provence Decor","description":"Flower delivery Belgrade - Event organization and decoration - Landscaping","publisher":{"@id":"https:\/\/provansadekor.rs\/#organization"},"potentialAction":[{"@type":"SearchAction","target":{"@type":"EntryPoint","urlTemplate":"https:\/\/provansadekor.rs\/?s={search_term_string}"},"query-input":{"@type":"PropertyValueSpecification","valueRequired":true,"valueName":"search_term_string"}}],"inLanguage":"en-US"},{"@type":"Organization","@id":"https:\/\/provansadekor.rs\/#organization","name":"Provence Decor Flower Shop Belgrade","url":"https:\/\/provansadekor.rs\/","logo":{"@type":"ImageObject","inLanguage":"en-US","@id":"https:\/\/provansadekor.rs\/#\/schema\/logo\/image\/","url":"https:\/\/provansadekor.rs\/wp-content\/uploads\/2022\/03\/logo-provansa.jpg","contentUrl":"https:\/\/provansadekor.rs\/wp-content\/uploads\/2022\/03\/logo-provansa.jpg","width":200,"height":200,"caption":"Provansa Dekor Cve\u0107ara Beograd"},"image":{"@id":"https:\/\/provansadekor.rs\/#\/schema\/logo\/image\/"},"sameAs":["https:\/\/www.facebook.com\/provansadekor","https:\/\/www.instagram.com\/provansadekor\/"]}]}},"_links":{"self":[{"href":"https:\/\/provansadekor.rs\/en\/wp-json\/wp\/v2\/product\/35682","targetHints":{"allow":["GET"]}}],"collection":[{"href":"https:\/\/provansadekor.rs\/en\/wp-json\/wp\/v2\/product"}],"about":[{"href":"https:\/\/provansadekor.rs\/en\/wp-json\/wp\/v2\/types\/product"}],"version-history":[{"count":7,"href":"https:\/\/provansadekor.rs\/en\/wp-json\/wp\/v2\/product\/35682\/revisions"}],"predecessor-version":[{"id":77344,"href":"https:\/\/provansadekor.rs\/en\/wp-json\/wp\/v2\/product\/35682\/revisions\/77344"}],"wp:featuredmedia":[{"embeddable":true,"href":"https:\/\/provansadekor.rs\/en\/wp-json\/wp\/v2\/media\/38826"}],"wp:attachment":[{"href":"https:\/\/provansadekor.rs\/en\/wp-json\/wp\/v2\/media?parent=35682"}],"wp:term":[{"taxonomy":"product_brand","embeddable":true,"href":"https:\/\/provansadekor.rs\/en\/wp-json\/wp\/v2\/product_brand?post=35682"},{"taxonomy":"product_cat","embeddable":true,"href":"https:\/\/provansadekor.rs\/en\/wp-json\/wp\/v2\/product_cat?post=35682"},{"taxonomy":"product_tag","embeddable":true,"href":"https:\/\/provansadekor.rs\/en\/wp-json\/wp\/v2\/product_tag?post=35682"}],"curies":[{"name":"wp","href":"https:\/\/api.w.org\/{rel}","templated":true}]}}