{"id":35681,"date":"2022-01-29T00:07:21","date_gmt":"2022-01-28T23:07:21","guid":{"rendered":"http:\/\/provansadekor.rs\/?post_type=product&#038;p=35681"},"modified":"2026-03-13T11:35:12","modified_gmt":"2026-03-13T10:35:12","slug":"buket-cveca-otmena-dama","status":"publish","type":"product","link":"https:\/\/provansadekor.rs\/en\/proizvod\/bouquet-of-flowers-of-a-classy-lady\/","title":{"rendered":"A bouquet of classy ladies"},"content":{"rendered":"<p><em>Kinds of <strong>flowers<\/strong> in <strong>the bouquet<\/strong><\/em>: <strong>white rose, apricot rose,<\/strong> green lisianthus, apricot chrysanthemum, white freesia, thistle, blue hydrangea, wax.<\/p>\n<p><em>Accompanying decoration<\/em>: soft pink decorative paper, blue paper, lilac ribbon bow with white work.<\/p>\n<p><strong>A bouquet<\/strong> made of <strong>a rose<\/strong>, lisianthus, piece chrysanthemum, freesia, thistle, hydrangea and wax wrapped in pink decorative paper with a combination of blue paper and bow.<\/p>\n<p>An opportunity to celebrate family celebrations in the best possible way. If you are unable to attend, send a bouquet, and we will deliver it as soon as possible.<\/p>\n<h2 style=\"text-align: center;\"><strong>Flower bouquets, Flower delivery Belgrade\u00a0<\/strong><\/h2>\n<p>&nbsp;<\/p>","protected":false},"excerpt":{"rendered":"<p>Vrste cve\u0107a u buketu: bela ru\u017ea, kajsija ru\u017ea, zeleni lizijantus, kajsija komadna hrizantema, bela frezija, \u010di\u010dak, plava hortenzija, wax. Prate\u0107a dekoracija: ne\u017eno roze dekorativni papir, plavi papir, ma\u0161na od lila trake sa belim radom. Buket napravljen od ru\u017ea, lizijantusa, komadna hrizantema, frezija, \u010di\u010dak, hortenzija i wax upakovan u roze dekorativni papir sa kombinacijom plavog papira [&hellip;]<\/p>","protected":false},"featured_media":38832,"template":"","meta":[],"product_brand":[],"product_cat":[115,286],"product_tag":[],"class_list":{"0":"post-35681","1":"product","2":"type-product","3":"status-publish","4":"has-post-thumbnail","6":"product_cat-buketi-cveca","7":"product_cat-xxl-buketi","9":"first","10":"instock","11":"shipping-taxable","12":"purchasable","13":"product-type-simple"},"yoast_head":"<!-- This site is optimized with the Yoast SEO Premium plugin v20.9 (Yoast SEO v26.5) - https:\/\/yoast.com\/wordpress\/plugins\/seo\/ -->\n<title>Buket 76 | Online Prodavnica | Provansa Dekor<\/title>\n<meta name=\"description\" content=\"Buket cve\u0107a napravljen od ru\u017ea, lizijantusa, komadna hrizantema, frezija, \u010di\u010dak, hortenzija i wax upakovan u roze dekorativni papir sa kombinacijom plavog papira i ma\u0161ne. Dostava cve\u0107a Beograd\u00a0\" \/>\n<meta name=\"robots\" content=\"index, follow, max-snippet:-1, max-image-preview:large, max-video-preview:-1\" \/>\n<link rel=\"canonical\" href=\"https:\/\/provansadekor.rs\/en\/proizvod\/bouquet-of-flowers-of-a-classy-lady\/\" \/>\n<meta property=\"og:locale\" content=\"en_US\" \/>\n<meta property=\"og:type\" content=\"article\" \/>\n<meta property=\"og:title\" content=\"Buket otmena dama\" \/>\n<meta property=\"og:description\" content=\"Buket cve\u0107a napravljen od ru\u017ea, lizijantusa, komadna hrizantema, frezija, \u010di\u010dak, hortenzija i wax upakovan u roze dekorativni papir sa kombinacijom plavog papira i ma\u0161ne. Dostava cve\u0107a Beograd\u00a0\" \/>\n<meta property=\"og:url\" content=\"https:\/\/provansadekor.rs\/en\/proizvod\/bouquet-of-flowers-of-a-classy-lady\/\" \/>\n<meta property=\"og:site_name\" content=\"Provansa Dekor\" \/>\n<meta property=\"article:publisher\" content=\"https:\/\/www.facebook.com\/provansadekor\" \/>\n<meta property=\"article:modified_time\" content=\"2026-03-13T10:35:12+00:00\" \/>\n<meta property=\"og:image\" content=\"https:\/\/provansadekor.rs\/wp-content\/uploads\/2021\/10\/Buket-75_1.jpg\" \/>\n\t<meta property=\"og:image:width\" content=\"404\" \/>\n\t<meta property=\"og:image:height\" content=\"900\" \/>\n\t<meta property=\"og:image:type\" content=\"image\/jpeg\" \/>\n<meta name=\"twitter:card\" content=\"summary_large_image\" \/>\n<meta name=\"twitter:label1\" content=\"Est. reading time\" \/>\n\t<meta name=\"twitter:data1\" content=\"1 minute\" \/>\n<script type=\"application\/ld+json\" class=\"yoast-schema-graph\">{\"@context\":\"https:\/\/schema.org\",\"@graph\":[{\"@type\":[\"WebPage\",\"ItemPage\"],\"@id\":\"https:\/\/provansadekor.rs\/proizvod\/buket-cveca-otmena-dama\/\",\"url\":\"https:\/\/provansadekor.rs\/proizvod\/buket-cveca-otmena-dama\/\",\"name\":\"Buket 76 | Online Prodavnica | Provansa Dekor\",\"isPartOf\":{\"@id\":\"https:\/\/provansadekor.rs\/#website\"},\"primaryImageOfPage\":{\"@id\":\"https:\/\/provansadekor.rs\/proizvod\/buket-cveca-otmena-dama\/#primaryimage\"},\"image\":{\"@id\":\"https:\/\/provansadekor.rs\/proizvod\/buket-cveca-otmena-dama\/#primaryimage\"},\"thumbnailUrl\":\"https:\/\/provansadekor.rs\/wp-content\/uploads\/2021\/10\/Buket-75_1.jpg\",\"datePublished\":\"2022-01-28T23:07:21+00:00\",\"dateModified\":\"2026-03-13T10:35:12+00:00\",\"description\":\"Buket cve\u0107a napravljen od ru\u017ea, lizijantusa, komadna hrizantema, frezija, \u010di\u010dak, hortenzija i wax upakovan u roze dekorativni papir sa kombinacijom plavog papira i ma\u0161ne. Dostava cve\u0107a Beograd\u00a0\",\"breadcrumb\":{\"@id\":\"https:\/\/provansadekor.rs\/proizvod\/buket-cveca-otmena-dama\/#breadcrumb\"},\"inLanguage\":\"en-US\",\"potentialAction\":[{\"@type\":\"ReadAction\",\"target\":[\"https:\/\/provansadekor.rs\/proizvod\/buket-cveca-otmena-dama\/\"]}]},{\"@type\":\"ImageObject\",\"inLanguage\":\"en-US\",\"@id\":\"https:\/\/provansadekor.rs\/proizvod\/buket-cveca-otmena-dama\/#primaryimage\",\"url\":\"https:\/\/provansadekor.rs\/wp-content\/uploads\/2021\/10\/Buket-75_1.jpg\",\"contentUrl\":\"https:\/\/provansadekor.rs\/wp-content\/uploads\/2021\/10\/Buket-75_1.jpg\",\"width\":404,\"height\":900},{\"@type\":\"BreadcrumbList\",\"@id\":\"https:\/\/provansadekor.rs\/proizvod\/buket-cveca-otmena-dama\/#breadcrumb\",\"itemListElement\":[{\"@type\":\"ListItem\",\"position\":1,\"name\":\"\u041f\u043e\u0447\u0435\u0442\u043d\u0430\",\"item\":\"https:\/\/provansadekor.rs\/\"},{\"@type\":\"ListItem\",\"position\":2,\"name\":\"\u041f\u0440\u043e\u0438\u0437\u0432\u043e\u0434\u0438\",\"item\":\"https:\/\/provansadekor.rs\/shop\/\"},{\"@type\":\"ListItem\",\"position\":3,\"name\":\"Buket otmena dama\"}]},{\"@type\":\"WebSite\",\"@id\":\"https:\/\/provansadekor.rs\/#website\",\"url\":\"https:\/\/provansadekor.rs\/\",\"name\":\"Provansa Dekor\",\"description\":\"Dostava cve\u0107a Beograd - Organizacija i Dekoracija doga\u0111aja - Ure\u0111enje zelenih povr\u0161ina\",\"publisher\":{\"@id\":\"https:\/\/provansadekor.rs\/#organization\"},\"potentialAction\":[{\"@type\":\"SearchAction\",\"target\":{\"@type\":\"EntryPoint\",\"urlTemplate\":\"https:\/\/provansadekor.rs\/?s={search_term_string}\"},\"query-input\":{\"@type\":\"PropertyValueSpecification\",\"valueRequired\":true,\"valueName\":\"search_term_string\"}}],\"inLanguage\":\"en-US\"},{\"@type\":\"Organization\",\"@id\":\"https:\/\/provansadekor.rs\/#organization\",\"name\":\"Provansa Dekor Cve\u0107ara Beograd\",\"url\":\"https:\/\/provansadekor.rs\/\",\"logo\":{\"@type\":\"ImageObject\",\"inLanguage\":\"en-US\",\"@id\":\"https:\/\/provansadekor.rs\/#\/schema\/logo\/image\/\",\"url\":\"https:\/\/provansadekor.rs\/wp-content\/uploads\/2022\/03\/logo-provansa.jpg\",\"contentUrl\":\"https:\/\/provansadekor.rs\/wp-content\/uploads\/2022\/03\/logo-provansa.jpg\",\"width\":200,\"height\":200,\"caption\":\"Provansa Dekor Cve\u0107ara Beograd\"},\"image\":{\"@id\":\"https:\/\/provansadekor.rs\/#\/schema\/logo\/image\/\"},\"sameAs\":[\"https:\/\/www.facebook.com\/provansadekor\",\"https:\/\/www.instagram.com\/provansadekor\/\"]}]}<\/script>\n<!-- \/ Yoast SEO Premium plugin. -->","yoast_head_json":{"title":"Bouquet 76 | Online Store | Provence Decor","description":"A bouquet of flowers made of roses, lisianthus, piece chrysanthemum, freesia, thistle, hydrangea and wax wrapped in pink decorative paper with a combination of blue paper and a bow. Flower delivery Belgrade\u00a0","robots":{"index":"index","follow":"follow","max-snippet":"max-snippet:-1","max-image-preview":"max-image-preview:large","max-video-preview":"max-video-preview:-1"},"canonical":"https:\/\/provansadekor.rs\/en\/proizvod\/bouquet-of-flowers-of-a-classy-lady\/","og_locale":"en_US","og_type":"article","og_title":"Buket otmena dama","og_description":"Buket cve\u0107a napravljen od ru\u017ea, lizijantusa, komadna hrizantema, frezija, \u010di\u010dak, hortenzija i wax upakovan u roze dekorativni papir sa kombinacijom plavog papira i ma\u0161ne. Dostava cve\u0107a Beograd\u00a0","og_url":"https:\/\/provansadekor.rs\/en\/proizvod\/bouquet-of-flowers-of-a-classy-lady\/","og_site_name":"Provansa Dekor","article_publisher":"https:\/\/www.facebook.com\/provansadekor","article_modified_time":"2026-03-13T10:35:12+00:00","og_image":[{"width":404,"height":900,"url":"https:\/\/provansadekor.rs\/wp-content\/uploads\/2021\/10\/Buket-75_1.jpg","type":"image\/jpeg"}],"twitter_card":"summary_large_image","twitter_misc":{"Est. reading time":"1 minute"},"schema":{"@context":"https:\/\/schema.org","@graph":[{"@type":["WebPage","ItemPage"],"@id":"https:\/\/provansadekor.rs\/proizvod\/buket-cveca-otmena-dama\/","url":"https:\/\/provansadekor.rs\/proizvod\/buket-cveca-otmena-dama\/","name":"Bouquet 76 | Online Store | Provence Decor","isPartOf":{"@id":"https:\/\/provansadekor.rs\/#website"},"primaryImageOfPage":{"@id":"https:\/\/provansadekor.rs\/proizvod\/buket-cveca-otmena-dama\/#primaryimage"},"image":{"@id":"https:\/\/provansadekor.rs\/proizvod\/buket-cveca-otmena-dama\/#primaryimage"},"thumbnailUrl":"https:\/\/provansadekor.rs\/wp-content\/uploads\/2021\/10\/Buket-75_1.jpg","datePublished":"2022-01-28T23:07:21+00:00","dateModified":"2026-03-13T10:35:12+00:00","description":"A bouquet of flowers made of roses, lisianthus, piece chrysanthemum, freesia, thistle, hydrangea and wax wrapped in pink decorative paper with a combination of blue paper and a bow. Flower delivery Belgrade\u00a0","breadcrumb":{"@id":"https:\/\/provansadekor.rs\/proizvod\/buket-cveca-otmena-dama\/#breadcrumb"},"inLanguage":"en-US","potentialAction":[{"@type":"ReadAction","target":["https:\/\/provansadekor.rs\/proizvod\/buket-cveca-otmena-dama\/"]}]},{"@type":"ImageObject","inLanguage":"en-US","@id":"https:\/\/provansadekor.rs\/proizvod\/buket-cveca-otmena-dama\/#primaryimage","url":"https:\/\/provansadekor.rs\/wp-content\/uploads\/2021\/10\/Buket-75_1.jpg","contentUrl":"https:\/\/provansadekor.rs\/wp-content\/uploads\/2021\/10\/Buket-75_1.jpg","width":404,"height":900},{"@type":"BreadcrumbList","@id":"https:\/\/provansadekor.rs\/proizvod\/buket-cveca-otmena-dama\/#breadcrumb","itemListElement":[{"@type":"ListItem","position":1,"name":"\u041f\u043e\u0447\u0435\u0442\u043d\u0430","item":"https:\/\/provansadekor.rs\/"},{"@type":"ListItem","position":2,"name":"\u041f\u0440\u043e\u0438\u0437\u0432\u043e\u0434\u0438","item":"https:\/\/provansadekor.rs\/shop\/"},{"@type":"ListItem","position":3,"name":"Buket otmena dama"}]},{"@type":"WebSite","@id":"https:\/\/provansadekor.rs\/#website","url":"https:\/\/provansadekor.rs\/","name":"Provence Decor","description":"Flower delivery Belgrade - Event organization and decoration - Landscaping","publisher":{"@id":"https:\/\/provansadekor.rs\/#organization"},"potentialAction":[{"@type":"SearchAction","target":{"@type":"EntryPoint","urlTemplate":"https:\/\/provansadekor.rs\/?s={search_term_string}"},"query-input":{"@type":"PropertyValueSpecification","valueRequired":true,"valueName":"search_term_string"}}],"inLanguage":"en-US"},{"@type":"Organization","@id":"https:\/\/provansadekor.rs\/#organization","name":"Provence Decor Flower Shop Belgrade","url":"https:\/\/provansadekor.rs\/","logo":{"@type":"ImageObject","inLanguage":"en-US","@id":"https:\/\/provansadekor.rs\/#\/schema\/logo\/image\/","url":"https:\/\/provansadekor.rs\/wp-content\/uploads\/2022\/03\/logo-provansa.jpg","contentUrl":"https:\/\/provansadekor.rs\/wp-content\/uploads\/2022\/03\/logo-provansa.jpg","width":200,"height":200,"caption":"Provansa Dekor Cve\u0107ara Beograd"},"image":{"@id":"https:\/\/provansadekor.rs\/#\/schema\/logo\/image\/"},"sameAs":["https:\/\/www.facebook.com\/provansadekor","https:\/\/www.instagram.com\/provansadekor\/"]}]}},"_links":{"self":[{"href":"https:\/\/provansadekor.rs\/en\/wp-json\/wp\/v2\/product\/35681","targetHints":{"allow":["GET"]}}],"collection":[{"href":"https:\/\/provansadekor.rs\/en\/wp-json\/wp\/v2\/product"}],"about":[{"href":"https:\/\/provansadekor.rs\/en\/wp-json\/wp\/v2\/types\/product"}],"version-history":[{"count":5,"href":"https:\/\/provansadekor.rs\/en\/wp-json\/wp\/v2\/product\/35681\/revisions"}],"predecessor-version":[{"id":67294,"href":"https:\/\/provansadekor.rs\/en\/wp-json\/wp\/v2\/product\/35681\/revisions\/67294"}],"wp:featuredmedia":[{"embeddable":true,"href":"https:\/\/provansadekor.rs\/en\/wp-json\/wp\/v2\/media\/38832"}],"wp:attachment":[{"href":"https:\/\/provansadekor.rs\/en\/wp-json\/wp\/v2\/media?parent=35681"}],"wp:term":[{"taxonomy":"product_brand","embeddable":true,"href":"https:\/\/provansadekor.rs\/en\/wp-json\/wp\/v2\/product_brand?post=35681"},{"taxonomy":"product_cat","embeddable":true,"href":"https:\/\/provansadekor.rs\/en\/wp-json\/wp\/v2\/product_cat?post=35681"},{"taxonomy":"product_tag","embeddable":true,"href":"https:\/\/provansadekor.rs\/en\/wp-json\/wp\/v2\/product_tag?post=35681"}],"curies":[{"name":"wp","href":"https:\/\/api.w.org\/{rel}","templated":true}]}}