{"id":35677,"date":"2022-01-29T00:26:16","date_gmt":"2022-01-28T23:26:16","guid":{"rendered":"http:\/\/provansadekor.rs\/?post_type=product&#038;p=35677"},"modified":"2026-03-18T16:17:18","modified_gmt":"2026-03-18T15:17:18","slug":"velicanstveno-srce-od-ruza","status":"publish","type":"product","link":"https:\/\/provansadekor.rs\/en\/proizvod\/magnificent-heart-of-roses\/","title":{"rendered":"A magnificent rose heart"},"content":{"rendered":"<h2>51 A rose in a heart-shaped box<\/h2>\n<p>51 A rose in a heart-shaped box for love that doesn&#039;t pass away.<\/p>\n<p>Types of flowers in the arrangement: <strong>Red rose<\/strong>.<\/p>\n<p>Accompanying decoration: handmade black wooden heart-shaped box, wooden spade (happy birthday), burgundy braided ribbon bow and white satin ribbon.<\/p>\n<p>For moments of tenderness and eternity in love. Magnificent <a href=\"https:\/\/provansadekor.rs\/101-ruza-dostava-beograd\/\"><strong>51 roses<\/strong><\/a> in a black heart-shaped wooden box.<br \/>\n<a href=\"https:\/\/provansadekor.rs\/online-cvecara\/\"><strong>Online flower shop<\/strong><\/a> is there for you 24\/7 as well <strong>home delivery<\/strong>.<\/p>","protected":false},"excerpt":{"rendered":"<p>51 Rose in a heart-shaped box 51 Rose in a heart-shaped box for love that never passes. Types of flowers in the arrangement: red rose. Accompanying decoration: handmade black wooden box in the shape of a heart, wooden spade (happy birthday), bow made of burgundy braided ribbon and white satin ribbon. For moments of tenderness and eternity in [...]<\/p>","protected":false},"featured_media":71259,"template":"","meta":[],"product_brand":[],"product_cat":[320,162],"product_tag":[318],"class_list":{"0":"post-35677","1":"product","2":"type-product","3":"status-publish","4":"has-post-thumbnail","6":"product_cat-8-mart","7":"product_cat-101-ruza","8":"product_tag-crvene-ruze","10":"first","11":"instock","12":"featured","13":"shipping-taxable","14":"purchasable","15":"product-type-simple"},"yoast_head":"<!-- This site is optimized with the Yoast SEO Premium plugin v20.9 (Yoast SEO v26.5) - https:\/\/yoast.com\/wordpress\/plugins\/seo\/ -->\n<title>51 Ru\u017ea u kutiji | Dostava Cve\u0107a Beograd 24\/7 | Provansa Dekor<\/title>\n<meta name=\"description\" content=\"Za trenutke ne\u017enosti i ve\u010dnost u ljubavi. Veli\u010danstvena 51 ru\u017ea u kutiji u obliku srca. Online cve\u0107ara je tu za vas, kao i dostava cve\u0107a na ku\u0107nu adresu.\" \/>\n<meta name=\"robots\" content=\"index, follow, max-snippet:-1, max-image-preview:large, max-video-preview:-1\" \/>\n<link rel=\"canonical\" href=\"https:\/\/provansadekor.rs\/en\/proizvod\/magnificent-heart-of-roses\/\" \/>\n<meta property=\"og:locale\" content=\"en_US\" \/>\n<meta property=\"og:type\" content=\"article\" \/>\n<meta property=\"og:title\" content=\"Veli\u010danstveno srce od ru\u017ea\" \/>\n<meta property=\"og:description\" content=\"Za trenutke ne\u017enosti i ve\u010dnost u ljubavi. Veli\u010danstvena 51 ru\u017ea u kutiji u obliku srca. Online cve\u0107ara je tu za vas, kao i dostava cve\u0107a na ku\u0107nu adresu.\" \/>\n<meta property=\"og:url\" content=\"https:\/\/provansadekor.rs\/en\/proizvod\/magnificent-heart-of-roses\/\" \/>\n<meta property=\"og:site_name\" content=\"Provansa Dekor\" \/>\n<meta property=\"article:publisher\" content=\"https:\/\/www.facebook.com\/provansadekor\" \/>\n<meta property=\"article:modified_time\" content=\"2026-03-18T15:17:18+00:00\" \/>\n<meta property=\"og:image\" content=\"https:\/\/provansadekor.rs\/wp-content\/uploads\/2023\/03\/2-5.jpg\" \/>\n\t<meta property=\"og:image:width\" content=\"900\" \/>\n\t<meta property=\"og:image:height\" content=\"900\" \/>\n\t<meta property=\"og:image:type\" content=\"image\/jpeg\" \/>\n<meta name=\"twitter:card\" content=\"summary_large_image\" \/>\n<meta name=\"twitter:label1\" content=\"Est. reading time\" \/>\n\t<meta name=\"twitter:data1\" content=\"1 minute\" \/>\n<script type=\"application\/ld+json\" class=\"yoast-schema-graph\">{\"@context\":\"https:\/\/schema.org\",\"@graph\":[{\"@type\":[\"WebPage\",\"ItemPage\"],\"@id\":\"https:\/\/provansadekor.rs\/proizvod\/velicanstveno-srce-od-ruza\/\",\"url\":\"https:\/\/provansadekor.rs\/proizvod\/velicanstveno-srce-od-ruza\/\",\"name\":\"51 Ru\u017ea u kutiji | Dostava Cve\u0107a Beograd 24\/7 | Provansa Dekor\",\"isPartOf\":{\"@id\":\"https:\/\/provansadekor.rs\/#website\"},\"primaryImageOfPage\":{\"@id\":\"https:\/\/provansadekor.rs\/proizvod\/velicanstveno-srce-od-ruza\/#primaryimage\"},\"image\":{\"@id\":\"https:\/\/provansadekor.rs\/proizvod\/velicanstveno-srce-od-ruza\/#primaryimage\"},\"thumbnailUrl\":\"https:\/\/provansadekor.rs\/wp-content\/uploads\/2023\/03\/2-5.jpg\",\"datePublished\":\"2022-01-28T23:26:16+00:00\",\"dateModified\":\"2026-03-18T15:17:18+00:00\",\"description\":\"Za trenutke ne\u017enosti i ve\u010dnost u ljubavi. Veli\u010danstvena 51 ru\u017ea u kutiji u obliku srca. Online cve\u0107ara je tu za vas, kao i dostava cve\u0107a na ku\u0107nu adresu.\",\"breadcrumb\":{\"@id\":\"https:\/\/provansadekor.rs\/proizvod\/velicanstveno-srce-od-ruza\/#breadcrumb\"},\"inLanguage\":\"en-US\",\"potentialAction\":[{\"@type\":\"ReadAction\",\"target\":[\"https:\/\/provansadekor.rs\/proizvod\/velicanstveno-srce-od-ruza\/\"]}]},{\"@type\":\"ImageObject\",\"inLanguage\":\"en-US\",\"@id\":\"https:\/\/provansadekor.rs\/proizvod\/velicanstveno-srce-od-ruza\/#primaryimage\",\"url\":\"https:\/\/provansadekor.rs\/wp-content\/uploads\/2023\/03\/2-5.jpg\",\"contentUrl\":\"https:\/\/provansadekor.rs\/wp-content\/uploads\/2023\/03\/2-5.jpg\",\"width\":900,\"height\":900,\"caption\":\"51 ruza - dostava cveca - provansa dekor\"},{\"@type\":\"BreadcrumbList\",\"@id\":\"https:\/\/provansadekor.rs\/proizvod\/velicanstveno-srce-od-ruza\/#breadcrumb\",\"itemListElement\":[{\"@type\":\"ListItem\",\"position\":1,\"name\":\"\u041f\u043e\u0447\u0435\u0442\u043d\u0430\",\"item\":\"https:\/\/provansadekor.rs\/\"},{\"@type\":\"ListItem\",\"position\":2,\"name\":\"\u041f\u0440\u043e\u0438\u0437\u0432\u043e\u0434\u0438\",\"item\":\"https:\/\/provansadekor.rs\/shop\/\"},{\"@type\":\"ListItem\",\"position\":3,\"name\":\"Veli\u010danstveno srce od ru\u017ea\"}]},{\"@type\":\"WebSite\",\"@id\":\"https:\/\/provansadekor.rs\/#website\",\"url\":\"https:\/\/provansadekor.rs\/\",\"name\":\"Provansa Dekor\",\"description\":\"Dostava cve\u0107a Beograd - Organizacija i Dekoracija doga\u0111aja - Ure\u0111enje zelenih povr\u0161ina\",\"publisher\":{\"@id\":\"https:\/\/provansadekor.rs\/#organization\"},\"potentialAction\":[{\"@type\":\"SearchAction\",\"target\":{\"@type\":\"EntryPoint\",\"urlTemplate\":\"https:\/\/provansadekor.rs\/?s={search_term_string}\"},\"query-input\":{\"@type\":\"PropertyValueSpecification\",\"valueRequired\":true,\"valueName\":\"search_term_string\"}}],\"inLanguage\":\"en-US\"},{\"@type\":\"Organization\",\"@id\":\"https:\/\/provansadekor.rs\/#organization\",\"name\":\"Provansa Dekor Cve\u0107ara Beograd\",\"url\":\"https:\/\/provansadekor.rs\/\",\"logo\":{\"@type\":\"ImageObject\",\"inLanguage\":\"en-US\",\"@id\":\"https:\/\/provansadekor.rs\/#\/schema\/logo\/image\/\",\"url\":\"https:\/\/provansadekor.rs\/wp-content\/uploads\/2022\/03\/logo-provansa.jpg\",\"contentUrl\":\"https:\/\/provansadekor.rs\/wp-content\/uploads\/2022\/03\/logo-provansa.jpg\",\"width\":200,\"height\":200,\"caption\":\"Provansa Dekor Cve\u0107ara Beograd\"},\"image\":{\"@id\":\"https:\/\/provansadekor.rs\/#\/schema\/logo\/image\/\"},\"sameAs\":[\"https:\/\/www.facebook.com\/provansadekor\",\"https:\/\/www.instagram.com\/provansadekor\/\"]}]}<\/script>\n<!-- \/ Yoast SEO Premium plugin. -->","yoast_head_json":{"title":"51 A Rose in a Box | Flower Delivery Belgrade 24\/7 | Provence Decor","description":"For moments of tenderness and eternity in love. Magnificent 51 roses in a heart-shaped box. Online flower shop is here for you, as well as home delivery of flowers.","robots":{"index":"index","follow":"follow","max-snippet":"max-snippet:-1","max-image-preview":"max-image-preview:large","max-video-preview":"max-video-preview:-1"},"canonical":"https:\/\/provansadekor.rs\/en\/proizvod\/magnificent-heart-of-roses\/","og_locale":"en_US","og_type":"article","og_title":"Veli\u010danstveno srce od ru\u017ea","og_description":"Za trenutke ne\u017enosti i ve\u010dnost u ljubavi. Veli\u010danstvena 51 ru\u017ea u kutiji u obliku srca. Online cve\u0107ara je tu za vas, kao i dostava cve\u0107a na ku\u0107nu adresu.","og_url":"https:\/\/provansadekor.rs\/en\/proizvod\/magnificent-heart-of-roses\/","og_site_name":"Provansa Dekor","article_publisher":"https:\/\/www.facebook.com\/provansadekor","article_modified_time":"2026-03-18T15:17:18+00:00","og_image":[{"width":900,"height":900,"url":"https:\/\/provansadekor.rs\/wp-content\/uploads\/2023\/03\/2-5.jpg","type":"image\/jpeg"}],"twitter_card":"summary_large_image","twitter_misc":{"Est. reading time":"1 minute"},"schema":{"@context":"https:\/\/schema.org","@graph":[{"@type":["WebPage","ItemPage"],"@id":"https:\/\/provansadekor.rs\/proizvod\/velicanstveno-srce-od-ruza\/","url":"https:\/\/provansadekor.rs\/proizvod\/velicanstveno-srce-od-ruza\/","name":"51 A Rose in a Box | Flower Delivery Belgrade 24\/7 | Provence Decor","isPartOf":{"@id":"https:\/\/provansadekor.rs\/#website"},"primaryImageOfPage":{"@id":"https:\/\/provansadekor.rs\/proizvod\/velicanstveno-srce-od-ruza\/#primaryimage"},"image":{"@id":"https:\/\/provansadekor.rs\/proizvod\/velicanstveno-srce-od-ruza\/#primaryimage"},"thumbnailUrl":"https:\/\/provansadekor.rs\/wp-content\/uploads\/2023\/03\/2-5.jpg","datePublished":"2022-01-28T23:26:16+00:00","dateModified":"2026-03-18T15:17:18+00:00","description":"For moments of tenderness and eternity in love. Magnificent 51 roses in a heart-shaped box. Online flower shop is here for you, as well as home delivery of flowers.","breadcrumb":{"@id":"https:\/\/provansadekor.rs\/proizvod\/velicanstveno-srce-od-ruza\/#breadcrumb"},"inLanguage":"en-US","potentialAction":[{"@type":"ReadAction","target":["https:\/\/provansadekor.rs\/proizvod\/velicanstveno-srce-od-ruza\/"]}]},{"@type":"ImageObject","inLanguage":"en-US","@id":"https:\/\/provansadekor.rs\/proizvod\/velicanstveno-srce-od-ruza\/#primaryimage","url":"https:\/\/provansadekor.rs\/wp-content\/uploads\/2023\/03\/2-5.jpg","contentUrl":"https:\/\/provansadekor.rs\/wp-content\/uploads\/2023\/03\/2-5.jpg","width":900,"height":900,"caption":"51 ruza - dostava cveca - provansa dekor"},{"@type":"BreadcrumbList","@id":"https:\/\/provansadekor.rs\/proizvod\/velicanstveno-srce-od-ruza\/#breadcrumb","itemListElement":[{"@type":"ListItem","position":1,"name":"\u041f\u043e\u0447\u0435\u0442\u043d\u0430","item":"https:\/\/provansadekor.rs\/"},{"@type":"ListItem","position":2,"name":"\u041f\u0440\u043e\u0438\u0437\u0432\u043e\u0434\u0438","item":"https:\/\/provansadekor.rs\/shop\/"},{"@type":"ListItem","position":3,"name":"Veli\u010danstveno srce od ru\u017ea"}]},{"@type":"WebSite","@id":"https:\/\/provansadekor.rs\/#website","url":"https:\/\/provansadekor.rs\/","name":"Provence Decor","description":"Flower delivery Belgrade - Event organization and decoration - Landscaping","publisher":{"@id":"https:\/\/provansadekor.rs\/#organization"},"potentialAction":[{"@type":"SearchAction","target":{"@type":"EntryPoint","urlTemplate":"https:\/\/provansadekor.rs\/?s={search_term_string}"},"query-input":{"@type":"PropertyValueSpecification","valueRequired":true,"valueName":"search_term_string"}}],"inLanguage":"en-US"},{"@type":"Organization","@id":"https:\/\/provansadekor.rs\/#organization","name":"Provence Decor Flower Shop Belgrade","url":"https:\/\/provansadekor.rs\/","logo":{"@type":"ImageObject","inLanguage":"en-US","@id":"https:\/\/provansadekor.rs\/#\/schema\/logo\/image\/","url":"https:\/\/provansadekor.rs\/wp-content\/uploads\/2022\/03\/logo-provansa.jpg","contentUrl":"https:\/\/provansadekor.rs\/wp-content\/uploads\/2022\/03\/logo-provansa.jpg","width":200,"height":200,"caption":"Provansa Dekor Cve\u0107ara Beograd"},"image":{"@id":"https:\/\/provansadekor.rs\/#\/schema\/logo\/image\/"},"sameAs":["https:\/\/www.facebook.com\/provansadekor","https:\/\/www.instagram.com\/provansadekor\/"]}]}},"_links":{"self":[{"href":"https:\/\/provansadekor.rs\/en\/wp-json\/wp\/v2\/product\/35677","targetHints":{"allow":["GET"]}}],"collection":[{"href":"https:\/\/provansadekor.rs\/en\/wp-json\/wp\/v2\/product"}],"about":[{"href":"https:\/\/provansadekor.rs\/en\/wp-json\/wp\/v2\/types\/product"}],"version-history":[{"count":6,"href":"https:\/\/provansadekor.rs\/en\/wp-json\/wp\/v2\/product\/35677\/revisions"}],"predecessor-version":[{"id":70410,"href":"https:\/\/provansadekor.rs\/en\/wp-json\/wp\/v2\/product\/35677\/revisions\/70410"}],"wp:featuredmedia":[{"embeddable":true,"href":"https:\/\/provansadekor.rs\/en\/wp-json\/wp\/v2\/media\/71259"}],"wp:attachment":[{"href":"https:\/\/provansadekor.rs\/en\/wp-json\/wp\/v2\/media?parent=35677"}],"wp:term":[{"taxonomy":"product_brand","embeddable":true,"href":"https:\/\/provansadekor.rs\/en\/wp-json\/wp\/v2\/product_brand?post=35677"},{"taxonomy":"product_cat","embeddable":true,"href":"https:\/\/provansadekor.rs\/en\/wp-json\/wp\/v2\/product_cat?post=35677"},{"taxonomy":"product_tag","embeddable":true,"href":"https:\/\/provansadekor.rs\/en\/wp-json\/wp\/v2\/product_tag?post=35677"}],"curies":[{"name":"wp","href":"https:\/\/api.w.org\/{rel}","templated":true}]}}