{"id":3431,"date":"2019-06-09T13:53:50","date_gmt":"2019-06-09T13:53:50","guid":{"rendered":"http:\/\/provansadekor.rs\/?post_type=product&#038;p=3431"},"modified":"2026-03-07T16:05:37","modified_gmt":"2026-03-07T15:05:37","slug":"nezno-roze-cvetni-aranzman-u-box-u-sa-roze-vinom","status":"publish","type":"product","link":"https:\/\/provansadekor.rs\/en\/proizvod\/soft-pink-flower-arrangement-in-a-box-with-pink-wine\/","title":{"rendered":"Soft pink flower arrangement in a box with pink wine"},"content":{"rendered":"<p>Kinds of <strong>flowers in an arrangement<\/strong>: pink <strong>a rose<\/strong>, white orchid, white lisianthus, pink carnation, chrysanthemum yoko ono.<\/p>\n<p>Accompanying decoration: pink plush box, decorative twigs, sparkling wine, bow made of pink satin ribbon.<\/p>\n<p class=\"p1\"><span class=\"s1\">Gentle combination<strong> a rose<\/strong> and lisianthus in pink color with white lisianthus and orchids in a pink box with a drink.<\/span><\/p>\n<p class=\"p1\"><span class=\"s1\">Let this combination of pink make someone&#039;s world pink.<\/span><\/p>\n<p>Product declaration, country of origin and manufacturer are available on the label of the product itself.<\/p>\n<h2><strong>Flower arrangement in a basket<\/strong><\/h2>","protected":false},"excerpt":{"rendered":"<p>Vrste cve\u0107a u aran\u017emanu: roze ru\u017ea, bela orhideja, beli lizijantus, roze karanfil, hrizantema yoko ono. Prate\u0107a dekoracija: roze pli\u0161ani box, dekorativne gran\u010dice, penu\u0161avo vino, ma\u0161na od roze satenske trake. Ne\u017ena kombinacija ru\u017ea i lizijantusa u roze boji sa belim lizijantusima i orhidejama u roze box-u sa pi\u0107em. Neka ovakva kombinacija ru\u017ei\u010daste u\u010dini nekome svet ru\u017ei\u010dastim. [&hellip;]<\/p>","protected":false},"featured_media":72633,"template":"","meta":[],"product_brand":[],"product_cat":[320,116],"product_tag":[],"class_list":{"0":"post-3431","1":"product","2":"type-product","3":"status-publish","4":"has-post-thumbnail","6":"product_cat-8-mart","7":"product_cat-cvetni-aranzmani","9":"first","10":"instock","11":"shipping-taxable","12":"purchasable","13":"product-type-simple"},"yoast_head":"<!-- This site is optimized with the Yoast SEO Premium plugin v20.9 (Yoast SEO v26.5) - https:\/\/yoast.com\/wordpress\/plugins\/seo\/ -->\n<title>Ne\u017eno roze cvetni aran\u017eman u box-u sa roze vinom &#8211; Provansa Dekor<\/title>\n<meta name=\"description\" content=\"Vrste cve\u0107a u aran\u017emanu: roze ru\u017ea, bela orhideja, beli lizijantus, roze karanfil, hrizantema yoko ono. Cvetni aran\u017eman u korpi\" \/>\n<meta name=\"robots\" content=\"index, follow, max-snippet:-1, max-image-preview:large, max-video-preview:-1\" \/>\n<link rel=\"canonical\" href=\"https:\/\/provansadekor.rs\/en\/proizvod\/soft-pink-flower-arrangement-in-a-box-with-pink-wine\/\" \/>\n<meta property=\"og:locale\" content=\"en_US\" \/>\n<meta property=\"og:type\" content=\"article\" \/>\n<meta property=\"og:title\" content=\"Ne\u017eno roze cvetni aran\u017eman u box-u sa roze vinom\" \/>\n<meta property=\"og:description\" content=\"Vrste cve\u0107a u aran\u017emanu: roze ru\u017ea, bela orhideja, beli lizijantus, roze karanfil, hrizantema yoko ono. Cvetni aran\u017eman u korpi\" \/>\n<meta property=\"og:url\" content=\"https:\/\/provansadekor.rs\/en\/proizvod\/soft-pink-flower-arrangement-in-a-box-with-pink-wine\/\" \/>\n<meta property=\"og:site_name\" content=\"Provansa Dekor\" \/>\n<meta property=\"article:publisher\" content=\"https:\/\/www.facebook.com\/provansadekor\" \/>\n<meta property=\"article:modified_time\" content=\"2026-03-07T15:05:37+00:00\" \/>\n<meta property=\"og:image\" content=\"https:\/\/provansadekor.rs\/wp-content\/uploads\/2023\/06\/4.jpg\" \/>\n\t<meta property=\"og:image:width\" content=\"900\" \/>\n\t<meta property=\"og:image:height\" content=\"900\" \/>\n\t<meta property=\"og:image:type\" content=\"image\/jpeg\" \/>\n<meta name=\"twitter:card\" content=\"summary_large_image\" \/>\n<meta name=\"twitter:label1\" content=\"Est. reading time\" \/>\n\t<meta name=\"twitter:data1\" content=\"1 minute\" \/>\n<script type=\"application\/ld+json\" class=\"yoast-schema-graph\">{\"@context\":\"https:\/\/schema.org\",\"@graph\":[{\"@type\":[\"WebPage\",\"ItemPage\"],\"@id\":\"https:\/\/provansadekor.rs\/proizvod\/nezno-roze-cvetni-aranzman-u-box-u-sa-roze-vinom\/\",\"url\":\"https:\/\/provansadekor.rs\/proizvod\/nezno-roze-cvetni-aranzman-u-box-u-sa-roze-vinom\/\",\"name\":\"Ne\u017eno roze cvetni aran\u017eman u box-u sa roze vinom &#8211; Provansa Dekor\",\"isPartOf\":{\"@id\":\"https:\/\/provansadekor.rs\/#website\"},\"primaryImageOfPage\":{\"@id\":\"https:\/\/provansadekor.rs\/proizvod\/nezno-roze-cvetni-aranzman-u-box-u-sa-roze-vinom\/#primaryimage\"},\"image\":{\"@id\":\"https:\/\/provansadekor.rs\/proizvod\/nezno-roze-cvetni-aranzman-u-box-u-sa-roze-vinom\/#primaryimage\"},\"thumbnailUrl\":\"https:\/\/provansadekor.rs\/wp-content\/uploads\/2023\/06\/4.jpg\",\"datePublished\":\"2019-06-09T13:53:50+00:00\",\"dateModified\":\"2026-03-07T15:05:37+00:00\",\"description\":\"Vrste cve\u0107a u aran\u017emanu: roze ru\u017ea, bela orhideja, beli lizijantus, roze karanfil, hrizantema yoko ono. Cvetni aran\u017eman u korpi\",\"breadcrumb\":{\"@id\":\"https:\/\/provansadekor.rs\/proizvod\/nezno-roze-cvetni-aranzman-u-box-u-sa-roze-vinom\/#breadcrumb\"},\"inLanguage\":\"en-US\",\"potentialAction\":[{\"@type\":\"ReadAction\",\"target\":[\"https:\/\/provansadekor.rs\/proizvod\/nezno-roze-cvetni-aranzman-u-box-u-sa-roze-vinom\/\"]}]},{\"@type\":\"ImageObject\",\"inLanguage\":\"en-US\",\"@id\":\"https:\/\/provansadekor.rs\/proizvod\/nezno-roze-cvetni-aranzman-u-box-u-sa-roze-vinom\/#primaryimage\",\"url\":\"https:\/\/provansadekor.rs\/wp-content\/uploads\/2023\/06\/4.jpg\",\"contentUrl\":\"https:\/\/provansadekor.rs\/wp-content\/uploads\/2023\/06\/4.jpg\",\"width\":900,\"height\":900},{\"@type\":\"BreadcrumbList\",\"@id\":\"https:\/\/provansadekor.rs\/proizvod\/nezno-roze-cvetni-aranzman-u-box-u-sa-roze-vinom\/#breadcrumb\",\"itemListElement\":[{\"@type\":\"ListItem\",\"position\":1,\"name\":\"\u041f\u043e\u0447\u0435\u0442\u043d\u0430\",\"item\":\"https:\/\/provansadekor.rs\/\"},{\"@type\":\"ListItem\",\"position\":2,\"name\":\"\u041f\u0440\u043e\u0438\u0437\u0432\u043e\u0434\u0438\",\"item\":\"https:\/\/provansadekor.rs\/shop\/\"},{\"@type\":\"ListItem\",\"position\":3,\"name\":\"Ne\u017eno roze cvetni aran\u017eman u box-u sa roze vinom\"}]},{\"@type\":\"WebSite\",\"@id\":\"https:\/\/provansadekor.rs\/#website\",\"url\":\"https:\/\/provansadekor.rs\/\",\"name\":\"Provansa Dekor\",\"description\":\"Dostava cve\u0107a Beograd - Organizacija i Dekoracija doga\u0111aja - Ure\u0111enje zelenih povr\u0161ina\",\"publisher\":{\"@id\":\"https:\/\/provansadekor.rs\/#organization\"},\"potentialAction\":[{\"@type\":\"SearchAction\",\"target\":{\"@type\":\"EntryPoint\",\"urlTemplate\":\"https:\/\/provansadekor.rs\/?s={search_term_string}\"},\"query-input\":{\"@type\":\"PropertyValueSpecification\",\"valueRequired\":true,\"valueName\":\"search_term_string\"}}],\"inLanguage\":\"en-US\"},{\"@type\":\"Organization\",\"@id\":\"https:\/\/provansadekor.rs\/#organization\",\"name\":\"Provansa Dekor Cve\u0107ara Beograd\",\"url\":\"https:\/\/provansadekor.rs\/\",\"logo\":{\"@type\":\"ImageObject\",\"inLanguage\":\"en-US\",\"@id\":\"https:\/\/provansadekor.rs\/#\/schema\/logo\/image\/\",\"url\":\"https:\/\/provansadekor.rs\/wp-content\/uploads\/2022\/03\/logo-provansa.jpg\",\"contentUrl\":\"https:\/\/provansadekor.rs\/wp-content\/uploads\/2022\/03\/logo-provansa.jpg\",\"width\":200,\"height\":200,\"caption\":\"Provansa Dekor Cve\u0107ara Beograd\"},\"image\":{\"@id\":\"https:\/\/provansadekor.rs\/#\/schema\/logo\/image\/\"},\"sameAs\":[\"https:\/\/www.facebook.com\/provansadekor\",\"https:\/\/www.instagram.com\/provansadekor\/\"]}]}<\/script>\n<!-- \/ Yoast SEO Premium plugin. -->","yoast_head_json":{"title":"Soft pink flower arrangement in a box with pink wine - Provence Decor","description":"Types of flowers in the arrangement: pink rose, white orchid, white lisianthus, pink carnation, yoko ono chrysanthemum. Flower arrangement in a basket","robots":{"index":"index","follow":"follow","max-snippet":"max-snippet:-1","max-image-preview":"max-image-preview:large","max-video-preview":"max-video-preview:-1"},"canonical":"https:\/\/provansadekor.rs\/en\/proizvod\/soft-pink-flower-arrangement-in-a-box-with-pink-wine\/","og_locale":"en_US","og_type":"article","og_title":"Ne\u017eno roze cvetni aran\u017eman u box-u sa roze vinom","og_description":"Vrste cve\u0107a u aran\u017emanu: roze ru\u017ea, bela orhideja, beli lizijantus, roze karanfil, hrizantema yoko ono. Cvetni aran\u017eman u korpi","og_url":"https:\/\/provansadekor.rs\/en\/proizvod\/soft-pink-flower-arrangement-in-a-box-with-pink-wine\/","og_site_name":"Provansa Dekor","article_publisher":"https:\/\/www.facebook.com\/provansadekor","article_modified_time":"2026-03-07T15:05:37+00:00","og_image":[{"width":900,"height":900,"url":"https:\/\/provansadekor.rs\/wp-content\/uploads\/2023\/06\/4.jpg","type":"image\/jpeg"}],"twitter_card":"summary_large_image","twitter_misc":{"Est. reading time":"1 minute"},"schema":{"@context":"https:\/\/schema.org","@graph":[{"@type":["WebPage","ItemPage"],"@id":"https:\/\/provansadekor.rs\/proizvod\/nezno-roze-cvetni-aranzman-u-box-u-sa-roze-vinom\/","url":"https:\/\/provansadekor.rs\/proizvod\/nezno-roze-cvetni-aranzman-u-box-u-sa-roze-vinom\/","name":"Soft pink flower arrangement in a box with pink wine - Provence Decor","isPartOf":{"@id":"https:\/\/provansadekor.rs\/#website"},"primaryImageOfPage":{"@id":"https:\/\/provansadekor.rs\/proizvod\/nezno-roze-cvetni-aranzman-u-box-u-sa-roze-vinom\/#primaryimage"},"image":{"@id":"https:\/\/provansadekor.rs\/proizvod\/nezno-roze-cvetni-aranzman-u-box-u-sa-roze-vinom\/#primaryimage"},"thumbnailUrl":"https:\/\/provansadekor.rs\/wp-content\/uploads\/2023\/06\/4.jpg","datePublished":"2019-06-09T13:53:50+00:00","dateModified":"2026-03-07T15:05:37+00:00","description":"Types of flowers in the arrangement: pink rose, white orchid, white lisianthus, pink carnation, yoko ono chrysanthemum. Flower arrangement in a basket","breadcrumb":{"@id":"https:\/\/provansadekor.rs\/proizvod\/nezno-roze-cvetni-aranzman-u-box-u-sa-roze-vinom\/#breadcrumb"},"inLanguage":"en-US","potentialAction":[{"@type":"ReadAction","target":["https:\/\/provansadekor.rs\/proizvod\/nezno-roze-cvetni-aranzman-u-box-u-sa-roze-vinom\/"]}]},{"@type":"ImageObject","inLanguage":"en-US","@id":"https:\/\/provansadekor.rs\/proizvod\/nezno-roze-cvetni-aranzman-u-box-u-sa-roze-vinom\/#primaryimage","url":"https:\/\/provansadekor.rs\/wp-content\/uploads\/2023\/06\/4.jpg","contentUrl":"https:\/\/provansadekor.rs\/wp-content\/uploads\/2023\/06\/4.jpg","width":900,"height":900},{"@type":"BreadcrumbList","@id":"https:\/\/provansadekor.rs\/proizvod\/nezno-roze-cvetni-aranzman-u-box-u-sa-roze-vinom\/#breadcrumb","itemListElement":[{"@type":"ListItem","position":1,"name":"\u041f\u043e\u0447\u0435\u0442\u043d\u0430","item":"https:\/\/provansadekor.rs\/"},{"@type":"ListItem","position":2,"name":"\u041f\u0440\u043e\u0438\u0437\u0432\u043e\u0434\u0438","item":"https:\/\/provansadekor.rs\/shop\/"},{"@type":"ListItem","position":3,"name":"Ne\u017eno roze cvetni aran\u017eman u box-u sa roze vinom"}]},{"@type":"WebSite","@id":"https:\/\/provansadekor.rs\/#website","url":"https:\/\/provansadekor.rs\/","name":"Provence Decor","description":"Flower delivery Belgrade - Event organization and decoration - Landscaping","publisher":{"@id":"https:\/\/provansadekor.rs\/#organization"},"potentialAction":[{"@type":"SearchAction","target":{"@type":"EntryPoint","urlTemplate":"https:\/\/provansadekor.rs\/?s={search_term_string}"},"query-input":{"@type":"PropertyValueSpecification","valueRequired":true,"valueName":"search_term_string"}}],"inLanguage":"en-US"},{"@type":"Organization","@id":"https:\/\/provansadekor.rs\/#organization","name":"Provence Decor Flower Shop Belgrade","url":"https:\/\/provansadekor.rs\/","logo":{"@type":"ImageObject","inLanguage":"en-US","@id":"https:\/\/provansadekor.rs\/#\/schema\/logo\/image\/","url":"https:\/\/provansadekor.rs\/wp-content\/uploads\/2022\/03\/logo-provansa.jpg","contentUrl":"https:\/\/provansadekor.rs\/wp-content\/uploads\/2022\/03\/logo-provansa.jpg","width":200,"height":200,"caption":"Provansa Dekor Cve\u0107ara Beograd"},"image":{"@id":"https:\/\/provansadekor.rs\/#\/schema\/logo\/image\/"},"sameAs":["https:\/\/www.facebook.com\/provansadekor","https:\/\/www.instagram.com\/provansadekor\/"]}]}},"_links":{"self":[{"href":"https:\/\/provansadekor.rs\/en\/wp-json\/wp\/v2\/product\/3431","targetHints":{"allow":["GET"]}}],"collection":[{"href":"https:\/\/provansadekor.rs\/en\/wp-json\/wp\/v2\/product"}],"about":[{"href":"https:\/\/provansadekor.rs\/en\/wp-json\/wp\/v2\/types\/product"}],"version-history":[{"count":6,"href":"https:\/\/provansadekor.rs\/en\/wp-json\/wp\/v2\/product\/3431\/revisions"}],"predecessor-version":[{"id":77175,"href":"https:\/\/provansadekor.rs\/en\/wp-json\/wp\/v2\/product\/3431\/revisions\/77175"}],"wp:featuredmedia":[{"embeddable":true,"href":"https:\/\/provansadekor.rs\/en\/wp-json\/wp\/v2\/media\/72633"}],"wp:attachment":[{"href":"https:\/\/provansadekor.rs\/en\/wp-json\/wp\/v2\/media?parent=3431"}],"wp:term":[{"taxonomy":"product_brand","embeddable":true,"href":"https:\/\/provansadekor.rs\/en\/wp-json\/wp\/v2\/product_brand?post=3431"},{"taxonomy":"product_cat","embeddable":true,"href":"https:\/\/provansadekor.rs\/en\/wp-json\/wp\/v2\/product_cat?post=3431"},{"taxonomy":"product_tag","embeddable":true,"href":"https:\/\/provansadekor.rs\/en\/wp-json\/wp\/v2\/product_tag?post=3431"}],"curies":[{"name":"wp","href":"https:\/\/api.w.org\/{rel}","templated":true}]}}