{"id":3422,"date":"2022-02-09T13:29:52","date_gmt":"2022-02-09T12:29:52","guid":{"rendered":"http:\/\/provansadekor.rs\/?post_type=product&#038;p=3422"},"modified":"2026-03-13T11:34:00","modified_gmt":"2026-03-13T10:34:00","slug":"mini-aranzman-u-neznim-roze-tonovima","status":"publish","type":"product","link":"https:\/\/provansadekor.rs\/en\/proizvod\/mini-arrangement\/","title":{"rendered":"Mini arrangement in soft pink tones"},"content":{"rendered":"<p><em>Types of flowers in <strong>arrangement:<\/strong><\/em> Pink lisianthus, pink carnation, eucalyptus<\/p>\n<p><em>Accompanying <strong>decoration:<\/strong><\/em> bowl, pink satin ribbon bow<\/p>\n<p><strong>Pink arrangement<\/strong> with lisianthus, pink carnation and eucalyptus is a great cut flower creation as a delicate detail for all occasions. Order this one <strong>mini arrangement<\/strong>\u00a0 as a token of appreciation to your aunt or grandmother for a visit, Sunday lunch or celebration. To your daughter or sister for her birthday, performance or event. Choose this one <strong>flower arrangement<\/strong> when you want to make a moment special.<\/p>\n<h2><strong>Flower delivery in Belgrade<\/strong><\/h2>","protected":false},"excerpt":{"rendered":"<p>Types of flowers in the arrangement: Pink lisianthus, pink carnation, eucalyptus Accompanying decoration: bowl, pink satin ribbon bow The pink arrangement with lisianthus, pink carnation and eucalyptus is an excellent creation of cut flowers as a delicate detail for all occasions. Order this mini arrangement as a token of appreciation to your aunt or grandmother for a visit, Sunday lunch or celebration. Your [\u2026]<\/p>","protected":false},"featured_media":49216,"template":"","meta":[],"product_brand":[],"product_cat":[169,146],"product_tag":[],"class_list":{"0":"post-3422","1":"product","2":"type-product","3":"status-publish","4":"has-post-thumbnail","6":"product_cat-dan-zaljubljenih","7":"product_cat-cvece-u-kutiji","9":"first","10":"instock","11":"featured","12":"shipping-taxable","13":"purchasable","14":"product-type-simple"},"yoast_head":"<!-- This site is optimized with the Yoast SEO Premium plugin v20.9 (Yoast SEO v26.5) - https:\/\/yoast.com\/wordpress\/plugins\/seo\/ -->\n<title>Mini aran\u017eman u ne\u017enim roze tonovima<\/title>\n<meta name=\"description\" content=\"Roze aran\u017eman sa lizijantusom, roze karanfilom i eukaliptusom je odli\u010dna kreacija od rezanog cve\u0107a kao ne\u017eni detalj za sve prilike. Dostava cve\u0107a u Beogradu\" \/>\n<meta name=\"robots\" content=\"index, follow, max-snippet:-1, max-image-preview:large, max-video-preview:-1\" \/>\n<link rel=\"canonical\" href=\"https:\/\/provansadekor.rs\/en\/proizvod\/mini-arrangement\/\" \/>\n<meta property=\"og:locale\" content=\"en_US\" \/>\n<meta property=\"og:type\" content=\"article\" \/>\n<meta property=\"og:title\" content=\"Mini aran\u017eman u ne\u017enim roze tonovima\" \/>\n<meta property=\"og:description\" content=\"Roze aran\u017eman sa lizijantusom, roze karanfilom i eukaliptusom je odli\u010dna kreacija od rezanog cve\u0107a kao ne\u017eni detalj za sve prilike. Dostava cve\u0107a u Beogradu\" \/>\n<meta property=\"og:url\" content=\"https:\/\/provansadekor.rs\/en\/proizvod\/mini-arrangement\/\" \/>\n<meta property=\"og:site_name\" content=\"Provansa Dekor\" \/>\n<meta property=\"article:publisher\" content=\"https:\/\/www.facebook.com\/provansadekor\" \/>\n<meta property=\"article:modified_time\" content=\"2026-03-13T10:34:00+00:00\" \/>\n<meta property=\"og:image\" content=\"https:\/\/provansadekor.rs\/wp-content\/uploads\/2019\/06\/SAS-0334-scaled-1.jpg\" \/>\n\t<meta property=\"og:image:width\" content=\"900\" \/>\n\t<meta property=\"og:image:height\" content=\"900\" \/>\n\t<meta property=\"og:image:type\" content=\"image\/jpeg\" \/>\n<meta name=\"twitter:card\" content=\"summary_large_image\" \/>\n<meta name=\"twitter:label1\" content=\"Est. reading time\" \/>\n\t<meta name=\"twitter:data1\" content=\"1 minute\" \/>\n<script type=\"application\/ld+json\" class=\"yoast-schema-graph\">{\"@context\":\"https:\/\/schema.org\",\"@graph\":[{\"@type\":[\"WebPage\",\"ItemPage\"],\"@id\":\"https:\/\/provansadekor.rs\/proizvod\/mini-aranzman-u-neznim-roze-tonovima\/\",\"url\":\"https:\/\/provansadekor.rs\/proizvod\/mini-aranzman-u-neznim-roze-tonovima\/\",\"name\":\"Mini aran\u017eman u ne\u017enim roze tonovima\",\"isPartOf\":{\"@id\":\"https:\/\/provansadekor.rs\/#website\"},\"primaryImageOfPage\":{\"@id\":\"https:\/\/provansadekor.rs\/proizvod\/mini-aranzman-u-neznim-roze-tonovima\/#primaryimage\"},\"image\":{\"@id\":\"https:\/\/provansadekor.rs\/proizvod\/mini-aranzman-u-neznim-roze-tonovima\/#primaryimage\"},\"thumbnailUrl\":\"https:\/\/provansadekor.rs\/wp-content\/uploads\/2019\/06\/SAS-0334-scaled-1.jpg\",\"datePublished\":\"2022-02-09T12:29:52+00:00\",\"dateModified\":\"2026-03-13T10:34:00+00:00\",\"description\":\"Roze aran\u017eman sa lizijantusom, roze karanfilom i eukaliptusom je odli\u010dna kreacija od rezanog cve\u0107a kao ne\u017eni detalj za sve prilike. Dostava cve\u0107a u Beogradu\",\"breadcrumb\":{\"@id\":\"https:\/\/provansadekor.rs\/proizvod\/mini-aranzman-u-neznim-roze-tonovima\/#breadcrumb\"},\"inLanguage\":\"en-US\",\"potentialAction\":[{\"@type\":\"ReadAction\",\"target\":[\"https:\/\/provansadekor.rs\/proizvod\/mini-aranzman-u-neznim-roze-tonovima\/\"]}]},{\"@type\":\"ImageObject\",\"inLanguage\":\"en-US\",\"@id\":\"https:\/\/provansadekor.rs\/proizvod\/mini-aranzman-u-neznim-roze-tonovima\/#primaryimage\",\"url\":\"https:\/\/provansadekor.rs\/wp-content\/uploads\/2019\/06\/SAS-0334-scaled-1.jpg\",\"contentUrl\":\"https:\/\/provansadekor.rs\/wp-content\/uploads\/2019\/06\/SAS-0334-scaled-1.jpg\",\"width\":900,\"height\":900},{\"@type\":\"BreadcrumbList\",\"@id\":\"https:\/\/provansadekor.rs\/proizvod\/mini-aranzman-u-neznim-roze-tonovima\/#breadcrumb\",\"itemListElement\":[{\"@type\":\"ListItem\",\"position\":1,\"name\":\"\u041f\u043e\u0447\u0435\u0442\u043d\u0430\",\"item\":\"https:\/\/provansadekor.rs\/\"},{\"@type\":\"ListItem\",\"position\":2,\"name\":\"\u041f\u0440\u043e\u0438\u0437\u0432\u043e\u0434\u0438\",\"item\":\"https:\/\/provansadekor.rs\/shop\/\"},{\"@type\":\"ListItem\",\"position\":3,\"name\":\"Mini aran\u017eman u ne\u017enim roze tonovima\"}]},{\"@type\":\"WebSite\",\"@id\":\"https:\/\/provansadekor.rs\/#website\",\"url\":\"https:\/\/provansadekor.rs\/\",\"name\":\"Provansa Dekor\",\"description\":\"Dostava cve\u0107a Beograd - Organizacija i Dekoracija doga\u0111aja - Ure\u0111enje zelenih povr\u0161ina\",\"publisher\":{\"@id\":\"https:\/\/provansadekor.rs\/#organization\"},\"potentialAction\":[{\"@type\":\"SearchAction\",\"target\":{\"@type\":\"EntryPoint\",\"urlTemplate\":\"https:\/\/provansadekor.rs\/?s={search_term_string}\"},\"query-input\":{\"@type\":\"PropertyValueSpecification\",\"valueRequired\":true,\"valueName\":\"search_term_string\"}}],\"inLanguage\":\"en-US\"},{\"@type\":\"Organization\",\"@id\":\"https:\/\/provansadekor.rs\/#organization\",\"name\":\"Provansa Dekor Cve\u0107ara Beograd\",\"url\":\"https:\/\/provansadekor.rs\/\",\"logo\":{\"@type\":\"ImageObject\",\"inLanguage\":\"en-US\",\"@id\":\"https:\/\/provansadekor.rs\/#\/schema\/logo\/image\/\",\"url\":\"https:\/\/provansadekor.rs\/wp-content\/uploads\/2022\/03\/logo-provansa.jpg\",\"contentUrl\":\"https:\/\/provansadekor.rs\/wp-content\/uploads\/2022\/03\/logo-provansa.jpg\",\"width\":200,\"height\":200,\"caption\":\"Provansa Dekor Cve\u0107ara Beograd\"},\"image\":{\"@id\":\"https:\/\/provansadekor.rs\/#\/schema\/logo\/image\/\"},\"sameAs\":[\"https:\/\/www.facebook.com\/provansadekor\",\"https:\/\/www.instagram.com\/provansadekor\/\"]}]}<\/script>\n<!-- \/ Yoast SEO Premium plugin. -->","yoast_head_json":{"title":"Mini arrangement in soft pink tones","description":"A pink arrangement with lisianthus, pink carnation and eucalyptus is a great cut flower creation as a delicate detail for all occasions. Flower delivery in Belgrade","robots":{"index":"index","follow":"follow","max-snippet":"max-snippet:-1","max-image-preview":"max-image-preview:large","max-video-preview":"max-video-preview:-1"},"canonical":"https:\/\/provansadekor.rs\/en\/proizvod\/mini-arrangement\/","og_locale":"en_US","og_type":"article","og_title":"Mini aran\u017eman u ne\u017enim roze tonovima","og_description":"Roze aran\u017eman sa lizijantusom, roze karanfilom i eukaliptusom je odli\u010dna kreacija od rezanog cve\u0107a kao ne\u017eni detalj za sve prilike. Dostava cve\u0107a u Beogradu","og_url":"https:\/\/provansadekor.rs\/en\/proizvod\/mini-arrangement\/","og_site_name":"Provansa Dekor","article_publisher":"https:\/\/www.facebook.com\/provansadekor","article_modified_time":"2026-03-13T10:34:00+00:00","og_image":[{"width":900,"height":900,"url":"https:\/\/provansadekor.rs\/wp-content\/uploads\/2019\/06\/SAS-0334-scaled-1.jpg","type":"image\/jpeg"}],"twitter_card":"summary_large_image","twitter_misc":{"Est. reading time":"1 minute"},"schema":{"@context":"https:\/\/schema.org","@graph":[{"@type":["WebPage","ItemPage"],"@id":"https:\/\/provansadekor.rs\/proizvod\/mini-aranzman-u-neznim-roze-tonovima\/","url":"https:\/\/provansadekor.rs\/proizvod\/mini-aranzman-u-neznim-roze-tonovima\/","name":"Mini arrangement in soft pink tones","isPartOf":{"@id":"https:\/\/provansadekor.rs\/#website"},"primaryImageOfPage":{"@id":"https:\/\/provansadekor.rs\/proizvod\/mini-aranzman-u-neznim-roze-tonovima\/#primaryimage"},"image":{"@id":"https:\/\/provansadekor.rs\/proizvod\/mini-aranzman-u-neznim-roze-tonovima\/#primaryimage"},"thumbnailUrl":"https:\/\/provansadekor.rs\/wp-content\/uploads\/2019\/06\/SAS-0334-scaled-1.jpg","datePublished":"2022-02-09T12:29:52+00:00","dateModified":"2026-03-13T10:34:00+00:00","description":"A pink arrangement with lisianthus, pink carnation and eucalyptus is a great cut flower creation as a delicate detail for all occasions. Flower delivery in Belgrade","breadcrumb":{"@id":"https:\/\/provansadekor.rs\/proizvod\/mini-aranzman-u-neznim-roze-tonovima\/#breadcrumb"},"inLanguage":"en-US","potentialAction":[{"@type":"ReadAction","target":["https:\/\/provansadekor.rs\/proizvod\/mini-aranzman-u-neznim-roze-tonovima\/"]}]},{"@type":"ImageObject","inLanguage":"en-US","@id":"https:\/\/provansadekor.rs\/proizvod\/mini-aranzman-u-neznim-roze-tonovima\/#primaryimage","url":"https:\/\/provansadekor.rs\/wp-content\/uploads\/2019\/06\/SAS-0334-scaled-1.jpg","contentUrl":"https:\/\/provansadekor.rs\/wp-content\/uploads\/2019\/06\/SAS-0334-scaled-1.jpg","width":900,"height":900},{"@type":"BreadcrumbList","@id":"https:\/\/provansadekor.rs\/proizvod\/mini-aranzman-u-neznim-roze-tonovima\/#breadcrumb","itemListElement":[{"@type":"ListItem","position":1,"name":"\u041f\u043e\u0447\u0435\u0442\u043d\u0430","item":"https:\/\/provansadekor.rs\/"},{"@type":"ListItem","position":2,"name":"\u041f\u0440\u043e\u0438\u0437\u0432\u043e\u0434\u0438","item":"https:\/\/provansadekor.rs\/shop\/"},{"@type":"ListItem","position":3,"name":"Mini aran\u017eman u ne\u017enim roze tonovima"}]},{"@type":"WebSite","@id":"https:\/\/provansadekor.rs\/#website","url":"https:\/\/provansadekor.rs\/","name":"Provence Decor","description":"Flower delivery Belgrade - Event organization and decoration - Landscaping","publisher":{"@id":"https:\/\/provansadekor.rs\/#organization"},"potentialAction":[{"@type":"SearchAction","target":{"@type":"EntryPoint","urlTemplate":"https:\/\/provansadekor.rs\/?s={search_term_string}"},"query-input":{"@type":"PropertyValueSpecification","valueRequired":true,"valueName":"search_term_string"}}],"inLanguage":"en-US"},{"@type":"Organization","@id":"https:\/\/provansadekor.rs\/#organization","name":"Provence Decor Flower Shop Belgrade","url":"https:\/\/provansadekor.rs\/","logo":{"@type":"ImageObject","inLanguage":"en-US","@id":"https:\/\/provansadekor.rs\/#\/schema\/logo\/image\/","url":"https:\/\/provansadekor.rs\/wp-content\/uploads\/2022\/03\/logo-provansa.jpg","contentUrl":"https:\/\/provansadekor.rs\/wp-content\/uploads\/2022\/03\/logo-provansa.jpg","width":200,"height":200,"caption":"Provansa Dekor Cve\u0107ara Beograd"},"image":{"@id":"https:\/\/provansadekor.rs\/#\/schema\/logo\/image\/"},"sameAs":["https:\/\/www.facebook.com\/provansadekor","https:\/\/www.instagram.com\/provansadekor\/"]}]}},"_links":{"self":[{"href":"https:\/\/provansadekor.rs\/en\/wp-json\/wp\/v2\/product\/3422","targetHints":{"allow":["GET"]}}],"collection":[{"href":"https:\/\/provansadekor.rs\/en\/wp-json\/wp\/v2\/product"}],"about":[{"href":"https:\/\/provansadekor.rs\/en\/wp-json\/wp\/v2\/types\/product"}],"version-history":[{"count":10,"href":"https:\/\/provansadekor.rs\/en\/wp-json\/wp\/v2\/product\/3422\/revisions"}],"predecessor-version":[{"id":78020,"href":"https:\/\/provansadekor.rs\/en\/wp-json\/wp\/v2\/product\/3422\/revisions\/78020"}],"wp:featuredmedia":[{"embeddable":true,"href":"https:\/\/provansadekor.rs\/en\/wp-json\/wp\/v2\/media\/49216"}],"wp:attachment":[{"href":"https:\/\/provansadekor.rs\/en\/wp-json\/wp\/v2\/media?parent=3422"}],"wp:term":[{"taxonomy":"product_brand","embeddable":true,"href":"https:\/\/provansadekor.rs\/en\/wp-json\/wp\/v2\/product_brand?post=3422"},{"taxonomy":"product_cat","embeddable":true,"href":"https:\/\/provansadekor.rs\/en\/wp-json\/wp\/v2\/product_cat?post=3422"},{"taxonomy":"product_tag","embeddable":true,"href":"https:\/\/provansadekor.rs\/en\/wp-json\/wp\/v2\/product_tag?post=3422"}],"curies":[{"name":"wp","href":"https:\/\/api.w.org\/{rel}","templated":true}]}}