{"id":3414,"date":"2019-06-09T13:08:15","date_gmt":"2019-06-09T13:08:15","guid":{"rendered":"http:\/\/provansadekor.rs\/?post_type=product&#038;p=3414"},"modified":"2026-03-07T16:05:40","modified_gmt":"2026-03-07T15:05:40","slug":"barsunasti-dodir-u-buketu","status":"publish","type":"product","link":"https:\/\/provansadekor.rs\/en\/proizvod\/velvety-touch-in-the-bouquet\/","title":{"rendered":"A velvety touch in the bouquet"},"content":{"rendered":"<p>Kinds of<strong> flowers in a bouquet:<\/strong> pink lily, pink rose, pink alstroemeria, mini white chrysanthemum, mini pink chrysanthemum, yoko ono chrysanthemum, limonium, dried flowers, aspidistra.<\/p>\n<p>Accompanying decoration<strong>:<\/strong> pink paper combined with paper with cut-out flowers of the same shade, burgundy satin ribbon bow, pink lace ribbon bow.<\/p>\n<p>A velvety tangle of fragrant pink lily with a carefully selected combination of fresh cut i <strong>dry flowers<\/strong> in soft pink and white shades. Place order <strong>this bouquet<\/strong> like <strong>the perfect gift<\/strong> or a sign of attention to a person who reflects on you the tenderness of the touch of velvet.<\/p>\n<h2 style=\"text-align: center;\"><strong>Bouquet of Flowers, Delivery of Flowers Belgrade\u00a0<\/strong><\/h2>","protected":false},"excerpt":{"rendered":"<p>Vrste cve\u0107a u buketu: roze ljiljan, roze ru\u017ea, roze alstromerija, mini bela hrizantema, mini roze hrizantema, hrizantema yoko ono, limonium, suvo cve\u0107e, aspidistra. Prate\u0107a dekoracija: ru\u017ei\u010dasti papir u kombinaciji sa papirom sa izrezanim cveti\u0107ima iste nijanse, ma\u0161na od bordo satenske trake, ma\u0161na od roze \u010dipkane trake. Bar\u0161unast splet mirisnog roze ljiljana sa pa\u017eljivo biranom kombinacijom [&hellip;]<\/p>","protected":false},"featured_media":68421,"template":"","meta":[],"product_brand":[],"product_cat":[320,115],"product_tag":[],"class_list":{"0":"post-3414","1":"product","2":"type-product","3":"status-publish","4":"has-post-thumbnail","6":"product_cat-8-mart","7":"product_cat-buketi-cveca","9":"first","10":"instock","11":"shipping-taxable","12":"purchasable","13":"product-type-simple"},"yoast_head":"<!-- This site is optimized with the Yoast SEO Premium plugin v20.9 (Yoast SEO v26.5) - https:\/\/yoast.com\/wordpress\/plugins\/seo\/ -->\n<title>Bar\u0161unasti dodir u buketu &#8211; Provansa Dekor<\/title>\n<meta name=\"description\" content=\"Bar\u0161unast splet mirisnog roze ljiljana sa pa\u017eljivo biranom kombinacijom sve\u017eeg rezanog i suvog cve\u0107a u ne\u017eno roze i belim nijansama. Buket Cve\u0107a; Dostava Cve\u0107a Beograd\u00a0\" \/>\n<meta name=\"robots\" content=\"index, follow, max-snippet:-1, max-image-preview:large, max-video-preview:-1\" \/>\n<link rel=\"canonical\" href=\"https:\/\/provansadekor.rs\/en\/proizvod\/velvety-touch-in-the-bouquet\/\" \/>\n<meta property=\"og:locale\" content=\"en_US\" \/>\n<meta property=\"og:type\" content=\"article\" \/>\n<meta property=\"og:title\" content=\"Bar\u0161unasti dodir u buketu\" \/>\n<meta property=\"og:description\" content=\"Bar\u0161unast splet mirisnog roze ljiljana sa pa\u017eljivo biranom kombinacijom sve\u017eeg rezanog i suvog cve\u0107a u ne\u017eno roze i belim nijansama. Buket Cve\u0107a; Dostava Cve\u0107a Beograd\u00a0\" \/>\n<meta property=\"og:url\" content=\"https:\/\/provansadekor.rs\/en\/proizvod\/velvety-touch-in-the-bouquet\/\" \/>\n<meta property=\"og:site_name\" content=\"Provansa Dekor\" \/>\n<meta property=\"article:publisher\" content=\"https:\/\/www.facebook.com\/provansadekor\" \/>\n<meta property=\"article:modified_time\" content=\"2026-03-07T15:05:40+00:00\" \/>\n<meta property=\"og:image\" content=\"https:\/\/provansadekor.rs\/wp-content\/uploads\/2022\/10\/13-2.jpg\" \/>\n\t<meta property=\"og:image:width\" content=\"900\" \/>\n\t<meta property=\"og:image:height\" content=\"900\" \/>\n\t<meta property=\"og:image:type\" content=\"image\/jpeg\" \/>\n<meta name=\"twitter:card\" content=\"summary_large_image\" \/>\n<meta name=\"twitter:label1\" content=\"Est. reading time\" \/>\n\t<meta name=\"twitter:data1\" content=\"1 minute\" \/>\n<script type=\"application\/ld+json\" class=\"yoast-schema-graph\">{\"@context\":\"https:\/\/schema.org\",\"@graph\":[{\"@type\":[\"WebPage\",\"ItemPage\"],\"@id\":\"https:\/\/provansadekor.rs\/proizvod\/barsunasti-dodir-u-buketu\/\",\"url\":\"https:\/\/provansadekor.rs\/proizvod\/barsunasti-dodir-u-buketu\/\",\"name\":\"Bar\u0161unasti dodir u buketu &#8211; Provansa Dekor\",\"isPartOf\":{\"@id\":\"https:\/\/provansadekor.rs\/#website\"},\"primaryImageOfPage\":{\"@id\":\"https:\/\/provansadekor.rs\/proizvod\/barsunasti-dodir-u-buketu\/#primaryimage\"},\"image\":{\"@id\":\"https:\/\/provansadekor.rs\/proizvod\/barsunasti-dodir-u-buketu\/#primaryimage\"},\"thumbnailUrl\":\"https:\/\/provansadekor.rs\/wp-content\/uploads\/2022\/10\/13-2.jpg\",\"datePublished\":\"2019-06-09T13:08:15+00:00\",\"dateModified\":\"2026-03-07T15:05:40+00:00\",\"description\":\"Bar\u0161unast splet mirisnog roze ljiljana sa pa\u017eljivo biranom kombinacijom sve\u017eeg rezanog i suvog cve\u0107a u ne\u017eno roze i belim nijansama. Buket Cve\u0107a; Dostava Cve\u0107a Beograd\u00a0\",\"breadcrumb\":{\"@id\":\"https:\/\/provansadekor.rs\/proizvod\/barsunasti-dodir-u-buketu\/#breadcrumb\"},\"inLanguage\":\"en-US\",\"potentialAction\":[{\"@type\":\"ReadAction\",\"target\":[\"https:\/\/provansadekor.rs\/proizvod\/barsunasti-dodir-u-buketu\/\"]}]},{\"@type\":\"ImageObject\",\"inLanguage\":\"en-US\",\"@id\":\"https:\/\/provansadekor.rs\/proizvod\/barsunasti-dodir-u-buketu\/#primaryimage\",\"url\":\"https:\/\/provansadekor.rs\/wp-content\/uploads\/2022\/10\/13-2.jpg\",\"contentUrl\":\"https:\/\/provansadekor.rs\/wp-content\/uploads\/2022\/10\/13-2.jpg\",\"width\":900,\"height\":900},{\"@type\":\"BreadcrumbList\",\"@id\":\"https:\/\/provansadekor.rs\/proizvod\/barsunasti-dodir-u-buketu\/#breadcrumb\",\"itemListElement\":[{\"@type\":\"ListItem\",\"position\":1,\"name\":\"\u041f\u043e\u0447\u0435\u0442\u043d\u0430\",\"item\":\"https:\/\/provansadekor.rs\/\"},{\"@type\":\"ListItem\",\"position\":2,\"name\":\"\u041f\u0440\u043e\u0438\u0437\u0432\u043e\u0434\u0438\",\"item\":\"https:\/\/provansadekor.rs\/shop\/\"},{\"@type\":\"ListItem\",\"position\":3,\"name\":\"Bar\u0161unasti dodir u buketu\"}]},{\"@type\":\"WebSite\",\"@id\":\"https:\/\/provansadekor.rs\/#website\",\"url\":\"https:\/\/provansadekor.rs\/\",\"name\":\"Provansa Dekor\",\"description\":\"Dostava cve\u0107a Beograd - Organizacija i Dekoracija doga\u0111aja - Ure\u0111enje zelenih povr\u0161ina\",\"publisher\":{\"@id\":\"https:\/\/provansadekor.rs\/#organization\"},\"potentialAction\":[{\"@type\":\"SearchAction\",\"target\":{\"@type\":\"EntryPoint\",\"urlTemplate\":\"https:\/\/provansadekor.rs\/?s={search_term_string}\"},\"query-input\":{\"@type\":\"PropertyValueSpecification\",\"valueRequired\":true,\"valueName\":\"search_term_string\"}}],\"inLanguage\":\"en-US\"},{\"@type\":\"Organization\",\"@id\":\"https:\/\/provansadekor.rs\/#organization\",\"name\":\"Provansa Dekor Cve\u0107ara Beograd\",\"url\":\"https:\/\/provansadekor.rs\/\",\"logo\":{\"@type\":\"ImageObject\",\"inLanguage\":\"en-US\",\"@id\":\"https:\/\/provansadekor.rs\/#\/schema\/logo\/image\/\",\"url\":\"https:\/\/provansadekor.rs\/wp-content\/uploads\/2022\/03\/logo-provansa.jpg\",\"contentUrl\":\"https:\/\/provansadekor.rs\/wp-content\/uploads\/2022\/03\/logo-provansa.jpg\",\"width\":200,\"height\":200,\"caption\":\"Provansa Dekor Cve\u0107ara Beograd\"},\"image\":{\"@id\":\"https:\/\/provansadekor.rs\/#\/schema\/logo\/image\/\"},\"sameAs\":[\"https:\/\/www.facebook.com\/provansadekor\",\"https:\/\/www.instagram.com\/provansadekor\/\"]}]}<\/script>\n<!-- \/ Yoast SEO Premium plugin. -->","yoast_head_json":{"title":"A velvety touch in the bouquet - Provence Decor","description":"A velvety tangle of fragrant pink lily with a carefully selected combination of fresh cut and dried flowers in soft pink and white shades. Bouquet of flowers; Delivery of flowers Belgrade\u00a0","robots":{"index":"index","follow":"follow","max-snippet":"max-snippet:-1","max-image-preview":"max-image-preview:large","max-video-preview":"max-video-preview:-1"},"canonical":"https:\/\/provansadekor.rs\/en\/proizvod\/velvety-touch-in-the-bouquet\/","og_locale":"en_US","og_type":"article","og_title":"Bar\u0161unasti dodir u buketu","og_description":"Bar\u0161unast splet mirisnog roze ljiljana sa pa\u017eljivo biranom kombinacijom sve\u017eeg rezanog i suvog cve\u0107a u ne\u017eno roze i belim nijansama. Buket Cve\u0107a; Dostava Cve\u0107a Beograd\u00a0","og_url":"https:\/\/provansadekor.rs\/en\/proizvod\/velvety-touch-in-the-bouquet\/","og_site_name":"Provansa Dekor","article_publisher":"https:\/\/www.facebook.com\/provansadekor","article_modified_time":"2026-03-07T15:05:40+00:00","og_image":[{"width":900,"height":900,"url":"https:\/\/provansadekor.rs\/wp-content\/uploads\/2022\/10\/13-2.jpg","type":"image\/jpeg"}],"twitter_card":"summary_large_image","twitter_misc":{"Est. reading time":"1 minute"},"schema":{"@context":"https:\/\/schema.org","@graph":[{"@type":["WebPage","ItemPage"],"@id":"https:\/\/provansadekor.rs\/proizvod\/barsunasti-dodir-u-buketu\/","url":"https:\/\/provansadekor.rs\/proizvod\/barsunasti-dodir-u-buketu\/","name":"A velvety touch in the bouquet - Provence Decor","isPartOf":{"@id":"https:\/\/provansadekor.rs\/#website"},"primaryImageOfPage":{"@id":"https:\/\/provansadekor.rs\/proizvod\/barsunasti-dodir-u-buketu\/#primaryimage"},"image":{"@id":"https:\/\/provansadekor.rs\/proizvod\/barsunasti-dodir-u-buketu\/#primaryimage"},"thumbnailUrl":"https:\/\/provansadekor.rs\/wp-content\/uploads\/2022\/10\/13-2.jpg","datePublished":"2019-06-09T13:08:15+00:00","dateModified":"2026-03-07T15:05:40+00:00","description":"A velvety tangle of fragrant pink lily with a carefully selected combination of fresh cut and dried flowers in soft pink and white shades. Bouquet of flowers; Delivery of flowers Belgrade\u00a0","breadcrumb":{"@id":"https:\/\/provansadekor.rs\/proizvod\/barsunasti-dodir-u-buketu\/#breadcrumb"},"inLanguage":"en-US","potentialAction":[{"@type":"ReadAction","target":["https:\/\/provansadekor.rs\/proizvod\/barsunasti-dodir-u-buketu\/"]}]},{"@type":"ImageObject","inLanguage":"en-US","@id":"https:\/\/provansadekor.rs\/proizvod\/barsunasti-dodir-u-buketu\/#primaryimage","url":"https:\/\/provansadekor.rs\/wp-content\/uploads\/2022\/10\/13-2.jpg","contentUrl":"https:\/\/provansadekor.rs\/wp-content\/uploads\/2022\/10\/13-2.jpg","width":900,"height":900},{"@type":"BreadcrumbList","@id":"https:\/\/provansadekor.rs\/proizvod\/barsunasti-dodir-u-buketu\/#breadcrumb","itemListElement":[{"@type":"ListItem","position":1,"name":"\u041f\u043e\u0447\u0435\u0442\u043d\u0430","item":"https:\/\/provansadekor.rs\/"},{"@type":"ListItem","position":2,"name":"\u041f\u0440\u043e\u0438\u0437\u0432\u043e\u0434\u0438","item":"https:\/\/provansadekor.rs\/shop\/"},{"@type":"ListItem","position":3,"name":"Bar\u0161unasti dodir u buketu"}]},{"@type":"WebSite","@id":"https:\/\/provansadekor.rs\/#website","url":"https:\/\/provansadekor.rs\/","name":"Provence Decor","description":"Flower delivery Belgrade - Event organization and decoration - Landscaping","publisher":{"@id":"https:\/\/provansadekor.rs\/#organization"},"potentialAction":[{"@type":"SearchAction","target":{"@type":"EntryPoint","urlTemplate":"https:\/\/provansadekor.rs\/?s={search_term_string}"},"query-input":{"@type":"PropertyValueSpecification","valueRequired":true,"valueName":"search_term_string"}}],"inLanguage":"en-US"},{"@type":"Organization","@id":"https:\/\/provansadekor.rs\/#organization","name":"Provence Decor Flower Shop Belgrade","url":"https:\/\/provansadekor.rs\/","logo":{"@type":"ImageObject","inLanguage":"en-US","@id":"https:\/\/provansadekor.rs\/#\/schema\/logo\/image\/","url":"https:\/\/provansadekor.rs\/wp-content\/uploads\/2022\/03\/logo-provansa.jpg","contentUrl":"https:\/\/provansadekor.rs\/wp-content\/uploads\/2022\/03\/logo-provansa.jpg","width":200,"height":200,"caption":"Provansa Dekor Cve\u0107ara Beograd"},"image":{"@id":"https:\/\/provansadekor.rs\/#\/schema\/logo\/image\/"},"sameAs":["https:\/\/www.facebook.com\/provansadekor","https:\/\/www.instagram.com\/provansadekor\/"]}]}},"_links":{"self":[{"href":"https:\/\/provansadekor.rs\/en\/wp-json\/wp\/v2\/product\/3414","targetHints":{"allow":["GET"]}}],"collection":[{"href":"https:\/\/provansadekor.rs\/en\/wp-json\/wp\/v2\/product"}],"about":[{"href":"https:\/\/provansadekor.rs\/en\/wp-json\/wp\/v2\/types\/product"}],"version-history":[{"count":5,"href":"https:\/\/provansadekor.rs\/en\/wp-json\/wp\/v2\/product\/3414\/revisions"}],"predecessor-version":[{"id":67367,"href":"https:\/\/provansadekor.rs\/en\/wp-json\/wp\/v2\/product\/3414\/revisions\/67367"}],"wp:featuredmedia":[{"embeddable":true,"href":"https:\/\/provansadekor.rs\/en\/wp-json\/wp\/v2\/media\/68421"}],"wp:attachment":[{"href":"https:\/\/provansadekor.rs\/en\/wp-json\/wp\/v2\/media?parent=3414"}],"wp:term":[{"taxonomy":"product_brand","embeddable":true,"href":"https:\/\/provansadekor.rs\/en\/wp-json\/wp\/v2\/product_brand?post=3414"},{"taxonomy":"product_cat","embeddable":true,"href":"https:\/\/provansadekor.rs\/en\/wp-json\/wp\/v2\/product_cat?post=3414"},{"taxonomy":"product_tag","embeddable":true,"href":"https:\/\/provansadekor.rs\/en\/wp-json\/wp\/v2\/product_tag?post=3414"}],"curies":[{"name":"wp","href":"https:\/\/api.w.org\/{rel}","templated":true}]}}