{"id":3413,"date":"2019-06-09T13:06:09","date_gmt":"2019-06-09T13:06:09","guid":{"rendered":"http:\/\/provansadekor.rs\/?post_type=product&#038;p=3413"},"modified":"2026-03-14T12:45:49","modified_gmt":"2026-03-14T11:45:49","slug":"buket-18","status":"publish","type":"product","link":"https:\/\/provansadekor.rs\/en\/proizvod\/bouquet-18\/","title":{"rendered":"Honey bouquet of red roses"},"content":{"rendered":"<p>Kinds of <strong>flowers in the bouquet: red rose,<\/strong> hit<\/p>\n<p>Accompanying decoration: decorative gray paper with discreet white stripes along the edges, burgundy bow, brown teddy bear.<\/p>\n<p>Honey <strong>bouquet<\/strong> classy red ones <strong>a rose<\/strong> decorated with a playful fringe that additionally adorns the detail of a mini teddy bear. Leave your presence in honey eyes and rose scents. An ideal gift for a birthday, christening, anniversary or other important date.<\/p>\n<h2 style=\"text-align: center;\"><strong> Bouquet of red roses, Delivery Belgrade\u00a0<\/strong><\/h2>","protected":false},"excerpt":{"rendered":"<p>Vrste cve\u0107a u buketu: crvena ru\u017ea, trefer. Prate\u0107a dekoracija: dekorativni sivi papir sa diskretnim belim prugama uz ivice, bordo ma\u0161na, braon pli\u0161ani meda. Medeni buket otmenih crvenih ru\u017ea dekorisan razigranim treferom koji dodatno krasi detalj mini pli\u0161anog medveda. Ostavite svoje prisustvo u medenim o\u010dima i mirisima ru\u017ea. Idealan poklon za rodjendan, poklon za kr\u0161tenje, poklon [&hellip;]<\/p>","protected":false},"featured_media":7148,"template":"","meta":[],"product_brand":[],"product_cat":[115],"product_tag":[],"class_list":{"0":"post-3413","1":"product","2":"type-product","3":"status-publish","4":"has-post-thumbnail","6":"product_cat-buketi-cveca","8":"first","9":"outofstock","10":"shipping-taxable","11":"purchasable","12":"product-type-simple"},"yoast_head":"<!-- This site is optimized with the Yoast SEO Premium plugin v20.9 (Yoast SEO v26.5) - https:\/\/yoast.com\/wordpress\/plugins\/seo\/ -->\n<title>Medeni buket crvenih ru\u017ea &#8211; Provansa Dekor<\/title>\n<meta name=\"description\" content=\"Medeni buket otmenih crvenih ru\u017ea dekorisan razigranim treferom koji dodatno krasi detalj mini pli\u0161anog medveda. Dostava Beograd\u00a0\" \/>\n<meta name=\"robots\" content=\"index, follow, max-snippet:-1, max-image-preview:large, max-video-preview:-1\" \/>\n<link rel=\"canonical\" href=\"https:\/\/provansadekor.rs\/en\/proizvod\/bouquet-18\/\" \/>\n<meta property=\"og:locale\" content=\"en_US\" \/>\n<meta property=\"og:type\" content=\"article\" \/>\n<meta property=\"og:title\" content=\"Medeni buket crvenih ru\u017ea\" \/>\n<meta property=\"og:description\" content=\"Medeni buket otmenih crvenih ru\u017ea dekorisan razigranim treferom koji dodatno krasi detalj mini pli\u0161anog medveda. Dostava Beograd\u00a0\" \/>\n<meta property=\"og:url\" content=\"https:\/\/provansadekor.rs\/en\/proizvod\/bouquet-18\/\" \/>\n<meta property=\"og:site_name\" content=\"Provansa Dekor\" \/>\n<meta property=\"article:publisher\" content=\"https:\/\/www.facebook.com\/provansadekor\" \/>\n<meta property=\"article:modified_time\" content=\"2026-03-14T11:45:49+00:00\" \/>\n<meta property=\"og:image\" content=\"https:\/\/provansadekor.rs\/wp-content\/uploads\/2020\/01\/IMG-82abeaa7e839aebdeee4bd05bf701905-V.jpg\" \/>\n\t<meta property=\"og:image:width\" content=\"1600\" \/>\n\t<meta property=\"og:image:height\" content=\"1600\" \/>\n\t<meta property=\"og:image:type\" content=\"image\/jpeg\" \/>\n<meta name=\"twitter:card\" content=\"summary_large_image\" \/>\n<meta name=\"twitter:label1\" content=\"Est. reading time\" \/>\n\t<meta name=\"twitter:data1\" content=\"1 minute\" \/>\n<script type=\"application\/ld+json\" class=\"yoast-schema-graph\">{\"@context\":\"https:\/\/schema.org\",\"@graph\":[{\"@type\":[\"WebPage\",\"ItemPage\"],\"@id\":\"https:\/\/provansadekor.rs\/proizvod\/buket-18\/\",\"url\":\"https:\/\/provansadekor.rs\/proizvod\/buket-18\/\",\"name\":\"Medeni buket crvenih ru\u017ea &#8211; Provansa Dekor\",\"isPartOf\":{\"@id\":\"https:\/\/provansadekor.rs\/#website\"},\"primaryImageOfPage\":{\"@id\":\"https:\/\/provansadekor.rs\/proizvod\/buket-18\/#primaryimage\"},\"image\":{\"@id\":\"https:\/\/provansadekor.rs\/proizvod\/buket-18\/#primaryimage\"},\"thumbnailUrl\":\"https:\/\/provansadekor.rs\/wp-content\/uploads\/2020\/01\/IMG-82abeaa7e839aebdeee4bd05bf701905-V.jpg\",\"datePublished\":\"2019-06-09T13:06:09+00:00\",\"dateModified\":\"2026-03-14T11:45:49+00:00\",\"description\":\"Medeni buket otmenih crvenih ru\u017ea dekorisan razigranim treferom koji dodatno krasi detalj mini pli\u0161anog medveda. Dostava Beograd\u00a0\",\"breadcrumb\":{\"@id\":\"https:\/\/provansadekor.rs\/proizvod\/buket-18\/#breadcrumb\"},\"inLanguage\":\"en-US\",\"potentialAction\":[{\"@type\":\"ReadAction\",\"target\":[\"https:\/\/provansadekor.rs\/proizvod\/buket-18\/\"]}]},{\"@type\":\"ImageObject\",\"inLanguage\":\"en-US\",\"@id\":\"https:\/\/provansadekor.rs\/proizvod\/buket-18\/#primaryimage\",\"url\":\"https:\/\/provansadekor.rs\/wp-content\/uploads\/2020\/01\/IMG-82abeaa7e839aebdeee4bd05bf701905-V.jpg\",\"contentUrl\":\"https:\/\/provansadekor.rs\/wp-content\/uploads\/2020\/01\/IMG-82abeaa7e839aebdeee4bd05bf701905-V.jpg\",\"width\":1600,\"height\":1600},{\"@type\":\"BreadcrumbList\",\"@id\":\"https:\/\/provansadekor.rs\/proizvod\/buket-18\/#breadcrumb\",\"itemListElement\":[{\"@type\":\"ListItem\",\"position\":1,\"name\":\"\u041f\u043e\u0447\u0435\u0442\u043d\u0430\",\"item\":\"https:\/\/provansadekor.rs\/\"},{\"@type\":\"ListItem\",\"position\":2,\"name\":\"\u041f\u0440\u043e\u0438\u0437\u0432\u043e\u0434\u0438\",\"item\":\"https:\/\/provansadekor.rs\/shop\/\"},{\"@type\":\"ListItem\",\"position\":3,\"name\":\"Medeni buket crvenih ru\u017ea\"}]},{\"@type\":\"WebSite\",\"@id\":\"https:\/\/provansadekor.rs\/#website\",\"url\":\"https:\/\/provansadekor.rs\/\",\"name\":\"Provansa Dekor\",\"description\":\"Dostava cve\u0107a Beograd - Organizacija i Dekoracija doga\u0111aja - Ure\u0111enje zelenih povr\u0161ina\",\"publisher\":{\"@id\":\"https:\/\/provansadekor.rs\/#organization\"},\"potentialAction\":[{\"@type\":\"SearchAction\",\"target\":{\"@type\":\"EntryPoint\",\"urlTemplate\":\"https:\/\/provansadekor.rs\/?s={search_term_string}\"},\"query-input\":{\"@type\":\"PropertyValueSpecification\",\"valueRequired\":true,\"valueName\":\"search_term_string\"}}],\"inLanguage\":\"en-US\"},{\"@type\":\"Organization\",\"@id\":\"https:\/\/provansadekor.rs\/#organization\",\"name\":\"Provansa Dekor Cve\u0107ara Beograd\",\"url\":\"https:\/\/provansadekor.rs\/\",\"logo\":{\"@type\":\"ImageObject\",\"inLanguage\":\"en-US\",\"@id\":\"https:\/\/provansadekor.rs\/#\/schema\/logo\/image\/\",\"url\":\"https:\/\/provansadekor.rs\/wp-content\/uploads\/2022\/03\/logo-provansa.jpg\",\"contentUrl\":\"https:\/\/provansadekor.rs\/wp-content\/uploads\/2022\/03\/logo-provansa.jpg\",\"width\":200,\"height\":200,\"caption\":\"Provansa Dekor Cve\u0107ara Beograd\"},\"image\":{\"@id\":\"https:\/\/provansadekor.rs\/#\/schema\/logo\/image\/\"},\"sameAs\":[\"https:\/\/www.facebook.com\/provansadekor\",\"https:\/\/www.instagram.com\/provansadekor\/\"]}]}<\/script>\n<!-- \/ Yoast SEO Premium plugin. -->","yoast_head_json":{"title":"Honey bouquet of red roses - Provence Decor","description":"A honey bouquet of classy red roses decorated with a playful trefoil that additionally adorns the detail of a mini teddy bear. Delivery Belgrade\u00a0","robots":{"index":"index","follow":"follow","max-snippet":"max-snippet:-1","max-image-preview":"max-image-preview:large","max-video-preview":"max-video-preview:-1"},"canonical":"https:\/\/provansadekor.rs\/en\/proizvod\/bouquet-18\/","og_locale":"en_US","og_type":"article","og_title":"Medeni buket crvenih ru\u017ea","og_description":"Medeni buket otmenih crvenih ru\u017ea dekorisan razigranim treferom koji dodatno krasi detalj mini pli\u0161anog medveda. Dostava Beograd\u00a0","og_url":"https:\/\/provansadekor.rs\/en\/proizvod\/bouquet-18\/","og_site_name":"Provansa Dekor","article_publisher":"https:\/\/www.facebook.com\/provansadekor","article_modified_time":"2026-03-14T11:45:49+00:00","og_image":[{"width":1600,"height":1600,"url":"https:\/\/provansadekor.rs\/wp-content\/uploads\/2020\/01\/IMG-82abeaa7e839aebdeee4bd05bf701905-V.jpg","type":"image\/jpeg"}],"twitter_card":"summary_large_image","twitter_misc":{"Est. reading time":"1 minute"},"schema":{"@context":"https:\/\/schema.org","@graph":[{"@type":["WebPage","ItemPage"],"@id":"https:\/\/provansadekor.rs\/proizvod\/buket-18\/","url":"https:\/\/provansadekor.rs\/proizvod\/buket-18\/","name":"Honey bouquet of red roses - Provence Decor","isPartOf":{"@id":"https:\/\/provansadekor.rs\/#website"},"primaryImageOfPage":{"@id":"https:\/\/provansadekor.rs\/proizvod\/buket-18\/#primaryimage"},"image":{"@id":"https:\/\/provansadekor.rs\/proizvod\/buket-18\/#primaryimage"},"thumbnailUrl":"https:\/\/provansadekor.rs\/wp-content\/uploads\/2020\/01\/IMG-82abeaa7e839aebdeee4bd05bf701905-V.jpg","datePublished":"2019-06-09T13:06:09+00:00","dateModified":"2026-03-14T11:45:49+00:00","description":"A honey bouquet of classy red roses decorated with a playful trefoil that additionally adorns the detail of a mini teddy bear. Delivery Belgrade\u00a0","breadcrumb":{"@id":"https:\/\/provansadekor.rs\/proizvod\/buket-18\/#breadcrumb"},"inLanguage":"en-US","potentialAction":[{"@type":"ReadAction","target":["https:\/\/provansadekor.rs\/proizvod\/buket-18\/"]}]},{"@type":"ImageObject","inLanguage":"en-US","@id":"https:\/\/provansadekor.rs\/proizvod\/buket-18\/#primaryimage","url":"https:\/\/provansadekor.rs\/wp-content\/uploads\/2020\/01\/IMG-82abeaa7e839aebdeee4bd05bf701905-V.jpg","contentUrl":"https:\/\/provansadekor.rs\/wp-content\/uploads\/2020\/01\/IMG-82abeaa7e839aebdeee4bd05bf701905-V.jpg","width":1600,"height":1600},{"@type":"BreadcrumbList","@id":"https:\/\/provansadekor.rs\/proizvod\/buket-18\/#breadcrumb","itemListElement":[{"@type":"ListItem","position":1,"name":"\u041f\u043e\u0447\u0435\u0442\u043d\u0430","item":"https:\/\/provansadekor.rs\/"},{"@type":"ListItem","position":2,"name":"\u041f\u0440\u043e\u0438\u0437\u0432\u043e\u0434\u0438","item":"https:\/\/provansadekor.rs\/shop\/"},{"@type":"ListItem","position":3,"name":"Medeni buket crvenih ru\u017ea"}]},{"@type":"WebSite","@id":"https:\/\/provansadekor.rs\/#website","url":"https:\/\/provansadekor.rs\/","name":"Provence Decor","description":"Flower delivery Belgrade - Event organization and decoration - Landscaping","publisher":{"@id":"https:\/\/provansadekor.rs\/#organization"},"potentialAction":[{"@type":"SearchAction","target":{"@type":"EntryPoint","urlTemplate":"https:\/\/provansadekor.rs\/?s={search_term_string}"},"query-input":{"@type":"PropertyValueSpecification","valueRequired":true,"valueName":"search_term_string"}}],"inLanguage":"en-US"},{"@type":"Organization","@id":"https:\/\/provansadekor.rs\/#organization","name":"Provence Decor Flower Shop Belgrade","url":"https:\/\/provansadekor.rs\/","logo":{"@type":"ImageObject","inLanguage":"en-US","@id":"https:\/\/provansadekor.rs\/#\/schema\/logo\/image\/","url":"https:\/\/provansadekor.rs\/wp-content\/uploads\/2022\/03\/logo-provansa.jpg","contentUrl":"https:\/\/provansadekor.rs\/wp-content\/uploads\/2022\/03\/logo-provansa.jpg","width":200,"height":200,"caption":"Provansa Dekor Cve\u0107ara Beograd"},"image":{"@id":"https:\/\/provansadekor.rs\/#\/schema\/logo\/image\/"},"sameAs":["https:\/\/www.facebook.com\/provansadekor","https:\/\/www.instagram.com\/provansadekor\/"]}]}},"_links":{"self":[{"href":"https:\/\/provansadekor.rs\/en\/wp-json\/wp\/v2\/product\/3413","targetHints":{"allow":["GET"]}}],"collection":[{"href":"https:\/\/provansadekor.rs\/en\/wp-json\/wp\/v2\/product"}],"about":[{"href":"https:\/\/provansadekor.rs\/en\/wp-json\/wp\/v2\/types\/product"}],"version-history":[{"count":4,"href":"https:\/\/provansadekor.rs\/en\/wp-json\/wp\/v2\/product\/3413\/revisions"}],"predecessor-version":[{"id":67365,"href":"https:\/\/provansadekor.rs\/en\/wp-json\/wp\/v2\/product\/3413\/revisions\/67365"}],"wp:featuredmedia":[{"embeddable":true,"href":"https:\/\/provansadekor.rs\/en\/wp-json\/wp\/v2\/media\/7148"}],"wp:attachment":[{"href":"https:\/\/provansadekor.rs\/en\/wp-json\/wp\/v2\/media?parent=3413"}],"wp:term":[{"taxonomy":"product_brand","embeddable":true,"href":"https:\/\/provansadekor.rs\/en\/wp-json\/wp\/v2\/product_brand?post=3413"},{"taxonomy":"product_cat","embeddable":true,"href":"https:\/\/provansadekor.rs\/en\/wp-json\/wp\/v2\/product_cat?post=3413"},{"taxonomy":"product_tag","embeddable":true,"href":"https:\/\/provansadekor.rs\/en\/wp-json\/wp\/v2\/product_tag?post=3413"}],"curies":[{"name":"wp","href":"https:\/\/api.w.org\/{rel}","templated":true}]}}