{"id":33886,"date":"2022-02-05T12:13:17","date_gmt":"2022-02-05T11:13:17","guid":{"rendered":"http:\/\/provansadekor.rs\/?post_type=product&#038;p=33886"},"modified":"2026-03-18T16:17:03","modified_gmt":"2026-03-18T15:17:03","slug":"101-ruza-u-buketu-za-neznost-i-emociju-u-jednom","status":"publish","type":"product","link":"https:\/\/provansadekor.rs\/en\/proizvod\/101-roses-in-a-bouquet-for-tenderness-and-emotion-in-one\/","title":{"rendered":"101 Roses in a bouquet for tenderness and emotion in one"},"content":{"rendered":"<div class=\"main-content col-lg-9\">\n<div id=\"primary\" class=\"content-area\">\n<h2>101 white roses in a bouquet<\/h2>\n<p><strong>101 white roses in a bouquet<\/strong>\u00a0 for the tenderness and sensuality it deserves!<\/p>\n<p><em>Types of flowers in a bouquet<\/em>:<strong> white roses.<\/strong><\/p>\n<p><em>Accompanying decoration<\/em><strong>:<\/strong> black decorative paper, black tulle, colorful decorative bow in black\/white.<\/p>\n<p>A divine combination of white roses with black tulle and black decorative paper. Make her day, evening or wedding anniversary the way she deserves!<\/p>\n<div id=\"product-30600\" class=\"product type-product post-30600 status-publish first instock product_cat-online-cvecara product_cat-101-ruza product_cat-luksuzni-aranzmani product_cat-buketi-cveca has-post-thumbnail shipping-taxable purchasable product-type-simple product-layout-default\">\n<div id=\"product-tab\" class=\"woocommerce-tabs woocommerce-tabs-hl3swnrn resp-htabs\">\n<div class=\"resp-tabs-container\">\n<div id=\"tab-description\" class=\"tab-content resp-tab-content resp-tab-content-active\" aria-labelledby=\"tab_item-0\">\n<div id=\"product-16134\" class=\"product type-product post-16134 status-publish first instock product_cat-101-ruza has-post-thumbnail featured shipping-taxable purchasable product-type-simple product-layout-default\">\n<div id=\"product-tab\" class=\"woocommerce-tabs woocommerce-tabs-s7fckep7 resp-htabs\">\n<div class=\"resp-tabs-container\">\n<div id=\"tab-description\" class=\"tab-content resp-tab-content resp-tab-content-active\" aria-labelledby=\"tab_item-1\">\n<p>There is nothing else that will send the message as loud and clear as they do <strong>roses<\/strong>. And nothing more, nothing less <a href=\"https:\/\/provansadekor.rs\/kategorija-proizvoda\/101-ruza\/\"><strong>101 roses<\/strong><\/a>!<\/p>\n<\/div>\n<\/div>\n<\/div>\n<\/div>\n<h2>online ordering, <a href=\"https:\/\/provansadekor.rs\/online-cvecara\/\">Flower delivery Belgrade<\/a><\/h2>\n<\/div>\n<\/div>\n<\/div>\n<\/div>\n<\/div>\n<\/div>","protected":false},"excerpt":{"rendered":"<p>101 white roses in a bouquet 101 white roses in a bouquet for the tenderness and sensuality it deserves! Types of flowers in the bouquet: white roses. Accompanying decoration: black decorative paper, black tulle, colorful decorative bow in black\/white. A divine combination of white roses with black tulle and black decorative paper. Make her day, evening or wedding anniversary the way [\u2026]<\/p>","protected":false},"featured_media":76998,"template":"","meta":[],"product_brand":[],"product_cat":[320,162,169,115,286],"product_tag":[],"class_list":{"0":"post-33886","1":"product","2":"type-product","3":"status-publish","4":"has-post-thumbnail","6":"product_cat-8-mart","7":"product_cat-101-ruza","8":"product_cat-dan-zaljubljenih","9":"product_cat-buketi-cveca","10":"product_cat-xxl-buketi","12":"first","13":"instock","14":"shipping-taxable","15":"purchasable","16":"product-type-simple"},"yoast_head":"<!-- This site is optimized with the Yoast SEO Premium plugin v20.9 (Yoast SEO v26.5) - https:\/\/yoast.com\/wordpress\/plugins\/seo\/ -->\n<title>101 bela ru\u017ea u buketu\u00a0 &#8211; Dostava cve\u0107a Beograd &#8211; Provansa Dekor<\/title>\n<meta name=\"description\" content=\"Ne postoji ni\u0161ta sli\u010dno kao ru\u017ea \u0161to \u0107e tako jasno i glasno poslati poruku. I to ni vi\u0161e ni manje, nego 101 bela ru\u017ea u buketu pravljena sa puno ljubavi!\" \/>\n<meta name=\"robots\" content=\"index, follow, max-snippet:-1, max-image-preview:large, max-video-preview:-1\" \/>\n<link rel=\"canonical\" href=\"https:\/\/provansadekor.rs\/en\/proizvod\/101-roses-in-a-bouquet-for-tenderness-and-emotion-in-one\/\" \/>\n<meta property=\"og:locale\" content=\"en_US\" \/>\n<meta property=\"og:type\" content=\"article\" \/>\n<meta property=\"og:title\" content=\"101 Ru\u017ea u buketu za ne\u017enost i emociju u jednom\" \/>\n<meta property=\"og:description\" content=\"Ne postoji ni\u0161ta sli\u010dno kao ru\u017ea \u0161to \u0107e tako jasno i glasno poslati poruku. I to ni vi\u0161e ni manje, nego 101 bela ru\u017ea u buketu pravljena sa puno ljubavi!\" \/>\n<meta property=\"og:url\" content=\"https:\/\/provansadekor.rs\/en\/proizvod\/101-roses-in-a-bouquet-for-tenderness-and-emotion-in-one\/\" \/>\n<meta property=\"og:site_name\" content=\"Provansa Dekor\" \/>\n<meta property=\"article:publisher\" content=\"https:\/\/www.facebook.com\/provansadekor\" \/>\n<meta property=\"article:modified_time\" content=\"2026-03-18T15:17:03+00:00\" \/>\n<meta property=\"og:image\" content=\"https:\/\/provansadekor.rs\/wp-content\/uploads\/2023\/10\/SAS-4506.jpg\" \/>\n\t<meta property=\"og:image:width\" content=\"800\" \/>\n\t<meta property=\"og:image:height\" content=\"800\" \/>\n\t<meta property=\"og:image:type\" content=\"image\/jpeg\" \/>\n<meta name=\"twitter:card\" content=\"summary_large_image\" \/>\n<meta name=\"twitter:label1\" content=\"Est. reading time\" \/>\n\t<meta name=\"twitter:data1\" content=\"1 minute\" \/>\n<script type=\"application\/ld+json\" class=\"yoast-schema-graph\">{\"@context\":\"https:\/\/schema.org\",\"@graph\":[{\"@type\":[\"WebPage\",\"ItemPage\"],\"@id\":\"https:\/\/provansadekor.rs\/proizvod\/101-ruza-u-buketu-za-neznost-i-emociju-u-jednom\/\",\"url\":\"https:\/\/provansadekor.rs\/proizvod\/101-ruza-u-buketu-za-neznost-i-emociju-u-jednom\/\",\"name\":\"101 bela ru\u017ea u buketu\u00a0 &#8211; Dostava cve\u0107a Beograd &#8211; Provansa Dekor\",\"isPartOf\":{\"@id\":\"https:\/\/provansadekor.rs\/#website\"},\"primaryImageOfPage\":{\"@id\":\"https:\/\/provansadekor.rs\/proizvod\/101-ruza-u-buketu-za-neznost-i-emociju-u-jednom\/#primaryimage\"},\"image\":{\"@id\":\"https:\/\/provansadekor.rs\/proizvod\/101-ruza-u-buketu-za-neznost-i-emociju-u-jednom\/#primaryimage\"},\"thumbnailUrl\":\"https:\/\/provansadekor.rs\/wp-content\/uploads\/2023\/10\/SAS-4506.jpg\",\"datePublished\":\"2022-02-05T11:13:17+00:00\",\"dateModified\":\"2026-03-18T15:17:03+00:00\",\"description\":\"Ne postoji ni\u0161ta sli\u010dno kao ru\u017ea \u0161to \u0107e tako jasno i glasno poslati poruku. I to ni vi\u0161e ni manje, nego 101 bela ru\u017ea u buketu pravljena sa puno ljubavi!\",\"breadcrumb\":{\"@id\":\"https:\/\/provansadekor.rs\/proizvod\/101-ruza-u-buketu-za-neznost-i-emociju-u-jednom\/#breadcrumb\"},\"inLanguage\":\"en-US\",\"potentialAction\":[{\"@type\":\"ReadAction\",\"target\":[\"https:\/\/provansadekor.rs\/proizvod\/101-ruza-u-buketu-za-neznost-i-emociju-u-jednom\/\"]}]},{\"@type\":\"ImageObject\",\"inLanguage\":\"en-US\",\"@id\":\"https:\/\/provansadekor.rs\/proizvod\/101-ruza-u-buketu-za-neznost-i-emociju-u-jednom\/#primaryimage\",\"url\":\"https:\/\/provansadekor.rs\/wp-content\/uploads\/2023\/10\/SAS-4506.jpg\",\"contentUrl\":\"https:\/\/provansadekor.rs\/wp-content\/uploads\/2023\/10\/SAS-4506.jpg\",\"width\":800,\"height\":800,\"caption\":\"101 ruza u buketu za neznost i emociju u jednom - 101 bela ruza u crnom elegantom papiru - dostava cve\u0107a \u2013 Cve\u0107ara Provansa Dekor Beograd\"},{\"@type\":\"BreadcrumbList\",\"@id\":\"https:\/\/provansadekor.rs\/proizvod\/101-ruza-u-buketu-za-neznost-i-emociju-u-jednom\/#breadcrumb\",\"itemListElement\":[{\"@type\":\"ListItem\",\"position\":1,\"name\":\"\u041f\u043e\u0447\u0435\u0442\u043d\u0430\",\"item\":\"https:\/\/provansadekor.rs\/\"},{\"@type\":\"ListItem\",\"position\":2,\"name\":\"\u041f\u0440\u043e\u0438\u0437\u0432\u043e\u0434\u0438\",\"item\":\"https:\/\/provansadekor.rs\/shop\/\"},{\"@type\":\"ListItem\",\"position\":3,\"name\":\"101 Ru\u017ea u buketu za ne\u017enost i emociju u jednom\"}]},{\"@type\":\"WebSite\",\"@id\":\"https:\/\/provansadekor.rs\/#website\",\"url\":\"https:\/\/provansadekor.rs\/\",\"name\":\"Provansa Dekor\",\"description\":\"Dostava cve\u0107a Beograd - Organizacija i Dekoracija doga\u0111aja - Ure\u0111enje zelenih povr\u0161ina\",\"publisher\":{\"@id\":\"https:\/\/provansadekor.rs\/#organization\"},\"potentialAction\":[{\"@type\":\"SearchAction\",\"target\":{\"@type\":\"EntryPoint\",\"urlTemplate\":\"https:\/\/provansadekor.rs\/?s={search_term_string}\"},\"query-input\":{\"@type\":\"PropertyValueSpecification\",\"valueRequired\":true,\"valueName\":\"search_term_string\"}}],\"inLanguage\":\"en-US\"},{\"@type\":\"Organization\",\"@id\":\"https:\/\/provansadekor.rs\/#organization\",\"name\":\"Provansa Dekor Cve\u0107ara Beograd\",\"url\":\"https:\/\/provansadekor.rs\/\",\"logo\":{\"@type\":\"ImageObject\",\"inLanguage\":\"en-US\",\"@id\":\"https:\/\/provansadekor.rs\/#\/schema\/logo\/image\/\",\"url\":\"https:\/\/provansadekor.rs\/wp-content\/uploads\/2022\/03\/logo-provansa.jpg\",\"contentUrl\":\"https:\/\/provansadekor.rs\/wp-content\/uploads\/2022\/03\/logo-provansa.jpg\",\"width\":200,\"height\":200,\"caption\":\"Provansa Dekor Cve\u0107ara Beograd\"},\"image\":{\"@id\":\"https:\/\/provansadekor.rs\/#\/schema\/logo\/image\/\"},\"sameAs\":[\"https:\/\/www.facebook.com\/provansadekor\",\"https:\/\/www.instagram.com\/provansadekor\/\"]}]}<\/script>\n<!-- \/ Yoast SEO Premium plugin. -->","yoast_head_json":{"title":"101 white roses in a bouquet - Delivery of flowers Belgrade - Provence Decor","description":"There is nothing quite like a rose to send a message so loud and clear. And that&#039;s nothing more and nothing less than 101 white roses in a bouquet made with a lot of love!","robots":{"index":"index","follow":"follow","max-snippet":"max-snippet:-1","max-image-preview":"max-image-preview:large","max-video-preview":"max-video-preview:-1"},"canonical":"https:\/\/provansadekor.rs\/en\/proizvod\/101-roses-in-a-bouquet-for-tenderness-and-emotion-in-one\/","og_locale":"en_US","og_type":"article","og_title":"101 Ru\u017ea u buketu za ne\u017enost i emociju u jednom","og_description":"Ne postoji ni\u0161ta sli\u010dno kao ru\u017ea \u0161to \u0107e tako jasno i glasno poslati poruku. I to ni vi\u0161e ni manje, nego 101 bela ru\u017ea u buketu pravljena sa puno ljubavi!","og_url":"https:\/\/provansadekor.rs\/en\/proizvod\/101-roses-in-a-bouquet-for-tenderness-and-emotion-in-one\/","og_site_name":"Provansa Dekor","article_publisher":"https:\/\/www.facebook.com\/provansadekor","article_modified_time":"2026-03-18T15:17:03+00:00","og_image":[{"width":800,"height":800,"url":"https:\/\/provansadekor.rs\/wp-content\/uploads\/2023\/10\/SAS-4506.jpg","type":"image\/jpeg"}],"twitter_card":"summary_large_image","twitter_misc":{"Est. reading time":"1 minute"},"schema":{"@context":"https:\/\/schema.org","@graph":[{"@type":["WebPage","ItemPage"],"@id":"https:\/\/provansadekor.rs\/proizvod\/101-ruza-u-buketu-za-neznost-i-emociju-u-jednom\/","url":"https:\/\/provansadekor.rs\/proizvod\/101-ruza-u-buketu-za-neznost-i-emociju-u-jednom\/","name":"101 white roses in a bouquet - Delivery of flowers Belgrade - Provence Decor","isPartOf":{"@id":"https:\/\/provansadekor.rs\/#website"},"primaryImageOfPage":{"@id":"https:\/\/provansadekor.rs\/proizvod\/101-ruza-u-buketu-za-neznost-i-emociju-u-jednom\/#primaryimage"},"image":{"@id":"https:\/\/provansadekor.rs\/proizvod\/101-ruza-u-buketu-za-neznost-i-emociju-u-jednom\/#primaryimage"},"thumbnailUrl":"https:\/\/provansadekor.rs\/wp-content\/uploads\/2023\/10\/SAS-4506.jpg","datePublished":"2022-02-05T11:13:17+00:00","dateModified":"2026-03-18T15:17:03+00:00","description":"There is nothing quite like a rose to send a message so loud and clear. And that&#039;s nothing more and nothing less than 101 white roses in a bouquet made with a lot of love!","breadcrumb":{"@id":"https:\/\/provansadekor.rs\/proizvod\/101-ruza-u-buketu-za-neznost-i-emociju-u-jednom\/#breadcrumb"},"inLanguage":"en-US","potentialAction":[{"@type":"ReadAction","target":["https:\/\/provansadekor.rs\/proizvod\/101-ruza-u-buketu-za-neznost-i-emociju-u-jednom\/"]}]},{"@type":"ImageObject","inLanguage":"en-US","@id":"https:\/\/provansadekor.rs\/proizvod\/101-ruza-u-buketu-za-neznost-i-emociju-u-jednom\/#primaryimage","url":"https:\/\/provansadekor.rs\/wp-content\/uploads\/2023\/10\/SAS-4506.jpg","contentUrl":"https:\/\/provansadekor.rs\/wp-content\/uploads\/2023\/10\/SAS-4506.jpg","width":800,"height":800,"caption":"101 ruza u buketu za neznost i emociju u jednom - 101 bela ruza u crnom elegantom papiru - dostava cve\u0107a \u2013 Cve\u0107ara Provansa Dekor Beograd"},{"@type":"BreadcrumbList","@id":"https:\/\/provansadekor.rs\/proizvod\/101-ruza-u-buketu-za-neznost-i-emociju-u-jednom\/#breadcrumb","itemListElement":[{"@type":"ListItem","position":1,"name":"\u041f\u043e\u0447\u0435\u0442\u043d\u0430","item":"https:\/\/provansadekor.rs\/"},{"@type":"ListItem","position":2,"name":"\u041f\u0440\u043e\u0438\u0437\u0432\u043e\u0434\u0438","item":"https:\/\/provansadekor.rs\/shop\/"},{"@type":"ListItem","position":3,"name":"101 Ru\u017ea u buketu za ne\u017enost i emociju u jednom"}]},{"@type":"WebSite","@id":"https:\/\/provansadekor.rs\/#website","url":"https:\/\/provansadekor.rs\/","name":"Provence Decor","description":"Flower delivery Belgrade - Event organization and decoration - Landscaping","publisher":{"@id":"https:\/\/provansadekor.rs\/#organization"},"potentialAction":[{"@type":"SearchAction","target":{"@type":"EntryPoint","urlTemplate":"https:\/\/provansadekor.rs\/?s={search_term_string}"},"query-input":{"@type":"PropertyValueSpecification","valueRequired":true,"valueName":"search_term_string"}}],"inLanguage":"en-US"},{"@type":"Organization","@id":"https:\/\/provansadekor.rs\/#organization","name":"Provence Decor Flower Shop Belgrade","url":"https:\/\/provansadekor.rs\/","logo":{"@type":"ImageObject","inLanguage":"en-US","@id":"https:\/\/provansadekor.rs\/#\/schema\/logo\/image\/","url":"https:\/\/provansadekor.rs\/wp-content\/uploads\/2022\/03\/logo-provansa.jpg","contentUrl":"https:\/\/provansadekor.rs\/wp-content\/uploads\/2022\/03\/logo-provansa.jpg","width":200,"height":200,"caption":"Provansa Dekor Cve\u0107ara Beograd"},"image":{"@id":"https:\/\/provansadekor.rs\/#\/schema\/logo\/image\/"},"sameAs":["https:\/\/www.facebook.com\/provansadekor","https:\/\/www.instagram.com\/provansadekor\/"]}]}},"_links":{"self":[{"href":"https:\/\/provansadekor.rs\/en\/wp-json\/wp\/v2\/product\/33886","targetHints":{"allow":["GET"]}}],"collection":[{"href":"https:\/\/provansadekor.rs\/en\/wp-json\/wp\/v2\/product"}],"about":[{"href":"https:\/\/provansadekor.rs\/en\/wp-json\/wp\/v2\/types\/product"}],"version-history":[{"count":9,"href":"https:\/\/provansadekor.rs\/en\/wp-json\/wp\/v2\/product\/33886\/revisions"}],"predecessor-version":[{"id":70591,"href":"https:\/\/provansadekor.rs\/en\/wp-json\/wp\/v2\/product\/33886\/revisions\/70591"}],"wp:featuredmedia":[{"embeddable":true,"href":"https:\/\/provansadekor.rs\/en\/wp-json\/wp\/v2\/media\/76998"}],"wp:attachment":[{"href":"https:\/\/provansadekor.rs\/en\/wp-json\/wp\/v2\/media?parent=33886"}],"wp:term":[{"taxonomy":"product_brand","embeddable":true,"href":"https:\/\/provansadekor.rs\/en\/wp-json\/wp\/v2\/product_brand?post=33886"},{"taxonomy":"product_cat","embeddable":true,"href":"https:\/\/provansadekor.rs\/en\/wp-json\/wp\/v2\/product_cat?post=33886"},{"taxonomy":"product_tag","embeddable":true,"href":"https:\/\/provansadekor.rs\/en\/wp-json\/wp\/v2\/product_tag?post=33886"}],"curies":[{"name":"wp","href":"https:\/\/api.w.org\/{rel}","templated":true}]}}