{"id":33885,"date":"2022-02-05T13:02:01","date_gmt":"2022-02-05T12:02:01","guid":{"rendered":"http:\/\/provansadekor.rs\/?post_type=product&#038;p=33885"},"modified":"2026-03-07T16:05:15","modified_gmt":"2026-03-07T15:05:15","slug":"elegantni-buket-ruza","status":"publish","type":"product","link":"https:\/\/provansadekor.rs\/en\/proizvod\/elegant-bouquet-rose\/","title":{"rendered":"An elegant bouquet of roses"},"content":{"rendered":"<div class=\"main-content col-lg-9\">\n<div id=\"primary\" class=\"content-area\">\n<p><em>Types of flowers in a bouquet<\/em>:<strong> Red rose.<\/strong><\/p>\n<p><em>Accompanying decoration<\/em><strong>:<\/strong> black decorative paper, burgundy satin bow, colorful braided ribbon.<\/p>\n<p>Glamorous bouquet with red<strong> roses<\/strong> in elegant black decorative paper with a combination of colorful braid and burgundy satin ribbon. Elegance that speaks for you.<\/p>\n<div id=\"product-30600\" class=\"product type-product post-30600 status-publish first instock product_cat-online-cvecara product_cat-101-ruza product_cat-luksuzni-aranzmani product_cat-buketi-cveca has-post-thumbnail shipping-taxable purchasable product-type-simple product-layout-default\">\n<div id=\"product-tab\" class=\"woocommerce-tabs woocommerce-tabs-hl3swnrn resp-htabs\">\n<div class=\"resp-tabs-container\">\n<div id=\"tab-description\" class=\"tab-content resp-tab-content resp-tab-content-active\" aria-labelledby=\"tab_item-0\">\n<div id=\"product-16134\" class=\"product type-product post-16134 status-publish first instock product_cat-101-ruza has-post-thumbnail featured shipping-taxable purchasable product-type-simple product-layout-default\">\n<div id=\"product-tab\" class=\"woocommerce-tabs woocommerce-tabs-s7fckep7 resp-htabs\">\n<div class=\"resp-tabs-container\">\n<div id=\"tab-description\" class=\"tab-content resp-tab-content resp-tab-content-active\" aria-labelledby=\"tab_item-1\">\n<h3>Choose Your Ideal Gift<\/h3>\n<p>There is nothing that will send a message as loud and clear as roses. And nothing more, nothing less <strong>101<\/strong>! Maybe\u00a0<strong>101 roses<\/strong>\u00a0not enough?<\/p>\n<p>Imagine this: We&#039;ll make whatever you can imagine <strong>arrangement<\/strong> from the\u00a0<strong>201 roses,<\/strong>\u00a0<strong>301 roses,<\/strong>\u00a0<strong>501 roses\u2026\u00a0<\/strong>And even an arrangement of\u00a0<strong>1001 roses<\/strong>.<\/p>\n<\/div>\n<\/div>\n<\/div>\n<\/div>\n<h2>101 Ruza, Flower Delivery Belgrade<\/h2>\n<\/div>\n<\/div>\n<\/div>\n<\/div>\n<p>&nbsp;<\/p>\n<\/div>\n<\/div>\n<div class=\"col-lg-3 sidebar porto-woo-product-sidebar right-sidebar mobile-sidebar\">\n<div class=\"pin-wrapper\">\n<div class=\"sticky-active\" data-plugin-sticky=\"\" data-plugin-options=\"{&quot;autoInit&quot;: true, &quot;minWidth&quot;: 992, &quot;containerSelector&quot;: &quot;.main-content-wrap&quot;,&quot;autoFit&quot;:true, &quot;paddingOffsetBottom&quot;: 10}\">\n<div class=\"sidebar-content\">\n<aside id=\"block-widget-2\" class=\"widget widget-block\">\n<div class=\"block\">\n<div class=\"pb-edit-link\" data-title=\"Edit block: Woo Sidebar Banner\" data-link=\"http:\/\/provansadekor.rs\/wp-admin\/post.php?post=286&amp;action=edit\"><\/div>\n<div class=\"porto-block has-pb-edit\" title=\"\" data-original-title=\"\">\n<div class=\"vc_row wpb_row row\">\n<div class=\"vc_column_container col-md-12\">\n<div class=\"wpb_wrapper vc_column-inner\">\n<div class=\"porto-feature-box wpb_content_element feature-bottom-margin m-b-md\">\n<div class=\"feature-box feature-box-primary feature-box-style-2\">\n<div class=\"feature-box-icon feature-box-icon-primary\"><\/div>\n<\/div>\n<\/div>\n<\/div>\n<\/div>\n<\/div>\n<\/div>\n<\/div>\n<\/aside>\n<\/div>\n<\/div>\n<\/div>\n<\/div>","protected":false},"excerpt":{"rendered":"<p>Types of flowers in the bouquet: red rose. Accompanying decoration: black decorative paper, burgundy satin bow, colorful braided ribbon. Glamorous bouquet of red roses in elegant black decorative paper with a combination of colorful braided and burgundy satin ribbon. Elegance that speaks for you. Choose Your Ideal Gift There is nothing like it that will send so loud and clear [...]<\/p>","protected":false},"featured_media":69957,"template":"","meta":[],"product_brand":[324],"product_cat":[320,169,115,286],"product_tag":[318,323],"class_list":{"0":"post-33885","1":"product","2":"type-product","3":"status-publish","4":"has-post-thumbnail","6":"product_brand-jesen-2025-by-provansa-dekor","7":"product_cat-8-mart","8":"product_cat-dan-zaljubljenih","9":"product_cat-buketi-cveca","10":"product_cat-xxl-buketi","11":"product_tag-crvene-ruze","12":"product_tag-sept25","14":"first","15":"instock","16":"shipping-taxable","17":"purchasable","18":"product-type-simple"},"yoast_head":"<!-- This site is optimized with the Yoast SEO Premium plugin v20.9 (Yoast SEO v26.5) - https:\/\/yoast.com\/wordpress\/plugins\/seo\/ -->\n<title>Elegantni buket ru\u017ea<\/title>\n<meta name=\"description\" content=\"101 ru\u017ea u buketu, crvene boje i u elegantnom belom ukrasnom papiru i sa \u010dipkastom crnom ma\u0161nom. Dostava Cve\u0107a Beograd\" \/>\n<meta name=\"robots\" content=\"index, follow, max-snippet:-1, max-image-preview:large, max-video-preview:-1\" \/>\n<link rel=\"canonical\" href=\"https:\/\/provansadekor.rs\/en\/proizvod\/elegant-bouquet-rose\/\" \/>\n<meta property=\"og:locale\" content=\"en_US\" \/>\n<meta property=\"og:type\" content=\"article\" \/>\n<meta property=\"og:title\" content=\"Elegantni buket ru\u017ea\" \/>\n<meta property=\"og:description\" content=\"101 ru\u017ea u buketu, crvene boje i u elegantnom belom ukrasnom papiru i sa \u010dipkastom crnom ma\u0161nom. Dostava Cve\u0107a Beograd\" \/>\n<meta property=\"og:url\" content=\"https:\/\/provansadekor.rs\/en\/proizvod\/elegant-bouquet-rose\/\" \/>\n<meta property=\"og:site_name\" content=\"Provansa Dekor\" \/>\n<meta property=\"article:publisher\" content=\"https:\/\/www.facebook.com\/provansadekor\" \/>\n<meta property=\"article:modified_time\" content=\"2026-03-07T15:05:15+00:00\" \/>\n<meta property=\"og:image\" content=\"https:\/\/provansadekor.rs\/wp-content\/uploads\/2022\/11\/32.jpg\" \/>\n\t<meta property=\"og:image:width\" content=\"900\" \/>\n\t<meta property=\"og:image:height\" content=\"900\" \/>\n\t<meta property=\"og:image:type\" content=\"image\/jpeg\" \/>\n<meta name=\"twitter:card\" content=\"summary_large_image\" \/>\n<meta name=\"twitter:label1\" content=\"Est. reading time\" \/>\n\t<meta name=\"twitter:data1\" content=\"1 minute\" \/>\n<script type=\"application\/ld+json\" class=\"yoast-schema-graph\">{\"@context\":\"https:\/\/schema.org\",\"@graph\":[{\"@type\":[\"WebPage\",\"ItemPage\"],\"@id\":\"https:\/\/provansadekor.rs\/proizvod\/elegantni-buket-ruza\/\",\"url\":\"https:\/\/provansadekor.rs\/proizvod\/elegantni-buket-ruza\/\",\"name\":\"Elegantni buket ru\u017ea\",\"isPartOf\":{\"@id\":\"https:\/\/provansadekor.rs\/#website\"},\"primaryImageOfPage\":{\"@id\":\"https:\/\/provansadekor.rs\/proizvod\/elegantni-buket-ruza\/#primaryimage\"},\"image\":{\"@id\":\"https:\/\/provansadekor.rs\/proizvod\/elegantni-buket-ruza\/#primaryimage\"},\"thumbnailUrl\":\"https:\/\/provansadekor.rs\/wp-content\/uploads\/2022\/11\/32.jpg\",\"datePublished\":\"2022-02-05T12:02:01+00:00\",\"dateModified\":\"2026-03-07T15:05:15+00:00\",\"description\":\"101 ru\u017ea u buketu, crvene boje i u elegantnom belom ukrasnom papiru i sa \u010dipkastom crnom ma\u0161nom. Dostava Cve\u0107a Beograd\",\"breadcrumb\":{\"@id\":\"https:\/\/provansadekor.rs\/proizvod\/elegantni-buket-ruza\/#breadcrumb\"},\"inLanguage\":\"en-US\",\"potentialAction\":[{\"@type\":\"ReadAction\",\"target\":[\"https:\/\/provansadekor.rs\/proizvod\/elegantni-buket-ruza\/\"]}]},{\"@type\":\"ImageObject\",\"inLanguage\":\"en-US\",\"@id\":\"https:\/\/provansadekor.rs\/proizvod\/elegantni-buket-ruza\/#primaryimage\",\"url\":\"https:\/\/provansadekor.rs\/wp-content\/uploads\/2022\/11\/32.jpg\",\"contentUrl\":\"https:\/\/provansadekor.rs\/wp-content\/uploads\/2022\/11\/32.jpg\",\"width\":900,\"height\":900},{\"@type\":\"BreadcrumbList\",\"@id\":\"https:\/\/provansadekor.rs\/proizvod\/elegantni-buket-ruza\/#breadcrumb\",\"itemListElement\":[{\"@type\":\"ListItem\",\"position\":1,\"name\":\"\u041f\u043e\u0447\u0435\u0442\u043d\u0430\",\"item\":\"https:\/\/provansadekor.rs\/\"},{\"@type\":\"ListItem\",\"position\":2,\"name\":\"\u041f\u0440\u043e\u0438\u0437\u0432\u043e\u0434\u0438\",\"item\":\"https:\/\/provansadekor.rs\/shop\/\"},{\"@type\":\"ListItem\",\"position\":3,\"name\":\"Elegantni buket ru\u017ea\"}]},{\"@type\":\"WebSite\",\"@id\":\"https:\/\/provansadekor.rs\/#website\",\"url\":\"https:\/\/provansadekor.rs\/\",\"name\":\"Provansa Dekor\",\"description\":\"Dostava cve\u0107a Beograd - Organizacija i Dekoracija doga\u0111aja - Ure\u0111enje zelenih povr\u0161ina\",\"publisher\":{\"@id\":\"https:\/\/provansadekor.rs\/#organization\"},\"potentialAction\":[{\"@type\":\"SearchAction\",\"target\":{\"@type\":\"EntryPoint\",\"urlTemplate\":\"https:\/\/provansadekor.rs\/?s={search_term_string}\"},\"query-input\":{\"@type\":\"PropertyValueSpecification\",\"valueRequired\":true,\"valueName\":\"search_term_string\"}}],\"inLanguage\":\"en-US\"},{\"@type\":\"Organization\",\"@id\":\"https:\/\/provansadekor.rs\/#organization\",\"name\":\"Provansa Dekor Cve\u0107ara Beograd\",\"url\":\"https:\/\/provansadekor.rs\/\",\"logo\":{\"@type\":\"ImageObject\",\"inLanguage\":\"en-US\",\"@id\":\"https:\/\/provansadekor.rs\/#\/schema\/logo\/image\/\",\"url\":\"https:\/\/provansadekor.rs\/wp-content\/uploads\/2022\/03\/logo-provansa.jpg\",\"contentUrl\":\"https:\/\/provansadekor.rs\/wp-content\/uploads\/2022\/03\/logo-provansa.jpg\",\"width\":200,\"height\":200,\"caption\":\"Provansa Dekor Cve\u0107ara Beograd\"},\"image\":{\"@id\":\"https:\/\/provansadekor.rs\/#\/schema\/logo\/image\/\"},\"sameAs\":[\"https:\/\/www.facebook.com\/provansadekor\",\"https:\/\/www.instagram.com\/provansadekor\/\"]}]}<\/script>\n<!-- \/ Yoast SEO Premium plugin. -->","yoast_head_json":{"title":"An elegant bouquet of roses","description":"101 roses in a bouquet, red color and in elegant white decorative paper and with a lacy black bow. Delivery of flowers Belgrade","robots":{"index":"index","follow":"follow","max-snippet":"max-snippet:-1","max-image-preview":"max-image-preview:large","max-video-preview":"max-video-preview:-1"},"canonical":"https:\/\/provansadekor.rs\/en\/proizvod\/elegant-bouquet-rose\/","og_locale":"en_US","og_type":"article","og_title":"Elegantni buket ru\u017ea","og_description":"101 ru\u017ea u buketu, crvene boje i u elegantnom belom ukrasnom papiru i sa \u010dipkastom crnom ma\u0161nom. Dostava Cve\u0107a Beograd","og_url":"https:\/\/provansadekor.rs\/en\/proizvod\/elegant-bouquet-rose\/","og_site_name":"Provansa Dekor","article_publisher":"https:\/\/www.facebook.com\/provansadekor","article_modified_time":"2026-03-07T15:05:15+00:00","og_image":[{"width":900,"height":900,"url":"https:\/\/provansadekor.rs\/wp-content\/uploads\/2022\/11\/32.jpg","type":"image\/jpeg"}],"twitter_card":"summary_large_image","twitter_misc":{"Est. reading time":"1 minute"},"schema":{"@context":"https:\/\/schema.org","@graph":[{"@type":["WebPage","ItemPage"],"@id":"https:\/\/provansadekor.rs\/proizvod\/elegantni-buket-ruza\/","url":"https:\/\/provansadekor.rs\/proizvod\/elegantni-buket-ruza\/","name":"An elegant bouquet of roses","isPartOf":{"@id":"https:\/\/provansadekor.rs\/#website"},"primaryImageOfPage":{"@id":"https:\/\/provansadekor.rs\/proizvod\/elegantni-buket-ruza\/#primaryimage"},"image":{"@id":"https:\/\/provansadekor.rs\/proizvod\/elegantni-buket-ruza\/#primaryimage"},"thumbnailUrl":"https:\/\/provansadekor.rs\/wp-content\/uploads\/2022\/11\/32.jpg","datePublished":"2022-02-05T12:02:01+00:00","dateModified":"2026-03-07T15:05:15+00:00","description":"101 roses in a bouquet, red color and in elegant white decorative paper and with a lacy black bow. Delivery of flowers Belgrade","breadcrumb":{"@id":"https:\/\/provansadekor.rs\/proizvod\/elegantni-buket-ruza\/#breadcrumb"},"inLanguage":"en-US","potentialAction":[{"@type":"ReadAction","target":["https:\/\/provansadekor.rs\/proizvod\/elegantni-buket-ruza\/"]}]},{"@type":"ImageObject","inLanguage":"en-US","@id":"https:\/\/provansadekor.rs\/proizvod\/elegantni-buket-ruza\/#primaryimage","url":"https:\/\/provansadekor.rs\/wp-content\/uploads\/2022\/11\/32.jpg","contentUrl":"https:\/\/provansadekor.rs\/wp-content\/uploads\/2022\/11\/32.jpg","width":900,"height":900},{"@type":"BreadcrumbList","@id":"https:\/\/provansadekor.rs\/proizvod\/elegantni-buket-ruza\/#breadcrumb","itemListElement":[{"@type":"ListItem","position":1,"name":"\u041f\u043e\u0447\u0435\u0442\u043d\u0430","item":"https:\/\/provansadekor.rs\/"},{"@type":"ListItem","position":2,"name":"\u041f\u0440\u043e\u0438\u0437\u0432\u043e\u0434\u0438","item":"https:\/\/provansadekor.rs\/shop\/"},{"@type":"ListItem","position":3,"name":"Elegantni buket ru\u017ea"}]},{"@type":"WebSite","@id":"https:\/\/provansadekor.rs\/#website","url":"https:\/\/provansadekor.rs\/","name":"Provence Decor","description":"Flower delivery Belgrade - Event organization and decoration - Landscaping","publisher":{"@id":"https:\/\/provansadekor.rs\/#organization"},"potentialAction":[{"@type":"SearchAction","target":{"@type":"EntryPoint","urlTemplate":"https:\/\/provansadekor.rs\/?s={search_term_string}"},"query-input":{"@type":"PropertyValueSpecification","valueRequired":true,"valueName":"search_term_string"}}],"inLanguage":"en-US"},{"@type":"Organization","@id":"https:\/\/provansadekor.rs\/#organization","name":"Provence Decor Flower Shop Belgrade","url":"https:\/\/provansadekor.rs\/","logo":{"@type":"ImageObject","inLanguage":"en-US","@id":"https:\/\/provansadekor.rs\/#\/schema\/logo\/image\/","url":"https:\/\/provansadekor.rs\/wp-content\/uploads\/2022\/03\/logo-provansa.jpg","contentUrl":"https:\/\/provansadekor.rs\/wp-content\/uploads\/2022\/03\/logo-provansa.jpg","width":200,"height":200,"caption":"Provansa Dekor Cve\u0107ara Beograd"},"image":{"@id":"https:\/\/provansadekor.rs\/#\/schema\/logo\/image\/"},"sameAs":["https:\/\/www.facebook.com\/provansadekor","https:\/\/www.instagram.com\/provansadekor\/"]}]}},"_links":{"self":[{"href":"https:\/\/provansadekor.rs\/en\/wp-json\/wp\/v2\/product\/33885","targetHints":{"allow":["GET"]}}],"collection":[{"href":"https:\/\/provansadekor.rs\/en\/wp-json\/wp\/v2\/product"}],"about":[{"href":"https:\/\/provansadekor.rs\/en\/wp-json\/wp\/v2\/types\/product"}],"version-history":[{"count":8,"href":"https:\/\/provansadekor.rs\/en\/wp-json\/wp\/v2\/product\/33885\/revisions"}],"predecessor-version":[{"id":69961,"href":"https:\/\/provansadekor.rs\/en\/wp-json\/wp\/v2\/product\/33885\/revisions\/69961"}],"wp:featuredmedia":[{"embeddable":true,"href":"https:\/\/provansadekor.rs\/en\/wp-json\/wp\/v2\/media\/69957"}],"wp:attachment":[{"href":"https:\/\/provansadekor.rs\/en\/wp-json\/wp\/v2\/media?parent=33885"}],"wp:term":[{"taxonomy":"product_brand","embeddable":true,"href":"https:\/\/provansadekor.rs\/en\/wp-json\/wp\/v2\/product_brand?post=33885"},{"taxonomy":"product_cat","embeddable":true,"href":"https:\/\/provansadekor.rs\/en\/wp-json\/wp\/v2\/product_cat?post=33885"},{"taxonomy":"product_tag","embeddable":true,"href":"https:\/\/provansadekor.rs\/en\/wp-json\/wp\/v2\/product_tag?post=33885"}],"curies":[{"name":"wp","href":"https:\/\/api.w.org\/{rel}","templated":true}]}}