{"id":33883,"date":"2022-02-05T13:33:58","date_gmt":"2022-02-05T12:33:58","guid":{"rendered":"http:\/\/provansadekor.rs\/?post_type=product&#038;p=33883"},"modified":"2026-03-18T16:16:15","modified_gmt":"2026-03-18T15:16:15","slug":"101-ruza-u-belom-box-u-za-strast-koja-ne-prestaje","status":"publish","type":"product","link":"https:\/\/provansadekor.rs\/en\/proizvod\/101-roses-in-a-white-box-for-a-passion-that-doesnt-stop\/","title":{"rendered":"101 Rose for passion that never ends"},"content":{"rendered":"<h2>101 Rose in a white box<\/h2>\n<p><strong>101 Rose in a white box<\/strong> for all occasions.<\/p>\n<p><em>Types of flowers in an arrangement<\/em>:<strong> red roses<\/strong>.<\/p>\n<p><em>Accompanying <strong>decoration<\/strong><\/em>: white plush box, black branded satin ribbon.<\/p>\n<p>Don&#039;t forget the important dates, but mark them with the right gift. Beautiful <a href=\"https:\/\/provansadekor.rs\/101-ruza-dostava-beograd\/\"><strong>101 roses<\/strong><\/a> in a white plush box with a black branded satin ribbon is a combination that will not leave anyone indifferent. An impressive creation that leaves you breathless!<\/p>\n<h2>101 roses, <a href=\"https:\/\/provansadekor.rs\/online-cvecara\/\">delivery in Belgrade<\/a><\/h2>","protected":false},"excerpt":{"rendered":"<p>101 Ru\u017ea u belom box-u 101 Ru\u017ea u belom box-u za sve prilike. Vrste cve\u0107a u aran\u017emanu: crvene ru\u017ee. Prate\u0107a dekoracija: beli pli\u0161ani box, crna brendirana satenska traka. Ne zaboravite bitne datume, ve\u0107 ih obele\u017eite pravim poklonom. Prelepa 101 ru\u017ea u belom pli\u0161anom box-u sa crnom brendiranom satenskom trakom predstavlja spoj koji nikoga ne ostavlja [&hellip;]<\/p>","protected":false},"featured_media":64580,"template":"","meta":[],"product_brand":[],"product_cat":[320,162,169],"product_tag":[319,318],"class_list":{"0":"post-33883","1":"product","2":"type-product","3":"status-publish","4":"has-post-thumbnail","6":"product_cat-8-mart","7":"product_cat-101-ruza","8":"product_cat-dan-zaljubljenih","9":"product_tag-101-crvena-ruza","10":"product_tag-crvene-ruze","12":"first","13":"instock","14":"shipping-taxable","15":"purchasable","16":"product-type-simple"},"yoast_head":"<!-- This site is optimized with the Yoast SEO Premium plugin v20.9 (Yoast SEO v26.5) - https:\/\/yoast.com\/wordpress\/plugins\/seo\/ -->\n<title>101 Ru\u017ea za strasti koja ne prestaje &#8211; Provansa Dekor<\/title>\n<meta name=\"description\" content=\"Prelepa 101 ru\u017ea u belom pli\u0161anom box-u sa crnom brendiranom satenskom trakom predstavlja spoj koji nikoga ne ostavlja ravnodu\u0161nim. Dostava cve\u0107a Beograd\" \/>\n<meta name=\"robots\" content=\"index, follow, max-snippet:-1, max-image-preview:large, max-video-preview:-1\" \/>\n<link rel=\"canonical\" href=\"https:\/\/provansadekor.rs\/en\/proizvod\/101-roses-in-a-white-box-for-a-passion-that-doesnt-stop\/\" \/>\n<meta property=\"og:locale\" content=\"en_US\" \/>\n<meta property=\"og:type\" content=\"article\" \/>\n<meta property=\"og:title\" content=\"101 Ru\u017ea za strast koja ne prestaje\" \/>\n<meta property=\"og:description\" content=\"Prelepa 101 ru\u017ea u belom pli\u0161anom box-u sa crnom brendiranom satenskom trakom predstavlja spoj koji nikoga ne ostavlja ravnodu\u0161nim. Dostava cve\u0107a Beograd\" \/>\n<meta property=\"og:url\" content=\"https:\/\/provansadekor.rs\/en\/proizvod\/101-roses-in-a-white-box-for-a-passion-that-doesnt-stop\/\" \/>\n<meta property=\"og:site_name\" content=\"Provansa Dekor\" \/>\n<meta property=\"article:publisher\" content=\"https:\/\/www.facebook.com\/provansadekor\" \/>\n<meta property=\"article:modified_time\" content=\"2026-03-18T15:16:15+00:00\" \/>\n<meta property=\"og:image\" content=\"https:\/\/provansadekor.rs\/wp-content\/uploads\/2022\/08\/13-1.jpg\" \/>\n\t<meta property=\"og:image:width\" content=\"1000\" \/>\n\t<meta property=\"og:image:height\" content=\"1000\" \/>\n\t<meta property=\"og:image:type\" content=\"image\/jpeg\" \/>\n<meta name=\"twitter:card\" content=\"summary_large_image\" \/>\n<meta name=\"twitter:label1\" content=\"Est. reading time\" \/>\n\t<meta name=\"twitter:data1\" content=\"1 minute\" \/>\n<script type=\"application\/ld+json\" class=\"yoast-schema-graph\">{\"@context\":\"https:\/\/schema.org\",\"@graph\":[{\"@type\":[\"WebPage\",\"ItemPage\"],\"@id\":\"https:\/\/provansadekor.rs\/proizvod\/101-ruza-u-belom-box-u-za-strast-koja-ne-prestaje\/\",\"url\":\"https:\/\/provansadekor.rs\/proizvod\/101-ruza-u-belom-box-u-za-strast-koja-ne-prestaje\/\",\"name\":\"101 Ru\u017ea za strasti koja ne prestaje &#8211; Provansa Dekor\",\"isPartOf\":{\"@id\":\"https:\/\/provansadekor.rs\/#website\"},\"primaryImageOfPage\":{\"@id\":\"https:\/\/provansadekor.rs\/proizvod\/101-ruza-u-belom-box-u-za-strast-koja-ne-prestaje\/#primaryimage\"},\"image\":{\"@id\":\"https:\/\/provansadekor.rs\/proizvod\/101-ruza-u-belom-box-u-za-strast-koja-ne-prestaje\/#primaryimage\"},\"thumbnailUrl\":\"https:\/\/provansadekor.rs\/wp-content\/uploads\/2022\/08\/13-1.jpg\",\"datePublished\":\"2022-02-05T12:33:58+00:00\",\"dateModified\":\"2026-03-18T15:16:15+00:00\",\"description\":\"Prelepa 101 ru\u017ea u belom pli\u0161anom box-u sa crnom brendiranom satenskom trakom predstavlja spoj koji nikoga ne ostavlja ravnodu\u0161nim. Dostava cve\u0107a Beograd\",\"breadcrumb\":{\"@id\":\"https:\/\/provansadekor.rs\/proizvod\/101-ruza-u-belom-box-u-za-strast-koja-ne-prestaje\/#breadcrumb\"},\"inLanguage\":\"en-US\",\"potentialAction\":[{\"@type\":\"ReadAction\",\"target\":[\"https:\/\/provansadekor.rs\/proizvod\/101-ruza-u-belom-box-u-za-strast-koja-ne-prestaje\/\"]}]},{\"@type\":\"ImageObject\",\"inLanguage\":\"en-US\",\"@id\":\"https:\/\/provansadekor.rs\/proizvod\/101-ruza-u-belom-box-u-za-strast-koja-ne-prestaje\/#primaryimage\",\"url\":\"https:\/\/provansadekor.rs\/wp-content\/uploads\/2022\/08\/13-1.jpg\",\"contentUrl\":\"https:\/\/provansadekor.rs\/wp-content\/uploads\/2022\/08\/13-1.jpg\",\"width\":1000,\"height\":1000,\"caption\":\"101 Ru\u017ea u belom box-u - Cve\u0107ara Provansa Dekor - Dostava cve\u0107a Beograd\"},{\"@type\":\"BreadcrumbList\",\"@id\":\"https:\/\/provansadekor.rs\/proizvod\/101-ruza-u-belom-box-u-za-strast-koja-ne-prestaje\/#breadcrumb\",\"itemListElement\":[{\"@type\":\"ListItem\",\"position\":1,\"name\":\"\u041f\u043e\u0447\u0435\u0442\u043d\u0430\",\"item\":\"https:\/\/provansadekor.rs\/\"},{\"@type\":\"ListItem\",\"position\":2,\"name\":\"\u041f\u0440\u043e\u0438\u0437\u0432\u043e\u0434\u0438\",\"item\":\"https:\/\/provansadekor.rs\/shop\/\"},{\"@type\":\"ListItem\",\"position\":3,\"name\":\"101 Ru\u017ea za strast koja ne prestaje\"}]},{\"@type\":\"WebSite\",\"@id\":\"https:\/\/provansadekor.rs\/#website\",\"url\":\"https:\/\/provansadekor.rs\/\",\"name\":\"Provansa Dekor\",\"description\":\"Dostava cve\u0107a Beograd - Organizacija i Dekoracija doga\u0111aja - Ure\u0111enje zelenih povr\u0161ina\",\"publisher\":{\"@id\":\"https:\/\/provansadekor.rs\/#organization\"},\"potentialAction\":[{\"@type\":\"SearchAction\",\"target\":{\"@type\":\"EntryPoint\",\"urlTemplate\":\"https:\/\/provansadekor.rs\/?s={search_term_string}\"},\"query-input\":{\"@type\":\"PropertyValueSpecification\",\"valueRequired\":true,\"valueName\":\"search_term_string\"}}],\"inLanguage\":\"en-US\"},{\"@type\":\"Organization\",\"@id\":\"https:\/\/provansadekor.rs\/#organization\",\"name\":\"Provansa Dekor Cve\u0107ara Beograd\",\"url\":\"https:\/\/provansadekor.rs\/\",\"logo\":{\"@type\":\"ImageObject\",\"inLanguage\":\"en-US\",\"@id\":\"https:\/\/provansadekor.rs\/#\/schema\/logo\/image\/\",\"url\":\"https:\/\/provansadekor.rs\/wp-content\/uploads\/2022\/03\/logo-provansa.jpg\",\"contentUrl\":\"https:\/\/provansadekor.rs\/wp-content\/uploads\/2022\/03\/logo-provansa.jpg\",\"width\":200,\"height\":200,\"caption\":\"Provansa Dekor Cve\u0107ara Beograd\"},\"image\":{\"@id\":\"https:\/\/provansadekor.rs\/#\/schema\/logo\/image\/\"},\"sameAs\":[\"https:\/\/www.facebook.com\/provansadekor\",\"https:\/\/www.instagram.com\/provansadekor\/\"]}]}<\/script>\n<!-- \/ Yoast SEO Premium plugin. -->","yoast_head_json":{"title":"101 Rose for passions that never stop - Provence Decor","description":"Beautiful 101 roses in a white plush box with a black branded satin ribbon is a combination that will not leave anyone indifferent. Flower delivery Belgrade","robots":{"index":"index","follow":"follow","max-snippet":"max-snippet:-1","max-image-preview":"max-image-preview:large","max-video-preview":"max-video-preview:-1"},"canonical":"https:\/\/provansadekor.rs\/en\/proizvod\/101-roses-in-a-white-box-for-a-passion-that-doesnt-stop\/","og_locale":"en_US","og_type":"article","og_title":"101 Ru\u017ea za strast koja ne prestaje","og_description":"Prelepa 101 ru\u017ea u belom pli\u0161anom box-u sa crnom brendiranom satenskom trakom predstavlja spoj koji nikoga ne ostavlja ravnodu\u0161nim. Dostava cve\u0107a Beograd","og_url":"https:\/\/provansadekor.rs\/en\/proizvod\/101-roses-in-a-white-box-for-a-passion-that-doesnt-stop\/","og_site_name":"Provansa Dekor","article_publisher":"https:\/\/www.facebook.com\/provansadekor","article_modified_time":"2026-03-18T15:16:15+00:00","og_image":[{"width":1000,"height":1000,"url":"https:\/\/provansadekor.rs\/wp-content\/uploads\/2022\/08\/13-1.jpg","type":"image\/jpeg"}],"twitter_card":"summary_large_image","twitter_misc":{"Est. reading time":"1 minute"},"schema":{"@context":"https:\/\/schema.org","@graph":[{"@type":["WebPage","ItemPage"],"@id":"https:\/\/provansadekor.rs\/proizvod\/101-ruza-u-belom-box-u-za-strast-koja-ne-prestaje\/","url":"https:\/\/provansadekor.rs\/proizvod\/101-ruza-u-belom-box-u-za-strast-koja-ne-prestaje\/","name":"101 Rose for passions that never stop - Provence Decor","isPartOf":{"@id":"https:\/\/provansadekor.rs\/#website"},"primaryImageOfPage":{"@id":"https:\/\/provansadekor.rs\/proizvod\/101-ruza-u-belom-box-u-za-strast-koja-ne-prestaje\/#primaryimage"},"image":{"@id":"https:\/\/provansadekor.rs\/proizvod\/101-ruza-u-belom-box-u-za-strast-koja-ne-prestaje\/#primaryimage"},"thumbnailUrl":"https:\/\/provansadekor.rs\/wp-content\/uploads\/2022\/08\/13-1.jpg","datePublished":"2022-02-05T12:33:58+00:00","dateModified":"2026-03-18T15:16:15+00:00","description":"Beautiful 101 roses in a white plush box with a black branded satin ribbon is a combination that will not leave anyone indifferent. Flower delivery Belgrade","breadcrumb":{"@id":"https:\/\/provansadekor.rs\/proizvod\/101-ruza-u-belom-box-u-za-strast-koja-ne-prestaje\/#breadcrumb"},"inLanguage":"en-US","potentialAction":[{"@type":"ReadAction","target":["https:\/\/provansadekor.rs\/proizvod\/101-ruza-u-belom-box-u-za-strast-koja-ne-prestaje\/"]}]},{"@type":"ImageObject","inLanguage":"en-US","@id":"https:\/\/provansadekor.rs\/proizvod\/101-ruza-u-belom-box-u-za-strast-koja-ne-prestaje\/#primaryimage","url":"https:\/\/provansadekor.rs\/wp-content\/uploads\/2022\/08\/13-1.jpg","contentUrl":"https:\/\/provansadekor.rs\/wp-content\/uploads\/2022\/08\/13-1.jpg","width":1000,"height":1000,"caption":"101 Ru\u017ea u belom box-u - Cve\u0107ara Provansa Dekor - Dostava cve\u0107a Beograd"},{"@type":"BreadcrumbList","@id":"https:\/\/provansadekor.rs\/proizvod\/101-ruza-u-belom-box-u-za-strast-koja-ne-prestaje\/#breadcrumb","itemListElement":[{"@type":"ListItem","position":1,"name":"\u041f\u043e\u0447\u0435\u0442\u043d\u0430","item":"https:\/\/provansadekor.rs\/"},{"@type":"ListItem","position":2,"name":"\u041f\u0440\u043e\u0438\u0437\u0432\u043e\u0434\u0438","item":"https:\/\/provansadekor.rs\/shop\/"},{"@type":"ListItem","position":3,"name":"101 Ru\u017ea za strast koja ne prestaje"}]},{"@type":"WebSite","@id":"https:\/\/provansadekor.rs\/#website","url":"https:\/\/provansadekor.rs\/","name":"Provence Decor","description":"Flower delivery Belgrade - Event organization and decoration - Landscaping","publisher":{"@id":"https:\/\/provansadekor.rs\/#organization"},"potentialAction":[{"@type":"SearchAction","target":{"@type":"EntryPoint","urlTemplate":"https:\/\/provansadekor.rs\/?s={search_term_string}"},"query-input":{"@type":"PropertyValueSpecification","valueRequired":true,"valueName":"search_term_string"}}],"inLanguage":"en-US"},{"@type":"Organization","@id":"https:\/\/provansadekor.rs\/#organization","name":"Provence Decor Flower Shop Belgrade","url":"https:\/\/provansadekor.rs\/","logo":{"@type":"ImageObject","inLanguage":"en-US","@id":"https:\/\/provansadekor.rs\/#\/schema\/logo\/image\/","url":"https:\/\/provansadekor.rs\/wp-content\/uploads\/2022\/03\/logo-provansa.jpg","contentUrl":"https:\/\/provansadekor.rs\/wp-content\/uploads\/2022\/03\/logo-provansa.jpg","width":200,"height":200,"caption":"Provansa Dekor Cve\u0107ara Beograd"},"image":{"@id":"https:\/\/provansadekor.rs\/#\/schema\/logo\/image\/"},"sameAs":["https:\/\/www.facebook.com\/provansadekor","https:\/\/www.instagram.com\/provansadekor\/"]}]}},"_links":{"self":[{"href":"https:\/\/provansadekor.rs\/en\/wp-json\/wp\/v2\/product\/33883","targetHints":{"allow":["GET"]}}],"collection":[{"href":"https:\/\/provansadekor.rs\/en\/wp-json\/wp\/v2\/product"}],"about":[{"href":"https:\/\/provansadekor.rs\/en\/wp-json\/wp\/v2\/types\/product"}],"version-history":[{"count":8,"href":"https:\/\/provansadekor.rs\/en\/wp-json\/wp\/v2\/product\/33883\/revisions"}],"predecessor-version":[{"id":70380,"href":"https:\/\/provansadekor.rs\/en\/wp-json\/wp\/v2\/product\/33883\/revisions\/70380"}],"wp:featuredmedia":[{"embeddable":true,"href":"https:\/\/provansadekor.rs\/en\/wp-json\/wp\/v2\/media\/64580"}],"wp:attachment":[{"href":"https:\/\/provansadekor.rs\/en\/wp-json\/wp\/v2\/media?parent=33883"}],"wp:term":[{"taxonomy":"product_brand","embeddable":true,"href":"https:\/\/provansadekor.rs\/en\/wp-json\/wp\/v2\/product_brand?post=33883"},{"taxonomy":"product_cat","embeddable":true,"href":"https:\/\/provansadekor.rs\/en\/wp-json\/wp\/v2\/product_cat?post=33883"},{"taxonomy":"product_tag","embeddable":true,"href":"https:\/\/provansadekor.rs\/en\/wp-json\/wp\/v2\/product_tag?post=33883"}],"curies":[{"name":"wp","href":"https:\/\/api.w.org\/{rel}","templated":true}]}}