{"id":32195,"date":"2022-02-09T13:31:32","date_gmt":"2022-02-09T12:31:32","guid":{"rendered":"http:\/\/provansadekor.rs\/?post_type=product&#038;p=32195"},"modified":"2026-03-18T16:15:48","modified_gmt":"2026-03-18T15:15:48","slug":"101-ruza-box-srce-za-prilike-koje-se-ne-propustaju","status":"publish","type":"product","link":"https:\/\/provansadekor.rs\/en\/proizvod\/101-pink-box-heart-for-occasions-not-to-be-missed\/","title":{"rendered":"101 Rose box heart for occasions not to be missed"},"content":{"rendered":"<h2>101 Rose box heart<\/h2>\n<p><strong>101 Rose box heart<\/strong> is the perfect gift.<\/p>\n<p><em>Species <strong>flowers in an arrangement<\/strong><\/em><strong>: red roses<\/strong>.<\/p>\n<p><em>Accompanying decoration<\/em>: black heart-shaped box, colorful decorative bow in red\/black, thin burgundy satin bow.<\/p>\n<p>Black <strong>box arrangement<\/strong> heart shaped full of beautiful <strong>red roses<\/strong>. And that&#039;s no more and no less <a href=\"https:\/\/provansadekor.rs\/kategorija-proizvoda\/101-ruza\/\"><strong>101 roses<\/strong><\/a> carefully selected and prepared just for you. Delight your loved ones with this phenomenal gift that will make them smile and attract your attention. We deliver it to the address in no more than an hour!<\/p>\n<p>If it is small <strong>101 roses<\/strong> you can order from us <strong>201,301..1001 roses<\/strong>!<\/p>\n<h2 style=\"text-align: center;\">101 <strong> rose box arrangement<\/strong><strong>, <a href=\"https:\/\/provansadekor.rs\/online-cvecara\/\">flower delivery<\/a><\/strong><\/h2>","protected":false},"excerpt":{"rendered":"<p>101 Rose box heart 101 Rose box heart is the perfect gift. Type of flowers in the arrangement: red roses. Accompanying decoration: black heart-shaped box, colorful decorative bow in red\/black, thin burgundy satin bow. Black box arrangement in the shape of a heart full of beautiful red roses. And no more and no less than 101 carefully selected roses [...]<\/p>","protected":false},"featured_media":49253,"template":"","meta":[],"product_brand":[],"product_cat":[320,162,169],"product_tag":[319,318],"class_list":{"0":"post-32195","1":"product","2":"type-product","3":"status-publish","4":"has-post-thumbnail","6":"product_cat-8-mart","7":"product_cat-101-ruza","8":"product_cat-dan-zaljubljenih","9":"product_tag-101-crvena-ruza","10":"product_tag-crvene-ruze","12":"first","13":"instock","14":"featured","15":"shipping-taxable","16":"purchasable","17":"product-type-simple"},"yoast_head":"<!-- This site is optimized with the Yoast SEO Premium plugin v20.9 (Yoast SEO v26.5) - https:\/\/yoast.com\/wordpress\/plugins\/seo\/ -->\n<title>101 Ru\u017ea\u00a0box srce &#8211; Provansa Dekor Provansa Dekor<\/title>\n<meta name=\"description\" content=\"101 Ru\u017ea box srce za prilike koje se ne propu\u0161taju! Dostava cve\u0107a u Beogradu, na adresu za najvi\u0161e sat vremena! Cve\u0107ara Provansa Dekor\" \/>\n<meta name=\"robots\" content=\"index, follow, max-snippet:-1, max-image-preview:large, max-video-preview:-1\" \/>\n<link rel=\"canonical\" href=\"https:\/\/provansadekor.rs\/en\/proizvod\/101-pink-box-heart-for-occasions-not-to-be-missed\/\" \/>\n<meta property=\"og:locale\" content=\"en_US\" \/>\n<meta property=\"og:type\" content=\"article\" \/>\n<meta property=\"og:title\" content=\"101 Ru\u017ea box srce za prilike koje se ne propu\u0161taju\" \/>\n<meta property=\"og:description\" content=\"101 Ru\u017ea box srce za prilike koje se ne propu\u0161taju! Dostava cve\u0107a u Beogradu, na adresu za najvi\u0161e sat vremena! Cve\u0107ara Provansa Dekor\" \/>\n<meta property=\"og:url\" content=\"https:\/\/provansadekor.rs\/en\/proizvod\/101-pink-box-heart-for-occasions-not-to-be-missed\/\" \/>\n<meta property=\"og:site_name\" content=\"Provansa Dekor\" \/>\n<meta property=\"article:publisher\" content=\"https:\/\/www.facebook.com\/provansadekor\" \/>\n<meta property=\"article:modified_time\" content=\"2026-03-18T15:15:48+00:00\" \/>\n<meta property=\"og:image\" content=\"https:\/\/provansadekor.rs\/wp-content\/uploads\/2021\/02\/SAS-9800.jpg\" \/>\n\t<meta property=\"og:image:width\" content=\"1000\" \/>\n\t<meta property=\"og:image:height\" content=\"1000\" \/>\n\t<meta property=\"og:image:type\" content=\"image\/jpeg\" \/>\n<meta name=\"twitter:card\" content=\"summary_large_image\" \/>\n<meta name=\"twitter:label1\" content=\"Est. reading time\" \/>\n\t<meta name=\"twitter:data1\" content=\"1 minute\" \/>\n<script type=\"application\/ld+json\" class=\"yoast-schema-graph\">{\"@context\":\"https:\/\/schema.org\",\"@graph\":[{\"@type\":[\"WebPage\",\"ItemPage\"],\"@id\":\"https:\/\/provansadekor.rs\/proizvod\/101-ruza-box-srce-za-prilike-koje-se-ne-propustaju\/\",\"url\":\"https:\/\/provansadekor.rs\/proizvod\/101-ruza-box-srce-za-prilike-koje-se-ne-propustaju\/\",\"name\":\"101 Ru\u017ea\u00a0box srce &#8211; Provansa Dekor Provansa Dekor\",\"isPartOf\":{\"@id\":\"https:\/\/provansadekor.rs\/#website\"},\"primaryImageOfPage\":{\"@id\":\"https:\/\/provansadekor.rs\/proizvod\/101-ruza-box-srce-za-prilike-koje-se-ne-propustaju\/#primaryimage\"},\"image\":{\"@id\":\"https:\/\/provansadekor.rs\/proizvod\/101-ruza-box-srce-za-prilike-koje-se-ne-propustaju\/#primaryimage\"},\"thumbnailUrl\":\"https:\/\/provansadekor.rs\/wp-content\/uploads\/2021\/02\/SAS-9800.jpg\",\"datePublished\":\"2022-02-09T12:31:32+00:00\",\"dateModified\":\"2026-03-18T15:15:48+00:00\",\"description\":\"101 Ru\u017ea box srce za prilike koje se ne propu\u0161taju! Dostava cve\u0107a u Beogradu, na adresu za najvi\u0161e sat vremena! Cve\u0107ara Provansa Dekor\",\"breadcrumb\":{\"@id\":\"https:\/\/provansadekor.rs\/proizvod\/101-ruza-box-srce-za-prilike-koje-se-ne-propustaju\/#breadcrumb\"},\"inLanguage\":\"en-US\",\"potentialAction\":[{\"@type\":\"ReadAction\",\"target\":[\"https:\/\/provansadekor.rs\/proizvod\/101-ruza-box-srce-za-prilike-koje-se-ne-propustaju\/\"]}]},{\"@type\":\"ImageObject\",\"inLanguage\":\"en-US\",\"@id\":\"https:\/\/provansadekor.rs\/proizvod\/101-ruza-box-srce-za-prilike-koje-se-ne-propustaju\/#primaryimage\",\"url\":\"https:\/\/provansadekor.rs\/wp-content\/uploads\/2021\/02\/SAS-9800.jpg\",\"contentUrl\":\"https:\/\/provansadekor.rs\/wp-content\/uploads\/2021\/02\/SAS-9800.jpg\",\"width\":1000,\"height\":1000,\"caption\":\"101 ru\u017ea\u00a0box srce - 101 ru\u017ea Beograd - Dostava cve\u0107a - Cve\u0107ara Provansa Dekor\"},{\"@type\":\"BreadcrumbList\",\"@id\":\"https:\/\/provansadekor.rs\/proizvod\/101-ruza-box-srce-za-prilike-koje-se-ne-propustaju\/#breadcrumb\",\"itemListElement\":[{\"@type\":\"ListItem\",\"position\":1,\"name\":\"\u041f\u043e\u0447\u0435\u0442\u043d\u0430\",\"item\":\"https:\/\/provansadekor.rs\/\"},{\"@type\":\"ListItem\",\"position\":2,\"name\":\"\u041f\u0440\u043e\u0438\u0437\u0432\u043e\u0434\u0438\",\"item\":\"https:\/\/provansadekor.rs\/shop\/\"},{\"@type\":\"ListItem\",\"position\":3,\"name\":\"101 Ru\u017ea box srce za prilike koje se ne propu\u0161taju\"}]},{\"@type\":\"WebSite\",\"@id\":\"https:\/\/provansadekor.rs\/#website\",\"url\":\"https:\/\/provansadekor.rs\/\",\"name\":\"Provansa Dekor\",\"description\":\"Dostava cve\u0107a Beograd - Organizacija i Dekoracija doga\u0111aja - Ure\u0111enje zelenih povr\u0161ina\",\"publisher\":{\"@id\":\"https:\/\/provansadekor.rs\/#organization\"},\"potentialAction\":[{\"@type\":\"SearchAction\",\"target\":{\"@type\":\"EntryPoint\",\"urlTemplate\":\"https:\/\/provansadekor.rs\/?s={search_term_string}\"},\"query-input\":{\"@type\":\"PropertyValueSpecification\",\"valueRequired\":true,\"valueName\":\"search_term_string\"}}],\"inLanguage\":\"en-US\"},{\"@type\":\"Organization\",\"@id\":\"https:\/\/provansadekor.rs\/#organization\",\"name\":\"Provansa Dekor Cve\u0107ara Beograd\",\"url\":\"https:\/\/provansadekor.rs\/\",\"logo\":{\"@type\":\"ImageObject\",\"inLanguage\":\"en-US\",\"@id\":\"https:\/\/provansadekor.rs\/#\/schema\/logo\/image\/\",\"url\":\"https:\/\/provansadekor.rs\/wp-content\/uploads\/2022\/03\/logo-provansa.jpg\",\"contentUrl\":\"https:\/\/provansadekor.rs\/wp-content\/uploads\/2022\/03\/logo-provansa.jpg\",\"width\":200,\"height\":200,\"caption\":\"Provansa Dekor Cve\u0107ara Beograd\"},\"image\":{\"@id\":\"https:\/\/provansadekor.rs\/#\/schema\/logo\/image\/\"},\"sameAs\":[\"https:\/\/www.facebook.com\/provansadekor\",\"https:\/\/www.instagram.com\/provansadekor\/\"]}]}<\/script>\n<!-- \/ Yoast SEO Premium plugin. -->","yoast_head_json":{"title":"101 Rose box heart \u2013 Provence Decor Provence Decor","description":"101 Rose box heart for opportunities not to be missed! Delivery of flowers in Belgrade, to the address in no more than an hour! Flower shop Provence Decor","robots":{"index":"index","follow":"follow","max-snippet":"max-snippet:-1","max-image-preview":"max-image-preview:large","max-video-preview":"max-video-preview:-1"},"canonical":"https:\/\/provansadekor.rs\/en\/proizvod\/101-pink-box-heart-for-occasions-not-to-be-missed\/","og_locale":"en_US","og_type":"article","og_title":"101 Ru\u017ea box srce za prilike koje se ne propu\u0161taju","og_description":"101 Ru\u017ea box srce za prilike koje se ne propu\u0161taju! Dostava cve\u0107a u Beogradu, na adresu za najvi\u0161e sat vremena! Cve\u0107ara Provansa Dekor","og_url":"https:\/\/provansadekor.rs\/en\/proizvod\/101-pink-box-heart-for-occasions-not-to-be-missed\/","og_site_name":"Provansa Dekor","article_publisher":"https:\/\/www.facebook.com\/provansadekor","article_modified_time":"2026-03-18T15:15:48+00:00","og_image":[{"width":1000,"height":1000,"url":"https:\/\/provansadekor.rs\/wp-content\/uploads\/2021\/02\/SAS-9800.jpg","type":"image\/jpeg"}],"twitter_card":"summary_large_image","twitter_misc":{"Est. reading time":"1 minute"},"schema":{"@context":"https:\/\/schema.org","@graph":[{"@type":["WebPage","ItemPage"],"@id":"https:\/\/provansadekor.rs\/proizvod\/101-ruza-box-srce-za-prilike-koje-se-ne-propustaju\/","url":"https:\/\/provansadekor.rs\/proizvod\/101-ruza-box-srce-za-prilike-koje-se-ne-propustaju\/","name":"101 Rose box heart \u2013 Provence Decor Provence Decor","isPartOf":{"@id":"https:\/\/provansadekor.rs\/#website"},"primaryImageOfPage":{"@id":"https:\/\/provansadekor.rs\/proizvod\/101-ruza-box-srce-za-prilike-koje-se-ne-propustaju\/#primaryimage"},"image":{"@id":"https:\/\/provansadekor.rs\/proizvod\/101-ruza-box-srce-za-prilike-koje-se-ne-propustaju\/#primaryimage"},"thumbnailUrl":"https:\/\/provansadekor.rs\/wp-content\/uploads\/2021\/02\/SAS-9800.jpg","datePublished":"2022-02-09T12:31:32+00:00","dateModified":"2026-03-18T15:15:48+00:00","description":"101 Rose box heart for opportunities not to be missed! Delivery of flowers in Belgrade, to the address in no more than an hour! Flower shop Provence Decor","breadcrumb":{"@id":"https:\/\/provansadekor.rs\/proizvod\/101-ruza-box-srce-za-prilike-koje-se-ne-propustaju\/#breadcrumb"},"inLanguage":"en-US","potentialAction":[{"@type":"ReadAction","target":["https:\/\/provansadekor.rs\/proizvod\/101-ruza-box-srce-za-prilike-koje-se-ne-propustaju\/"]}]},{"@type":"ImageObject","inLanguage":"en-US","@id":"https:\/\/provansadekor.rs\/proizvod\/101-ruza-box-srce-za-prilike-koje-se-ne-propustaju\/#primaryimage","url":"https:\/\/provansadekor.rs\/wp-content\/uploads\/2021\/02\/SAS-9800.jpg","contentUrl":"https:\/\/provansadekor.rs\/wp-content\/uploads\/2021\/02\/SAS-9800.jpg","width":1000,"height":1000,"caption":"101 ru\u017ea\u00a0box srce - 101 ru\u017ea Beograd - Dostava cve\u0107a - Cve\u0107ara Provansa Dekor"},{"@type":"BreadcrumbList","@id":"https:\/\/provansadekor.rs\/proizvod\/101-ruza-box-srce-za-prilike-koje-se-ne-propustaju\/#breadcrumb","itemListElement":[{"@type":"ListItem","position":1,"name":"\u041f\u043e\u0447\u0435\u0442\u043d\u0430","item":"https:\/\/provansadekor.rs\/"},{"@type":"ListItem","position":2,"name":"\u041f\u0440\u043e\u0438\u0437\u0432\u043e\u0434\u0438","item":"https:\/\/provansadekor.rs\/shop\/"},{"@type":"ListItem","position":3,"name":"101 Ru\u017ea box srce za prilike koje se ne propu\u0161taju"}]},{"@type":"WebSite","@id":"https:\/\/provansadekor.rs\/#website","url":"https:\/\/provansadekor.rs\/","name":"Provence Decor","description":"Flower delivery Belgrade - Event organization and decoration - Landscaping","publisher":{"@id":"https:\/\/provansadekor.rs\/#organization"},"potentialAction":[{"@type":"SearchAction","target":{"@type":"EntryPoint","urlTemplate":"https:\/\/provansadekor.rs\/?s={search_term_string}"},"query-input":{"@type":"PropertyValueSpecification","valueRequired":true,"valueName":"search_term_string"}}],"inLanguage":"en-US"},{"@type":"Organization","@id":"https:\/\/provansadekor.rs\/#organization","name":"Provence Decor Flower Shop Belgrade","url":"https:\/\/provansadekor.rs\/","logo":{"@type":"ImageObject","inLanguage":"en-US","@id":"https:\/\/provansadekor.rs\/#\/schema\/logo\/image\/","url":"https:\/\/provansadekor.rs\/wp-content\/uploads\/2022\/03\/logo-provansa.jpg","contentUrl":"https:\/\/provansadekor.rs\/wp-content\/uploads\/2022\/03\/logo-provansa.jpg","width":200,"height":200,"caption":"Provansa Dekor Cve\u0107ara Beograd"},"image":{"@id":"https:\/\/provansadekor.rs\/#\/schema\/logo\/image\/"},"sameAs":["https:\/\/www.facebook.com\/provansadekor","https:\/\/www.instagram.com\/provansadekor\/"]}]}},"_links":{"self":[{"href":"https:\/\/provansadekor.rs\/en\/wp-json\/wp\/v2\/product\/32195","targetHints":{"allow":["GET"]}}],"collection":[{"href":"https:\/\/provansadekor.rs\/en\/wp-json\/wp\/v2\/product"}],"about":[{"href":"https:\/\/provansadekor.rs\/en\/wp-json\/wp\/v2\/types\/product"}],"version-history":[{"count":9,"href":"https:\/\/provansadekor.rs\/en\/wp-json\/wp\/v2\/product\/32195\/revisions"}],"predecessor-version":[{"id":70385,"href":"https:\/\/provansadekor.rs\/en\/wp-json\/wp\/v2\/product\/32195\/revisions\/70385"}],"wp:featuredmedia":[{"embeddable":true,"href":"https:\/\/provansadekor.rs\/en\/wp-json\/wp\/v2\/media\/49253"}],"wp:attachment":[{"href":"https:\/\/provansadekor.rs\/en\/wp-json\/wp\/v2\/media?parent=32195"}],"wp:term":[{"taxonomy":"product_brand","embeddable":true,"href":"https:\/\/provansadekor.rs\/en\/wp-json\/wp\/v2\/product_brand?post=32195"},{"taxonomy":"product_cat","embeddable":true,"href":"https:\/\/provansadekor.rs\/en\/wp-json\/wp\/v2\/product_cat?post=32195"},{"taxonomy":"product_tag","embeddable":true,"href":"https:\/\/provansadekor.rs\/en\/wp-json\/wp\/v2\/product_tag?post=32195"}],"curies":[{"name":"wp","href":"https:\/\/api.w.org\/{rel}","templated":true}]}}