{"id":32190,"date":"2021-02-11T13:19:11","date_gmt":"2021-02-11T12:19:11","guid":{"rendered":"http:\/\/provansadekor.rs\/?post_type=product&#038;p=32190"},"modified":"2026-03-08T16:28:33","modified_gmt":"2026-03-08T15:28:33","slug":"barsunasti-mini-beli-aranzman","status":"publish","type":"product","link":"https:\/\/provansadekor.rs\/en\/proizvod\/velvet-mini-white-arrangement\/","title":{"rendered":"Velvet mini white arrangement"},"content":{"rendered":"<p><em>Species <strong>flowers in an arrangement<\/strong><\/em><strong>:<\/strong> white rose, white lisianthus, white chrysanthemum, two types of eucalyptus and asparagus.<\/p>\n<p><em>Accompanying decoration<\/em><strong>:<\/strong> white ceramic bowl, pink bow.<\/p>\n<p>In moments when you want to express the purest feelings, choose white. A fine combination of white rose with lisianthus and white chrysanthemum decorated with eucalyptus and asparagus combined in a white ceramic bowl with a pink bow that will remain as a mark of this gesture. <strong>A symbolic gift<\/strong> for a special occasion or one that is not.<\/p>\n<p>Visit ours <strong>online store<\/strong> for another handful of bouquets and a flower box <strong>arrangement.<\/strong><\/p>","protected":false},"excerpt":{"rendered":"<p>Vrsta cve\u0107a u aran\u017emanu: bela ru\u017ea, beli lizijantus, bela hrizantema, dve vrste eukaliptusa i asparagus. Prate\u0107a dekoracija: bela kerami\u010dka posuda, roze ma\u0161na. U trenucima kada \u017eelite da iska\u017eete naj\u010distija ose\u0107anja odaberite belo. Fina kombinacija bele ru\u017ee sa lizijantusom i hrizantemom u beloj boji ukra\u0161ena eukaliptusom i asparagusom spojeni u beloj kerami\u010dkoj posudi sa ru\u017ei\u010dastom ma\u0161nom [&hellip;]<\/p>","protected":false},"featured_media":49267,"template":"","meta":[],"product_brand":[327],"product_cat":[320,146],"product_tag":[],"class_list":{"0":"post-32190","1":"product","2":"type-product","3":"status-publish","4":"has-post-thumbnail","6":"product_brand-do5","7":"product_cat-8-mart","8":"product_cat-cvece-u-kutiji","10":"first","11":"instock","12":"shipping-taxable","13":"purchasable","14":"product-type-simple"},"yoast_head":"<!-- This site is optimized with the Yoast SEO Premium plugin v20.9 (Yoast SEO v26.5) - https:\/\/yoast.com\/wordpress\/plugins\/seo\/ -->\n<title>Bar\u0161unasti mini beli aran\u017eman &#8211; Provansa Dekor<\/title>\n<meta name=\"description\" content=\"Simboli\u010dan poklon za posebnu priliku ili onu koja to nije.Posetite na\u0161u online prodavnicu za jos pregr\u0161t buketa i cvetnik aran\u017emana.\" \/>\n<meta name=\"robots\" content=\"index, follow, max-snippet:-1, max-image-preview:large, max-video-preview:-1\" \/>\n<link rel=\"canonical\" href=\"https:\/\/provansadekor.rs\/en\/proizvod\/velvet-mini-white-arrangement\/\" \/>\n<meta property=\"og:locale\" content=\"en_US\" \/>\n<meta property=\"og:type\" content=\"article\" \/>\n<meta property=\"og:title\" content=\"Bar\u0161unasti mini beli aran\u017eman\" \/>\n<meta property=\"og:description\" content=\"Simboli\u010dan poklon za posebnu priliku ili onu koja to nije.Posetite na\u0161u online prodavnicu za jos pregr\u0161t buketa i cvetnik aran\u017emana.\" \/>\n<meta property=\"og:url\" content=\"https:\/\/provansadekor.rs\/en\/proizvod\/velvet-mini-white-arrangement\/\" \/>\n<meta property=\"og:site_name\" content=\"Provansa Dekor\" \/>\n<meta property=\"article:publisher\" content=\"https:\/\/www.facebook.com\/provansadekor\" \/>\n<meta property=\"article:modified_time\" content=\"2026-03-08T15:28:33+00:00\" \/>\n<meta property=\"og:image\" content=\"https:\/\/provansadekor.rs\/wp-content\/uploads\/2021\/02\/SAS-0088.jpg\" \/>\n\t<meta property=\"og:image:width\" content=\"1000\" \/>\n\t<meta property=\"og:image:height\" content=\"1000\" \/>\n\t<meta property=\"og:image:type\" content=\"image\/jpeg\" \/>\n<meta name=\"twitter:card\" content=\"summary_large_image\" \/>\n<meta name=\"twitter:label1\" content=\"Est. reading time\" \/>\n\t<meta name=\"twitter:data1\" content=\"1 minute\" \/>\n<script type=\"application\/ld+json\" class=\"yoast-schema-graph\">{\"@context\":\"https:\/\/schema.org\",\"@graph\":[{\"@type\":[\"WebPage\",\"ItemPage\"],\"@id\":\"https:\/\/provansadekor.rs\/proizvod\/barsunasti-mini-beli-aranzman\/\",\"url\":\"https:\/\/provansadekor.rs\/proizvod\/barsunasti-mini-beli-aranzman\/\",\"name\":\"Bar\u0161unasti mini beli aran\u017eman &#8211; Provansa Dekor\",\"isPartOf\":{\"@id\":\"https:\/\/provansadekor.rs\/#website\"},\"primaryImageOfPage\":{\"@id\":\"https:\/\/provansadekor.rs\/proizvod\/barsunasti-mini-beli-aranzman\/#primaryimage\"},\"image\":{\"@id\":\"https:\/\/provansadekor.rs\/proizvod\/barsunasti-mini-beli-aranzman\/#primaryimage\"},\"thumbnailUrl\":\"https:\/\/provansadekor.rs\/wp-content\/uploads\/2021\/02\/SAS-0088.jpg\",\"datePublished\":\"2021-02-11T12:19:11+00:00\",\"dateModified\":\"2026-03-08T15:28:33+00:00\",\"description\":\"Simboli\u010dan poklon za posebnu priliku ili onu koja to nije.Posetite na\u0161u online prodavnicu za jos pregr\u0161t buketa i cvetnik aran\u017emana.\",\"breadcrumb\":{\"@id\":\"https:\/\/provansadekor.rs\/proizvod\/barsunasti-mini-beli-aranzman\/#breadcrumb\"},\"inLanguage\":\"en-US\",\"potentialAction\":[{\"@type\":\"ReadAction\",\"target\":[\"https:\/\/provansadekor.rs\/proizvod\/barsunasti-mini-beli-aranzman\/\"]}]},{\"@type\":\"ImageObject\",\"inLanguage\":\"en-US\",\"@id\":\"https:\/\/provansadekor.rs\/proizvod\/barsunasti-mini-beli-aranzman\/#primaryimage\",\"url\":\"https:\/\/provansadekor.rs\/wp-content\/uploads\/2021\/02\/SAS-0088.jpg\",\"contentUrl\":\"https:\/\/provansadekor.rs\/wp-content\/uploads\/2021\/02\/SAS-0088.jpg\",\"width\":1000,\"height\":1000},{\"@type\":\"BreadcrumbList\",\"@id\":\"https:\/\/provansadekor.rs\/proizvod\/barsunasti-mini-beli-aranzman\/#breadcrumb\",\"itemListElement\":[{\"@type\":\"ListItem\",\"position\":1,\"name\":\"\u041f\u043e\u0447\u0435\u0442\u043d\u0430\",\"item\":\"https:\/\/provansadekor.rs\/\"},{\"@type\":\"ListItem\",\"position\":2,\"name\":\"\u041f\u0440\u043e\u0438\u0437\u0432\u043e\u0434\u0438\",\"item\":\"https:\/\/provansadekor.rs\/shop\/\"},{\"@type\":\"ListItem\",\"position\":3,\"name\":\"Bar\u0161unasti mini beli aran\u017eman\"}]},{\"@type\":\"WebSite\",\"@id\":\"https:\/\/provansadekor.rs\/#website\",\"url\":\"https:\/\/provansadekor.rs\/\",\"name\":\"Provansa Dekor\",\"description\":\"Dostava cve\u0107a Beograd - Organizacija i Dekoracija doga\u0111aja - Ure\u0111enje zelenih povr\u0161ina\",\"publisher\":{\"@id\":\"https:\/\/provansadekor.rs\/#organization\"},\"potentialAction\":[{\"@type\":\"SearchAction\",\"target\":{\"@type\":\"EntryPoint\",\"urlTemplate\":\"https:\/\/provansadekor.rs\/?s={search_term_string}\"},\"query-input\":{\"@type\":\"PropertyValueSpecification\",\"valueRequired\":true,\"valueName\":\"search_term_string\"}}],\"inLanguage\":\"en-US\"},{\"@type\":\"Organization\",\"@id\":\"https:\/\/provansadekor.rs\/#organization\",\"name\":\"Provansa Dekor Cve\u0107ara Beograd\",\"url\":\"https:\/\/provansadekor.rs\/\",\"logo\":{\"@type\":\"ImageObject\",\"inLanguage\":\"en-US\",\"@id\":\"https:\/\/provansadekor.rs\/#\/schema\/logo\/image\/\",\"url\":\"https:\/\/provansadekor.rs\/wp-content\/uploads\/2022\/03\/logo-provansa.jpg\",\"contentUrl\":\"https:\/\/provansadekor.rs\/wp-content\/uploads\/2022\/03\/logo-provansa.jpg\",\"width\":200,\"height\":200,\"caption\":\"Provansa Dekor Cve\u0107ara Beograd\"},\"image\":{\"@id\":\"https:\/\/provansadekor.rs\/#\/schema\/logo\/image\/\"},\"sameAs\":[\"https:\/\/www.facebook.com\/provansadekor\",\"https:\/\/www.instagram.com\/provansadekor\/\"]}]}<\/script>\n<!-- \/ Yoast SEO Premium plugin. -->","yoast_head_json":{"title":"Velvet mini white arrangement - Provence Decor","description":"A symbolic gift for a special occasion or one that is not. Visit our online store for more bouquets and flower arrangements.","robots":{"index":"index","follow":"follow","max-snippet":"max-snippet:-1","max-image-preview":"max-image-preview:large","max-video-preview":"max-video-preview:-1"},"canonical":"https:\/\/provansadekor.rs\/en\/proizvod\/velvet-mini-white-arrangement\/","og_locale":"en_US","og_type":"article","og_title":"Bar\u0161unasti mini beli aran\u017eman","og_description":"Simboli\u010dan poklon za posebnu priliku ili onu koja to nije.Posetite na\u0161u online prodavnicu za jos pregr\u0161t buketa i cvetnik aran\u017emana.","og_url":"https:\/\/provansadekor.rs\/en\/proizvod\/velvet-mini-white-arrangement\/","og_site_name":"Provansa Dekor","article_publisher":"https:\/\/www.facebook.com\/provansadekor","article_modified_time":"2026-03-08T15:28:33+00:00","og_image":[{"width":1000,"height":1000,"url":"https:\/\/provansadekor.rs\/wp-content\/uploads\/2021\/02\/SAS-0088.jpg","type":"image\/jpeg"}],"twitter_card":"summary_large_image","twitter_misc":{"Est. reading time":"1 minute"},"schema":{"@context":"https:\/\/schema.org","@graph":[{"@type":["WebPage","ItemPage"],"@id":"https:\/\/provansadekor.rs\/proizvod\/barsunasti-mini-beli-aranzman\/","url":"https:\/\/provansadekor.rs\/proizvod\/barsunasti-mini-beli-aranzman\/","name":"Velvet mini white arrangement - Provence Decor","isPartOf":{"@id":"https:\/\/provansadekor.rs\/#website"},"primaryImageOfPage":{"@id":"https:\/\/provansadekor.rs\/proizvod\/barsunasti-mini-beli-aranzman\/#primaryimage"},"image":{"@id":"https:\/\/provansadekor.rs\/proizvod\/barsunasti-mini-beli-aranzman\/#primaryimage"},"thumbnailUrl":"https:\/\/provansadekor.rs\/wp-content\/uploads\/2021\/02\/SAS-0088.jpg","datePublished":"2021-02-11T12:19:11+00:00","dateModified":"2026-03-08T15:28:33+00:00","description":"A symbolic gift for a special occasion or one that is not. Visit our online store for more bouquets and flower arrangements.","breadcrumb":{"@id":"https:\/\/provansadekor.rs\/proizvod\/barsunasti-mini-beli-aranzman\/#breadcrumb"},"inLanguage":"en-US","potentialAction":[{"@type":"ReadAction","target":["https:\/\/provansadekor.rs\/proizvod\/barsunasti-mini-beli-aranzman\/"]}]},{"@type":"ImageObject","inLanguage":"en-US","@id":"https:\/\/provansadekor.rs\/proizvod\/barsunasti-mini-beli-aranzman\/#primaryimage","url":"https:\/\/provansadekor.rs\/wp-content\/uploads\/2021\/02\/SAS-0088.jpg","contentUrl":"https:\/\/provansadekor.rs\/wp-content\/uploads\/2021\/02\/SAS-0088.jpg","width":1000,"height":1000},{"@type":"BreadcrumbList","@id":"https:\/\/provansadekor.rs\/proizvod\/barsunasti-mini-beli-aranzman\/#breadcrumb","itemListElement":[{"@type":"ListItem","position":1,"name":"\u041f\u043e\u0447\u0435\u0442\u043d\u0430","item":"https:\/\/provansadekor.rs\/"},{"@type":"ListItem","position":2,"name":"\u041f\u0440\u043e\u0438\u0437\u0432\u043e\u0434\u0438","item":"https:\/\/provansadekor.rs\/shop\/"},{"@type":"ListItem","position":3,"name":"Bar\u0161unasti mini beli aran\u017eman"}]},{"@type":"WebSite","@id":"https:\/\/provansadekor.rs\/#website","url":"https:\/\/provansadekor.rs\/","name":"Provence Decor","description":"Flower delivery Belgrade - Event organization and decoration - Landscaping","publisher":{"@id":"https:\/\/provansadekor.rs\/#organization"},"potentialAction":[{"@type":"SearchAction","target":{"@type":"EntryPoint","urlTemplate":"https:\/\/provansadekor.rs\/?s={search_term_string}"},"query-input":{"@type":"PropertyValueSpecification","valueRequired":true,"valueName":"search_term_string"}}],"inLanguage":"en-US"},{"@type":"Organization","@id":"https:\/\/provansadekor.rs\/#organization","name":"Provence Decor Flower Shop Belgrade","url":"https:\/\/provansadekor.rs\/","logo":{"@type":"ImageObject","inLanguage":"en-US","@id":"https:\/\/provansadekor.rs\/#\/schema\/logo\/image\/","url":"https:\/\/provansadekor.rs\/wp-content\/uploads\/2022\/03\/logo-provansa.jpg","contentUrl":"https:\/\/provansadekor.rs\/wp-content\/uploads\/2022\/03\/logo-provansa.jpg","width":200,"height":200,"caption":"Provansa Dekor Cve\u0107ara Beograd"},"image":{"@id":"https:\/\/provansadekor.rs\/#\/schema\/logo\/image\/"},"sameAs":["https:\/\/www.facebook.com\/provansadekor","https:\/\/www.instagram.com\/provansadekor\/"]}]}},"_links":{"self":[{"href":"https:\/\/provansadekor.rs\/en\/wp-json\/wp\/v2\/product\/32190","targetHints":{"allow":["GET"]}}],"collection":[{"href":"https:\/\/provansadekor.rs\/en\/wp-json\/wp\/v2\/product"}],"about":[{"href":"https:\/\/provansadekor.rs\/en\/wp-json\/wp\/v2\/types\/product"}],"version-history":[{"count":5,"href":"https:\/\/provansadekor.rs\/en\/wp-json\/wp\/v2\/product\/32190\/revisions"}],"predecessor-version":[{"id":67509,"href":"https:\/\/provansadekor.rs\/en\/wp-json\/wp\/v2\/product\/32190\/revisions\/67509"}],"wp:featuredmedia":[{"embeddable":true,"href":"https:\/\/provansadekor.rs\/en\/wp-json\/wp\/v2\/media\/49267"}],"wp:attachment":[{"href":"https:\/\/provansadekor.rs\/en\/wp-json\/wp\/v2\/media?parent=32190"}],"wp:term":[{"taxonomy":"product_brand","embeddable":true,"href":"https:\/\/provansadekor.rs\/en\/wp-json\/wp\/v2\/product_brand?post=32190"},{"taxonomy":"product_cat","embeddable":true,"href":"https:\/\/provansadekor.rs\/en\/wp-json\/wp\/v2\/product_cat?post=32190"},{"taxonomy":"product_tag","embeddable":true,"href":"https:\/\/provansadekor.rs\/en\/wp-json\/wp\/v2\/product_tag?post=32190"}],"curies":[{"name":"wp","href":"https:\/\/api.w.org\/{rel}","templated":true}]}}