{"id":32178,"date":"2021-02-11T12:39:29","date_gmt":"2021-02-11T11:39:29","guid":{"rendered":"http:\/\/provansadekor.rs\/?post_type=product&#038;p=32178"},"modified":"2026-03-13T11:35:22","modified_gmt":"2026-03-13T10:35:22","slug":"buket-inspirisan-neznoscu","status":"publish","type":"product","link":"https:\/\/provansadekor.rs\/en\/proizvod\/bouquet-inspired-by-intolerance\/","title":{"rendered":"A bouquet inspired by tenderness"},"content":{"rendered":"<p><em>Kinds of <strong>flowers in a bouquet<\/strong><\/em><strong>:<\/strong> pink roses, white lisianthus, pink alstroemeria, wax, eucalyptus.<\/p>\n<p><em>Accompanying decoration<\/em>: blue decorative mesh, light green paper, pale pink satin ribbon bow.<\/p>\n<p>A combination <strong>fresh flowers in a bouquet<\/strong> consisting of roses, lisianthus, alstroemeria, wax and green eucalyptus wrapped in a decorative mesh wrapped in light green paper with a satin ribbon.<\/p>\n<p>Order this one <strong>bouquet<\/strong>, and we will deliver it for you to the desired address in max 1 hour.<\/p>","protected":false},"excerpt":{"rendered":"<p>Vrste cve\u0107a u buketu: pink ru\u017ee, beli lizijantusi, roze alstromerija, wax, eukaliptus. Prate\u0107a dekoracija: plava dekorativna mre\u017eica, svetlo zeleni papir, ma\u0161na od bledo roze satenske trake. Kombinacija sve\u017eeg cve\u0107a u buketu koju \u010dine ru\u017ee, lizijantusi, alstromerija, wax i zeleni eukaliptus upakovan u dekorativnu mre\u017eicu obavijenu svetlo zelenim papirom sa satenskom trakom. Poru\u010dite ovaj buket, a [&hellip;]<\/p>","protected":false},"featured_media":32107,"template":"","meta":[],"product_brand":[],"product_cat":[115],"product_tag":[],"class_list":{"0":"post-32178","1":"product","2":"type-product","3":"status-publish","4":"has-post-thumbnail","6":"product_cat-buketi-cveca","8":"first","9":"instock","10":"shipping-taxable","11":"purchasable","12":"product-type-simple"},"yoast_head":"<!-- This site is optimized with the Yoast SEO Premium plugin v20.9 (Yoast SEO v26.5) - https:\/\/yoast.com\/wordpress\/plugins\/seo\/ -->\n<title>Buket inspirisan ne\u017eno\u0161\u0107u &#8211; Provansa Dekor<\/title>\n<meta name=\"description\" content=\"Prate\u0107a dekoracija: plava dekorativna mre\u017eica, svetlo zeleni papir, ma\u0161na od bledo roze satenske trake. Dostava Cve\u0107a Beograd\" \/>\n<meta name=\"robots\" content=\"index, follow, max-snippet:-1, max-image-preview:large, max-video-preview:-1\" \/>\n<link rel=\"canonical\" href=\"https:\/\/provansadekor.rs\/en\/proizvod\/bouquet-inspired-by-intolerance\/\" \/>\n<meta property=\"og:locale\" content=\"en_US\" \/>\n<meta property=\"og:type\" content=\"article\" \/>\n<meta property=\"og:title\" content=\"Buket inspirisan ne\u017eno\u0161\u0107u\" \/>\n<meta property=\"og:description\" content=\"Prate\u0107a dekoracija: plava dekorativna mre\u017eica, svetlo zeleni papir, ma\u0161na od bledo roze satenske trake. Dostava Cve\u0107a Beograd\" \/>\n<meta property=\"og:url\" content=\"https:\/\/provansadekor.rs\/en\/proizvod\/bouquet-inspired-by-intolerance\/\" \/>\n<meta property=\"og:site_name\" content=\"Provansa Dekor\" \/>\n<meta property=\"article:publisher\" content=\"https:\/\/www.facebook.com\/provansadekor\" \/>\n<meta property=\"article:modified_time\" content=\"2026-03-13T10:35:22+00:00\" \/>\n<meta property=\"og:image\" content=\"https:\/\/provansadekor.rs\/wp-content\/uploads\/2021\/02\/buket-mrezica-zeleni-3.jpg\" \/>\n\t<meta property=\"og:image:width\" content=\"1200\" \/>\n\t<meta property=\"og:image:height\" content=\"1600\" \/>\n\t<meta property=\"og:image:type\" content=\"image\/jpeg\" \/>\n<meta name=\"twitter:card\" content=\"summary_large_image\" \/>\n<meta name=\"twitter:label1\" content=\"Est. reading time\" \/>\n\t<meta name=\"twitter:data1\" content=\"1 minute\" \/>\n<script type=\"application\/ld+json\" class=\"yoast-schema-graph\">{\"@context\":\"https:\/\/schema.org\",\"@graph\":[{\"@type\":[\"WebPage\",\"ItemPage\"],\"@id\":\"https:\/\/provansadekor.rs\/proizvod\/buket-inspirisan-neznoscu\/\",\"url\":\"https:\/\/provansadekor.rs\/proizvod\/buket-inspirisan-neznoscu\/\",\"name\":\"Buket inspirisan ne\u017eno\u0161\u0107u &#8211; Provansa Dekor\",\"isPartOf\":{\"@id\":\"https:\/\/provansadekor.rs\/#website\"},\"primaryImageOfPage\":{\"@id\":\"https:\/\/provansadekor.rs\/proizvod\/buket-inspirisan-neznoscu\/#primaryimage\"},\"image\":{\"@id\":\"https:\/\/provansadekor.rs\/proizvod\/buket-inspirisan-neznoscu\/#primaryimage\"},\"thumbnailUrl\":\"https:\/\/provansadekor.rs\/wp-content\/uploads\/2021\/02\/buket-mrezica-zeleni-3.jpg\",\"datePublished\":\"2021-02-11T11:39:29+00:00\",\"dateModified\":\"2026-03-13T10:35:22+00:00\",\"description\":\"Prate\u0107a dekoracija: plava dekorativna mre\u017eica, svetlo zeleni papir, ma\u0161na od bledo roze satenske trake. Dostava Cve\u0107a Beograd\",\"breadcrumb\":{\"@id\":\"https:\/\/provansadekor.rs\/proizvod\/buket-inspirisan-neznoscu\/#breadcrumb\"},\"inLanguage\":\"en-US\",\"potentialAction\":[{\"@type\":\"ReadAction\",\"target\":[\"https:\/\/provansadekor.rs\/proizvod\/buket-inspirisan-neznoscu\/\"]}]},{\"@type\":\"ImageObject\",\"inLanguage\":\"en-US\",\"@id\":\"https:\/\/provansadekor.rs\/proizvod\/buket-inspirisan-neznoscu\/#primaryimage\",\"url\":\"https:\/\/provansadekor.rs\/wp-content\/uploads\/2021\/02\/buket-mrezica-zeleni-3.jpg\",\"contentUrl\":\"https:\/\/provansadekor.rs\/wp-content\/uploads\/2021\/02\/buket-mrezica-zeleni-3.jpg\",\"width\":1200,\"height\":1600},{\"@type\":\"BreadcrumbList\",\"@id\":\"https:\/\/provansadekor.rs\/proizvod\/buket-inspirisan-neznoscu\/#breadcrumb\",\"itemListElement\":[{\"@type\":\"ListItem\",\"position\":1,\"name\":\"\u041f\u043e\u0447\u0435\u0442\u043d\u0430\",\"item\":\"https:\/\/provansadekor.rs\/\"},{\"@type\":\"ListItem\",\"position\":2,\"name\":\"\u041f\u0440\u043e\u0438\u0437\u0432\u043e\u0434\u0438\",\"item\":\"https:\/\/provansadekor.rs\/shop\/\"},{\"@type\":\"ListItem\",\"position\":3,\"name\":\"Buket inspirisan ne\u017eno\u0161\u0107u\"}]},{\"@type\":\"WebSite\",\"@id\":\"https:\/\/provansadekor.rs\/#website\",\"url\":\"https:\/\/provansadekor.rs\/\",\"name\":\"Provansa Dekor\",\"description\":\"Dostava cve\u0107a Beograd - Organizacija i Dekoracija doga\u0111aja - Ure\u0111enje zelenih povr\u0161ina\",\"publisher\":{\"@id\":\"https:\/\/provansadekor.rs\/#organization\"},\"potentialAction\":[{\"@type\":\"SearchAction\",\"target\":{\"@type\":\"EntryPoint\",\"urlTemplate\":\"https:\/\/provansadekor.rs\/?s={search_term_string}\"},\"query-input\":{\"@type\":\"PropertyValueSpecification\",\"valueRequired\":true,\"valueName\":\"search_term_string\"}}],\"inLanguage\":\"en-US\"},{\"@type\":\"Organization\",\"@id\":\"https:\/\/provansadekor.rs\/#organization\",\"name\":\"Provansa Dekor Cve\u0107ara Beograd\",\"url\":\"https:\/\/provansadekor.rs\/\",\"logo\":{\"@type\":\"ImageObject\",\"inLanguage\":\"en-US\",\"@id\":\"https:\/\/provansadekor.rs\/#\/schema\/logo\/image\/\",\"url\":\"https:\/\/provansadekor.rs\/wp-content\/uploads\/2022\/03\/logo-provansa.jpg\",\"contentUrl\":\"https:\/\/provansadekor.rs\/wp-content\/uploads\/2022\/03\/logo-provansa.jpg\",\"width\":200,\"height\":200,\"caption\":\"Provansa Dekor Cve\u0107ara Beograd\"},\"image\":{\"@id\":\"https:\/\/provansadekor.rs\/#\/schema\/logo\/image\/\"},\"sameAs\":[\"https:\/\/www.facebook.com\/provansadekor\",\"https:\/\/www.instagram.com\/provansadekor\/\"]}]}<\/script>\n<!-- \/ Yoast SEO Premium plugin. -->","yoast_head_json":{"title":"A bouquet inspired by tenderness - Provence Decor","description":"Accompanying decoration: blue decorative mesh, light green paper, pale pink satin ribbon bow. Delivery of flowers Belgrade","robots":{"index":"index","follow":"follow","max-snippet":"max-snippet:-1","max-image-preview":"max-image-preview:large","max-video-preview":"max-video-preview:-1"},"canonical":"https:\/\/provansadekor.rs\/en\/proizvod\/bouquet-inspired-by-intolerance\/","og_locale":"en_US","og_type":"article","og_title":"Buket inspirisan ne\u017eno\u0161\u0107u","og_description":"Prate\u0107a dekoracija: plava dekorativna mre\u017eica, svetlo zeleni papir, ma\u0161na od bledo roze satenske trake. Dostava Cve\u0107a Beograd","og_url":"https:\/\/provansadekor.rs\/en\/proizvod\/bouquet-inspired-by-intolerance\/","og_site_name":"Provansa Dekor","article_publisher":"https:\/\/www.facebook.com\/provansadekor","article_modified_time":"2026-03-13T10:35:22+00:00","og_image":[{"width":1200,"height":1600,"url":"https:\/\/provansadekor.rs\/wp-content\/uploads\/2021\/02\/buket-mrezica-zeleni-3.jpg","type":"image\/jpeg"}],"twitter_card":"summary_large_image","twitter_misc":{"Est. reading time":"1 minute"},"schema":{"@context":"https:\/\/schema.org","@graph":[{"@type":["WebPage","ItemPage"],"@id":"https:\/\/provansadekor.rs\/proizvod\/buket-inspirisan-neznoscu\/","url":"https:\/\/provansadekor.rs\/proizvod\/buket-inspirisan-neznoscu\/","name":"A bouquet inspired by tenderness - Provence Decor","isPartOf":{"@id":"https:\/\/provansadekor.rs\/#website"},"primaryImageOfPage":{"@id":"https:\/\/provansadekor.rs\/proizvod\/buket-inspirisan-neznoscu\/#primaryimage"},"image":{"@id":"https:\/\/provansadekor.rs\/proizvod\/buket-inspirisan-neznoscu\/#primaryimage"},"thumbnailUrl":"https:\/\/provansadekor.rs\/wp-content\/uploads\/2021\/02\/buket-mrezica-zeleni-3.jpg","datePublished":"2021-02-11T11:39:29+00:00","dateModified":"2026-03-13T10:35:22+00:00","description":"Accompanying decoration: blue decorative mesh, light green paper, pale pink satin ribbon bow. Delivery of flowers Belgrade","breadcrumb":{"@id":"https:\/\/provansadekor.rs\/proizvod\/buket-inspirisan-neznoscu\/#breadcrumb"},"inLanguage":"en-US","potentialAction":[{"@type":"ReadAction","target":["https:\/\/provansadekor.rs\/proizvod\/buket-inspirisan-neznoscu\/"]}]},{"@type":"ImageObject","inLanguage":"en-US","@id":"https:\/\/provansadekor.rs\/proizvod\/buket-inspirisan-neznoscu\/#primaryimage","url":"https:\/\/provansadekor.rs\/wp-content\/uploads\/2021\/02\/buket-mrezica-zeleni-3.jpg","contentUrl":"https:\/\/provansadekor.rs\/wp-content\/uploads\/2021\/02\/buket-mrezica-zeleni-3.jpg","width":1200,"height":1600},{"@type":"BreadcrumbList","@id":"https:\/\/provansadekor.rs\/proizvod\/buket-inspirisan-neznoscu\/#breadcrumb","itemListElement":[{"@type":"ListItem","position":1,"name":"\u041f\u043e\u0447\u0435\u0442\u043d\u0430","item":"https:\/\/provansadekor.rs\/"},{"@type":"ListItem","position":2,"name":"\u041f\u0440\u043e\u0438\u0437\u0432\u043e\u0434\u0438","item":"https:\/\/provansadekor.rs\/shop\/"},{"@type":"ListItem","position":3,"name":"Buket inspirisan ne\u017eno\u0161\u0107u"}]},{"@type":"WebSite","@id":"https:\/\/provansadekor.rs\/#website","url":"https:\/\/provansadekor.rs\/","name":"Provence Decor","description":"Flower delivery Belgrade - Event organization and decoration - Landscaping","publisher":{"@id":"https:\/\/provansadekor.rs\/#organization"},"potentialAction":[{"@type":"SearchAction","target":{"@type":"EntryPoint","urlTemplate":"https:\/\/provansadekor.rs\/?s={search_term_string}"},"query-input":{"@type":"PropertyValueSpecification","valueRequired":true,"valueName":"search_term_string"}}],"inLanguage":"en-US"},{"@type":"Organization","@id":"https:\/\/provansadekor.rs\/#organization","name":"Provence Decor Flower Shop Belgrade","url":"https:\/\/provansadekor.rs\/","logo":{"@type":"ImageObject","inLanguage":"en-US","@id":"https:\/\/provansadekor.rs\/#\/schema\/logo\/image\/","url":"https:\/\/provansadekor.rs\/wp-content\/uploads\/2022\/03\/logo-provansa.jpg","contentUrl":"https:\/\/provansadekor.rs\/wp-content\/uploads\/2022\/03\/logo-provansa.jpg","width":200,"height":200,"caption":"Provansa Dekor Cve\u0107ara Beograd"},"image":{"@id":"https:\/\/provansadekor.rs\/#\/schema\/logo\/image\/"},"sameAs":["https:\/\/www.facebook.com\/provansadekor","https:\/\/www.instagram.com\/provansadekor\/"]}]}},"_links":{"self":[{"href":"https:\/\/provansadekor.rs\/en\/wp-json\/wp\/v2\/product\/32178","targetHints":{"allow":["GET"]}}],"collection":[{"href":"https:\/\/provansadekor.rs\/en\/wp-json\/wp\/v2\/product"}],"about":[{"href":"https:\/\/provansadekor.rs\/en\/wp-json\/wp\/v2\/types\/product"}],"version-history":[{"count":6,"href":"https:\/\/provansadekor.rs\/en\/wp-json\/wp\/v2\/product\/32178\/revisions"}],"predecessor-version":[{"id":67281,"href":"https:\/\/provansadekor.rs\/en\/wp-json\/wp\/v2\/product\/32178\/revisions\/67281"}],"wp:featuredmedia":[{"embeddable":true,"href":"https:\/\/provansadekor.rs\/en\/wp-json\/wp\/v2\/media\/32107"}],"wp:attachment":[{"href":"https:\/\/provansadekor.rs\/en\/wp-json\/wp\/v2\/media?parent=32178"}],"wp:term":[{"taxonomy":"product_brand","embeddable":true,"href":"https:\/\/provansadekor.rs\/en\/wp-json\/wp\/v2\/product_brand?post=32178"},{"taxonomy":"product_cat","embeddable":true,"href":"https:\/\/provansadekor.rs\/en\/wp-json\/wp\/v2\/product_cat?post=32178"},{"taxonomy":"product_tag","embeddable":true,"href":"https:\/\/provansadekor.rs\/en\/wp-json\/wp\/v2\/product_tag?post=32178"}],"curies":[{"name":"wp","href":"https:\/\/api.w.org\/{rel}","templated":true}]}}