{"id":31982,"date":"2021-02-04T16:03:36","date_gmt":"2021-02-04T15:03:36","guid":{"rendered":"http:\/\/provansadekor.rs\/?post_type=product&#038;p=31982"},"modified":"2026-03-07T16:05:20","modified_gmt":"2026-03-07T15:05:20","slug":"lepota-sarenila-u-buketu-sa-101-ruzom","status":"publish","type":"product","link":"https:\/\/provansadekor.rs\/en\/proizvod\/beauty-arranged-in-a-bouquet-with-101-roses\/","title":{"rendered":"Colorful beauty in a bouquet with 101 roses"},"content":{"rendered":"<div class=\"main-content col-lg-9\">\n<div id=\"primary\" class=\"content-area\">\n<h2>101 A colorful rose in a bouquet as a synonym of luxury<\/h2>\n<p>101 Colorful roses in a bouquet for a feeling of luxury.<\/p>\n<p><em>The type of flowers in the bouquet<\/em>:<strong> red roses, pink rose, white rose, yellow rose, lilac rose<\/strong>.<\/p>\n<p><em>Accompanying decoration<\/em>: colorful transparent decorative paper, black decorative paper, satin bow.<\/p>\n<div id=\"product-30600\" class=\"product type-product post-30600 status-publish first instock product_cat-online-cvecara product_cat-101-ruza product_cat-luksuzni-aranzmani product_cat-buketi-cveca has-post-thumbnail shipping-taxable purchasable product-type-simple product-layout-default\">\n<div id=\"product-tab\" class=\"woocommerce-tabs woocommerce-tabs-hl3swnrn resp-htabs\">\n<div class=\"resp-tabs-container\">\n<div id=\"tab-description\" class=\"tab-content resp-tab-content resp-tab-content-active\" aria-labelledby=\"tab_item-0\">\n<div id=\"product-16134\" class=\"product type-product post-16134 status-publish first instock product_cat-101-ruza has-post-thumbnail featured shipping-taxable purchasable product-type-simple product-layout-default\">\n<div id=\"product-tab\" class=\"woocommerce-tabs woocommerce-tabs-s7fckep7 resp-htabs\">\n<div class=\"resp-tabs-container\">\n<div id=\"tab-description\" class=\"tab-content resp-tab-content resp-tab-content-active\" aria-labelledby=\"tab_item-1\">\n<p>A wonderful combination <strong>a rose<\/strong> in different colors packed in a perfect bouquet. Two-tone paper with a bow adds the finishing touch. They are ideal for your sympathy, but also for the expression of friendship and affection.<\/p>\n<p>We can also deliver them to the desired address, just tell us where and when.<\/p>\n<h2><a href=\"https:\/\/provansadekor.rs\/online-cvecara\/\">Flower Shop Online<\/a>, White City<\/h2>\n<p>All of <strong>arrangements<\/strong> are made from freshly harvested <strong>flowers<\/strong> and created especially for you.<\/p>\n<p>Choose Your Ideal Gift<\/p>\n<ul>\n<li><a href=\"https:\/\/provansadekor.rs\/101-ruza-dostava-beograd\/\">101 roses<\/a>,<\/li>\n<li>201, 301\u2026 even 1001 roses!<\/li>\n<li>bouquets of roses,<\/li>\n<li><a href=\"https:\/\/provansadekor.rs\/101-ruza-dostava-beograd\/\">101 A rose in a box<\/a>,<\/li>\n<li>Luxury arrangements and gifts.<\/li>\n<\/ul>\n<p>There is nothing that will send a message as loud and clear as roses. And that&#039;s no more and no less than 101! Maybe 101 roses isn&#039;t enough? Imagine this: We will create any arrangement you can imagine from\u00a0<strong>201 roses,<\/strong>\u00a0<strong>301 roses,<\/strong>\u00a0<strong>501 roses\u2026\u00a0<\/strong>And even an arrangement of\u00a0<strong>1001 roses<\/strong>.<\/p>\n<\/div>\n<\/div>\n<\/div>\n<\/div>\n<h2><\/h2>\n<\/div>\n<\/div>\n<\/div>\n<\/div>\n<p>&nbsp;<\/p>\n<\/div>\n<\/div>\n<div class=\"col-lg-3 sidebar porto-woo-product-sidebar right-sidebar mobile-sidebar\">\n<div class=\"pin-wrapper\">\n<div class=\"sticky-active\" data-plugin-sticky=\"\" data-plugin-options=\"{&quot;autoInit&quot;: true, &quot;minWidth&quot;: 992, &quot;containerSelector&quot;: &quot;.main-content-wrap&quot;,&quot;autoFit&quot;:true, &quot;paddingOffsetBottom&quot;: 10}\">\n<div class=\"sidebar-content\">\n<aside id=\"block-widget-2\" class=\"widget widget-block\">\n<div class=\"block\">\n<div class=\"pb-edit-link\" data-title=\"Edit block: Woo Sidebar Banner\" data-link=\"http:\/\/provansadekor.rs\/wp-admin\/post.php?post=286&amp;action=edit\"><\/div>\n<div class=\"porto-block has-pb-edit\" title=\"\" data-original-title=\"\">\n<div class=\"vc_row wpb_row row\">\n<div class=\"vc_column_container col-md-12\">\n<div class=\"wpb_wrapper vc_column-inner\">\n<div class=\"porto-feature-box wpb_content_element feature-bottom-margin m-b-md\">\n<div class=\"feature-box feature-box-primary feature-box-style-2\">\n<div class=\"feature-box-icon feature-box-icon-primary\"><\/div>\n<\/div>\n<\/div>\n<\/div>\n<\/div>\n<\/div>\n<\/div>\n<\/div>\n<\/aside>\n<\/div>\n<\/div>\n<\/div>\n<\/div>","protected":false},"excerpt":{"rendered":"<p>101 \u0160arena ru\u017ea u buketu kao sinonim luksuza 101 \u0160arena ru\u017ea u buketu za ose\u0107aj luksuza. Vrsta cve\u0107a u buketu: crvene ru\u017ee, roze ru\u017ea, bela ru\u017ea, \u017euta ru\u017ea, lila ru\u017ea. Prate\u0107a dekoracija: \u0161areni providni dekorativni papir, crni dekorativni papir, satenska ma\u0161na. Predivna kombinacija ru\u017ea u razli\u010ditim bojama spakovane u savr\u0161en buket. Papir u dve boje [&hellip;]<\/p>","protected":false},"featured_media":31918,"template":"","meta":[],"product_brand":[],"product_cat":[320,162,115,286],"product_tag":[],"class_list":{"0":"post-31982","1":"product","2":"type-product","3":"status-publish","4":"has-post-thumbnail","6":"product_cat-8-mart","7":"product_cat-101-ruza","8":"product_cat-buketi-cveca","9":"product_cat-xxl-buketi","11":"first","12":"instock","13":"sale","14":"shipping-taxable","15":"purchasable","16":"product-type-simple"},"yoast_head":"<!-- This site is optimized with the Yoast SEO Premium plugin v20.9 (Yoast SEO v26.5) - https:\/\/yoast.com\/wordpress\/plugins\/seo\/ -->\n<title>101 \u0161arena ru\u017ea u buketu &#8211; Provansa Dekor<\/title>\n<meta name=\"description\" content=\"Predivna kombinacija i to ni manje ni vi\u0161e nego 101 \u0161arena ru\u017ea u buketu. Idealna kombinacija za va\u0161u simpatiju, ali i za izraz prijateljstva i naklonosti.\" \/>\n<meta name=\"robots\" content=\"index, follow, max-snippet:-1, max-image-preview:large, max-video-preview:-1\" \/>\n<link rel=\"canonical\" href=\"https:\/\/provansadekor.rs\/en\/proizvod\/beauty-arranged-in-a-bouquet-with-101-roses\/\" \/>\n<meta property=\"og:locale\" content=\"en_US\" \/>\n<meta property=\"og:type\" content=\"article\" \/>\n<meta property=\"og:title\" content=\"Lepota \u0161arenila u buketu sa 101 ru\u017eom\" \/>\n<meta property=\"og:description\" content=\"Predivna kombinacija i to ni manje ni vi\u0161e nego 101 \u0161arena ru\u017ea u buketu. Idealna kombinacija za va\u0161u simpatiju, ali i za izraz prijateljstva i naklonosti.\" \/>\n<meta property=\"og:url\" content=\"https:\/\/provansadekor.rs\/en\/proizvod\/beauty-arranged-in-a-bouquet-with-101-roses\/\" \/>\n<meta property=\"og:site_name\" content=\"Provansa Dekor\" \/>\n<meta property=\"article:publisher\" content=\"https:\/\/www.facebook.com\/provansadekor\" \/>\n<meta property=\"article:modified_time\" content=\"2026-03-07T15:05:20+00:00\" \/>\n<meta property=\"og:image\" content=\"https:\/\/provansadekor.rs\/wp-content\/uploads\/2021\/02\/101-sarena-crna.jpg\" \/>\n\t<meta property=\"og:image:width\" content=\"1350\" \/>\n\t<meta property=\"og:image:height\" content=\"1800\" \/>\n\t<meta property=\"og:image:type\" content=\"image\/jpeg\" \/>\n<meta name=\"twitter:card\" content=\"summary_large_image\" \/>\n<meta name=\"twitter:label1\" content=\"Est. reading time\" \/>\n\t<meta name=\"twitter:data1\" content=\"2 minutes\" \/>\n<script type=\"application\/ld+json\" class=\"yoast-schema-graph\">{\"@context\":\"https:\/\/schema.org\",\"@graph\":[{\"@type\":[\"WebPage\",\"ItemPage\"],\"@id\":\"https:\/\/provansadekor.rs\/proizvod\/lepota-sarenila-u-buketu-sa-101-ruzom\/\",\"url\":\"https:\/\/provansadekor.rs\/proizvod\/lepota-sarenila-u-buketu-sa-101-ruzom\/\",\"name\":\"101 \u0161arena ru\u017ea u buketu &#8211; Provansa Dekor\",\"isPartOf\":{\"@id\":\"https:\/\/provansadekor.rs\/#website\"},\"primaryImageOfPage\":{\"@id\":\"https:\/\/provansadekor.rs\/proizvod\/lepota-sarenila-u-buketu-sa-101-ruzom\/#primaryimage\"},\"image\":{\"@id\":\"https:\/\/provansadekor.rs\/proizvod\/lepota-sarenila-u-buketu-sa-101-ruzom\/#primaryimage\"},\"thumbnailUrl\":\"https:\/\/provansadekor.rs\/wp-content\/uploads\/2021\/02\/101-sarena-crna.jpg\",\"datePublished\":\"2021-02-04T15:03:36+00:00\",\"dateModified\":\"2026-03-07T15:05:20+00:00\",\"description\":\"Predivna kombinacija i to ni manje ni vi\u0161e nego 101 \u0161arena ru\u017ea u buketu. Idealna kombinacija za va\u0161u simpatiju, ali i za izraz prijateljstva i naklonosti.\",\"breadcrumb\":{\"@id\":\"https:\/\/provansadekor.rs\/proizvod\/lepota-sarenila-u-buketu-sa-101-ruzom\/#breadcrumb\"},\"inLanguage\":\"en-US\",\"potentialAction\":[{\"@type\":\"ReadAction\",\"target\":[\"https:\/\/provansadekor.rs\/proizvod\/lepota-sarenila-u-buketu-sa-101-ruzom\/\"]}]},{\"@type\":\"ImageObject\",\"inLanguage\":\"en-US\",\"@id\":\"https:\/\/provansadekor.rs\/proizvod\/lepota-sarenila-u-buketu-sa-101-ruzom\/#primaryimage\",\"url\":\"https:\/\/provansadekor.rs\/wp-content\/uploads\/2021\/02\/101-sarena-crna.jpg\",\"contentUrl\":\"https:\/\/provansadekor.rs\/wp-content\/uploads\/2021\/02\/101-sarena-crna.jpg\",\"width\":1350,\"height\":1800,\"caption\":\"101 ru\u017ea u buketu - Cve\u0107ara Provansa Dekor - Dostava cve\u0107a Beograd\"},{\"@type\":\"BreadcrumbList\",\"@id\":\"https:\/\/provansadekor.rs\/proizvod\/lepota-sarenila-u-buketu-sa-101-ruzom\/#breadcrumb\",\"itemListElement\":[{\"@type\":\"ListItem\",\"position\":1,\"name\":\"\u041f\u043e\u0447\u0435\u0442\u043d\u0430\",\"item\":\"https:\/\/provansadekor.rs\/\"},{\"@type\":\"ListItem\",\"position\":2,\"name\":\"\u041f\u0440\u043e\u0438\u0437\u0432\u043e\u0434\u0438\",\"item\":\"https:\/\/provansadekor.rs\/shop\/\"},{\"@type\":\"ListItem\",\"position\":3,\"name\":\"Lepota \u0161arenila u buketu sa 101 ru\u017eom\"}]},{\"@type\":\"WebSite\",\"@id\":\"https:\/\/provansadekor.rs\/#website\",\"url\":\"https:\/\/provansadekor.rs\/\",\"name\":\"Provansa Dekor\",\"description\":\"Dostava cve\u0107a Beograd - Organizacija i Dekoracija doga\u0111aja - Ure\u0111enje zelenih povr\u0161ina\",\"publisher\":{\"@id\":\"https:\/\/provansadekor.rs\/#organization\"},\"potentialAction\":[{\"@type\":\"SearchAction\",\"target\":{\"@type\":\"EntryPoint\",\"urlTemplate\":\"https:\/\/provansadekor.rs\/?s={search_term_string}\"},\"query-input\":{\"@type\":\"PropertyValueSpecification\",\"valueRequired\":true,\"valueName\":\"search_term_string\"}}],\"inLanguage\":\"en-US\"},{\"@type\":\"Organization\",\"@id\":\"https:\/\/provansadekor.rs\/#organization\",\"name\":\"Provansa Dekor Cve\u0107ara Beograd\",\"url\":\"https:\/\/provansadekor.rs\/\",\"logo\":{\"@type\":\"ImageObject\",\"inLanguage\":\"en-US\",\"@id\":\"https:\/\/provansadekor.rs\/#\/schema\/logo\/image\/\",\"url\":\"https:\/\/provansadekor.rs\/wp-content\/uploads\/2022\/03\/logo-provansa.jpg\",\"contentUrl\":\"https:\/\/provansadekor.rs\/wp-content\/uploads\/2022\/03\/logo-provansa.jpg\",\"width\":200,\"height\":200,\"caption\":\"Provansa Dekor Cve\u0107ara Beograd\"},\"image\":{\"@id\":\"https:\/\/provansadekor.rs\/#\/schema\/logo\/image\/\"},\"sameAs\":[\"https:\/\/www.facebook.com\/provansadekor\",\"https:\/\/www.instagram.com\/provansadekor\/\"]}]}<\/script>\n<!-- \/ Yoast SEO Premium plugin. -->","yoast_head_json":{"title":"101 colorful roses in a bouquet - Provence Decor","description":"A wonderful combination, no less than 101 colorful roses in a bouquet. An ideal combination for your crush, but also for the expression of friendship and affection.","robots":{"index":"index","follow":"follow","max-snippet":"max-snippet:-1","max-image-preview":"max-image-preview:large","max-video-preview":"max-video-preview:-1"},"canonical":"https:\/\/provansadekor.rs\/en\/proizvod\/beauty-arranged-in-a-bouquet-with-101-roses\/","og_locale":"en_US","og_type":"article","og_title":"Lepota \u0161arenila u buketu sa 101 ru\u017eom","og_description":"Predivna kombinacija i to ni manje ni vi\u0161e nego 101 \u0161arena ru\u017ea u buketu. Idealna kombinacija za va\u0161u simpatiju, ali i za izraz prijateljstva i naklonosti.","og_url":"https:\/\/provansadekor.rs\/en\/proizvod\/beauty-arranged-in-a-bouquet-with-101-roses\/","og_site_name":"Provansa Dekor","article_publisher":"https:\/\/www.facebook.com\/provansadekor","article_modified_time":"2026-03-07T15:05:20+00:00","og_image":[{"width":1350,"height":1800,"url":"https:\/\/provansadekor.rs\/wp-content\/uploads\/2021\/02\/101-sarena-crna.jpg","type":"image\/jpeg"}],"twitter_card":"summary_large_image","twitter_misc":{"Est. reading time":"2 minutes"},"schema":{"@context":"https:\/\/schema.org","@graph":[{"@type":["WebPage","ItemPage"],"@id":"https:\/\/provansadekor.rs\/proizvod\/lepota-sarenila-u-buketu-sa-101-ruzom\/","url":"https:\/\/provansadekor.rs\/proizvod\/lepota-sarenila-u-buketu-sa-101-ruzom\/","name":"101 colorful roses in a bouquet - Provence Decor","isPartOf":{"@id":"https:\/\/provansadekor.rs\/#website"},"primaryImageOfPage":{"@id":"https:\/\/provansadekor.rs\/proizvod\/lepota-sarenila-u-buketu-sa-101-ruzom\/#primaryimage"},"image":{"@id":"https:\/\/provansadekor.rs\/proizvod\/lepota-sarenila-u-buketu-sa-101-ruzom\/#primaryimage"},"thumbnailUrl":"https:\/\/provansadekor.rs\/wp-content\/uploads\/2021\/02\/101-sarena-crna.jpg","datePublished":"2021-02-04T15:03:36+00:00","dateModified":"2026-03-07T15:05:20+00:00","description":"A wonderful combination, no less than 101 colorful roses in a bouquet. An ideal combination for your crush, but also for the expression of friendship and affection.","breadcrumb":{"@id":"https:\/\/provansadekor.rs\/proizvod\/lepota-sarenila-u-buketu-sa-101-ruzom\/#breadcrumb"},"inLanguage":"en-US","potentialAction":[{"@type":"ReadAction","target":["https:\/\/provansadekor.rs\/proizvod\/lepota-sarenila-u-buketu-sa-101-ruzom\/"]}]},{"@type":"ImageObject","inLanguage":"en-US","@id":"https:\/\/provansadekor.rs\/proizvod\/lepota-sarenila-u-buketu-sa-101-ruzom\/#primaryimage","url":"https:\/\/provansadekor.rs\/wp-content\/uploads\/2021\/02\/101-sarena-crna.jpg","contentUrl":"https:\/\/provansadekor.rs\/wp-content\/uploads\/2021\/02\/101-sarena-crna.jpg","width":1350,"height":1800,"caption":"101 ru\u017ea u buketu - Cve\u0107ara Provansa Dekor - Dostava cve\u0107a Beograd"},{"@type":"BreadcrumbList","@id":"https:\/\/provansadekor.rs\/proizvod\/lepota-sarenila-u-buketu-sa-101-ruzom\/#breadcrumb","itemListElement":[{"@type":"ListItem","position":1,"name":"\u041f\u043e\u0447\u0435\u0442\u043d\u0430","item":"https:\/\/provansadekor.rs\/"},{"@type":"ListItem","position":2,"name":"\u041f\u0440\u043e\u0438\u0437\u0432\u043e\u0434\u0438","item":"https:\/\/provansadekor.rs\/shop\/"},{"@type":"ListItem","position":3,"name":"Lepota \u0161arenila u buketu sa 101 ru\u017eom"}]},{"@type":"WebSite","@id":"https:\/\/provansadekor.rs\/#website","url":"https:\/\/provansadekor.rs\/","name":"Provence Decor","description":"Flower delivery Belgrade - Event organization and decoration - Landscaping","publisher":{"@id":"https:\/\/provansadekor.rs\/#organization"},"potentialAction":[{"@type":"SearchAction","target":{"@type":"EntryPoint","urlTemplate":"https:\/\/provansadekor.rs\/?s={search_term_string}"},"query-input":{"@type":"PropertyValueSpecification","valueRequired":true,"valueName":"search_term_string"}}],"inLanguage":"en-US"},{"@type":"Organization","@id":"https:\/\/provansadekor.rs\/#organization","name":"Provence Decor Flower Shop Belgrade","url":"https:\/\/provansadekor.rs\/","logo":{"@type":"ImageObject","inLanguage":"en-US","@id":"https:\/\/provansadekor.rs\/#\/schema\/logo\/image\/","url":"https:\/\/provansadekor.rs\/wp-content\/uploads\/2022\/03\/logo-provansa.jpg","contentUrl":"https:\/\/provansadekor.rs\/wp-content\/uploads\/2022\/03\/logo-provansa.jpg","width":200,"height":200,"caption":"Provansa Dekor Cve\u0107ara Beograd"},"image":{"@id":"https:\/\/provansadekor.rs\/#\/schema\/logo\/image\/"},"sameAs":["https:\/\/www.facebook.com\/provansadekor","https:\/\/www.instagram.com\/provansadekor\/"]}]}},"_links":{"self":[{"href":"https:\/\/provansadekor.rs\/en\/wp-json\/wp\/v2\/product\/31982","targetHints":{"allow":["GET"]}}],"collection":[{"href":"https:\/\/provansadekor.rs\/en\/wp-json\/wp\/v2\/product"}],"about":[{"href":"https:\/\/provansadekor.rs\/en\/wp-json\/wp\/v2\/types\/product"}],"version-history":[{"count":7,"href":"https:\/\/provansadekor.rs\/en\/wp-json\/wp\/v2\/product\/31982\/revisions"}],"predecessor-version":[{"id":70549,"href":"https:\/\/provansadekor.rs\/en\/wp-json\/wp\/v2\/product\/31982\/revisions\/70549"}],"wp:featuredmedia":[{"embeddable":true,"href":"https:\/\/provansadekor.rs\/en\/wp-json\/wp\/v2\/media\/31918"}],"wp:attachment":[{"href":"https:\/\/provansadekor.rs\/en\/wp-json\/wp\/v2\/media?parent=31982"}],"wp:term":[{"taxonomy":"product_brand","embeddable":true,"href":"https:\/\/provansadekor.rs\/en\/wp-json\/wp\/v2\/product_brand?post=31982"},{"taxonomy":"product_cat","embeddable":true,"href":"https:\/\/provansadekor.rs\/en\/wp-json\/wp\/v2\/product_cat?post=31982"},{"taxonomy":"product_tag","embeddable":true,"href":"https:\/\/provansadekor.rs\/en\/wp-json\/wp\/v2\/product_tag?post=31982"}],"curies":[{"name":"wp","href":"https:\/\/api.w.org\/{rel}","templated":true}]}}