{"id":31451,"date":"2020-12-21T15:50:34","date_gmt":"2020-12-21T14:50:34","guid":{"rendered":"http:\/\/provansadekor.rs\/?post_type=product&#038;p=31451"},"modified":"2026-03-18T16:18:01","modified_gmt":"2026-03-18T15:18:01","slug":"101-ruza-u-glamuroznom-srcu","status":"publish","type":"product","link":"https:\/\/provansadekor.rs\/en\/proizvod\/101-rose-in-the-glamorous-heart\/","title":{"rendered":"101 A rose in a glamorous heart"},"content":{"rendered":"<h2>101 Rose in the heart \u2013 a glamorous box in the shape of a heart<\/h2>\n<p><a href=\"https:\/\/provansadekor.rs\/101-ruza-dostava-beograd\/\"><strong>101 A rose in the heart <\/strong><\/a>\u00a0glamor in a box made to melt her heart.<\/p>\n<p><em>The type of flowers in the arrangement<\/em>: <strong>red roses<\/strong>.<\/p>\n<p><em>Accompanying decoration<\/em>: black decorative heart-shaped box, black satin bow with Provence logo.<\/p>\n<p>Carefully chosen <a href=\"https:\/\/provansadekor.rs\/101-ruza-dostava-beograd\/\"><strong>101 roses<\/strong><\/a> packaged in a decorative heart-shaped box with a branded bow with the Provence logo. Surprise your loved one with the glamor they deserve!<\/p>\n<h2><strong>101 roses Belgrade, <a href=\"https:\/\/provansadekor.rs\/online-cvecara\/\">Flower delivery Belgrade<\/a><\/strong><\/h2>\n<p>&nbsp;<\/p>","protected":false},"excerpt":{"rendered":"<p>101 Ru\u017ea u srcu &#8211; glamurozna kutija u obliku srca 101 Ru\u017ea u srcu \u00a0glamur u kutiji napravljen da otopi njeno srce. Vrsta cve\u0107a u aran\u017emanu: crvene ru\u017ee. Prate\u0107a dekoracija: crna dekorativna kutija u obliku srca, crna satenska ma\u0161na sa logom Provanse. Pa\u017eljivo birana 101 ru\u017ea upakovana u dekorativnu kutiju u obliku srca sa brendiranom [&hellip;]<\/p>","protected":false},"featured_media":64555,"template":"","meta":[],"product_brand":[],"product_cat":[162],"product_tag":[319,318],"class_list":{"0":"post-31451","1":"product","2":"type-product","3":"status-publish","4":"has-post-thumbnail","6":"product_cat-101-ruza","7":"product_tag-101-crvena-ruza","8":"product_tag-crvene-ruze","10":"first","11":"instock","12":"shipping-taxable","13":"purchasable","14":"product-type-simple"},"yoast_head":"<!-- This site is optimized with the Yoast SEO Premium plugin v20.9 (Yoast SEO v26.5) - https:\/\/yoast.com\/wordpress\/plugins\/seo\/ -->\n<title>101 Ru\u017ea u srcu &#8211; Provansa Dekor<\/title>\n<meta name=\"description\" content=\"Poklon 101 ru\u017ea u srcu sa brendiranom ma\u0161nom Provanse Dekor. Iznenadi voljenu osobu glamurom kakav zaslu\u017euje i koji se pamti! Poru\u010di odmah!\" \/>\n<meta name=\"robots\" content=\"index, follow, max-snippet:-1, max-image-preview:large, max-video-preview:-1\" \/>\n<link rel=\"canonical\" href=\"https:\/\/provansadekor.rs\/en\/proizvod\/101-rose-in-the-glamorous-heart\/\" \/>\n<meta property=\"og:locale\" content=\"en_US\" \/>\n<meta property=\"og:type\" content=\"article\" \/>\n<meta property=\"og:title\" content=\"101 Ru\u017ea u glamuroznom srcu\" \/>\n<meta property=\"og:description\" content=\"Poklon 101 ru\u017ea u srcu sa brendiranom ma\u0161nom Provanse Dekor. Iznenadi voljenu osobu glamurom kakav zaslu\u017euje i koji se pamti! Poru\u010di odmah!\" \/>\n<meta property=\"og:url\" content=\"https:\/\/provansadekor.rs\/en\/proizvod\/101-rose-in-the-glamorous-heart\/\" \/>\n<meta property=\"og:site_name\" content=\"Provansa Dekor\" \/>\n<meta property=\"article:publisher\" content=\"https:\/\/www.facebook.com\/provansadekor\" \/>\n<meta property=\"article:modified_time\" content=\"2026-03-18T15:18:01+00:00\" \/>\n<meta property=\"og:image\" content=\"https:\/\/provansadekor.rs\/wp-content\/uploads\/2022\/08\/2-1-1.jpg\" \/>\n\t<meta property=\"og:image:width\" content=\"900\" \/>\n\t<meta property=\"og:image:height\" content=\"900\" \/>\n\t<meta property=\"og:image:type\" content=\"image\/jpeg\" \/>\n<meta name=\"twitter:card\" content=\"summary_large_image\" \/>\n<meta name=\"twitter:label1\" content=\"Est. reading time\" \/>\n\t<meta name=\"twitter:data1\" content=\"1 minute\" \/>\n<script type=\"application\/ld+json\" class=\"yoast-schema-graph\">{\"@context\":\"https:\/\/schema.org\",\"@graph\":[{\"@type\":[\"WebPage\",\"ItemPage\"],\"@id\":\"https:\/\/provansadekor.rs\/proizvod\/101-ruza-u-glamuroznom-srcu\/\",\"url\":\"https:\/\/provansadekor.rs\/proizvod\/101-ruza-u-glamuroznom-srcu\/\",\"name\":\"101 Ru\u017ea u srcu &#8211; Provansa Dekor\",\"isPartOf\":{\"@id\":\"https:\/\/provansadekor.rs\/#website\"},\"primaryImageOfPage\":{\"@id\":\"https:\/\/provansadekor.rs\/proizvod\/101-ruza-u-glamuroznom-srcu\/#primaryimage\"},\"image\":{\"@id\":\"https:\/\/provansadekor.rs\/proizvod\/101-ruza-u-glamuroznom-srcu\/#primaryimage\"},\"thumbnailUrl\":\"https:\/\/provansadekor.rs\/wp-content\/uploads\/2022\/08\/2-1-1.jpg\",\"datePublished\":\"2020-12-21T14:50:34+00:00\",\"dateModified\":\"2026-03-18T15:18:01+00:00\",\"description\":\"Poklon 101 ru\u017ea u srcu sa brendiranom ma\u0161nom Provanse Dekor. Iznenadi voljenu osobu glamurom kakav zaslu\u017euje i koji se pamti! Poru\u010di odmah!\",\"breadcrumb\":{\"@id\":\"https:\/\/provansadekor.rs\/proizvod\/101-ruza-u-glamuroznom-srcu\/#breadcrumb\"},\"inLanguage\":\"en-US\",\"potentialAction\":[{\"@type\":\"ReadAction\",\"target\":[\"https:\/\/provansadekor.rs\/proizvod\/101-ruza-u-glamuroznom-srcu\/\"]}]},{\"@type\":\"ImageObject\",\"inLanguage\":\"en-US\",\"@id\":\"https:\/\/provansadekor.rs\/proizvod\/101-ruza-u-glamuroznom-srcu\/#primaryimage\",\"url\":\"https:\/\/provansadekor.rs\/wp-content\/uploads\/2022\/08\/2-1-1.jpg\",\"contentUrl\":\"https:\/\/provansadekor.rs\/wp-content\/uploads\/2022\/08\/2-1-1.jpg\",\"width\":900,\"height\":900,\"caption\":\"101 Ru\u017ea u kutiji u obliku srca - Dostava cve\u0107a - Cve\u0107ara Provansa Dekor\"},{\"@type\":\"BreadcrumbList\",\"@id\":\"https:\/\/provansadekor.rs\/proizvod\/101-ruza-u-glamuroznom-srcu\/#breadcrumb\",\"itemListElement\":[{\"@type\":\"ListItem\",\"position\":1,\"name\":\"\u041f\u043e\u0447\u0435\u0442\u043d\u0430\",\"item\":\"https:\/\/provansadekor.rs\/\"},{\"@type\":\"ListItem\",\"position\":2,\"name\":\"\u041f\u0440\u043e\u0438\u0437\u0432\u043e\u0434\u0438\",\"item\":\"https:\/\/provansadekor.rs\/shop\/\"},{\"@type\":\"ListItem\",\"position\":3,\"name\":\"101 Ru\u017ea u glamuroznom srcu\"}]},{\"@type\":\"WebSite\",\"@id\":\"https:\/\/provansadekor.rs\/#website\",\"url\":\"https:\/\/provansadekor.rs\/\",\"name\":\"Provansa Dekor\",\"description\":\"Dostava cve\u0107a Beograd - Organizacija i Dekoracija doga\u0111aja - Ure\u0111enje zelenih povr\u0161ina\",\"publisher\":{\"@id\":\"https:\/\/provansadekor.rs\/#organization\"},\"potentialAction\":[{\"@type\":\"SearchAction\",\"target\":{\"@type\":\"EntryPoint\",\"urlTemplate\":\"https:\/\/provansadekor.rs\/?s={search_term_string}\"},\"query-input\":{\"@type\":\"PropertyValueSpecification\",\"valueRequired\":true,\"valueName\":\"search_term_string\"}}],\"inLanguage\":\"en-US\"},{\"@type\":\"Organization\",\"@id\":\"https:\/\/provansadekor.rs\/#organization\",\"name\":\"Provansa Dekor Cve\u0107ara Beograd\",\"url\":\"https:\/\/provansadekor.rs\/\",\"logo\":{\"@type\":\"ImageObject\",\"inLanguage\":\"en-US\",\"@id\":\"https:\/\/provansadekor.rs\/#\/schema\/logo\/image\/\",\"url\":\"https:\/\/provansadekor.rs\/wp-content\/uploads\/2022\/03\/logo-provansa.jpg\",\"contentUrl\":\"https:\/\/provansadekor.rs\/wp-content\/uploads\/2022\/03\/logo-provansa.jpg\",\"width\":200,\"height\":200,\"caption\":\"Provansa Dekor Cve\u0107ara Beograd\"},\"image\":{\"@id\":\"https:\/\/provansadekor.rs\/#\/schema\/logo\/image\/\"},\"sameAs\":[\"https:\/\/www.facebook.com\/provansadekor\",\"https:\/\/www.instagram.com\/provansadekor\/\"]}]}<\/script>\n<!-- \/ Yoast SEO Premium plugin. -->","yoast_head_json":{"title":"101 Rose in the heart \u2013 Provence Decor","description":"A gift of 101 roses in a heart with a branded bow Provence Decor. Surprise your loved one with the glamor they deserve and remember! Order now!","robots":{"index":"index","follow":"follow","max-snippet":"max-snippet:-1","max-image-preview":"max-image-preview:large","max-video-preview":"max-video-preview:-1"},"canonical":"https:\/\/provansadekor.rs\/en\/proizvod\/101-rose-in-the-glamorous-heart\/","og_locale":"en_US","og_type":"article","og_title":"101 Ru\u017ea u glamuroznom srcu","og_description":"Poklon 101 ru\u017ea u srcu sa brendiranom ma\u0161nom Provanse Dekor. Iznenadi voljenu osobu glamurom kakav zaslu\u017euje i koji se pamti! Poru\u010di odmah!","og_url":"https:\/\/provansadekor.rs\/en\/proizvod\/101-rose-in-the-glamorous-heart\/","og_site_name":"Provansa Dekor","article_publisher":"https:\/\/www.facebook.com\/provansadekor","article_modified_time":"2026-03-18T15:18:01+00:00","og_image":[{"width":900,"height":900,"url":"https:\/\/provansadekor.rs\/wp-content\/uploads\/2022\/08\/2-1-1.jpg","type":"image\/jpeg"}],"twitter_card":"summary_large_image","twitter_misc":{"Est. reading time":"1 minute"},"schema":{"@context":"https:\/\/schema.org","@graph":[{"@type":["WebPage","ItemPage"],"@id":"https:\/\/provansadekor.rs\/proizvod\/101-ruza-u-glamuroznom-srcu\/","url":"https:\/\/provansadekor.rs\/proizvod\/101-ruza-u-glamuroznom-srcu\/","name":"101 Rose in the heart \u2013 Provence Decor","isPartOf":{"@id":"https:\/\/provansadekor.rs\/#website"},"primaryImageOfPage":{"@id":"https:\/\/provansadekor.rs\/proizvod\/101-ruza-u-glamuroznom-srcu\/#primaryimage"},"image":{"@id":"https:\/\/provansadekor.rs\/proizvod\/101-ruza-u-glamuroznom-srcu\/#primaryimage"},"thumbnailUrl":"https:\/\/provansadekor.rs\/wp-content\/uploads\/2022\/08\/2-1-1.jpg","datePublished":"2020-12-21T14:50:34+00:00","dateModified":"2026-03-18T15:18:01+00:00","description":"A gift of 101 roses in a heart with a branded bow Provence Decor. Surprise your loved one with the glamor they deserve and remember! Order now!","breadcrumb":{"@id":"https:\/\/provansadekor.rs\/proizvod\/101-ruza-u-glamuroznom-srcu\/#breadcrumb"},"inLanguage":"en-US","potentialAction":[{"@type":"ReadAction","target":["https:\/\/provansadekor.rs\/proizvod\/101-ruza-u-glamuroznom-srcu\/"]}]},{"@type":"ImageObject","inLanguage":"en-US","@id":"https:\/\/provansadekor.rs\/proizvod\/101-ruza-u-glamuroznom-srcu\/#primaryimage","url":"https:\/\/provansadekor.rs\/wp-content\/uploads\/2022\/08\/2-1-1.jpg","contentUrl":"https:\/\/provansadekor.rs\/wp-content\/uploads\/2022\/08\/2-1-1.jpg","width":900,"height":900,"caption":"101 Ru\u017ea u kutiji u obliku srca - Dostava cve\u0107a - Cve\u0107ara Provansa Dekor"},{"@type":"BreadcrumbList","@id":"https:\/\/provansadekor.rs\/proizvod\/101-ruza-u-glamuroznom-srcu\/#breadcrumb","itemListElement":[{"@type":"ListItem","position":1,"name":"\u041f\u043e\u0447\u0435\u0442\u043d\u0430","item":"https:\/\/provansadekor.rs\/"},{"@type":"ListItem","position":2,"name":"\u041f\u0440\u043e\u0438\u0437\u0432\u043e\u0434\u0438","item":"https:\/\/provansadekor.rs\/shop\/"},{"@type":"ListItem","position":3,"name":"101 Ru\u017ea u glamuroznom srcu"}]},{"@type":"WebSite","@id":"https:\/\/provansadekor.rs\/#website","url":"https:\/\/provansadekor.rs\/","name":"Provence Decor","description":"Flower delivery Belgrade - Event organization and decoration - Landscaping","publisher":{"@id":"https:\/\/provansadekor.rs\/#organization"},"potentialAction":[{"@type":"SearchAction","target":{"@type":"EntryPoint","urlTemplate":"https:\/\/provansadekor.rs\/?s={search_term_string}"},"query-input":{"@type":"PropertyValueSpecification","valueRequired":true,"valueName":"search_term_string"}}],"inLanguage":"en-US"},{"@type":"Organization","@id":"https:\/\/provansadekor.rs\/#organization","name":"Provence Decor Flower Shop Belgrade","url":"https:\/\/provansadekor.rs\/","logo":{"@type":"ImageObject","inLanguage":"en-US","@id":"https:\/\/provansadekor.rs\/#\/schema\/logo\/image\/","url":"https:\/\/provansadekor.rs\/wp-content\/uploads\/2022\/03\/logo-provansa.jpg","contentUrl":"https:\/\/provansadekor.rs\/wp-content\/uploads\/2022\/03\/logo-provansa.jpg","width":200,"height":200,"caption":"Provansa Dekor Cve\u0107ara Beograd"},"image":{"@id":"https:\/\/provansadekor.rs\/#\/schema\/logo\/image\/"},"sameAs":["https:\/\/www.facebook.com\/provansadekor","https:\/\/www.instagram.com\/provansadekor\/"]}]}},"_links":{"self":[{"href":"https:\/\/provansadekor.rs\/en\/wp-json\/wp\/v2\/product\/31451","targetHints":{"allow":["GET"]}}],"collection":[{"href":"https:\/\/provansadekor.rs\/en\/wp-json\/wp\/v2\/product"}],"about":[{"href":"https:\/\/provansadekor.rs\/en\/wp-json\/wp\/v2\/types\/product"}],"version-history":[{"count":7,"href":"https:\/\/provansadekor.rs\/en\/wp-json\/wp\/v2\/product\/31451\/revisions"}],"predecessor-version":[{"id":70550,"href":"https:\/\/provansadekor.rs\/en\/wp-json\/wp\/v2\/product\/31451\/revisions\/70550"}],"wp:featuredmedia":[{"embeddable":true,"href":"https:\/\/provansadekor.rs\/en\/wp-json\/wp\/v2\/media\/64555"}],"wp:attachment":[{"href":"https:\/\/provansadekor.rs\/en\/wp-json\/wp\/v2\/media?parent=31451"}],"wp:term":[{"taxonomy":"product_brand","embeddable":true,"href":"https:\/\/provansadekor.rs\/en\/wp-json\/wp\/v2\/product_brand?post=31451"},{"taxonomy":"product_cat","embeddable":true,"href":"https:\/\/provansadekor.rs\/en\/wp-json\/wp\/v2\/product_cat?post=31451"},{"taxonomy":"product_tag","embeddable":true,"href":"https:\/\/provansadekor.rs\/en\/wp-json\/wp\/v2\/product_tag?post=31451"}],"curies":[{"name":"wp","href":"https:\/\/api.w.org\/{rel}","templated":true}]}}