{"id":31150,"date":"2020-11-22T23:40:47","date_gmt":"2020-11-22T22:40:47","guid":{"rendered":"http:\/\/provansadekor.rs\/?post_type=product&#038;p=31150"},"modified":"2026-03-13T11:35:26","modified_gmt":"2026-03-13T10:35:26","slug":"sareni-cvetni-aranzman-sa-medvedom","status":"publish","type":"product","link":"https:\/\/provansadekor.rs\/en\/proizvod\/box-arrangement-44\/","title":{"rendered":"A colorful flower arrangement with a bear"},"content":{"rendered":"<p>Kinds of <strong>flowers in an arrangement<\/strong>: light pink rose, white carnation, pink lisianthus, wax.<\/p>\n<p>Accompanying decoration: white round box in the shape of an octagon, white teddy bear, bow made of pink satin ribbon, bow made of lilac satin ribbon.<\/p>\n<p>Awesome <strong>box arrangement<\/strong> from the cut <strong>rose flowers<\/strong>, carnations and lisianthus of the most beautiful colors, and there is also a teddy bear as an additional dose of tenderness.<\/p>\n<p>Product declaration, country of origin and manufacturer are available on the label of the product itself.<\/p>\n<h2 style=\"text-align: center;\">Flower arrangement with honey - Delivery of flowers to your home address<\/h2>","protected":false},"excerpt":{"rendered":"<p>Vrste cve\u0107a u aran\u017emanu: svetlo roze ru\u017ea, beli karanfil, roze lizijantus, wax. Prate\u0107a dekoracija: beli okrugli box u obliku oktagona, pli\u0161ani medved u beloj boji, ma\u0161na od roze satenske trake, ma\u0161na od lila satenske trake. Sjajan box aran\u017eman od rezanog cve\u0107a ru\u017ea, karanfila i lizijantusa najlep\u0161ih boja, a tu je i pli\u0161ani meda kao dodatna [&hellip;]<\/p>","protected":false},"featured_media":77978,"template":"","meta":[],"product_brand":[],"product_cat":[169,146],"product_tag":[],"class_list":{"0":"post-31150","1":"product","2":"type-product","3":"status-publish","4":"has-post-thumbnail","6":"product_cat-dan-zaljubljenih","7":"product_cat-cvece-u-kutiji","9":"first","10":"instock","11":"shipping-taxable","12":"purchasable","13":"product-type-simple"},"yoast_head":"<!-- This site is optimized with the Yoast SEO Premium plugin v20.9 (Yoast SEO v26.5) - https:\/\/yoast.com\/wordpress\/plugins\/seo\/ -->\n<title>\u0160areni cvetni aran\u017eman sa medvedom &#8211; Provansa Dekor<\/title>\n<meta name=\"description\" content=\"Cvetni aran\u017eman. Vrste cve\u0107a u aran\u017emanu: svetlo roze ru\u017ea, bela orhideja, roze lizijantus, wax. Cvetni aran\u017eman; Dostava cve\u0107a na ku\u0107nu adresu\" \/>\n<meta name=\"robots\" content=\"index, follow, max-snippet:-1, max-image-preview:large, max-video-preview:-1\" \/>\n<link rel=\"canonical\" href=\"https:\/\/provansadekor.rs\/en\/proizvod\/box-arrangement-44\/\" \/>\n<meta property=\"og:locale\" content=\"en_US\" \/>\n<meta property=\"og:type\" content=\"article\" \/>\n<meta property=\"og:title\" content=\"\u0160areni cvetni aran\u017eman sa medvedom\" \/>\n<meta property=\"og:description\" content=\"Cvetni aran\u017eman. Vrste cve\u0107a u aran\u017emanu: svetlo roze ru\u017ea, bela orhideja, roze lizijantus, wax. Cvetni aran\u017eman; Dostava cve\u0107a na ku\u0107nu adresu\" \/>\n<meta property=\"og:url\" content=\"https:\/\/provansadekor.rs\/en\/proizvod\/box-arrangement-44\/\" \/>\n<meta property=\"og:site_name\" content=\"Provansa Dekor\" \/>\n<meta property=\"article:publisher\" content=\"https:\/\/www.facebook.com\/provansadekor\" \/>\n<meta property=\"article:modified_time\" content=\"2026-03-13T10:35:26+00:00\" \/>\n<meta property=\"og:image\" content=\"https:\/\/provansadekor.rs\/wp-content\/uploads\/2024\/01\/SAS-0574.jpg\" \/>\n\t<meta property=\"og:image:width\" content=\"800\" \/>\n\t<meta property=\"og:image:height\" content=\"800\" \/>\n\t<meta property=\"og:image:type\" content=\"image\/jpeg\" \/>\n<meta name=\"twitter:card\" content=\"summary_large_image\" \/>\n<meta name=\"twitter:label1\" content=\"Est. reading time\" \/>\n\t<meta name=\"twitter:data1\" content=\"1 minute\" \/>\n<script type=\"application\/ld+json\" class=\"yoast-schema-graph\">{\"@context\":\"https:\/\/schema.org\",\"@graph\":[{\"@type\":[\"WebPage\",\"ItemPage\"],\"@id\":\"https:\/\/provansadekor.rs\/proizvod\/sareni-cvetni-aranzman-sa-medvedom\/\",\"url\":\"https:\/\/provansadekor.rs\/proizvod\/sareni-cvetni-aranzman-sa-medvedom\/\",\"name\":\"\u0160areni cvetni aran\u017eman sa medvedom &#8211; Provansa Dekor\",\"isPartOf\":{\"@id\":\"https:\/\/provansadekor.rs\/#website\"},\"primaryImageOfPage\":{\"@id\":\"https:\/\/provansadekor.rs\/proizvod\/sareni-cvetni-aranzman-sa-medvedom\/#primaryimage\"},\"image\":{\"@id\":\"https:\/\/provansadekor.rs\/proizvod\/sareni-cvetni-aranzman-sa-medvedom\/#primaryimage\"},\"thumbnailUrl\":\"https:\/\/provansadekor.rs\/wp-content\/uploads\/2024\/01\/SAS-0574.jpg\",\"datePublished\":\"2020-11-22T22:40:47+00:00\",\"dateModified\":\"2026-03-13T10:35:26+00:00\",\"description\":\"Cvetni aran\u017eman. Vrste cve\u0107a u aran\u017emanu: svetlo roze ru\u017ea, bela orhideja, roze lizijantus, wax. Cvetni aran\u017eman; Dostava cve\u0107a na ku\u0107nu adresu\",\"breadcrumb\":{\"@id\":\"https:\/\/provansadekor.rs\/proizvod\/sareni-cvetni-aranzman-sa-medvedom\/#breadcrumb\"},\"inLanguage\":\"en-US\",\"potentialAction\":[{\"@type\":\"ReadAction\",\"target\":[\"https:\/\/provansadekor.rs\/proizvod\/sareni-cvetni-aranzman-sa-medvedom\/\"]}]},{\"@type\":\"ImageObject\",\"inLanguage\":\"en-US\",\"@id\":\"https:\/\/provansadekor.rs\/proizvod\/sareni-cvetni-aranzman-sa-medvedom\/#primaryimage\",\"url\":\"https:\/\/provansadekor.rs\/wp-content\/uploads\/2024\/01\/SAS-0574.jpg\",\"contentUrl\":\"https:\/\/provansadekor.rs\/wp-content\/uploads\/2024\/01\/SAS-0574.jpg\",\"width\":800,\"height\":800,\"caption\":\"Cve\u0107e u kutiji - Cvetni aran\u017eman - Dostava cve\u0107a - Online dostava cve\u0107a\"},{\"@type\":\"BreadcrumbList\",\"@id\":\"https:\/\/provansadekor.rs\/proizvod\/sareni-cvetni-aranzman-sa-medvedom\/#breadcrumb\",\"itemListElement\":[{\"@type\":\"ListItem\",\"position\":1,\"name\":\"\u041f\u043e\u0447\u0435\u0442\u043d\u0430\",\"item\":\"https:\/\/provansadekor.rs\/\"},{\"@type\":\"ListItem\",\"position\":2,\"name\":\"\u041f\u0440\u043e\u0438\u0437\u0432\u043e\u0434\u0438\",\"item\":\"https:\/\/provansadekor.rs\/shop\/\"},{\"@type\":\"ListItem\",\"position\":3,\"name\":\"\u0160areni cvetni aran\u017eman sa medvedom\"}]},{\"@type\":\"WebSite\",\"@id\":\"https:\/\/provansadekor.rs\/#website\",\"url\":\"https:\/\/provansadekor.rs\/\",\"name\":\"Provansa Dekor\",\"description\":\"Dostava cve\u0107a Beograd - Organizacija i Dekoracija doga\u0111aja - Ure\u0111enje zelenih povr\u0161ina\",\"publisher\":{\"@id\":\"https:\/\/provansadekor.rs\/#organization\"},\"potentialAction\":[{\"@type\":\"SearchAction\",\"target\":{\"@type\":\"EntryPoint\",\"urlTemplate\":\"https:\/\/provansadekor.rs\/?s={search_term_string}\"},\"query-input\":{\"@type\":\"PropertyValueSpecification\",\"valueRequired\":true,\"valueName\":\"search_term_string\"}}],\"inLanguage\":\"en-US\"},{\"@type\":\"Organization\",\"@id\":\"https:\/\/provansadekor.rs\/#organization\",\"name\":\"Provansa Dekor Cve\u0107ara Beograd\",\"url\":\"https:\/\/provansadekor.rs\/\",\"logo\":{\"@type\":\"ImageObject\",\"inLanguage\":\"en-US\",\"@id\":\"https:\/\/provansadekor.rs\/#\/schema\/logo\/image\/\",\"url\":\"https:\/\/provansadekor.rs\/wp-content\/uploads\/2022\/03\/logo-provansa.jpg\",\"contentUrl\":\"https:\/\/provansadekor.rs\/wp-content\/uploads\/2022\/03\/logo-provansa.jpg\",\"width\":200,\"height\":200,\"caption\":\"Provansa Dekor Cve\u0107ara Beograd\"},\"image\":{\"@id\":\"https:\/\/provansadekor.rs\/#\/schema\/logo\/image\/\"},\"sameAs\":[\"https:\/\/www.facebook.com\/provansadekor\",\"https:\/\/www.instagram.com\/provansadekor\/\"]}]}<\/script>\n<!-- \/ Yoast SEO Premium plugin. -->","yoast_head_json":{"title":"Colorful flower arrangement with a bear - Provence Decor","description":"Flower arrangement. Types of flowers in the arrangement: light pink rose, white orchid, pink lisianthus, wax. Flower arrangement; Delivery of flowers to your home address","robots":{"index":"index","follow":"follow","max-snippet":"max-snippet:-1","max-image-preview":"max-image-preview:large","max-video-preview":"max-video-preview:-1"},"canonical":"https:\/\/provansadekor.rs\/en\/proizvod\/box-arrangement-44\/","og_locale":"en_US","og_type":"article","og_title":"\u0160areni cvetni aran\u017eman sa medvedom","og_description":"Cvetni aran\u017eman. Vrste cve\u0107a u aran\u017emanu: svetlo roze ru\u017ea, bela orhideja, roze lizijantus, wax. Cvetni aran\u017eman; Dostava cve\u0107a na ku\u0107nu adresu","og_url":"https:\/\/provansadekor.rs\/en\/proizvod\/box-arrangement-44\/","og_site_name":"Provansa Dekor","article_publisher":"https:\/\/www.facebook.com\/provansadekor","article_modified_time":"2026-03-13T10:35:26+00:00","og_image":[{"width":800,"height":800,"url":"https:\/\/provansadekor.rs\/wp-content\/uploads\/2024\/01\/SAS-0574.jpg","type":"image\/jpeg"}],"twitter_card":"summary_large_image","twitter_misc":{"Est. reading time":"1 minute"},"schema":{"@context":"https:\/\/schema.org","@graph":[{"@type":["WebPage","ItemPage"],"@id":"https:\/\/provansadekor.rs\/proizvod\/sareni-cvetni-aranzman-sa-medvedom\/","url":"https:\/\/provansadekor.rs\/proizvod\/sareni-cvetni-aranzman-sa-medvedom\/","name":"Colorful flower arrangement with a bear - Provence Decor","isPartOf":{"@id":"https:\/\/provansadekor.rs\/#website"},"primaryImageOfPage":{"@id":"https:\/\/provansadekor.rs\/proizvod\/sareni-cvetni-aranzman-sa-medvedom\/#primaryimage"},"image":{"@id":"https:\/\/provansadekor.rs\/proizvod\/sareni-cvetni-aranzman-sa-medvedom\/#primaryimage"},"thumbnailUrl":"https:\/\/provansadekor.rs\/wp-content\/uploads\/2024\/01\/SAS-0574.jpg","datePublished":"2020-11-22T22:40:47+00:00","dateModified":"2026-03-13T10:35:26+00:00","description":"Flower arrangement. Types of flowers in the arrangement: light pink rose, white orchid, pink lisianthus, wax. Flower arrangement; Delivery of flowers to your home address","breadcrumb":{"@id":"https:\/\/provansadekor.rs\/proizvod\/sareni-cvetni-aranzman-sa-medvedom\/#breadcrumb"},"inLanguage":"en-US","potentialAction":[{"@type":"ReadAction","target":["https:\/\/provansadekor.rs\/proizvod\/sareni-cvetni-aranzman-sa-medvedom\/"]}]},{"@type":"ImageObject","inLanguage":"en-US","@id":"https:\/\/provansadekor.rs\/proizvod\/sareni-cvetni-aranzman-sa-medvedom\/#primaryimage","url":"https:\/\/provansadekor.rs\/wp-content\/uploads\/2024\/01\/SAS-0574.jpg","contentUrl":"https:\/\/provansadekor.rs\/wp-content\/uploads\/2024\/01\/SAS-0574.jpg","width":800,"height":800,"caption":"Cve\u0107e u kutiji - Cvetni aran\u017eman - Dostava cve\u0107a - Online dostava cve\u0107a"},{"@type":"BreadcrumbList","@id":"https:\/\/provansadekor.rs\/proizvod\/sareni-cvetni-aranzman-sa-medvedom\/#breadcrumb","itemListElement":[{"@type":"ListItem","position":1,"name":"\u041f\u043e\u0447\u0435\u0442\u043d\u0430","item":"https:\/\/provansadekor.rs\/"},{"@type":"ListItem","position":2,"name":"\u041f\u0440\u043e\u0438\u0437\u0432\u043e\u0434\u0438","item":"https:\/\/provansadekor.rs\/shop\/"},{"@type":"ListItem","position":3,"name":"\u0160areni cvetni aran\u017eman sa medvedom"}]},{"@type":"WebSite","@id":"https:\/\/provansadekor.rs\/#website","url":"https:\/\/provansadekor.rs\/","name":"Provence Decor","description":"Flower delivery Belgrade - Event organization and decoration - Landscaping","publisher":{"@id":"https:\/\/provansadekor.rs\/#organization"},"potentialAction":[{"@type":"SearchAction","target":{"@type":"EntryPoint","urlTemplate":"https:\/\/provansadekor.rs\/?s={search_term_string}"},"query-input":{"@type":"PropertyValueSpecification","valueRequired":true,"valueName":"search_term_string"}}],"inLanguage":"en-US"},{"@type":"Organization","@id":"https:\/\/provansadekor.rs\/#organization","name":"Provence Decor Flower Shop Belgrade","url":"https:\/\/provansadekor.rs\/","logo":{"@type":"ImageObject","inLanguage":"en-US","@id":"https:\/\/provansadekor.rs\/#\/schema\/logo\/image\/","url":"https:\/\/provansadekor.rs\/wp-content\/uploads\/2022\/03\/logo-provansa.jpg","contentUrl":"https:\/\/provansadekor.rs\/wp-content\/uploads\/2022\/03\/logo-provansa.jpg","width":200,"height":200,"caption":"Provansa Dekor Cve\u0107ara Beograd"},"image":{"@id":"https:\/\/provansadekor.rs\/#\/schema\/logo\/image\/"},"sameAs":["https:\/\/www.facebook.com\/provansadekor","https:\/\/www.instagram.com\/provansadekor\/"]}]}},"_links":{"self":[{"href":"https:\/\/provansadekor.rs\/en\/wp-json\/wp\/v2\/product\/31150","targetHints":{"allow":["GET"]}}],"collection":[{"href":"https:\/\/provansadekor.rs\/en\/wp-json\/wp\/v2\/product"}],"about":[{"href":"https:\/\/provansadekor.rs\/en\/wp-json\/wp\/v2\/types\/product"}],"version-history":[{"count":7,"href":"https:\/\/provansadekor.rs\/en\/wp-json\/wp\/v2\/product\/31150\/revisions"}],"predecessor-version":[{"id":77980,"href":"https:\/\/provansadekor.rs\/en\/wp-json\/wp\/v2\/product\/31150\/revisions\/77980"}],"wp:featuredmedia":[{"embeddable":true,"href":"https:\/\/provansadekor.rs\/en\/wp-json\/wp\/v2\/media\/77978"}],"wp:attachment":[{"href":"https:\/\/provansadekor.rs\/en\/wp-json\/wp\/v2\/media?parent=31150"}],"wp:term":[{"taxonomy":"product_brand","embeddable":true,"href":"https:\/\/provansadekor.rs\/en\/wp-json\/wp\/v2\/product_brand?post=31150"},{"taxonomy":"product_cat","embeddable":true,"href":"https:\/\/provansadekor.rs\/en\/wp-json\/wp\/v2\/product_cat?post=31150"},{"taxonomy":"product_tag","embeddable":true,"href":"https:\/\/provansadekor.rs\/en\/wp-json\/wp\/v2\/product_tag?post=31150"}],"curies":[{"name":"wp","href":"https:\/\/api.w.org\/{rel}","templated":true}]}}