{"id":30890,"date":"2020-11-01T12:41:36","date_gmt":"2020-11-01T11:41:36","guid":{"rendered":"http:\/\/provansadekor.rs\/?post_type=product&#038;p=30890"},"modified":"2026-03-13T11:35:29","modified_gmt":"2026-03-13T10:35:29","slug":"aranzman-40","status":"publish","type":"product","link":"https:\/\/provansadekor.rs\/en\/proizvod\/arrangement-40\/","title":{"rendered":"A dynamic surprise in a wicker basket"},"content":{"rendered":"<p>Kinds of <strong>flowers in an arrangement<\/strong>: apricot rose, white rose, white lisianthus, white alstroemeria, white carnation, white lily, apricot gerber, leucadendron, brunia, white mini chrysanthemum, trefer, eucalyptus, pampas.<\/p>\n<p>Accompanying decoration: handmade, deep, woven white basket, gray textile ribbon bow with white edges.<\/p>\n<p><strong>Flower arrangement in a basket<\/strong> which delights with its dynamic asymmetry.<br \/>\nSoft pampas in a rich combination<strong> fresh<\/strong> cut <strong>flowers<\/strong> of pastel colors, emerging from a hand-woven white basket.<br \/>\nOrder your ikebana and it will arrive at your home address straight from <strong>online flower shops Belgrade<\/strong>.<\/p>\n<h2 style=\"text-align: center;\"><strong>Flower shop Belgrade<\/strong><\/h2>\n<p>&nbsp;<\/p>","protected":false},"excerpt":{"rendered":"<p>Vrste cve\u0107a u aran\u017emanu: kajsija ru\u017ea, bela ru\u017ea, beli lizijantus, bela alstromerija, beli karanfil, beli ljiljan, kajsija gerber, leukadendron, brunija, bela mini hrizantema, trefer, eukaliptus, pampas. Prate\u0107a dekoracija: ru\u010dno radjena, duboka,\u00a0pletena bela korpa, ma\u0161na od sive tekstilne trake sa belim ivicama. Cvetni aran\u017eman u korpi koji odu\u0161evljava svojom dinami\u010dnom asimetrijom. Meki pampas u bogatoj kombinaciji [&hellip;]<\/p>","protected":false},"featured_media":30885,"template":"","meta":[],"product_brand":[],"product_cat":[168],"product_tag":[],"class_list":{"0":"post-30890","1":"product","2":"type-product","3":"status-publish","4":"has-post-thumbnail","6":"product_cat-luksuzni-aranzmani","8":"first","9":"instock","10":"shipping-taxable","11":"purchasable","12":"product-type-simple"},"yoast_head":"<!-- This site is optimized with the Yoast SEO Premium plugin v20.9 (Yoast SEO v26.5) - https:\/\/yoast.com\/wordpress\/plugins\/seo\/ -->\n<title>Dinami\u010dno iznenadjenje u pletenoj korpi &#8211; Provansa Dekor<\/title>\n<meta name=\"description\" content=\"Cvetni aran\u017eman u korpi koji odu\u0161evljava svojom dinami\u010dnom asimetrijom.Meki pampas u bogatoj kombinaciji sve\u017eeg rezanog cve\u0107a pastelnih boja, koja izvire iz ru\u010dno pletene bele korpe. Cve\u0107ara Beograd\" \/>\n<meta name=\"robots\" content=\"index, follow, max-snippet:-1, max-image-preview:large, max-video-preview:-1\" \/>\n<link rel=\"canonical\" href=\"https:\/\/provansadekor.rs\/en\/proizvod\/arrangement-40\/\" \/>\n<meta property=\"og:locale\" content=\"en_US\" \/>\n<meta property=\"og:type\" content=\"article\" \/>\n<meta property=\"og:title\" content=\"Dinami\u010dno iznenadjenje u pletenoj korpi\" \/>\n<meta property=\"og:description\" content=\"Cvetni aran\u017eman u korpi koji odu\u0161evljava svojom dinami\u010dnom asimetrijom.Meki pampas u bogatoj kombinaciji sve\u017eeg rezanog cve\u0107a pastelnih boja, koja izvire iz ru\u010dno pletene bele korpe. Cve\u0107ara Beograd\" \/>\n<meta property=\"og:url\" content=\"https:\/\/provansadekor.rs\/en\/proizvod\/arrangement-40\/\" \/>\n<meta property=\"og:site_name\" content=\"Provansa Dekor\" \/>\n<meta property=\"article:publisher\" content=\"https:\/\/www.facebook.com\/provansadekor\" \/>\n<meta property=\"article:modified_time\" content=\"2026-03-13T10:35:29+00:00\" \/>\n<meta property=\"og:image\" content=\"https:\/\/provansadekor.rs\/wp-content\/uploads\/2020\/11\/sanja-1.jpg\" \/>\n\t<meta property=\"og:image:width\" content=\"1200\" \/>\n\t<meta property=\"og:image:height\" content=\"1600\" \/>\n\t<meta property=\"og:image:type\" content=\"image\/jpeg\" \/>\n<meta name=\"twitter:card\" content=\"summary_large_image\" \/>\n<meta name=\"twitter:label1\" content=\"Est. reading time\" \/>\n\t<meta name=\"twitter:data1\" content=\"1 minute\" \/>\n<script type=\"application\/ld+json\" class=\"yoast-schema-graph\">{\"@context\":\"https:\/\/schema.org\",\"@graph\":[{\"@type\":[\"WebPage\",\"ItemPage\"],\"@id\":\"https:\/\/provansadekor.rs\/proizvod\/aranzman-40\/\",\"url\":\"https:\/\/provansadekor.rs\/proizvod\/aranzman-40\/\",\"name\":\"Dinami\u010dno iznenadjenje u pletenoj korpi &#8211; Provansa Dekor\",\"isPartOf\":{\"@id\":\"https:\/\/provansadekor.rs\/#website\"},\"primaryImageOfPage\":{\"@id\":\"https:\/\/provansadekor.rs\/proizvod\/aranzman-40\/#primaryimage\"},\"image\":{\"@id\":\"https:\/\/provansadekor.rs\/proizvod\/aranzman-40\/#primaryimage\"},\"thumbnailUrl\":\"https:\/\/provansadekor.rs\/wp-content\/uploads\/2020\/11\/sanja-1.jpg\",\"datePublished\":\"2020-11-01T11:41:36+00:00\",\"dateModified\":\"2026-03-13T10:35:29+00:00\",\"description\":\"Cvetni aran\u017eman u korpi koji odu\u0161evljava svojom dinami\u010dnom asimetrijom.Meki pampas u bogatoj kombinaciji sve\u017eeg rezanog cve\u0107a pastelnih boja, koja izvire iz ru\u010dno pletene bele korpe. Cve\u0107ara Beograd\",\"breadcrumb\":{\"@id\":\"https:\/\/provansadekor.rs\/proizvod\/aranzman-40\/#breadcrumb\"},\"inLanguage\":\"en-US\",\"potentialAction\":[{\"@type\":\"ReadAction\",\"target\":[\"https:\/\/provansadekor.rs\/proizvod\/aranzman-40\/\"]}]},{\"@type\":\"ImageObject\",\"inLanguage\":\"en-US\",\"@id\":\"https:\/\/provansadekor.rs\/proizvod\/aranzman-40\/#primaryimage\",\"url\":\"https:\/\/provansadekor.rs\/wp-content\/uploads\/2020\/11\/sanja-1.jpg\",\"contentUrl\":\"https:\/\/provansadekor.rs\/wp-content\/uploads\/2020\/11\/sanja-1.jpg\",\"width\":1200,\"height\":1600},{\"@type\":\"BreadcrumbList\",\"@id\":\"https:\/\/provansadekor.rs\/proizvod\/aranzman-40\/#breadcrumb\",\"itemListElement\":[{\"@type\":\"ListItem\",\"position\":1,\"name\":\"\u041f\u043e\u0447\u0435\u0442\u043d\u0430\",\"item\":\"https:\/\/provansadekor.rs\/\"},{\"@type\":\"ListItem\",\"position\":2,\"name\":\"\u041f\u0440\u043e\u0438\u0437\u0432\u043e\u0434\u0438\",\"item\":\"https:\/\/provansadekor.rs\/shop\/\"},{\"@type\":\"ListItem\",\"position\":3,\"name\":\"Dinami\u010dno iznenadjenje u pletenoj korpi\"}]},{\"@type\":\"WebSite\",\"@id\":\"https:\/\/provansadekor.rs\/#website\",\"url\":\"https:\/\/provansadekor.rs\/\",\"name\":\"Provansa Dekor\",\"description\":\"Dostava cve\u0107a Beograd - Organizacija i Dekoracija doga\u0111aja - Ure\u0111enje zelenih povr\u0161ina\",\"publisher\":{\"@id\":\"https:\/\/provansadekor.rs\/#organization\"},\"potentialAction\":[{\"@type\":\"SearchAction\",\"target\":{\"@type\":\"EntryPoint\",\"urlTemplate\":\"https:\/\/provansadekor.rs\/?s={search_term_string}\"},\"query-input\":{\"@type\":\"PropertyValueSpecification\",\"valueRequired\":true,\"valueName\":\"search_term_string\"}}],\"inLanguage\":\"en-US\"},{\"@type\":\"Organization\",\"@id\":\"https:\/\/provansadekor.rs\/#organization\",\"name\":\"Provansa Dekor Cve\u0107ara Beograd\",\"url\":\"https:\/\/provansadekor.rs\/\",\"logo\":{\"@type\":\"ImageObject\",\"inLanguage\":\"en-US\",\"@id\":\"https:\/\/provansadekor.rs\/#\/schema\/logo\/image\/\",\"url\":\"https:\/\/provansadekor.rs\/wp-content\/uploads\/2022\/03\/logo-provansa.jpg\",\"contentUrl\":\"https:\/\/provansadekor.rs\/wp-content\/uploads\/2022\/03\/logo-provansa.jpg\",\"width\":200,\"height\":200,\"caption\":\"Provansa Dekor Cve\u0107ara Beograd\"},\"image\":{\"@id\":\"https:\/\/provansadekor.rs\/#\/schema\/logo\/image\/\"},\"sameAs\":[\"https:\/\/www.facebook.com\/provansadekor\",\"https:\/\/www.instagram.com\/provansadekor\/\"]}]}<\/script>\n<!-- \/ Yoast SEO Premium plugin. -->","yoast_head_json":{"title":"A dynamic surprise in a wicker basket - Provence Decor","description":"A flower arrangement in a basket that delights with its dynamic asymmetry. Soft pampas in a rich combination of fresh cut flowers in pastel colors, which springs from a hand-woven white basket. Flower shop Belgrade","robots":{"index":"index","follow":"follow","max-snippet":"max-snippet:-1","max-image-preview":"max-image-preview:large","max-video-preview":"max-video-preview:-1"},"canonical":"https:\/\/provansadekor.rs\/en\/proizvod\/arrangement-40\/","og_locale":"en_US","og_type":"article","og_title":"Dinami\u010dno iznenadjenje u pletenoj korpi","og_description":"Cvetni aran\u017eman u korpi koji odu\u0161evljava svojom dinami\u010dnom asimetrijom.Meki pampas u bogatoj kombinaciji sve\u017eeg rezanog cve\u0107a pastelnih boja, koja izvire iz ru\u010dno pletene bele korpe. Cve\u0107ara Beograd","og_url":"https:\/\/provansadekor.rs\/en\/proizvod\/arrangement-40\/","og_site_name":"Provansa Dekor","article_publisher":"https:\/\/www.facebook.com\/provansadekor","article_modified_time":"2026-03-13T10:35:29+00:00","og_image":[{"width":1200,"height":1600,"url":"https:\/\/provansadekor.rs\/wp-content\/uploads\/2020\/11\/sanja-1.jpg","type":"image\/jpeg"}],"twitter_card":"summary_large_image","twitter_misc":{"Est. reading time":"1 minute"},"schema":{"@context":"https:\/\/schema.org","@graph":[{"@type":["WebPage","ItemPage"],"@id":"https:\/\/provansadekor.rs\/proizvod\/aranzman-40\/","url":"https:\/\/provansadekor.rs\/proizvod\/aranzman-40\/","name":"A dynamic surprise in a wicker basket - Provence Decor","isPartOf":{"@id":"https:\/\/provansadekor.rs\/#website"},"primaryImageOfPage":{"@id":"https:\/\/provansadekor.rs\/proizvod\/aranzman-40\/#primaryimage"},"image":{"@id":"https:\/\/provansadekor.rs\/proizvod\/aranzman-40\/#primaryimage"},"thumbnailUrl":"https:\/\/provansadekor.rs\/wp-content\/uploads\/2020\/11\/sanja-1.jpg","datePublished":"2020-11-01T11:41:36+00:00","dateModified":"2026-03-13T10:35:29+00:00","description":"A flower arrangement in a basket that delights with its dynamic asymmetry. Soft pampas in a rich combination of fresh cut flowers in pastel colors, which springs from a hand-woven white basket. Flower shop Belgrade","breadcrumb":{"@id":"https:\/\/provansadekor.rs\/proizvod\/aranzman-40\/#breadcrumb"},"inLanguage":"en-US","potentialAction":[{"@type":"ReadAction","target":["https:\/\/provansadekor.rs\/proizvod\/aranzman-40\/"]}]},{"@type":"ImageObject","inLanguage":"en-US","@id":"https:\/\/provansadekor.rs\/proizvod\/aranzman-40\/#primaryimage","url":"https:\/\/provansadekor.rs\/wp-content\/uploads\/2020\/11\/sanja-1.jpg","contentUrl":"https:\/\/provansadekor.rs\/wp-content\/uploads\/2020\/11\/sanja-1.jpg","width":1200,"height":1600},{"@type":"BreadcrumbList","@id":"https:\/\/provansadekor.rs\/proizvod\/aranzman-40\/#breadcrumb","itemListElement":[{"@type":"ListItem","position":1,"name":"\u041f\u043e\u0447\u0435\u0442\u043d\u0430","item":"https:\/\/provansadekor.rs\/"},{"@type":"ListItem","position":2,"name":"\u041f\u0440\u043e\u0438\u0437\u0432\u043e\u0434\u0438","item":"https:\/\/provansadekor.rs\/shop\/"},{"@type":"ListItem","position":3,"name":"Dinami\u010dno iznenadjenje u pletenoj korpi"}]},{"@type":"WebSite","@id":"https:\/\/provansadekor.rs\/#website","url":"https:\/\/provansadekor.rs\/","name":"Provence Decor","description":"Flower delivery Belgrade - Event organization and decoration - Landscaping","publisher":{"@id":"https:\/\/provansadekor.rs\/#organization"},"potentialAction":[{"@type":"SearchAction","target":{"@type":"EntryPoint","urlTemplate":"https:\/\/provansadekor.rs\/?s={search_term_string}"},"query-input":{"@type":"PropertyValueSpecification","valueRequired":true,"valueName":"search_term_string"}}],"inLanguage":"en-US"},{"@type":"Organization","@id":"https:\/\/provansadekor.rs\/#organization","name":"Provence Decor Flower Shop Belgrade","url":"https:\/\/provansadekor.rs\/","logo":{"@type":"ImageObject","inLanguage":"en-US","@id":"https:\/\/provansadekor.rs\/#\/schema\/logo\/image\/","url":"https:\/\/provansadekor.rs\/wp-content\/uploads\/2022\/03\/logo-provansa.jpg","contentUrl":"https:\/\/provansadekor.rs\/wp-content\/uploads\/2022\/03\/logo-provansa.jpg","width":200,"height":200,"caption":"Provansa Dekor Cve\u0107ara Beograd"},"image":{"@id":"https:\/\/provansadekor.rs\/#\/schema\/logo\/image\/"},"sameAs":["https:\/\/www.facebook.com\/provansadekor","https:\/\/www.instagram.com\/provansadekor\/"]}]}},"_links":{"self":[{"href":"https:\/\/provansadekor.rs\/en\/wp-json\/wp\/v2\/product\/30890","targetHints":{"allow":["GET"]}}],"collection":[{"href":"https:\/\/provansadekor.rs\/en\/wp-json\/wp\/v2\/product"}],"about":[{"href":"https:\/\/provansadekor.rs\/en\/wp-json\/wp\/v2\/types\/product"}],"version-history":[{"count":5,"href":"https:\/\/provansadekor.rs\/en\/wp-json\/wp\/v2\/product\/30890\/revisions"}],"predecessor-version":[{"id":67512,"href":"https:\/\/provansadekor.rs\/en\/wp-json\/wp\/v2\/product\/30890\/revisions\/67512"}],"wp:featuredmedia":[{"embeddable":true,"href":"https:\/\/provansadekor.rs\/en\/wp-json\/wp\/v2\/media\/30885"}],"wp:attachment":[{"href":"https:\/\/provansadekor.rs\/en\/wp-json\/wp\/v2\/media?parent=30890"}],"wp:term":[{"taxonomy":"product_brand","embeddable":true,"href":"https:\/\/provansadekor.rs\/en\/wp-json\/wp\/v2\/product_brand?post=30890"},{"taxonomy":"product_cat","embeddable":true,"href":"https:\/\/provansadekor.rs\/en\/wp-json\/wp\/v2\/product_cat?post=30890"},{"taxonomy":"product_tag","embeddable":true,"href":"https:\/\/provansadekor.rs\/en\/wp-json\/wp\/v2\/product_tag?post=30890"}],"curies":[{"name":"wp","href":"https:\/\/api.w.org\/{rel}","templated":true}]}}