{"id":30881,"date":"2020-11-01T12:26:45","date_gmt":"2020-11-01T11:26:45","guid":{"rendered":"http:\/\/provansadekor.rs\/?post_type=product&#038;p=30881"},"modified":"2026-03-08T16:28:34","modified_gmt":"2026-03-08T15:28:34","slug":"box-aranzman-41","status":"publish","type":"product","link":"https:\/\/provansadekor.rs\/en\/proizvod\/box-arrangement-41\/","title":{"rendered":"Misti\u010dni box aran\u017eman sa ru\u017eama"},"content":{"rendered":"<p>Kinds of <strong>flowers<\/strong> in <strong>arrangement: red rose<\/strong>, beli lizijantus,pampas i\u00a0 eukaliptus.<\/p>\n<p>Prate\u0107a dekoracija: kockasti crni box, ma\u0161na od svetlo crvene satenske trake, dekorativni srce pik.<\/p>\n<p>A seductive combination <strong>flowers<\/strong> in the black box it gives the impression of being mystical. The most beautiful <strong>red roses<\/strong> unose posebnu nit romantike.<br \/>\nOrder this one <strong>arrangement<\/strong> and let him do the talking for you.<\/p>\n<p><strong>Online flower shop<\/strong> is here for you seven days a week.<\/p>\n<p>Product declaration, country of origin and manufacturer are available on the label of the product itself.<\/p>\n<h2 style=\"text-align: center;\"><strong>Online flower shop, flowers in an arrangement: red rose<\/strong><\/h2>","protected":false},"excerpt":{"rendered":"<p>Vrste cve\u0107a u aran\u017emanu: crvena ru\u017ea, beli lizijantus,pampas i\u00a0 eukaliptus. Prate\u0107a dekoracija: kockasti crni box, ma\u0161na od svetlo crvene satenske trake, dekorativni srce pik. Zavodljiva kombinacija cve\u0107a u crnom box-u odaje utisak misti\u010dnog. Najlep\u0161e crvene ru\u017ee unose posebnu nit romantike. Naru\u010dite ovaj aran\u017eman i dopustite da on pri\u010da umesto vas. Online cve\u0107ara je tu za [&hellip;]<\/p>","protected":false},"featured_media":84208,"template":"","meta":[],"product_brand":[327],"product_cat":[320,169,146],"product_tag":[],"class_list":{"0":"post-30881","1":"product","2":"type-product","3":"status-publish","4":"has-post-thumbnail","6":"product_brand-do5","7":"product_cat-8-mart","8":"product_cat-dan-zaljubljenih","9":"product_cat-cvece-u-kutiji","11":"first","12":"instock","13":"shipping-taxable","14":"purchasable","15":"product-type-simple"},"yoast_head":"<!-- This site is optimized with the Yoast SEO Premium plugin v20.9 (Yoast SEO v26.5) - https:\/\/yoast.com\/wordpress\/plugins\/seo\/ -->\n<title>Misti\u010dni box aran\u017eman sa ru\u017eama &#8211; Provansa Dekor<\/title>\n<meta name=\"description\" content=\"Zavodljiva kombinacija cve\u0107a u crnom box-u odaje utisak misti\u010dnog. Najlep\u0161e crvene ru\u017ee unose posebnu nit romantike koju podupire pi\u0107e u crnoj \u010dipki. Online cve\u0107ara, cve\u0107e u aran\u017emanu: crvena ru\u017ea\" \/>\n<meta name=\"robots\" content=\"index, follow, max-snippet:-1, max-image-preview:large, max-video-preview:-1\" \/>\n<link rel=\"canonical\" href=\"https:\/\/provansadekor.rs\/en\/proizvod\/box-arrangement-41\/\" \/>\n<meta property=\"og:locale\" content=\"en_US\" \/>\n<meta property=\"og:type\" content=\"article\" \/>\n<meta property=\"og:title\" content=\"Misti\u010dni box aran\u017eman sa ru\u017eama\" \/>\n<meta property=\"og:description\" content=\"Zavodljiva kombinacija cve\u0107a u crnom box-u odaje utisak misti\u010dnog. Najlep\u0161e crvene ru\u017ee unose posebnu nit romantike koju podupire pi\u0107e u crnoj \u010dipki. Online cve\u0107ara, cve\u0107e u aran\u017emanu: crvena ru\u017ea\" \/>\n<meta property=\"og:url\" content=\"https:\/\/provansadekor.rs\/en\/proizvod\/box-arrangement-41\/\" \/>\n<meta property=\"og:site_name\" content=\"Provansa Dekor\" \/>\n<meta property=\"article:publisher\" content=\"https:\/\/www.facebook.com\/provansadekor\" \/>\n<meta property=\"article:modified_time\" content=\"2026-03-08T15:28:34+00:00\" \/>\n<meta property=\"og:image\" content=\"https:\/\/provansadekor.rs\/wp-content\/uploads\/2025\/07\/DSC_8688a-scaled.jpg\" \/>\n\t<meta property=\"og:image:width\" content=\"2560\" \/>\n\t<meta property=\"og:image:height\" content=\"1438\" \/>\n\t<meta property=\"og:image:type\" content=\"image\/jpeg\" \/>\n<meta name=\"twitter:card\" content=\"summary_large_image\" \/>\n<meta name=\"twitter:label1\" content=\"Est. reading time\" \/>\n\t<meta name=\"twitter:data1\" content=\"1 minute\" \/>\n<script type=\"application\/ld+json\" class=\"yoast-schema-graph\">{\"@context\":\"https:\/\/schema.org\",\"@graph\":[{\"@type\":[\"WebPage\",\"ItemPage\"],\"@id\":\"https:\/\/provansadekor.rs\/proizvod\/box-aranzman-41\/\",\"url\":\"https:\/\/provansadekor.rs\/proizvod\/box-aranzman-41\/\",\"name\":\"Misti\u010dni box aran\u017eman sa ru\u017eama &#8211; Provansa Dekor\",\"isPartOf\":{\"@id\":\"https:\/\/provansadekor.rs\/#website\"},\"primaryImageOfPage\":{\"@id\":\"https:\/\/provansadekor.rs\/proizvod\/box-aranzman-41\/#primaryimage\"},\"image\":{\"@id\":\"https:\/\/provansadekor.rs\/proizvod\/box-aranzman-41\/#primaryimage\"},\"thumbnailUrl\":\"https:\/\/provansadekor.rs\/wp-content\/uploads\/2025\/07\/DSC_8688a-scaled.jpg\",\"datePublished\":\"2020-11-01T11:26:45+00:00\",\"dateModified\":\"2026-03-08T15:28:34+00:00\",\"description\":\"Zavodljiva kombinacija cve\u0107a u crnom box-u odaje utisak misti\u010dnog. Najlep\u0161e crvene ru\u017ee unose posebnu nit romantike koju podupire pi\u0107e u crnoj \u010dipki. Online cve\u0107ara, cve\u0107e u aran\u017emanu: crvena ru\u017ea\",\"breadcrumb\":{\"@id\":\"https:\/\/provansadekor.rs\/proizvod\/box-aranzman-41\/#breadcrumb\"},\"inLanguage\":\"en-US\",\"potentialAction\":[{\"@type\":\"ReadAction\",\"target\":[\"https:\/\/provansadekor.rs\/proizvod\/box-aranzman-41\/\"]}]},{\"@type\":\"ImageObject\",\"inLanguage\":\"en-US\",\"@id\":\"https:\/\/provansadekor.rs\/proizvod\/box-aranzman-41\/#primaryimage\",\"url\":\"https:\/\/provansadekor.rs\/wp-content\/uploads\/2025\/07\/DSC_8688a-scaled.jpg\",\"contentUrl\":\"https:\/\/provansadekor.rs\/wp-content\/uploads\/2025\/07\/DSC_8688a-scaled.jpg\",\"width\":2560,\"height\":1438},{\"@type\":\"BreadcrumbList\",\"@id\":\"https:\/\/provansadekor.rs\/proizvod\/box-aranzman-41\/#breadcrumb\",\"itemListElement\":[{\"@type\":\"ListItem\",\"position\":1,\"name\":\"\u041f\u043e\u0447\u0435\u0442\u043d\u0430\",\"item\":\"https:\/\/provansadekor.rs\/\"},{\"@type\":\"ListItem\",\"position\":2,\"name\":\"\u041f\u0440\u043e\u0438\u0437\u0432\u043e\u0434\u0438\",\"item\":\"https:\/\/provansadekor.rs\/shop\/\"},{\"@type\":\"ListItem\",\"position\":3,\"name\":\"Misti\u010dni box aran\u017eman sa ru\u017eama\"}]},{\"@type\":\"WebSite\",\"@id\":\"https:\/\/provansadekor.rs\/#website\",\"url\":\"https:\/\/provansadekor.rs\/\",\"name\":\"Provansa Dekor\",\"description\":\"Dostava cve\u0107a Beograd - Organizacija i Dekoracija doga\u0111aja - Ure\u0111enje zelenih povr\u0161ina\",\"publisher\":{\"@id\":\"https:\/\/provansadekor.rs\/#organization\"},\"potentialAction\":[{\"@type\":\"SearchAction\",\"target\":{\"@type\":\"EntryPoint\",\"urlTemplate\":\"https:\/\/provansadekor.rs\/?s={search_term_string}\"},\"query-input\":{\"@type\":\"PropertyValueSpecification\",\"valueRequired\":true,\"valueName\":\"search_term_string\"}}],\"inLanguage\":\"en-US\"},{\"@type\":\"Organization\",\"@id\":\"https:\/\/provansadekor.rs\/#organization\",\"name\":\"Provansa Dekor Cve\u0107ara Beograd\",\"url\":\"https:\/\/provansadekor.rs\/\",\"logo\":{\"@type\":\"ImageObject\",\"inLanguage\":\"en-US\",\"@id\":\"https:\/\/provansadekor.rs\/#\/schema\/logo\/image\/\",\"url\":\"https:\/\/provansadekor.rs\/wp-content\/uploads\/2022\/03\/logo-provansa.jpg\",\"contentUrl\":\"https:\/\/provansadekor.rs\/wp-content\/uploads\/2022\/03\/logo-provansa.jpg\",\"width\":200,\"height\":200,\"caption\":\"Provansa Dekor Cve\u0107ara Beograd\"},\"image\":{\"@id\":\"https:\/\/provansadekor.rs\/#\/schema\/logo\/image\/\"},\"sameAs\":[\"https:\/\/www.facebook.com\/provansadekor\",\"https:\/\/www.instagram.com\/provansadekor\/\"]}]}<\/script>\n<!-- \/ Yoast SEO Premium plugin. -->","yoast_head_json":{"title":"Misti\u010dni box aran\u017eman sa ru\u017eama &#8211; Provansa Dekor","description":"The seductive combination of flowers in a black box gives off a mystical impression. The most beautiful red roses bring a special thread of romance supported by a drink in black lace. Online flower shop, flowers in an arrangement: red rose","robots":{"index":"index","follow":"follow","max-snippet":"max-snippet:-1","max-image-preview":"max-image-preview:large","max-video-preview":"max-video-preview:-1"},"canonical":"https:\/\/provansadekor.rs\/en\/proizvod\/box-arrangement-41\/","og_locale":"en_US","og_type":"article","og_title":"Misti\u010dni box aran\u017eman sa ru\u017eama","og_description":"Zavodljiva kombinacija cve\u0107a u crnom box-u odaje utisak misti\u010dnog. Najlep\u0161e crvene ru\u017ee unose posebnu nit romantike koju podupire pi\u0107e u crnoj \u010dipki. Online cve\u0107ara, cve\u0107e u aran\u017emanu: crvena ru\u017ea","og_url":"https:\/\/provansadekor.rs\/en\/proizvod\/box-arrangement-41\/","og_site_name":"Provansa Dekor","article_publisher":"https:\/\/www.facebook.com\/provansadekor","article_modified_time":"2026-03-08T15:28:34+00:00","og_image":[{"width":2560,"height":1438,"url":"https:\/\/provansadekor.rs\/wp-content\/uploads\/2025\/07\/DSC_8688a-scaled.jpg","type":"image\/jpeg"}],"twitter_card":"summary_large_image","twitter_misc":{"Est. reading time":"1 minute"},"schema":{"@context":"https:\/\/schema.org","@graph":[{"@type":["WebPage","ItemPage"],"@id":"https:\/\/provansadekor.rs\/proizvod\/box-aranzman-41\/","url":"https:\/\/provansadekor.rs\/proizvod\/box-aranzman-41\/","name":"Misti\u010dni box aran\u017eman sa ru\u017eama &#8211; Provansa Dekor","isPartOf":{"@id":"https:\/\/provansadekor.rs\/#website"},"primaryImageOfPage":{"@id":"https:\/\/provansadekor.rs\/proizvod\/box-aranzman-41\/#primaryimage"},"image":{"@id":"https:\/\/provansadekor.rs\/proizvod\/box-aranzman-41\/#primaryimage"},"thumbnailUrl":"https:\/\/provansadekor.rs\/wp-content\/uploads\/2025\/07\/DSC_8688a-scaled.jpg","datePublished":"2020-11-01T11:26:45+00:00","dateModified":"2026-03-08T15:28:34+00:00","description":"The seductive combination of flowers in a black box gives off a mystical impression. The most beautiful red roses bring a special thread of romance supported by a drink in black lace. Online flower shop, flowers in an arrangement: red rose","breadcrumb":{"@id":"https:\/\/provansadekor.rs\/proizvod\/box-aranzman-41\/#breadcrumb"},"inLanguage":"en-US","potentialAction":[{"@type":"ReadAction","target":["https:\/\/provansadekor.rs\/proizvod\/box-aranzman-41\/"]}]},{"@type":"ImageObject","inLanguage":"en-US","@id":"https:\/\/provansadekor.rs\/proizvod\/box-aranzman-41\/#primaryimage","url":"https:\/\/provansadekor.rs\/wp-content\/uploads\/2025\/07\/DSC_8688a-scaled.jpg","contentUrl":"https:\/\/provansadekor.rs\/wp-content\/uploads\/2025\/07\/DSC_8688a-scaled.jpg","width":2560,"height":1438},{"@type":"BreadcrumbList","@id":"https:\/\/provansadekor.rs\/proizvod\/box-aranzman-41\/#breadcrumb","itemListElement":[{"@type":"ListItem","position":1,"name":"\u041f\u043e\u0447\u0435\u0442\u043d\u0430","item":"https:\/\/provansadekor.rs\/"},{"@type":"ListItem","position":2,"name":"\u041f\u0440\u043e\u0438\u0437\u0432\u043e\u0434\u0438","item":"https:\/\/provansadekor.rs\/shop\/"},{"@type":"ListItem","position":3,"name":"Misti\u010dni box aran\u017eman sa ru\u017eama"}]},{"@type":"WebSite","@id":"https:\/\/provansadekor.rs\/#website","url":"https:\/\/provansadekor.rs\/","name":"Provence Decor","description":"Flower delivery Belgrade - Event organization and decoration - Landscaping","publisher":{"@id":"https:\/\/provansadekor.rs\/#organization"},"potentialAction":[{"@type":"SearchAction","target":{"@type":"EntryPoint","urlTemplate":"https:\/\/provansadekor.rs\/?s={search_term_string}"},"query-input":{"@type":"PropertyValueSpecification","valueRequired":true,"valueName":"search_term_string"}}],"inLanguage":"en-US"},{"@type":"Organization","@id":"https:\/\/provansadekor.rs\/#organization","name":"Provence Decor Flower Shop Belgrade","url":"https:\/\/provansadekor.rs\/","logo":{"@type":"ImageObject","inLanguage":"en-US","@id":"https:\/\/provansadekor.rs\/#\/schema\/logo\/image\/","url":"https:\/\/provansadekor.rs\/wp-content\/uploads\/2022\/03\/logo-provansa.jpg","contentUrl":"https:\/\/provansadekor.rs\/wp-content\/uploads\/2022\/03\/logo-provansa.jpg","width":200,"height":200,"caption":"Provansa Dekor Cve\u0107ara Beograd"},"image":{"@id":"https:\/\/provansadekor.rs\/#\/schema\/logo\/image\/"},"sameAs":["https:\/\/www.facebook.com\/provansadekor","https:\/\/www.instagram.com\/provansadekor\/"]}]}},"_links":{"self":[{"href":"https:\/\/provansadekor.rs\/en\/wp-json\/wp\/v2\/product\/30881","targetHints":{"allow":["GET"]}}],"collection":[{"href":"https:\/\/provansadekor.rs\/en\/wp-json\/wp\/v2\/product"}],"about":[{"href":"https:\/\/provansadekor.rs\/en\/wp-json\/wp\/v2\/types\/product"}],"version-history":[{"count":7,"href":"https:\/\/provansadekor.rs\/en\/wp-json\/wp\/v2\/product\/30881\/revisions"}],"predecessor-version":[{"id":84213,"href":"https:\/\/provansadekor.rs\/en\/wp-json\/wp\/v2\/product\/30881\/revisions\/84213"}],"wp:featuredmedia":[{"embeddable":true,"href":"https:\/\/provansadekor.rs\/en\/wp-json\/wp\/v2\/media\/84208"}],"wp:attachment":[{"href":"https:\/\/provansadekor.rs\/en\/wp-json\/wp\/v2\/media?parent=30881"}],"wp:term":[{"taxonomy":"product_brand","embeddable":true,"href":"https:\/\/provansadekor.rs\/en\/wp-json\/wp\/v2\/product_brand?post=30881"},{"taxonomy":"product_cat","embeddable":true,"href":"https:\/\/provansadekor.rs\/en\/wp-json\/wp\/v2\/product_cat?post=30881"},{"taxonomy":"product_tag","embeddable":true,"href":"https:\/\/provansadekor.rs\/en\/wp-json\/wp\/v2\/product_tag?post=30881"}],"curies":[{"name":"wp","href":"https:\/\/api.w.org\/{rel}","templated":true}]}}