{"id":30818,"date":"2022-02-03T11:41:43","date_gmt":"2022-02-03T10:41:43","guid":{"rendered":"http:\/\/provansadekor.rs\/?post_type=product&#038;p=30818"},"modified":"2026-03-13T11:35:07","modified_gmt":"2026-03-13T10:35:07","slug":"poklon-za-bebe-05","status":"publish","type":"product","link":"https:\/\/provansadekor.rs\/en\/proizvod\/gift-for-babies-05\/","title":{"rendered":"Pink hug for the birth of a child"},"content":{"rendered":"<p>Kinds of <strong>flowers<\/strong> in <strong>the bouquet<\/strong>: white lily, lilac carnation, pink and green anthorium, pink lisianthus, aspidistra.<\/p>\n<p>Accompanying decoration: pink paper, pale pink paper with gold edges and tassels, pink ribbon bow, pink lace ribbon bow, white teddy bear, mini brown bear, pink blanket, white towel, socks, diaper, comb, bottle, brush, cosmetics for babies.<\/p>\n<p>Lavish <strong>pink bouquet for the birth of a child<\/strong> with which you give affection, beauty, but also benefit. A beautiful card for the most beautiful moments of life.<br \/>\nEasy and simple <strong>order online<\/strong>, and it is also fast and safe <strong>home delivery<\/strong>.<\/p>\n<p>Product declaration, country of origin and manufacturer are available on the label of the product itself.<\/p>\n<h2 style=\"text-align: center;\"><strong>Pink bouquet for the birth of a child, Online flower shop, delivery Belgrade\u00a0<\/strong><\/h2>\n<p>&nbsp;<\/p>","protected":false},"excerpt":{"rendered":"<p>Vrste cve\u0107a u buketu: beli ljiljan, lila karanfil, roze i zeleni antorium, roze lizijantus, aspidistra. Prate\u0107a dekoracija: roze papir, bledo roze papir sa zlatnim ivicama i tufnama, ma\u0161na od roze trake, ma\u0161na od roze \u010dipkane trake, beli pli\u0161ani meda, mini braon meda, roze \u0107ebence, beli pe\u0161kiri\u0107, \u010darapice, pelena, \u010de\u0161lji\u0107, fla\u0161ica, \u010detka, kozmetika za bebe. Rasko\u0161ni [&hellip;]<\/p>","protected":false},"featured_media":30816,"template":"","meta":[],"product_brand":[],"product_cat":[163],"product_tag":[],"class_list":{"0":"post-30818","1":"product","2":"type-product","3":"status-publish","4":"has-post-thumbnail","6":"product_cat-poklon-za-bebe","8":"first","9":"instock","10":"shipping-taxable","11":"purchasable","12":"product-type-simple"},"yoast_head":"<!-- This site is optimized with the Yoast SEO Premium plugin v20.9 (Yoast SEO v26.5) - https:\/\/yoast.com\/wordpress\/plugins\/seo\/ -->\n<title>Pink zagrljaj za rodjenje deteta &#8211; Provansa Dekor<\/title>\n<meta name=\"description\" content=\"Rasko\u0161ni roze buket za rodjenje deteta kojim poklanjate naklonost, lepotu ali i korist. Prelepa \u010destitka za najlep\u0161e \u017eivotne momente. Roze buket za rodjenje deteta, Online cve\u0107ara, dostava Beograd\u00a0\" \/>\n<meta name=\"robots\" content=\"index, follow, max-snippet:-1, max-image-preview:large, max-video-preview:-1\" \/>\n<link rel=\"canonical\" href=\"https:\/\/provansadekor.rs\/en\/proizvod\/gift-for-babies-05\/\" \/>\n<meta property=\"og:locale\" content=\"en_US\" \/>\n<meta property=\"og:type\" content=\"article\" \/>\n<meta property=\"og:title\" content=\"Pink zagrljaj za rodjenje deteta\" \/>\n<meta property=\"og:description\" content=\"Rasko\u0161ni roze buket za rodjenje deteta kojim poklanjate naklonost, lepotu ali i korist. Prelepa \u010destitka za najlep\u0161e \u017eivotne momente. Roze buket za rodjenje deteta, Online cve\u0107ara, dostava Beograd\u00a0\" \/>\n<meta property=\"og:url\" content=\"https:\/\/provansadekor.rs\/en\/proizvod\/gift-for-babies-05\/\" \/>\n<meta property=\"og:site_name\" content=\"Provansa Dekor\" \/>\n<meta property=\"article:publisher\" content=\"https:\/\/www.facebook.com\/provansadekor\" \/>\n<meta property=\"article:modified_time\" content=\"2026-03-13T10:35:07+00:00\" \/>\n<meta property=\"og:image\" content=\"https:\/\/provansadekor.rs\/wp-content\/uploads\/2020\/11\/bebeci15000.jpg\" \/>\n\t<meta property=\"og:image:width\" content=\"1350\" \/>\n\t<meta property=\"og:image:height\" content=\"1800\" \/>\n\t<meta property=\"og:image:type\" content=\"image\/jpeg\" \/>\n<meta name=\"twitter:card\" content=\"summary_large_image\" \/>\n<meta name=\"twitter:label1\" content=\"Est. reading time\" \/>\n\t<meta name=\"twitter:data1\" content=\"1 minute\" \/>\n<script type=\"application\/ld+json\" class=\"yoast-schema-graph\">{\"@context\":\"https:\/\/schema.org\",\"@graph\":[{\"@type\":[\"WebPage\",\"ItemPage\"],\"@id\":\"https:\/\/provansadekor.rs\/proizvod\/poklon-za-bebe-05\/\",\"url\":\"https:\/\/provansadekor.rs\/proizvod\/poklon-za-bebe-05\/\",\"name\":\"Pink zagrljaj za rodjenje deteta &#8211; Provansa Dekor\",\"isPartOf\":{\"@id\":\"https:\/\/provansadekor.rs\/#website\"},\"primaryImageOfPage\":{\"@id\":\"https:\/\/provansadekor.rs\/proizvod\/poklon-za-bebe-05\/#primaryimage\"},\"image\":{\"@id\":\"https:\/\/provansadekor.rs\/proizvod\/poklon-za-bebe-05\/#primaryimage\"},\"thumbnailUrl\":\"https:\/\/provansadekor.rs\/wp-content\/uploads\/2020\/11\/bebeci15000.jpg\",\"datePublished\":\"2022-02-03T10:41:43+00:00\",\"dateModified\":\"2026-03-13T10:35:07+00:00\",\"description\":\"Rasko\u0161ni roze buket za rodjenje deteta kojim poklanjate naklonost, lepotu ali i korist. Prelepa \u010destitka za najlep\u0161e \u017eivotne momente. Roze buket za rodjenje deteta, Online cve\u0107ara, dostava Beograd\u00a0\",\"breadcrumb\":{\"@id\":\"https:\/\/provansadekor.rs\/proizvod\/poklon-za-bebe-05\/#breadcrumb\"},\"inLanguage\":\"en-US\",\"potentialAction\":[{\"@type\":\"ReadAction\",\"target\":[\"https:\/\/provansadekor.rs\/proizvod\/poklon-za-bebe-05\/\"]}]},{\"@type\":\"ImageObject\",\"inLanguage\":\"en-US\",\"@id\":\"https:\/\/provansadekor.rs\/proizvod\/poklon-za-bebe-05\/#primaryimage\",\"url\":\"https:\/\/provansadekor.rs\/wp-content\/uploads\/2020\/11\/bebeci15000.jpg\",\"contentUrl\":\"https:\/\/provansadekor.rs\/wp-content\/uploads\/2020\/11\/bebeci15000.jpg\",\"width\":1350,\"height\":1800},{\"@type\":\"BreadcrumbList\",\"@id\":\"https:\/\/provansadekor.rs\/proizvod\/poklon-za-bebe-05\/#breadcrumb\",\"itemListElement\":[{\"@type\":\"ListItem\",\"position\":1,\"name\":\"\u041f\u043e\u0447\u0435\u0442\u043d\u0430\",\"item\":\"https:\/\/provansadekor.rs\/\"},{\"@type\":\"ListItem\",\"position\":2,\"name\":\"\u041f\u0440\u043e\u0438\u0437\u0432\u043e\u0434\u0438\",\"item\":\"https:\/\/provansadekor.rs\/shop\/\"},{\"@type\":\"ListItem\",\"position\":3,\"name\":\"Pink zagrljaj za rodjenje deteta\"}]},{\"@type\":\"WebSite\",\"@id\":\"https:\/\/provansadekor.rs\/#website\",\"url\":\"https:\/\/provansadekor.rs\/\",\"name\":\"Provansa Dekor\",\"description\":\"Dostava cve\u0107a Beograd - Organizacija i Dekoracija doga\u0111aja - Ure\u0111enje zelenih povr\u0161ina\",\"publisher\":{\"@id\":\"https:\/\/provansadekor.rs\/#organization\"},\"potentialAction\":[{\"@type\":\"SearchAction\",\"target\":{\"@type\":\"EntryPoint\",\"urlTemplate\":\"https:\/\/provansadekor.rs\/?s={search_term_string}\"},\"query-input\":{\"@type\":\"PropertyValueSpecification\",\"valueRequired\":true,\"valueName\":\"search_term_string\"}}],\"inLanguage\":\"en-US\"},{\"@type\":\"Organization\",\"@id\":\"https:\/\/provansadekor.rs\/#organization\",\"name\":\"Provansa Dekor Cve\u0107ara Beograd\",\"url\":\"https:\/\/provansadekor.rs\/\",\"logo\":{\"@type\":\"ImageObject\",\"inLanguage\":\"en-US\",\"@id\":\"https:\/\/provansadekor.rs\/#\/schema\/logo\/image\/\",\"url\":\"https:\/\/provansadekor.rs\/wp-content\/uploads\/2022\/03\/logo-provansa.jpg\",\"contentUrl\":\"https:\/\/provansadekor.rs\/wp-content\/uploads\/2022\/03\/logo-provansa.jpg\",\"width\":200,\"height\":200,\"caption\":\"Provansa Dekor Cve\u0107ara Beograd\"},\"image\":{\"@id\":\"https:\/\/provansadekor.rs\/#\/schema\/logo\/image\/\"},\"sameAs\":[\"https:\/\/www.facebook.com\/provansadekor\",\"https:\/\/www.instagram.com\/provansadekor\/\"]}]}<\/script>\n<!-- \/ Yoast SEO Premium plugin. -->","yoast_head_json":{"title":"Pink hug for the birth of a child - Provence Decor","description":"A luxurious pink bouquet for the birth of a child with which you give affection, beauty, but also benefit. A beautiful card for the most beautiful moments of life. Pink bouquet for the birth of a child, Online flower shop, delivery Belgrade\u00a0","robots":{"index":"index","follow":"follow","max-snippet":"max-snippet:-1","max-image-preview":"max-image-preview:large","max-video-preview":"max-video-preview:-1"},"canonical":"https:\/\/provansadekor.rs\/en\/proizvod\/gift-for-babies-05\/","og_locale":"en_US","og_type":"article","og_title":"Pink zagrljaj za rodjenje deteta","og_description":"Rasko\u0161ni roze buket za rodjenje deteta kojim poklanjate naklonost, lepotu ali i korist. Prelepa \u010destitka za najlep\u0161e \u017eivotne momente. Roze buket za rodjenje deteta, Online cve\u0107ara, dostava Beograd\u00a0","og_url":"https:\/\/provansadekor.rs\/en\/proizvod\/gift-for-babies-05\/","og_site_name":"Provansa Dekor","article_publisher":"https:\/\/www.facebook.com\/provansadekor","article_modified_time":"2026-03-13T10:35:07+00:00","og_image":[{"width":1350,"height":1800,"url":"https:\/\/provansadekor.rs\/wp-content\/uploads\/2020\/11\/bebeci15000.jpg","type":"image\/jpeg"}],"twitter_card":"summary_large_image","twitter_misc":{"Est. reading time":"1 minute"},"schema":{"@context":"https:\/\/schema.org","@graph":[{"@type":["WebPage","ItemPage"],"@id":"https:\/\/provansadekor.rs\/proizvod\/poklon-za-bebe-05\/","url":"https:\/\/provansadekor.rs\/proizvod\/poklon-za-bebe-05\/","name":"Pink hug for the birth of a child - Provence Decor","isPartOf":{"@id":"https:\/\/provansadekor.rs\/#website"},"primaryImageOfPage":{"@id":"https:\/\/provansadekor.rs\/proizvod\/poklon-za-bebe-05\/#primaryimage"},"image":{"@id":"https:\/\/provansadekor.rs\/proizvod\/poklon-za-bebe-05\/#primaryimage"},"thumbnailUrl":"https:\/\/provansadekor.rs\/wp-content\/uploads\/2020\/11\/bebeci15000.jpg","datePublished":"2022-02-03T10:41:43+00:00","dateModified":"2026-03-13T10:35:07+00:00","description":"A luxurious pink bouquet for the birth of a child with which you give affection, beauty, but also benefit. A beautiful card for the most beautiful moments of life. Pink bouquet for the birth of a child, Online flower shop, delivery Belgrade\u00a0","breadcrumb":{"@id":"https:\/\/provansadekor.rs\/proizvod\/poklon-za-bebe-05\/#breadcrumb"},"inLanguage":"en-US","potentialAction":[{"@type":"ReadAction","target":["https:\/\/provansadekor.rs\/proizvod\/poklon-za-bebe-05\/"]}]},{"@type":"ImageObject","inLanguage":"en-US","@id":"https:\/\/provansadekor.rs\/proizvod\/poklon-za-bebe-05\/#primaryimage","url":"https:\/\/provansadekor.rs\/wp-content\/uploads\/2020\/11\/bebeci15000.jpg","contentUrl":"https:\/\/provansadekor.rs\/wp-content\/uploads\/2020\/11\/bebeci15000.jpg","width":1350,"height":1800},{"@type":"BreadcrumbList","@id":"https:\/\/provansadekor.rs\/proizvod\/poklon-za-bebe-05\/#breadcrumb","itemListElement":[{"@type":"ListItem","position":1,"name":"\u041f\u043e\u0447\u0435\u0442\u043d\u0430","item":"https:\/\/provansadekor.rs\/"},{"@type":"ListItem","position":2,"name":"\u041f\u0440\u043e\u0438\u0437\u0432\u043e\u0434\u0438","item":"https:\/\/provansadekor.rs\/shop\/"},{"@type":"ListItem","position":3,"name":"Pink zagrljaj za rodjenje deteta"}]},{"@type":"WebSite","@id":"https:\/\/provansadekor.rs\/#website","url":"https:\/\/provansadekor.rs\/","name":"Provence Decor","description":"Flower delivery Belgrade - Event organization and decoration - Landscaping","publisher":{"@id":"https:\/\/provansadekor.rs\/#organization"},"potentialAction":[{"@type":"SearchAction","target":{"@type":"EntryPoint","urlTemplate":"https:\/\/provansadekor.rs\/?s={search_term_string}"},"query-input":{"@type":"PropertyValueSpecification","valueRequired":true,"valueName":"search_term_string"}}],"inLanguage":"en-US"},{"@type":"Organization","@id":"https:\/\/provansadekor.rs\/#organization","name":"Provence Decor Flower Shop Belgrade","url":"https:\/\/provansadekor.rs\/","logo":{"@type":"ImageObject","inLanguage":"en-US","@id":"https:\/\/provansadekor.rs\/#\/schema\/logo\/image\/","url":"https:\/\/provansadekor.rs\/wp-content\/uploads\/2022\/03\/logo-provansa.jpg","contentUrl":"https:\/\/provansadekor.rs\/wp-content\/uploads\/2022\/03\/logo-provansa.jpg","width":200,"height":200,"caption":"Provansa Dekor Cve\u0107ara Beograd"},"image":{"@id":"https:\/\/provansadekor.rs\/#\/schema\/logo\/image\/"},"sameAs":["https:\/\/www.facebook.com\/provansadekor","https:\/\/www.instagram.com\/provansadekor\/"]}]}},"_links":{"self":[{"href":"https:\/\/provansadekor.rs\/en\/wp-json\/wp\/v2\/product\/30818","targetHints":{"allow":["GET"]}}],"collection":[{"href":"https:\/\/provansadekor.rs\/en\/wp-json\/wp\/v2\/product"}],"about":[{"href":"https:\/\/provansadekor.rs\/en\/wp-json\/wp\/v2\/types\/product"}],"version-history":[{"count":5,"href":"https:\/\/provansadekor.rs\/en\/wp-json\/wp\/v2\/product\/30818\/revisions"}],"predecessor-version":[{"id":77219,"href":"https:\/\/provansadekor.rs\/en\/wp-json\/wp\/v2\/product\/30818\/revisions\/77219"}],"wp:featuredmedia":[{"embeddable":true,"href":"https:\/\/provansadekor.rs\/en\/wp-json\/wp\/v2\/media\/30816"}],"wp:attachment":[{"href":"https:\/\/provansadekor.rs\/en\/wp-json\/wp\/v2\/media?parent=30818"}],"wp:term":[{"taxonomy":"product_brand","embeddable":true,"href":"https:\/\/provansadekor.rs\/en\/wp-json\/wp\/v2\/product_brand?post=30818"},{"taxonomy":"product_cat","embeddable":true,"href":"https:\/\/provansadekor.rs\/en\/wp-json\/wp\/v2\/product_cat?post=30818"},{"taxonomy":"product_tag","embeddable":true,"href":"https:\/\/provansadekor.rs\/en\/wp-json\/wp\/v2\/product_tag?post=30818"}],"curies":[{"name":"wp","href":"https:\/\/api.w.org\/{rel}","templated":true}]}}