{"id":30715,"date":"2020-10-29T02:41:17","date_gmt":"2020-10-29T01:41:17","guid":{"rendered":"http:\/\/provansadekor.rs\/?post_type=product&#038;p=30715"},"modified":"2026-04-26T15:01:37","modified_gmt":"2026-04-26T13:01:37","slug":"buket-srecnica","status":"publish","type":"product","link":"https:\/\/provansadekor.rs\/en\/proizvod\/lucky-bouquet\/","title":{"rendered":"Lucky bouquet"},"content":{"rendered":"<p><em>Kinds of <strong>flowers in a bouquet<\/strong><\/em>: cyclamen <strong>a rose<\/strong>, <strong>white rose<\/strong>, pink calla lily, pink hydrangea, white lily, white lisianthus, pink hydrangea, limonium, eucalyptus<\/p>\n<p><em>Accompanying decoration<\/em>: brown soda paper, lilac decorative paper, pink transparent ribbon bow, pink textile ribbon bow.<\/p>\n<p>Made from the most diverse <strong>flowers<\/strong> Inter alia <strong>a rose<\/strong>, calla lily, hydrangea, lily, lisianthus combined with limonium and eucalyptus. Wrapped in natron paper and decorative lilac paper with a combination of two bows.<\/p>\n<p>Jumbo <strong>bouquet<\/strong> when you want to impress your loved one!<\/p>\n<h2 style=\"text-align: center;\">Lucky bouquet, Flower delivery<\/h2>","protected":false},"excerpt":{"rendered":"<p>Types of flowers in the bouquet: cyclamen rose, white rose, pink calla lily, pink hydrangea, white lily, white lisianthus, pink hydrangea, limonium, eucalyptus. Accompanying decoration: brown natron paper, lilac decorative paper, bow of pink transparent ribbon, bow of textile pink ribbons. Made from a wide variety of flowers including roses, calla lilies, hydrangeas, lilies, lisianthus, combined with limonium and [...]<\/p>","protected":false},"featured_media":30707,"template":"","meta":[],"product_brand":[],"product_cat":[115,286],"product_tag":[],"class_list":{"0":"post-30715","1":"product","2":"type-product","3":"status-publish","4":"has-post-thumbnail","6":"product_cat-buketi-cveca","7":"product_cat-xxl-buketi","9":"first","10":"instock","11":"featured","12":"shipping-taxable","13":"purchasable","14":"product-type-simple"},"yoast_head":"<!-- This site is optimized with the Yoast SEO Premium plugin v20.9 (Yoast SEO v26.5) - https:\/\/yoast.com\/wordpress\/plugins\/seo\/ -->\n<title>Buket sre\u0107nica &#8211; Provansa Dekor<\/title>\n<meta name=\"description\" content=\"Vrste cve\u0107a u buketu: ciklama ru\u017ea, bela ru\u017ea, roze kala, roze hortenzija, beli ljiljan, beli lizijantus, roze hortenzija, limonium, eukaliptus. Dostava cve\u0107a\u00a0\" \/>\n<meta name=\"robots\" content=\"index, follow, max-snippet:-1, max-image-preview:large, max-video-preview:-1\" \/>\n<link rel=\"canonical\" href=\"https:\/\/provansadekor.rs\/en\/proizvod\/lucky-bouquet\/\" \/>\n<meta property=\"og:locale\" content=\"en_US\" \/>\n<meta property=\"og:type\" content=\"article\" \/>\n<meta property=\"og:title\" content=\"Buket sre\u0107nica\" \/>\n<meta property=\"og:description\" content=\"Vrste cve\u0107a u buketu: ciklama ru\u017ea, bela ru\u017ea, roze kala, roze hortenzija, beli ljiljan, beli lizijantus, roze hortenzija, limonium, eukaliptus. Dostava cve\u0107a\u00a0\" \/>\n<meta property=\"og:url\" content=\"https:\/\/provansadekor.rs\/en\/proizvod\/lucky-bouquet\/\" \/>\n<meta property=\"og:site_name\" content=\"Provansa Dekor\" \/>\n<meta property=\"article:publisher\" content=\"https:\/\/www.facebook.com\/provansadekor\" \/>\n<meta property=\"article:modified_time\" content=\"2026-04-26T13:01:37+00:00\" \/>\n<meta property=\"og:image\" content=\"https:\/\/provansadekor.rs\/wp-content\/uploads\/2020\/10\/jumbo3.jpg\" \/>\n\t<meta property=\"og:image:width\" content=\"1350\" \/>\n\t<meta property=\"og:image:height\" content=\"1800\" \/>\n\t<meta property=\"og:image:type\" content=\"image\/jpeg\" \/>\n<meta name=\"twitter:card\" content=\"summary_large_image\" \/>\n<meta name=\"twitter:label1\" content=\"Est. reading time\" \/>\n\t<meta name=\"twitter:data1\" content=\"1 minute\" \/>\n<script type=\"application\/ld+json\" class=\"yoast-schema-graph\">{\"@context\":\"https:\/\/schema.org\",\"@graph\":[{\"@type\":[\"WebPage\",\"ItemPage\"],\"@id\":\"https:\/\/provansadekor.rs\/proizvod\/buket-srecnica\/\",\"url\":\"https:\/\/provansadekor.rs\/proizvod\/buket-srecnica\/\",\"name\":\"Buket sre\u0107nica &#8211; Provansa Dekor\",\"isPartOf\":{\"@id\":\"https:\/\/provansadekor.rs\/#website\"},\"primaryImageOfPage\":{\"@id\":\"https:\/\/provansadekor.rs\/proizvod\/buket-srecnica\/#primaryimage\"},\"image\":{\"@id\":\"https:\/\/provansadekor.rs\/proizvod\/buket-srecnica\/#primaryimage\"},\"thumbnailUrl\":\"https:\/\/provansadekor.rs\/wp-content\/uploads\/2020\/10\/jumbo3.jpg\",\"datePublished\":\"2020-10-29T01:41:17+00:00\",\"dateModified\":\"2026-04-26T13:01:37+00:00\",\"description\":\"Vrste cve\u0107a u buketu: ciklama ru\u017ea, bela ru\u017ea, roze kala, roze hortenzija, beli ljiljan, beli lizijantus, roze hortenzija, limonium, eukaliptus. Dostava cve\u0107a\u00a0\",\"breadcrumb\":{\"@id\":\"https:\/\/provansadekor.rs\/proizvod\/buket-srecnica\/#breadcrumb\"},\"inLanguage\":\"en-US\",\"potentialAction\":[{\"@type\":\"ReadAction\",\"target\":[\"https:\/\/provansadekor.rs\/proizvod\/buket-srecnica\/\"]}]},{\"@type\":\"ImageObject\",\"inLanguage\":\"en-US\",\"@id\":\"https:\/\/provansadekor.rs\/proizvod\/buket-srecnica\/#primaryimage\",\"url\":\"https:\/\/provansadekor.rs\/wp-content\/uploads\/2020\/10\/jumbo3.jpg\",\"contentUrl\":\"https:\/\/provansadekor.rs\/wp-content\/uploads\/2020\/10\/jumbo3.jpg\",\"width\":1350,\"height\":1800},{\"@type\":\"BreadcrumbList\",\"@id\":\"https:\/\/provansadekor.rs\/proizvod\/buket-srecnica\/#breadcrumb\",\"itemListElement\":[{\"@type\":\"ListItem\",\"position\":1,\"name\":\"\u041f\u043e\u0447\u0435\u0442\u043d\u0430\",\"item\":\"https:\/\/provansadekor.rs\/\"},{\"@type\":\"ListItem\",\"position\":2,\"name\":\"\u041f\u0440\u043e\u0438\u0437\u0432\u043e\u0434\u0438\",\"item\":\"https:\/\/provansadekor.rs\/shop\/\"},{\"@type\":\"ListItem\",\"position\":3,\"name\":\"Buket sre\u0107nica\"}]},{\"@type\":\"WebSite\",\"@id\":\"https:\/\/provansadekor.rs\/#website\",\"url\":\"https:\/\/provansadekor.rs\/\",\"name\":\"Provansa Dekor\",\"description\":\"Dostava cve\u0107a Beograd - Organizacija i Dekoracija doga\u0111aja - Ure\u0111enje zelenih povr\u0161ina\",\"publisher\":{\"@id\":\"https:\/\/provansadekor.rs\/#organization\"},\"potentialAction\":[{\"@type\":\"SearchAction\",\"target\":{\"@type\":\"EntryPoint\",\"urlTemplate\":\"https:\/\/provansadekor.rs\/?s={search_term_string}\"},\"query-input\":{\"@type\":\"PropertyValueSpecification\",\"valueRequired\":true,\"valueName\":\"search_term_string\"}}],\"inLanguage\":\"en-US\"},{\"@type\":\"Organization\",\"@id\":\"https:\/\/provansadekor.rs\/#organization\",\"name\":\"Provansa Dekor Cve\u0107ara Beograd\",\"url\":\"https:\/\/provansadekor.rs\/\",\"logo\":{\"@type\":\"ImageObject\",\"inLanguage\":\"en-US\",\"@id\":\"https:\/\/provansadekor.rs\/#\/schema\/logo\/image\/\",\"url\":\"https:\/\/provansadekor.rs\/wp-content\/uploads\/2022\/03\/logo-provansa.jpg\",\"contentUrl\":\"https:\/\/provansadekor.rs\/wp-content\/uploads\/2022\/03\/logo-provansa.jpg\",\"width\":200,\"height\":200,\"caption\":\"Provansa Dekor Cve\u0107ara Beograd\"},\"image\":{\"@id\":\"https:\/\/provansadekor.rs\/#\/schema\/logo\/image\/\"},\"sameAs\":[\"https:\/\/www.facebook.com\/provansadekor\",\"https:\/\/www.instagram.com\/provansadekor\/\"]}]}<\/script>\n<!-- \/ Yoast SEO Premium plugin. -->","yoast_head_json":{"title":"Lucky bouquet - Provence Decor","description":"Types of flowers in the bouquet: cyclamen rose, white rose, pink calla lily, pink hydrangea, white lily, white lisianthus, pink hydrangea, limonium, eucalyptus. Flower delivery\u00a0","robots":{"index":"index","follow":"follow","max-snippet":"max-snippet:-1","max-image-preview":"max-image-preview:large","max-video-preview":"max-video-preview:-1"},"canonical":"https:\/\/provansadekor.rs\/en\/proizvod\/lucky-bouquet\/","og_locale":"en_US","og_type":"article","og_title":"Buket sre\u0107nica","og_description":"Vrste cve\u0107a u buketu: ciklama ru\u017ea, bela ru\u017ea, roze kala, roze hortenzija, beli ljiljan, beli lizijantus, roze hortenzija, limonium, eukaliptus. Dostava cve\u0107a\u00a0","og_url":"https:\/\/provansadekor.rs\/en\/proizvod\/lucky-bouquet\/","og_site_name":"Provansa Dekor","article_publisher":"https:\/\/www.facebook.com\/provansadekor","article_modified_time":"2026-04-26T13:01:37+00:00","og_image":[{"width":1350,"height":1800,"url":"https:\/\/provansadekor.rs\/wp-content\/uploads\/2020\/10\/jumbo3.jpg","type":"image\/jpeg"}],"twitter_card":"summary_large_image","twitter_misc":{"Est. reading time":"1 minute"},"schema":{"@context":"https:\/\/schema.org","@graph":[{"@type":["WebPage","ItemPage"],"@id":"https:\/\/provansadekor.rs\/proizvod\/buket-srecnica\/","url":"https:\/\/provansadekor.rs\/proizvod\/buket-srecnica\/","name":"Lucky bouquet - Provence Decor","isPartOf":{"@id":"https:\/\/provansadekor.rs\/#website"},"primaryImageOfPage":{"@id":"https:\/\/provansadekor.rs\/proizvod\/buket-srecnica\/#primaryimage"},"image":{"@id":"https:\/\/provansadekor.rs\/proizvod\/buket-srecnica\/#primaryimage"},"thumbnailUrl":"https:\/\/provansadekor.rs\/wp-content\/uploads\/2020\/10\/jumbo3.jpg","datePublished":"2020-10-29T01:41:17+00:00","dateModified":"2026-04-26T13:01:37+00:00","description":"Types of flowers in the bouquet: cyclamen rose, white rose, pink calla lily, pink hydrangea, white lily, white lisianthus, pink hydrangea, limonium, eucalyptus. Flower delivery\u00a0","breadcrumb":{"@id":"https:\/\/provansadekor.rs\/proizvod\/buket-srecnica\/#breadcrumb"},"inLanguage":"en-US","potentialAction":[{"@type":"ReadAction","target":["https:\/\/provansadekor.rs\/proizvod\/buket-srecnica\/"]}]},{"@type":"ImageObject","inLanguage":"en-US","@id":"https:\/\/provansadekor.rs\/proizvod\/buket-srecnica\/#primaryimage","url":"https:\/\/provansadekor.rs\/wp-content\/uploads\/2020\/10\/jumbo3.jpg","contentUrl":"https:\/\/provansadekor.rs\/wp-content\/uploads\/2020\/10\/jumbo3.jpg","width":1350,"height":1800},{"@type":"BreadcrumbList","@id":"https:\/\/provansadekor.rs\/proizvod\/buket-srecnica\/#breadcrumb","itemListElement":[{"@type":"ListItem","position":1,"name":"\u041f\u043e\u0447\u0435\u0442\u043d\u0430","item":"https:\/\/provansadekor.rs\/"},{"@type":"ListItem","position":2,"name":"\u041f\u0440\u043e\u0438\u0437\u0432\u043e\u0434\u0438","item":"https:\/\/provansadekor.rs\/shop\/"},{"@type":"ListItem","position":3,"name":"Buket sre\u0107nica"}]},{"@type":"WebSite","@id":"https:\/\/provansadekor.rs\/#website","url":"https:\/\/provansadekor.rs\/","name":"Provence Decor","description":"Flower delivery Belgrade - Event organization and decoration - Landscaping","publisher":{"@id":"https:\/\/provansadekor.rs\/#organization"},"potentialAction":[{"@type":"SearchAction","target":{"@type":"EntryPoint","urlTemplate":"https:\/\/provansadekor.rs\/?s={search_term_string}"},"query-input":{"@type":"PropertyValueSpecification","valueRequired":true,"valueName":"search_term_string"}}],"inLanguage":"en-US"},{"@type":"Organization","@id":"https:\/\/provansadekor.rs\/#organization","name":"Provence Decor Flower Shop Belgrade","url":"https:\/\/provansadekor.rs\/","logo":{"@type":"ImageObject","inLanguage":"en-US","@id":"https:\/\/provansadekor.rs\/#\/schema\/logo\/image\/","url":"https:\/\/provansadekor.rs\/wp-content\/uploads\/2022\/03\/logo-provansa.jpg","contentUrl":"https:\/\/provansadekor.rs\/wp-content\/uploads\/2022\/03\/logo-provansa.jpg","width":200,"height":200,"caption":"Provansa Dekor Cve\u0107ara Beograd"},"image":{"@id":"https:\/\/provansadekor.rs\/#\/schema\/logo\/image\/"},"sameAs":["https:\/\/www.facebook.com\/provansadekor","https:\/\/www.instagram.com\/provansadekor\/"]}]}},"_links":{"self":[{"href":"https:\/\/provansadekor.rs\/en\/wp-json\/wp\/v2\/product\/30715","targetHints":{"allow":["GET"]}}],"collection":[{"href":"https:\/\/provansadekor.rs\/en\/wp-json\/wp\/v2\/product"}],"about":[{"href":"https:\/\/provansadekor.rs\/en\/wp-json\/wp\/v2\/types\/product"}],"version-history":[{"count":4,"href":"https:\/\/provansadekor.rs\/en\/wp-json\/wp\/v2\/product\/30715\/revisions"}],"predecessor-version":[{"id":67305,"href":"https:\/\/provansadekor.rs\/en\/wp-json\/wp\/v2\/product\/30715\/revisions\/67305"}],"wp:featuredmedia":[{"embeddable":true,"href":"https:\/\/provansadekor.rs\/en\/wp-json\/wp\/v2\/media\/30707"}],"wp:attachment":[{"href":"https:\/\/provansadekor.rs\/en\/wp-json\/wp\/v2\/media?parent=30715"}],"wp:term":[{"taxonomy":"product_brand","embeddable":true,"href":"https:\/\/provansadekor.rs\/en\/wp-json\/wp\/v2\/product_brand?post=30715"},{"taxonomy":"product_cat","embeddable":true,"href":"https:\/\/provansadekor.rs\/en\/wp-json\/wp\/v2\/product_cat?post=30715"},{"taxonomy":"product_tag","embeddable":true,"href":"https:\/\/provansadekor.rs\/en\/wp-json\/wp\/v2\/product_tag?post=30715"}],"curies":[{"name":"wp","href":"https:\/\/api.w.org\/{rel}","templated":true}]}}