{"id":30677,"date":"2020-10-29T02:03:29","date_gmt":"2020-10-29T01:03:29","guid":{"rendered":"http:\/\/provansadekor.rs\/?post_type=product&#038;p=30677"},"modified":"2026-03-13T11:35:36","modified_gmt":"2026-03-13T10:35:36","slug":"poklon-koji-ce-ga-osveziti","status":"publish","type":"product","link":"https:\/\/provansadekor.rs\/en\/proizvod\/a-gift-that-will-refresh-him\/","title":{"rendered":"A gift that will refresh him"},"content":{"rendered":"<p><em>Accompanying decoration<\/em>: Jack Daniels whiskey, crystal glass, chocolate bars, perfume, fresh fruit, decorative black box, black satin bow, decorative colorful bow.<\/p>\n<p>Surprise him in the right way with our perfect box that will certainly not leave him indifferent.<\/p>\n<p>We can deliver it for you to your home address in no more than an hour.<\/p>\n<p>Product declaration, country of origin and manufacturer are available on the label of the product itself.<\/p>\n<h2 style=\"text-align: center;\">A gift for him - Delivery Belgrade<\/h2>\n<p>&nbsp;<\/p>","protected":false},"excerpt":{"rendered":"<p>Accompanying decoration: Jack Daniels whiskey, crystal glass, chocolate bars, perfume, fresh fruit, decorative black box, black satin bow, decorative colorful bow. Surprise him in the right way with our perfect box that will certainly not leave him indifferent. We can deliver it for you to your home address in no more than an hour. Product declaration, country of origin and manufacturer are available [\u2026]<\/p>","protected":false},"featured_media":71769,"template":"","meta":[],"product_brand":[],"product_cat":[165],"product_tag":[],"class_list":{"0":"post-30677","1":"product","2":"type-product","3":"status-publish","4":"has-post-thumbnail","6":"product_cat-poklon-za-njega","8":"first","9":"instock","10":"shipping-taxable","11":"purchasable","12":"product-type-simple"},"yoast_head":"<!-- This site is optimized with the Yoast SEO Premium plugin v20.9 (Yoast SEO v26.5) - https:\/\/yoast.com\/wordpress\/plugins\/seo\/ -->\n<title>Poklon koji \u0107e ga osve\u017eiti &#8211; Provansa Dekor<\/title>\n<meta name=\"description\" content=\"Iznenadite ga na pravi na\u010din na\u0161im savr\u0161enim boxom koji ga svakako ne\u0107e ostaviti ravnodu\u0161nim.Mo\u017eemo ga dostaviti umesto vas na ku\u0107nu adresu za najvi\u0161e sat vremena.Poklon za njega - Dostava Beograd\u00a0\" \/>\n<meta name=\"robots\" content=\"index, follow, max-snippet:-1, max-image-preview:large, max-video-preview:-1\" \/>\n<link rel=\"canonical\" href=\"https:\/\/provansadekor.rs\/en\/proizvod\/a-gift-that-will-refresh-him\/\" \/>\n<meta property=\"og:locale\" content=\"en_US\" \/>\n<meta property=\"og:type\" content=\"article\" \/>\n<meta property=\"og:title\" content=\"Poklon koji \u0107e ga osve\u017eiti\" \/>\n<meta property=\"og:description\" content=\"Iznenadite ga na pravi na\u010din na\u0161im savr\u0161enim boxom koji ga svakako ne\u0107e ostaviti ravnodu\u0161nim.Mo\u017eemo ga dostaviti umesto vas na ku\u0107nu adresu za najvi\u0161e sat vremena.Poklon za njega - Dostava Beograd\u00a0\" \/>\n<meta property=\"og:url\" content=\"https:\/\/provansadekor.rs\/en\/proizvod\/a-gift-that-will-refresh-him\/\" \/>\n<meta property=\"og:site_name\" content=\"Provansa Dekor\" \/>\n<meta property=\"article:publisher\" content=\"https:\/\/www.facebook.com\/provansadekor\" \/>\n<meta property=\"article:modified_time\" content=\"2026-03-13T10:35:36+00:00\" \/>\n<meta property=\"og:image\" content=\"https:\/\/provansadekor.rs\/wp-content\/uploads\/2023\/04\/5-3.jpg\" \/>\n\t<meta property=\"og:image:width\" content=\"900\" \/>\n\t<meta property=\"og:image:height\" content=\"900\" \/>\n\t<meta property=\"og:image:type\" content=\"image\/jpeg\" \/>\n<meta name=\"twitter:card\" content=\"summary_large_image\" \/>\n<meta name=\"twitter:label1\" content=\"Est. reading time\" \/>\n\t<meta name=\"twitter:data1\" content=\"1 minute\" \/>\n<script type=\"application\/ld+json\" class=\"yoast-schema-graph\">{\"@context\":\"https:\/\/schema.org\",\"@graph\":[{\"@type\":[\"WebPage\",\"ItemPage\"],\"@id\":\"https:\/\/provansadekor.rs\/proizvod\/poklon-koji-ce-ga-osveziti\/\",\"url\":\"https:\/\/provansadekor.rs\/proizvod\/poklon-koji-ce-ga-osveziti\/\",\"name\":\"Poklon koji \u0107e ga osve\u017eiti &#8211; Provansa Dekor\",\"isPartOf\":{\"@id\":\"https:\/\/provansadekor.rs\/#website\"},\"primaryImageOfPage\":{\"@id\":\"https:\/\/provansadekor.rs\/proizvod\/poklon-koji-ce-ga-osveziti\/#primaryimage\"},\"image\":{\"@id\":\"https:\/\/provansadekor.rs\/proizvod\/poklon-koji-ce-ga-osveziti\/#primaryimage\"},\"thumbnailUrl\":\"https:\/\/provansadekor.rs\/wp-content\/uploads\/2023\/04\/5-3.jpg\",\"datePublished\":\"2020-10-29T01:03:29+00:00\",\"dateModified\":\"2026-03-13T10:35:36+00:00\",\"description\":\"Iznenadite ga na pravi na\u010din na\u0161im savr\u0161enim boxom koji ga svakako ne\u0107e ostaviti ravnodu\u0161nim.Mo\u017eemo ga dostaviti umesto vas na ku\u0107nu adresu za najvi\u0161e sat vremena.Poklon za njega - Dostava Beograd\u00a0\",\"breadcrumb\":{\"@id\":\"https:\/\/provansadekor.rs\/proizvod\/poklon-koji-ce-ga-osveziti\/#breadcrumb\"},\"inLanguage\":\"en-US\",\"potentialAction\":[{\"@type\":\"ReadAction\",\"target\":[\"https:\/\/provansadekor.rs\/proizvod\/poklon-koji-ce-ga-osveziti\/\"]}]},{\"@type\":\"ImageObject\",\"inLanguage\":\"en-US\",\"@id\":\"https:\/\/provansadekor.rs\/proizvod\/poklon-koji-ce-ga-osveziti\/#primaryimage\",\"url\":\"https:\/\/provansadekor.rs\/wp-content\/uploads\/2023\/04\/5-3.jpg\",\"contentUrl\":\"https:\/\/provansadekor.rs\/wp-content\/uploads\/2023\/04\/5-3.jpg\",\"width\":900,\"height\":900},{\"@type\":\"BreadcrumbList\",\"@id\":\"https:\/\/provansadekor.rs\/proizvod\/poklon-koji-ce-ga-osveziti\/#breadcrumb\",\"itemListElement\":[{\"@type\":\"ListItem\",\"position\":1,\"name\":\"\u041f\u043e\u0447\u0435\u0442\u043d\u0430\",\"item\":\"https:\/\/provansadekor.rs\/\"},{\"@type\":\"ListItem\",\"position\":2,\"name\":\"\u041f\u0440\u043e\u0438\u0437\u0432\u043e\u0434\u0438\",\"item\":\"https:\/\/provansadekor.rs\/shop\/\"},{\"@type\":\"ListItem\",\"position\":3,\"name\":\"Poklon koji \u0107e ga osve\u017eiti\"}]},{\"@type\":\"WebSite\",\"@id\":\"https:\/\/provansadekor.rs\/#website\",\"url\":\"https:\/\/provansadekor.rs\/\",\"name\":\"Provansa Dekor\",\"description\":\"Dostava cve\u0107a Beograd - Organizacija i Dekoracija doga\u0111aja - Ure\u0111enje zelenih povr\u0161ina\",\"publisher\":{\"@id\":\"https:\/\/provansadekor.rs\/#organization\"},\"potentialAction\":[{\"@type\":\"SearchAction\",\"target\":{\"@type\":\"EntryPoint\",\"urlTemplate\":\"https:\/\/provansadekor.rs\/?s={search_term_string}\"},\"query-input\":{\"@type\":\"PropertyValueSpecification\",\"valueRequired\":true,\"valueName\":\"search_term_string\"}}],\"inLanguage\":\"en-US\"},{\"@type\":\"Organization\",\"@id\":\"https:\/\/provansadekor.rs\/#organization\",\"name\":\"Provansa Dekor Cve\u0107ara Beograd\",\"url\":\"https:\/\/provansadekor.rs\/\",\"logo\":{\"@type\":\"ImageObject\",\"inLanguage\":\"en-US\",\"@id\":\"https:\/\/provansadekor.rs\/#\/schema\/logo\/image\/\",\"url\":\"https:\/\/provansadekor.rs\/wp-content\/uploads\/2022\/03\/logo-provansa.jpg\",\"contentUrl\":\"https:\/\/provansadekor.rs\/wp-content\/uploads\/2022\/03\/logo-provansa.jpg\",\"width\":200,\"height\":200,\"caption\":\"Provansa Dekor Cve\u0107ara Beograd\"},\"image\":{\"@id\":\"https:\/\/provansadekor.rs\/#\/schema\/logo\/image\/\"},\"sameAs\":[\"https:\/\/www.facebook.com\/provansadekor\",\"https:\/\/www.instagram.com\/provansadekor\/\"]}]}<\/script>\n<!-- \/ Yoast SEO Premium plugin. -->","yoast_head_json":{"title":"A gift that will refresh him - Provence Decor","description":"Surprise him in the right way with our perfect box that will certainly not leave him indifferent. We can deliver it for you to your home address in no more than an hour. A gift for him - Delivery Belgrade\u00a0","robots":{"index":"index","follow":"follow","max-snippet":"max-snippet:-1","max-image-preview":"max-image-preview:large","max-video-preview":"max-video-preview:-1"},"canonical":"https:\/\/provansadekor.rs\/en\/proizvod\/a-gift-that-will-refresh-him\/","og_locale":"en_US","og_type":"article","og_title":"Poklon koji \u0107e ga osve\u017eiti","og_description":"Iznenadite ga na pravi na\u010din na\u0161im savr\u0161enim boxom koji ga svakako ne\u0107e ostaviti ravnodu\u0161nim.Mo\u017eemo ga dostaviti umesto vas na ku\u0107nu adresu za najvi\u0161e sat vremena.Poklon za njega - Dostava Beograd\u00a0","og_url":"https:\/\/provansadekor.rs\/en\/proizvod\/a-gift-that-will-refresh-him\/","og_site_name":"Provansa Dekor","article_publisher":"https:\/\/www.facebook.com\/provansadekor","article_modified_time":"2026-03-13T10:35:36+00:00","og_image":[{"width":900,"height":900,"url":"https:\/\/provansadekor.rs\/wp-content\/uploads\/2023\/04\/5-3.jpg","type":"image\/jpeg"}],"twitter_card":"summary_large_image","twitter_misc":{"Est. reading time":"1 minute"},"schema":{"@context":"https:\/\/schema.org","@graph":[{"@type":["WebPage","ItemPage"],"@id":"https:\/\/provansadekor.rs\/proizvod\/poklon-koji-ce-ga-osveziti\/","url":"https:\/\/provansadekor.rs\/proizvod\/poklon-koji-ce-ga-osveziti\/","name":"A gift that will refresh him - Provence Decor","isPartOf":{"@id":"https:\/\/provansadekor.rs\/#website"},"primaryImageOfPage":{"@id":"https:\/\/provansadekor.rs\/proizvod\/poklon-koji-ce-ga-osveziti\/#primaryimage"},"image":{"@id":"https:\/\/provansadekor.rs\/proizvod\/poklon-koji-ce-ga-osveziti\/#primaryimage"},"thumbnailUrl":"https:\/\/provansadekor.rs\/wp-content\/uploads\/2023\/04\/5-3.jpg","datePublished":"2020-10-29T01:03:29+00:00","dateModified":"2026-03-13T10:35:36+00:00","description":"Surprise him in the right way with our perfect box that will certainly not leave him indifferent. We can deliver it for you to your home address in no more than an hour. A gift for him - Delivery Belgrade\u00a0","breadcrumb":{"@id":"https:\/\/provansadekor.rs\/proizvod\/poklon-koji-ce-ga-osveziti\/#breadcrumb"},"inLanguage":"en-US","potentialAction":[{"@type":"ReadAction","target":["https:\/\/provansadekor.rs\/proizvod\/poklon-koji-ce-ga-osveziti\/"]}]},{"@type":"ImageObject","inLanguage":"en-US","@id":"https:\/\/provansadekor.rs\/proizvod\/poklon-koji-ce-ga-osveziti\/#primaryimage","url":"https:\/\/provansadekor.rs\/wp-content\/uploads\/2023\/04\/5-3.jpg","contentUrl":"https:\/\/provansadekor.rs\/wp-content\/uploads\/2023\/04\/5-3.jpg","width":900,"height":900},{"@type":"BreadcrumbList","@id":"https:\/\/provansadekor.rs\/proizvod\/poklon-koji-ce-ga-osveziti\/#breadcrumb","itemListElement":[{"@type":"ListItem","position":1,"name":"\u041f\u043e\u0447\u0435\u0442\u043d\u0430","item":"https:\/\/provansadekor.rs\/"},{"@type":"ListItem","position":2,"name":"\u041f\u0440\u043e\u0438\u0437\u0432\u043e\u0434\u0438","item":"https:\/\/provansadekor.rs\/shop\/"},{"@type":"ListItem","position":3,"name":"Poklon koji \u0107e ga osve\u017eiti"}]},{"@type":"WebSite","@id":"https:\/\/provansadekor.rs\/#website","url":"https:\/\/provansadekor.rs\/","name":"Provence Decor","description":"Flower delivery Belgrade - Event organization and decoration - Landscaping","publisher":{"@id":"https:\/\/provansadekor.rs\/#organization"},"potentialAction":[{"@type":"SearchAction","target":{"@type":"EntryPoint","urlTemplate":"https:\/\/provansadekor.rs\/?s={search_term_string}"},"query-input":{"@type":"PropertyValueSpecification","valueRequired":true,"valueName":"search_term_string"}}],"inLanguage":"en-US"},{"@type":"Organization","@id":"https:\/\/provansadekor.rs\/#organization","name":"Provence Decor Flower Shop Belgrade","url":"https:\/\/provansadekor.rs\/","logo":{"@type":"ImageObject","inLanguage":"en-US","@id":"https:\/\/provansadekor.rs\/#\/schema\/logo\/image\/","url":"https:\/\/provansadekor.rs\/wp-content\/uploads\/2022\/03\/logo-provansa.jpg","contentUrl":"https:\/\/provansadekor.rs\/wp-content\/uploads\/2022\/03\/logo-provansa.jpg","width":200,"height":200,"caption":"Provansa Dekor Cve\u0107ara Beograd"},"image":{"@id":"https:\/\/provansadekor.rs\/#\/schema\/logo\/image\/"},"sameAs":["https:\/\/www.facebook.com\/provansadekor","https:\/\/www.instagram.com\/provansadekor\/"]}]}},"_links":{"self":[{"href":"https:\/\/provansadekor.rs\/en\/wp-json\/wp\/v2\/product\/30677","targetHints":{"allow":["GET"]}}],"collection":[{"href":"https:\/\/provansadekor.rs\/en\/wp-json\/wp\/v2\/product"}],"about":[{"href":"https:\/\/provansadekor.rs\/en\/wp-json\/wp\/v2\/types\/product"}],"version-history":[{"count":4,"href":"https:\/\/provansadekor.rs\/en\/wp-json\/wp\/v2\/product\/30677\/revisions"}],"predecessor-version":[{"id":77187,"href":"https:\/\/provansadekor.rs\/en\/wp-json\/wp\/v2\/product\/30677\/revisions\/77187"}],"wp:featuredmedia":[{"embeddable":true,"href":"https:\/\/provansadekor.rs\/en\/wp-json\/wp\/v2\/media\/71769"}],"wp:attachment":[{"href":"https:\/\/provansadekor.rs\/en\/wp-json\/wp\/v2\/media?parent=30677"}],"wp:term":[{"taxonomy":"product_brand","embeddable":true,"href":"https:\/\/provansadekor.rs\/en\/wp-json\/wp\/v2\/product_brand?post=30677"},{"taxonomy":"product_cat","embeddable":true,"href":"https:\/\/provansadekor.rs\/en\/wp-json\/wp\/v2\/product_cat?post=30677"},{"taxonomy":"product_tag","embeddable":true,"href":"https:\/\/provansadekor.rs\/en\/wp-json\/wp\/v2\/product_tag?post=30677"}],"curies":[{"name":"wp","href":"https:\/\/api.w.org\/{rel}","templated":true}]}}