{"id":1971,"date":"2019-06-03T21:26:08","date_gmt":"2019-06-03T21:26:08","guid":{"rendered":"http:\/\/provansadekor.rs\/?post_type=product&#038;p=1971"},"modified":"2026-03-07T16:05:41","modified_gmt":"2026-03-07T15:05:41","slug":"korpa-o1","status":"publish","type":"product","link":"https:\/\/provansadekor.rs\/en\/proizvod\/basket-o1\/","title":{"rendered":"\u010ca\u0161a \u0161ampanjca i jedan buket snova"},"content":{"rendered":"<p>&nbsp;<\/p>\n<p class=\"p1\"><span class=\"s1\">It doesn&#039;t matter how many things you get wrong if you get one thing right!<\/span><\/p>\n<p class=\"p1\"><span class=\"s1\">Melt someone&#039;s heart with this perfect one<strong> flower arrangement<\/strong>\u00a0<\/span><\/p>\n<p class=\"p1\"><span class=\"s1\"><strong>Online flower shop<\/strong> and <strong>delivery<\/strong> to your home address are there for you 24\/7.<\/span><\/p>\n<p>Product declaration, country of origin and manufacturer are available on the label of the product itself.<\/p>\n<h2 style=\"text-align: center;\"><span class=\"s1\"><strong>Flower arrangement of red and white roses, flower delivery<\/strong><\/span><\/h2>","protected":false},"excerpt":{"rendered":"<p>&nbsp; Manje je va\u017eno koliko ste stvari pogre\u0161ili ako jednu uradite ba\u0161 kako treba! Istopite srce nekome ovim savr\u0161enim cvetnim aran\u017emanom\u00a0 Online cve\u0107ara i dostava na ku\u0107nu adresu su tu za vas 24\/7. Deklaracija proizvoda, zemlja porekla i proizvodja\u010d su dostupni na etiketi samog proizvoda. Cvetni aran\u017eman od crvenih i belih ru\u017ea, dostava cve\u0107a<\/p>","protected":false},"featured_media":84230,"template":"","meta":[],"product_brand":[325],"product_cat":[320,116],"product_tag":[],"class_list":{"0":"post-1971","1":"product","2":"type-product","3":"status-publish","4":"has-post-thumbnail","6":"product_brand-slavska-kolekcija-2025","7":"product_cat-8-mart","8":"product_cat-cvetni-aranzmani","10":"first","11":"instock","12":"shipping-taxable","13":"purchasable","14":"product-type-simple"},"yoast_head":"<!-- This site is optimized with the Yoast SEO Premium plugin v20.9 (Yoast SEO v26.5) - https:\/\/yoast.com\/wordpress\/plugins\/seo\/ -->\n<title>\u010ca\u0161a \u0161ampanjca i jedan buket snova &#8211; Provansa Dekor<\/title>\n<meta name=\"description\" content=\"Istopite srce nekome ovim savr\u0161enim cvetnim aran\u017emanom od crvenih i belih ru\u017ea i zagrejte du\u0161u pli\u0161anim medvedom. Cvetni aran\u017eman od crvenih i belih ru\u017ea, dostava cve\u0107a\" \/>\n<meta name=\"robots\" content=\"index, follow, max-snippet:-1, max-image-preview:large, max-video-preview:-1\" \/>\n<link rel=\"canonical\" href=\"https:\/\/provansadekor.rs\/en\/proizvod\/basket-o1\/\" \/>\n<meta property=\"og:locale\" content=\"en_US\" \/>\n<meta property=\"og:type\" content=\"article\" \/>\n<meta property=\"og:title\" content=\"\u010ca\u0161a \u0161ampanjca i jedan buket snova\" \/>\n<meta property=\"og:description\" content=\"Istopite srce nekome ovim savr\u0161enim cvetnim aran\u017emanom od crvenih i belih ru\u017ea i zagrejte du\u0161u pli\u0161anim medvedom. Cvetni aran\u017eman od crvenih i belih ru\u017ea, dostava cve\u0107a\" \/>\n<meta property=\"og:url\" content=\"https:\/\/provansadekor.rs\/en\/proizvod\/basket-o1\/\" \/>\n<meta property=\"og:site_name\" content=\"Provansa Dekor\" \/>\n<meta property=\"article:publisher\" content=\"https:\/\/www.facebook.com\/provansadekor\" \/>\n<meta property=\"article:modified_time\" content=\"2026-03-07T15:05:41+00:00\" \/>\n<meta property=\"og:image\" content=\"https:\/\/provansadekor.rs\/wp-content\/uploads\/2025\/07\/DSC_8780-scaled.jpg\" \/>\n\t<meta property=\"og:image:width\" content=\"2560\" \/>\n\t<meta property=\"og:image:height\" content=\"1438\" \/>\n\t<meta property=\"og:image:type\" content=\"image\/jpeg\" \/>\n<meta name=\"twitter:card\" content=\"summary_large_image\" \/>\n<meta name=\"twitter:label1\" content=\"Est. reading time\" \/>\n\t<meta name=\"twitter:data1\" content=\"1 minute\" \/>\n<script type=\"application\/ld+json\" class=\"yoast-schema-graph\">{\"@context\":\"https:\/\/schema.org\",\"@graph\":[{\"@type\":[\"WebPage\",\"ItemPage\"],\"@id\":\"https:\/\/provansadekor.rs\/proizvod\/korpa-o1\/\",\"url\":\"https:\/\/provansadekor.rs\/proizvod\/korpa-o1\/\",\"name\":\"\u010ca\u0161a \u0161ampanjca i jedan buket snova &#8211; Provansa Dekor\",\"isPartOf\":{\"@id\":\"https:\/\/provansadekor.rs\/#website\"},\"primaryImageOfPage\":{\"@id\":\"https:\/\/provansadekor.rs\/proizvod\/korpa-o1\/#primaryimage\"},\"image\":{\"@id\":\"https:\/\/provansadekor.rs\/proizvod\/korpa-o1\/#primaryimage\"},\"thumbnailUrl\":\"https:\/\/provansadekor.rs\/wp-content\/uploads\/2025\/07\/DSC_8780-scaled.jpg\",\"datePublished\":\"2019-06-03T21:26:08+00:00\",\"dateModified\":\"2026-03-07T15:05:41+00:00\",\"description\":\"Istopite srce nekome ovim savr\u0161enim cvetnim aran\u017emanom od crvenih i belih ru\u017ea i zagrejte du\u0161u pli\u0161anim medvedom. Cvetni aran\u017eman od crvenih i belih ru\u017ea, dostava cve\u0107a\",\"breadcrumb\":{\"@id\":\"https:\/\/provansadekor.rs\/proizvod\/korpa-o1\/#breadcrumb\"},\"inLanguage\":\"en-US\",\"potentialAction\":[{\"@type\":\"ReadAction\",\"target\":[\"https:\/\/provansadekor.rs\/proizvod\/korpa-o1\/\"]}]},{\"@type\":\"ImageObject\",\"inLanguage\":\"en-US\",\"@id\":\"https:\/\/provansadekor.rs\/proizvod\/korpa-o1\/#primaryimage\",\"url\":\"https:\/\/provansadekor.rs\/wp-content\/uploads\/2025\/07\/DSC_8780-scaled.jpg\",\"contentUrl\":\"https:\/\/provansadekor.rs\/wp-content\/uploads\/2025\/07\/DSC_8780-scaled.jpg\",\"width\":2560,\"height\":1438},{\"@type\":\"BreadcrumbList\",\"@id\":\"https:\/\/provansadekor.rs\/proizvod\/korpa-o1\/#breadcrumb\",\"itemListElement\":[{\"@type\":\"ListItem\",\"position\":1,\"name\":\"\u041f\u043e\u0447\u0435\u0442\u043d\u0430\",\"item\":\"https:\/\/provansadekor.rs\/\"},{\"@type\":\"ListItem\",\"position\":2,\"name\":\"\u041f\u0440\u043e\u0438\u0437\u0432\u043e\u0434\u0438\",\"item\":\"https:\/\/provansadekor.rs\/shop\/\"},{\"@type\":\"ListItem\",\"position\":3,\"name\":\"\u010ca\u0161a \u0161ampanjca i jedan buket snova\"}]},{\"@type\":\"WebSite\",\"@id\":\"https:\/\/provansadekor.rs\/#website\",\"url\":\"https:\/\/provansadekor.rs\/\",\"name\":\"Provansa Dekor\",\"description\":\"Dostava cve\u0107a Beograd - Organizacija i Dekoracija doga\u0111aja - Ure\u0111enje zelenih povr\u0161ina\",\"publisher\":{\"@id\":\"https:\/\/provansadekor.rs\/#organization\"},\"potentialAction\":[{\"@type\":\"SearchAction\",\"target\":{\"@type\":\"EntryPoint\",\"urlTemplate\":\"https:\/\/provansadekor.rs\/?s={search_term_string}\"},\"query-input\":{\"@type\":\"PropertyValueSpecification\",\"valueRequired\":true,\"valueName\":\"search_term_string\"}}],\"inLanguage\":\"en-US\"},{\"@type\":\"Organization\",\"@id\":\"https:\/\/provansadekor.rs\/#organization\",\"name\":\"Provansa Dekor Cve\u0107ara Beograd\",\"url\":\"https:\/\/provansadekor.rs\/\",\"logo\":{\"@type\":\"ImageObject\",\"inLanguage\":\"en-US\",\"@id\":\"https:\/\/provansadekor.rs\/#\/schema\/logo\/image\/\",\"url\":\"https:\/\/provansadekor.rs\/wp-content\/uploads\/2022\/03\/logo-provansa.jpg\",\"contentUrl\":\"https:\/\/provansadekor.rs\/wp-content\/uploads\/2022\/03\/logo-provansa.jpg\",\"width\":200,\"height\":200,\"caption\":\"Provansa Dekor Cve\u0107ara Beograd\"},\"image\":{\"@id\":\"https:\/\/provansadekor.rs\/#\/schema\/logo\/image\/\"},\"sameAs\":[\"https:\/\/www.facebook.com\/provansadekor\",\"https:\/\/www.instagram.com\/provansadekor\/\"]}]}<\/script>\n<!-- \/ Yoast SEO Premium plugin. -->","yoast_head_json":{"title":"\u010ca\u0161a \u0161ampanjca i jedan buket snova &#8211; Provansa Dekor","description":"Melt someone&#039;s heart with this perfect flower arrangement of red and white roses and warm their soul with a teddy bear. Flower arrangement of red and white roses, flower delivery","robots":{"index":"index","follow":"follow","max-snippet":"max-snippet:-1","max-image-preview":"max-image-preview:large","max-video-preview":"max-video-preview:-1"},"canonical":"https:\/\/provansadekor.rs\/en\/proizvod\/basket-o1\/","og_locale":"en_US","og_type":"article","og_title":"\u010ca\u0161a \u0161ampanjca i jedan buket snova","og_description":"Istopite srce nekome ovim savr\u0161enim cvetnim aran\u017emanom od crvenih i belih ru\u017ea i zagrejte du\u0161u pli\u0161anim medvedom. Cvetni aran\u017eman od crvenih i belih ru\u017ea, dostava cve\u0107a","og_url":"https:\/\/provansadekor.rs\/en\/proizvod\/basket-o1\/","og_site_name":"Provansa Dekor","article_publisher":"https:\/\/www.facebook.com\/provansadekor","article_modified_time":"2026-03-07T15:05:41+00:00","og_image":[{"width":2560,"height":1438,"url":"https:\/\/provansadekor.rs\/wp-content\/uploads\/2025\/07\/DSC_8780-scaled.jpg","type":"image\/jpeg"}],"twitter_card":"summary_large_image","twitter_misc":{"Est. reading time":"1 minute"},"schema":{"@context":"https:\/\/schema.org","@graph":[{"@type":["WebPage","ItemPage"],"@id":"https:\/\/provansadekor.rs\/proizvod\/korpa-o1\/","url":"https:\/\/provansadekor.rs\/proizvod\/korpa-o1\/","name":"\u010ca\u0161a \u0161ampanjca i jedan buket snova &#8211; Provansa Dekor","isPartOf":{"@id":"https:\/\/provansadekor.rs\/#website"},"primaryImageOfPage":{"@id":"https:\/\/provansadekor.rs\/proizvod\/korpa-o1\/#primaryimage"},"image":{"@id":"https:\/\/provansadekor.rs\/proizvod\/korpa-o1\/#primaryimage"},"thumbnailUrl":"https:\/\/provansadekor.rs\/wp-content\/uploads\/2025\/07\/DSC_8780-scaled.jpg","datePublished":"2019-06-03T21:26:08+00:00","dateModified":"2026-03-07T15:05:41+00:00","description":"Melt someone&#039;s heart with this perfect flower arrangement of red and white roses and warm their soul with a teddy bear. Flower arrangement of red and white roses, flower delivery","breadcrumb":{"@id":"https:\/\/provansadekor.rs\/proizvod\/korpa-o1\/#breadcrumb"},"inLanguage":"en-US","potentialAction":[{"@type":"ReadAction","target":["https:\/\/provansadekor.rs\/proizvod\/korpa-o1\/"]}]},{"@type":"ImageObject","inLanguage":"en-US","@id":"https:\/\/provansadekor.rs\/proizvod\/korpa-o1\/#primaryimage","url":"https:\/\/provansadekor.rs\/wp-content\/uploads\/2025\/07\/DSC_8780-scaled.jpg","contentUrl":"https:\/\/provansadekor.rs\/wp-content\/uploads\/2025\/07\/DSC_8780-scaled.jpg","width":2560,"height":1438},{"@type":"BreadcrumbList","@id":"https:\/\/provansadekor.rs\/proizvod\/korpa-o1\/#breadcrumb","itemListElement":[{"@type":"ListItem","position":1,"name":"\u041f\u043e\u0447\u0435\u0442\u043d\u0430","item":"https:\/\/provansadekor.rs\/"},{"@type":"ListItem","position":2,"name":"\u041f\u0440\u043e\u0438\u0437\u0432\u043e\u0434\u0438","item":"https:\/\/provansadekor.rs\/shop\/"},{"@type":"ListItem","position":3,"name":"\u010ca\u0161a \u0161ampanjca i jedan buket snova"}]},{"@type":"WebSite","@id":"https:\/\/provansadekor.rs\/#website","url":"https:\/\/provansadekor.rs\/","name":"Provence Decor","description":"Flower delivery Belgrade - Event organization and decoration - Landscaping","publisher":{"@id":"https:\/\/provansadekor.rs\/#organization"},"potentialAction":[{"@type":"SearchAction","target":{"@type":"EntryPoint","urlTemplate":"https:\/\/provansadekor.rs\/?s={search_term_string}"},"query-input":{"@type":"PropertyValueSpecification","valueRequired":true,"valueName":"search_term_string"}}],"inLanguage":"en-US"},{"@type":"Organization","@id":"https:\/\/provansadekor.rs\/#organization","name":"Provence Decor Flower Shop Belgrade","url":"https:\/\/provansadekor.rs\/","logo":{"@type":"ImageObject","inLanguage":"en-US","@id":"https:\/\/provansadekor.rs\/#\/schema\/logo\/image\/","url":"https:\/\/provansadekor.rs\/wp-content\/uploads\/2022\/03\/logo-provansa.jpg","contentUrl":"https:\/\/provansadekor.rs\/wp-content\/uploads\/2022\/03\/logo-provansa.jpg","width":200,"height":200,"caption":"Provansa Dekor Cve\u0107ara Beograd"},"image":{"@id":"https:\/\/provansadekor.rs\/#\/schema\/logo\/image\/"},"sameAs":["https:\/\/www.facebook.com\/provansadekor","https:\/\/www.instagram.com\/provansadekor\/"]}]}},"_links":{"self":[{"href":"https:\/\/provansadekor.rs\/en\/wp-json\/wp\/v2\/product\/1971","targetHints":{"allow":["GET"]}}],"collection":[{"href":"https:\/\/provansadekor.rs\/en\/wp-json\/wp\/v2\/product"}],"about":[{"href":"https:\/\/provansadekor.rs\/en\/wp-json\/wp\/v2\/types\/product"}],"version-history":[{"count":6,"href":"https:\/\/provansadekor.rs\/en\/wp-json\/wp\/v2\/product\/1971\/revisions"}],"predecessor-version":[{"id":84247,"href":"https:\/\/provansadekor.rs\/en\/wp-json\/wp\/v2\/product\/1971\/revisions\/84247"}],"wp:featuredmedia":[{"embeddable":true,"href":"https:\/\/provansadekor.rs\/en\/wp-json\/wp\/v2\/media\/84230"}],"wp:attachment":[{"href":"https:\/\/provansadekor.rs\/en\/wp-json\/wp\/v2\/media?parent=1971"}],"wp:term":[{"taxonomy":"product_brand","embeddable":true,"href":"https:\/\/provansadekor.rs\/en\/wp-json\/wp\/v2\/product_brand?post=1971"},{"taxonomy":"product_cat","embeddable":true,"href":"https:\/\/provansadekor.rs\/en\/wp-json\/wp\/v2\/product_cat?post=1971"},{"taxonomy":"product_tag","embeddable":true,"href":"https:\/\/provansadekor.rs\/en\/wp-json\/wp\/v2\/product_tag?post=1971"}],"curies":[{"name":"wp","href":"https:\/\/api.w.org\/{rel}","templated":true}]}}