{"id":16137,"date":"2020-08-06T12:58:39","date_gmt":"2020-08-06T10:58:39","guid":{"rendered":"http:\/\/provansadekor.rs\/?post_type=product&#038;p=16137"},"modified":"2026-03-18T16:19:28","modified_gmt":"2026-03-18T15:19:28","slug":"box-101-ruza-sa-medom","status":"publish","type":"product","link":"https:\/\/provansadekor.rs\/en\/proizvod\/box-101-rose-with-honey\/","title":{"rendered":"Luxury in a box of 101 roses"},"content":{"rendered":"<h2>Box 101 rose with honey to cut even the toughest<\/h2>\n<p><a href=\"https:\/\/provansadekor.rs\/101-ruza-dostava-beograd\/\"><strong>Box 101 rose<\/strong><\/a> with honey in a round box when you want to charm her.<\/p>\n<p><em>The type of flowers in the arrangement<\/em>: <strong>red roses<\/strong>.<\/p>\n<p><em>Accompanying decoration<\/em>: round decorative box in white color, white teddy bear, dedication message, gold satin bow, colorful decorative bow.<\/p>\n<p>Beautiful<strong> red roses<\/strong> packaged in a white round box with a combination of two decorative bows, they are a luxury that will delight everyone. <strong>Teddy bear<\/strong> with a message will be the perfect detail that will further delight the people you care about. It&#039;s always the right time to send 101 roses!<\/p>\n<h2><strong>101 A rose with a teddy bear, <a href=\"https:\/\/provansadekor.rs\/online-cvecara\/\">flowers<em>yes<\/em>ra online Belgrade<\/a><\/strong><\/h2>","protected":false},"excerpt":{"rendered":"<p>Box 101 ru\u017ea sa medom da rezne\u017ei i najtvrdje Box 101 ru\u017ea sa medom u okruglom box-u kada po\u017eeli\u0161 da je o\u010dara\u0161. Vrsta cve\u0107a u aran\u017emanu: crvene ru\u017ee. Prate\u0107a dekoracija: okrugla dekorativna kutija u beloj boji, beli pli\u0161ani meda, poruka sa posvetom, zlatna satenska ma\u0161na, \u0161arena dekorativna ma\u0161na. Prelepe crvene ru\u017ee upakovane u belu okruglu [&hellip;]<\/p>","protected":false},"featured_media":16125,"template":"","meta":[],"product_brand":[],"product_cat":[162],"product_tag":[319,318],"class_list":{"0":"post-16137","1":"product","2":"type-product","3":"status-publish","4":"has-post-thumbnail","6":"product_cat-101-ruza","7":"product_tag-101-crvena-ruza","8":"product_tag-crvene-ruze","10":"first","11":"instock","12":"shipping-taxable","13":"purchasable","14":"product-type-simple"},"yoast_head":"<!-- This site is optimized with the Yoast SEO Premium plugin v20.9 (Yoast SEO v26.5) - https:\/\/yoast.com\/wordpress\/plugins\/seo\/ -->\n<title>Box 101 ru\u017ea sa medom &#8211; Provansa Dekor<\/title>\n<meta name=\"description\" content=\"Pli\u0161ani meda sa porukom je prilika za izmamljivanje dodatnih osmeha. Box 101 ru\u017ea sa medom predstavljaju rasko\u0161 kome \u0107e se svako obradovati. Provansa Dekor!\" \/>\n<meta name=\"robots\" content=\"index, follow, max-snippet:-1, max-image-preview:large, max-video-preview:-1\" \/>\n<link rel=\"canonical\" href=\"https:\/\/provansadekor.rs\/en\/proizvod\/box-101-rose-with-honey\/\" \/>\n<meta property=\"og:locale\" content=\"en_US\" \/>\n<meta property=\"og:type\" content=\"article\" \/>\n<meta property=\"og:title\" content=\"Rasko\u0161 u box-u od 101 ru\u017ee\" \/>\n<meta property=\"og:description\" content=\"Pli\u0161ani meda sa porukom je prilika za izmamljivanje dodatnih osmeha. Box 101 ru\u017ea sa medom predstavljaju rasko\u0161 kome \u0107e se svako obradovati. Provansa Dekor!\" \/>\n<meta property=\"og:url\" content=\"https:\/\/provansadekor.rs\/en\/proizvod\/box-101-rose-with-honey\/\" \/>\n<meta property=\"og:site_name\" content=\"Provansa Dekor\" \/>\n<meta property=\"article:publisher\" content=\"https:\/\/www.facebook.com\/provansadekor\" \/>\n<meta property=\"article:modified_time\" content=\"2026-03-18T15:19:28+00:00\" \/>\n<meta property=\"og:image\" content=\"https:\/\/provansadekor.rs\/wp-content\/uploads\/2020\/08\/IMG-d74c6329fa99968aee8abf0a029a0529-V.jpg\" \/>\n\t<meta property=\"og:image:width\" content=\"1200\" \/>\n\t<meta property=\"og:image:height\" content=\"1600\" \/>\n\t<meta property=\"og:image:type\" content=\"image\/jpeg\" \/>\n<meta name=\"twitter:card\" content=\"summary_large_image\" \/>\n<meta name=\"twitter:label1\" content=\"Est. reading time\" \/>\n\t<meta name=\"twitter:data1\" content=\"1 minute\" \/>\n<script type=\"application\/ld+json\" class=\"yoast-schema-graph\">{\"@context\":\"https:\/\/schema.org\",\"@graph\":[{\"@type\":[\"WebPage\",\"ItemPage\"],\"@id\":\"https:\/\/provansadekor.rs\/proizvod\/box-101-ruza-sa-medom\/\",\"url\":\"https:\/\/provansadekor.rs\/proizvod\/box-101-ruza-sa-medom\/\",\"name\":\"Box 101 ru\u017ea sa medom &#8211; Provansa Dekor\",\"isPartOf\":{\"@id\":\"https:\/\/provansadekor.rs\/#website\"},\"primaryImageOfPage\":{\"@id\":\"https:\/\/provansadekor.rs\/proizvod\/box-101-ruza-sa-medom\/#primaryimage\"},\"image\":{\"@id\":\"https:\/\/provansadekor.rs\/proizvod\/box-101-ruza-sa-medom\/#primaryimage\"},\"thumbnailUrl\":\"https:\/\/provansadekor.rs\/wp-content\/uploads\/2020\/08\/IMG-d74c6329fa99968aee8abf0a029a0529-V.jpg\",\"datePublished\":\"2020-08-06T10:58:39+00:00\",\"dateModified\":\"2026-03-18T15:19:28+00:00\",\"description\":\"Pli\u0161ani meda sa porukom je prilika za izmamljivanje dodatnih osmeha. Box 101 ru\u017ea sa medom predstavljaju rasko\u0161 kome \u0107e se svako obradovati. Provansa Dekor!\",\"breadcrumb\":{\"@id\":\"https:\/\/provansadekor.rs\/proizvod\/box-101-ruza-sa-medom\/#breadcrumb\"},\"inLanguage\":\"en-US\",\"potentialAction\":[{\"@type\":\"ReadAction\",\"target\":[\"https:\/\/provansadekor.rs\/proizvod\/box-101-ruza-sa-medom\/\"]}]},{\"@type\":\"ImageObject\",\"inLanguage\":\"en-US\",\"@id\":\"https:\/\/provansadekor.rs\/proizvod\/box-101-ruza-sa-medom\/#primaryimage\",\"url\":\"https:\/\/provansadekor.rs\/wp-content\/uploads\/2020\/08\/IMG-d74c6329fa99968aee8abf0a029a0529-V.jpg\",\"contentUrl\":\"https:\/\/provansadekor.rs\/wp-content\/uploads\/2020\/08\/IMG-d74c6329fa99968aee8abf0a029a0529-V.jpg\",\"width\":1200,\"height\":1600,\"caption\":\"Box 101 ru\u017ea sa medom - Cve\u0107ara Provansa Dekor - Dostava Cve\u0107a Beograd\"},{\"@type\":\"BreadcrumbList\",\"@id\":\"https:\/\/provansadekor.rs\/proizvod\/box-101-ruza-sa-medom\/#breadcrumb\",\"itemListElement\":[{\"@type\":\"ListItem\",\"position\":1,\"name\":\"\u041f\u043e\u0447\u0435\u0442\u043d\u0430\",\"item\":\"https:\/\/provansadekor.rs\/\"},{\"@type\":\"ListItem\",\"position\":2,\"name\":\"\u041f\u0440\u043e\u0438\u0437\u0432\u043e\u0434\u0438\",\"item\":\"https:\/\/provansadekor.rs\/shop\/\"},{\"@type\":\"ListItem\",\"position\":3,\"name\":\"Rasko\u0161 u box-u od 101 ru\u017ee\"}]},{\"@type\":\"WebSite\",\"@id\":\"https:\/\/provansadekor.rs\/#website\",\"url\":\"https:\/\/provansadekor.rs\/\",\"name\":\"Provansa Dekor\",\"description\":\"Dostava cve\u0107a Beograd - Organizacija i Dekoracija doga\u0111aja - Ure\u0111enje zelenih povr\u0161ina\",\"publisher\":{\"@id\":\"https:\/\/provansadekor.rs\/#organization\"},\"potentialAction\":[{\"@type\":\"SearchAction\",\"target\":{\"@type\":\"EntryPoint\",\"urlTemplate\":\"https:\/\/provansadekor.rs\/?s={search_term_string}\"},\"query-input\":{\"@type\":\"PropertyValueSpecification\",\"valueRequired\":true,\"valueName\":\"search_term_string\"}}],\"inLanguage\":\"en-US\"},{\"@type\":\"Organization\",\"@id\":\"https:\/\/provansadekor.rs\/#organization\",\"name\":\"Provansa Dekor Cve\u0107ara Beograd\",\"url\":\"https:\/\/provansadekor.rs\/\",\"logo\":{\"@type\":\"ImageObject\",\"inLanguage\":\"en-US\",\"@id\":\"https:\/\/provansadekor.rs\/#\/schema\/logo\/image\/\",\"url\":\"https:\/\/provansadekor.rs\/wp-content\/uploads\/2022\/03\/logo-provansa.jpg\",\"contentUrl\":\"https:\/\/provansadekor.rs\/wp-content\/uploads\/2022\/03\/logo-provansa.jpg\",\"width\":200,\"height\":200,\"caption\":\"Provansa Dekor Cve\u0107ara Beograd\"},\"image\":{\"@id\":\"https:\/\/provansadekor.rs\/#\/schema\/logo\/image\/\"},\"sameAs\":[\"https:\/\/www.facebook.com\/provansadekor\",\"https:\/\/www.instagram.com\/provansadekor\/\"]}]}<\/script>\n<!-- \/ Yoast SEO Premium plugin. -->","yoast_head_json":{"title":"Box 101 rose with honey - Provence Decor","description":"A teddy bear with a message is an opportunity to bring out extra smiles. Box 101 roses with honey are an opulence that will make everyone happy. Provence Decor!","robots":{"index":"index","follow":"follow","max-snippet":"max-snippet:-1","max-image-preview":"max-image-preview:large","max-video-preview":"max-video-preview:-1"},"canonical":"https:\/\/provansadekor.rs\/en\/proizvod\/box-101-rose-with-honey\/","og_locale":"en_US","og_type":"article","og_title":"Rasko\u0161 u box-u od 101 ru\u017ee","og_description":"Pli\u0161ani meda sa porukom je prilika za izmamljivanje dodatnih osmeha. Box 101 ru\u017ea sa medom predstavljaju rasko\u0161 kome \u0107e se svako obradovati. Provansa Dekor!","og_url":"https:\/\/provansadekor.rs\/en\/proizvod\/box-101-rose-with-honey\/","og_site_name":"Provansa Dekor","article_publisher":"https:\/\/www.facebook.com\/provansadekor","article_modified_time":"2026-03-18T15:19:28+00:00","og_image":[{"width":1200,"height":1600,"url":"https:\/\/provansadekor.rs\/wp-content\/uploads\/2020\/08\/IMG-d74c6329fa99968aee8abf0a029a0529-V.jpg","type":"image\/jpeg"}],"twitter_card":"summary_large_image","twitter_misc":{"Est. reading time":"1 minute"},"schema":{"@context":"https:\/\/schema.org","@graph":[{"@type":["WebPage","ItemPage"],"@id":"https:\/\/provansadekor.rs\/proizvod\/box-101-ruza-sa-medom\/","url":"https:\/\/provansadekor.rs\/proizvod\/box-101-ruza-sa-medom\/","name":"Box 101 rose with honey - Provence Decor","isPartOf":{"@id":"https:\/\/provansadekor.rs\/#website"},"primaryImageOfPage":{"@id":"https:\/\/provansadekor.rs\/proizvod\/box-101-ruza-sa-medom\/#primaryimage"},"image":{"@id":"https:\/\/provansadekor.rs\/proizvod\/box-101-ruza-sa-medom\/#primaryimage"},"thumbnailUrl":"https:\/\/provansadekor.rs\/wp-content\/uploads\/2020\/08\/IMG-d74c6329fa99968aee8abf0a029a0529-V.jpg","datePublished":"2020-08-06T10:58:39+00:00","dateModified":"2026-03-18T15:19:28+00:00","description":"A teddy bear with a message is an opportunity to bring out extra smiles. Box 101 roses with honey are an opulence that will make everyone happy. Provence Decor!","breadcrumb":{"@id":"https:\/\/provansadekor.rs\/proizvod\/box-101-ruza-sa-medom\/#breadcrumb"},"inLanguage":"en-US","potentialAction":[{"@type":"ReadAction","target":["https:\/\/provansadekor.rs\/proizvod\/box-101-ruza-sa-medom\/"]}]},{"@type":"ImageObject","inLanguage":"en-US","@id":"https:\/\/provansadekor.rs\/proizvod\/box-101-ruza-sa-medom\/#primaryimage","url":"https:\/\/provansadekor.rs\/wp-content\/uploads\/2020\/08\/IMG-d74c6329fa99968aee8abf0a029a0529-V.jpg","contentUrl":"https:\/\/provansadekor.rs\/wp-content\/uploads\/2020\/08\/IMG-d74c6329fa99968aee8abf0a029a0529-V.jpg","width":1200,"height":1600,"caption":"Box 101 ru\u017ea sa medom - Cve\u0107ara Provansa Dekor - Dostava Cve\u0107a Beograd"},{"@type":"BreadcrumbList","@id":"https:\/\/provansadekor.rs\/proizvod\/box-101-ruza-sa-medom\/#breadcrumb","itemListElement":[{"@type":"ListItem","position":1,"name":"\u041f\u043e\u0447\u0435\u0442\u043d\u0430","item":"https:\/\/provansadekor.rs\/"},{"@type":"ListItem","position":2,"name":"\u041f\u0440\u043e\u0438\u0437\u0432\u043e\u0434\u0438","item":"https:\/\/provansadekor.rs\/shop\/"},{"@type":"ListItem","position":3,"name":"Rasko\u0161 u box-u od 101 ru\u017ee"}]},{"@type":"WebSite","@id":"https:\/\/provansadekor.rs\/#website","url":"https:\/\/provansadekor.rs\/","name":"Provence Decor","description":"Flower delivery Belgrade - Event organization and decoration - Landscaping","publisher":{"@id":"https:\/\/provansadekor.rs\/#organization"},"potentialAction":[{"@type":"SearchAction","target":{"@type":"EntryPoint","urlTemplate":"https:\/\/provansadekor.rs\/?s={search_term_string}"},"query-input":{"@type":"PropertyValueSpecification","valueRequired":true,"valueName":"search_term_string"}}],"inLanguage":"en-US"},{"@type":"Organization","@id":"https:\/\/provansadekor.rs\/#organization","name":"Provence Decor Flower Shop Belgrade","url":"https:\/\/provansadekor.rs\/","logo":{"@type":"ImageObject","inLanguage":"en-US","@id":"https:\/\/provansadekor.rs\/#\/schema\/logo\/image\/","url":"https:\/\/provansadekor.rs\/wp-content\/uploads\/2022\/03\/logo-provansa.jpg","contentUrl":"https:\/\/provansadekor.rs\/wp-content\/uploads\/2022\/03\/logo-provansa.jpg","width":200,"height":200,"caption":"Provansa Dekor Cve\u0107ara Beograd"},"image":{"@id":"https:\/\/provansadekor.rs\/#\/schema\/logo\/image\/"},"sameAs":["https:\/\/www.facebook.com\/provansadekor","https:\/\/www.instagram.com\/provansadekor\/"]}]}},"_links":{"self":[{"href":"https:\/\/provansadekor.rs\/en\/wp-json\/wp\/v2\/product\/16137","targetHints":{"allow":["GET"]}}],"collection":[{"href":"https:\/\/provansadekor.rs\/en\/wp-json\/wp\/v2\/product"}],"about":[{"href":"https:\/\/provansadekor.rs\/en\/wp-json\/wp\/v2\/types\/product"}],"version-history":[{"count":9,"href":"https:\/\/provansadekor.rs\/en\/wp-json\/wp\/v2\/product\/16137\/revisions"}],"predecessor-version":[{"id":70551,"href":"https:\/\/provansadekor.rs\/en\/wp-json\/wp\/v2\/product\/16137\/revisions\/70551"}],"wp:featuredmedia":[{"embeddable":true,"href":"https:\/\/provansadekor.rs\/en\/wp-json\/wp\/v2\/media\/16125"}],"wp:attachment":[{"href":"https:\/\/provansadekor.rs\/en\/wp-json\/wp\/v2\/media?parent=16137"}],"wp:term":[{"taxonomy":"product_brand","embeddable":true,"href":"https:\/\/provansadekor.rs\/en\/wp-json\/wp\/v2\/product_brand?post=16137"},{"taxonomy":"product_cat","embeddable":true,"href":"https:\/\/provansadekor.rs\/en\/wp-json\/wp\/v2\/product_cat?post=16137"},{"taxonomy":"product_tag","embeddable":true,"href":"https:\/\/provansadekor.rs\/en\/wp-json\/wp\/v2\/product_tag?post=16137"}],"curies":[{"name":"wp","href":"https:\/\/api.w.org\/{rel}","templated":true}]}}