{"id":16134,"date":"2020-08-06T12:39:20","date_gmt":"2020-08-06T10:39:20","guid":{"rendered":"http:\/\/provansadekor.rs\/?post_type=product&#038;p=16134"},"modified":"2026-03-18T16:19:54","modified_gmt":"2026-03-18T15:19:54","slug":"101-ruza-srce","status":"publish","type":"product","link":"https:\/\/provansadekor.rs\/en\/proizvod\/101-pink-heart\/","title":{"rendered":"101 Rose heart"},"content":{"rendered":"<h2>101 Rose heart<\/h2>\n<p>101 Rose heart for happy moments.<\/p>\n<p><em>Types of flowers in an arrangement<\/em>:<strong> red roses<\/strong>.<\/p>\n<p><em>Accompanying decoration<\/em>: black plush box, decorative colorful pink and white bow.<\/p>\n<p>A luxurious combination of carefully selected fresh <strong>red roses<\/strong> packed in a black plush heart-shaped box. Don&#039;t miss the opportunity to show you care. Fantastic <a href=\"https:\/\/provansadekor.rs\/kategorija-proizvoda\/101-ruza\/\"><strong>101 roses<\/strong><\/a> will push the boundaries of luxury, though maybe <strong>101 roses<\/strong>\u00a0not enough? Imagine this: We will create any arrangement you can imagine from\u00a0<strong>201 roses,<\/strong>\u00a0<strong><a href=\"https:\/\/provansadekor.rs\/proizvod\/301-ruza-u-kutiji-za-nesvakidasnje-trenutke\/\">301 roses<\/a>,<\/strong>\u00a0<strong>501 roses\u2026\u00a0<\/strong>And even an arrangement of\u00a0<strong>1001 roses<\/strong>.<\/p>\n<p>It is also possible<strong> online ordering<\/strong> with fast and safe <a href=\"https:\/\/provansadekor.rs\/online-cvecara\/\">flower delivery<\/a>!<\/p>","protected":false},"excerpt":{"rendered":"<p>101 Rose heart 101 Rose heart for happy moments. Types of flowers in the arrangement: red roses. Accompanying decoration: black plush box, decorative colorful pink and white bow. A luxurious combination of carefully selected fresh red roses packaged in a black plush heart-shaped box. Don&#039;t miss the opportunity to show you care. Fantastic 101 Roses will [\u2026]<\/p>","protected":false},"featured_media":64269,"template":"","meta":[],"product_brand":[],"product_cat":[320,162,169],"product_tag":[319,318],"class_list":{"0":"post-16134","1":"product","2":"type-product","3":"status-publish","4":"has-post-thumbnail","6":"product_cat-8-mart","7":"product_cat-101-ruza","8":"product_cat-dan-zaljubljenih","9":"product_tag-101-crvena-ruza","10":"product_tag-crvene-ruze","12":"first","13":"instock","14":"featured","15":"shipping-taxable","16":"purchasable","17":"product-type-simple"},"yoast_head":"<!-- This site is optimized with the Yoast SEO Premium plugin v20.9 (Yoast SEO v26.5) - https:\/\/yoast.com\/wordpress\/plugins\/seo\/ -->\n<title>101 Ru\u017ea srce &#8211; Provansa Dekor Provansa Dekor<\/title>\n<meta name=\"description\" content=\"101 ru\u017ea srce, dostava cve\u0107a Beograd. Lako i jednostavno naru\u010dite online ovaj predivan aran\u017eman i nazna\u010dite kada i gde \u017eelite dostavu\" \/>\n<meta name=\"robots\" content=\"index, follow, max-snippet:-1, max-image-preview:large, max-video-preview:-1\" \/>\n<link rel=\"canonical\" href=\"https:\/\/provansadekor.rs\/en\/proizvod\/101-pink-heart\/\" \/>\n<meta property=\"og:locale\" content=\"en_US\" \/>\n<meta property=\"og:type\" content=\"article\" \/>\n<meta property=\"og:title\" content=\"101 Ru\u017ea srce\" \/>\n<meta property=\"og:description\" content=\"101 ru\u017ea srce, dostava cve\u0107a Beograd. Lako i jednostavno naru\u010dite online ovaj predivan aran\u017eman i nazna\u010dite kada i gde \u017eelite dostavu\" \/>\n<meta property=\"og:url\" content=\"https:\/\/provansadekor.rs\/en\/proizvod\/101-pink-heart\/\" \/>\n<meta property=\"og:site_name\" content=\"Provansa Dekor\" \/>\n<meta property=\"article:publisher\" content=\"https:\/\/www.facebook.com\/provansadekor\" \/>\n<meta property=\"article:modified_time\" content=\"2026-03-18T15:19:54+00:00\" \/>\n<meta property=\"og:image\" content=\"https:\/\/provansadekor.rs\/wp-content\/uploads\/2022\/08\/3.jpg\" \/>\n\t<meta property=\"og:image:width\" content=\"900\" \/>\n\t<meta property=\"og:image:height\" content=\"900\" \/>\n\t<meta property=\"og:image:type\" content=\"image\/jpeg\" \/>\n<meta name=\"twitter:card\" content=\"summary_large_image\" \/>\n<meta name=\"twitter:label1\" content=\"Est. reading time\" \/>\n\t<meta name=\"twitter:data1\" content=\"1 minute\" \/>\n<script type=\"application\/ld+json\" class=\"yoast-schema-graph\">{\"@context\":\"https:\/\/schema.org\",\"@graph\":[{\"@type\":[\"WebPage\",\"ItemPage\"],\"@id\":\"https:\/\/provansadekor.rs\/proizvod\/101-ruza-srce\/\",\"url\":\"https:\/\/provansadekor.rs\/proizvod\/101-ruza-srce\/\",\"name\":\"101 Ru\u017ea srce &#8211; Provansa Dekor Provansa Dekor\",\"isPartOf\":{\"@id\":\"https:\/\/provansadekor.rs\/#website\"},\"primaryImageOfPage\":{\"@id\":\"https:\/\/provansadekor.rs\/proizvod\/101-ruza-srce\/#primaryimage\"},\"image\":{\"@id\":\"https:\/\/provansadekor.rs\/proizvod\/101-ruza-srce\/#primaryimage\"},\"thumbnailUrl\":\"https:\/\/provansadekor.rs\/wp-content\/uploads\/2022\/08\/3.jpg\",\"datePublished\":\"2020-08-06T10:39:20+00:00\",\"dateModified\":\"2026-03-18T15:19:54+00:00\",\"description\":\"101 ru\u017ea srce, dostava cve\u0107a Beograd. Lako i jednostavno naru\u010dite online ovaj predivan aran\u017eman i nazna\u010dite kada i gde \u017eelite dostavu\",\"breadcrumb\":{\"@id\":\"https:\/\/provansadekor.rs\/proizvod\/101-ruza-srce\/#breadcrumb\"},\"inLanguage\":\"en-US\",\"potentialAction\":[{\"@type\":\"ReadAction\",\"target\":[\"https:\/\/provansadekor.rs\/proizvod\/101-ruza-srce\/\"]}]},{\"@type\":\"ImageObject\",\"inLanguage\":\"en-US\",\"@id\":\"https:\/\/provansadekor.rs\/proizvod\/101-ruza-srce\/#primaryimage\",\"url\":\"https:\/\/provansadekor.rs\/wp-content\/uploads\/2022\/08\/3.jpg\",\"contentUrl\":\"https:\/\/provansadekor.rs\/wp-content\/uploads\/2022\/08\/3.jpg\",\"width\":900,\"height\":900,\"caption\":\"101 Ru\u017ea srce - Provansa Dekor - Dostava Cve\u0107a Beograd\"},{\"@type\":\"BreadcrumbList\",\"@id\":\"https:\/\/provansadekor.rs\/proizvod\/101-ruza-srce\/#breadcrumb\",\"itemListElement\":[{\"@type\":\"ListItem\",\"position\":1,\"name\":\"\u041f\u043e\u0447\u0435\u0442\u043d\u0430\",\"item\":\"https:\/\/provansadekor.rs\/\"},{\"@type\":\"ListItem\",\"position\":2,\"name\":\"\u041f\u0440\u043e\u0438\u0437\u0432\u043e\u0434\u0438\",\"item\":\"https:\/\/provansadekor.rs\/shop\/\"},{\"@type\":\"ListItem\",\"position\":3,\"name\":\"101 Ru\u017ea srce\"}]},{\"@type\":\"WebSite\",\"@id\":\"https:\/\/provansadekor.rs\/#website\",\"url\":\"https:\/\/provansadekor.rs\/\",\"name\":\"Provansa Dekor\",\"description\":\"Dostava cve\u0107a Beograd - Organizacija i Dekoracija doga\u0111aja - Ure\u0111enje zelenih povr\u0161ina\",\"publisher\":{\"@id\":\"https:\/\/provansadekor.rs\/#organization\"},\"potentialAction\":[{\"@type\":\"SearchAction\",\"target\":{\"@type\":\"EntryPoint\",\"urlTemplate\":\"https:\/\/provansadekor.rs\/?s={search_term_string}\"},\"query-input\":{\"@type\":\"PropertyValueSpecification\",\"valueRequired\":true,\"valueName\":\"search_term_string\"}}],\"inLanguage\":\"en-US\"},{\"@type\":\"Organization\",\"@id\":\"https:\/\/provansadekor.rs\/#organization\",\"name\":\"Provansa Dekor Cve\u0107ara Beograd\",\"url\":\"https:\/\/provansadekor.rs\/\",\"logo\":{\"@type\":\"ImageObject\",\"inLanguage\":\"en-US\",\"@id\":\"https:\/\/provansadekor.rs\/#\/schema\/logo\/image\/\",\"url\":\"https:\/\/provansadekor.rs\/wp-content\/uploads\/2022\/03\/logo-provansa.jpg\",\"contentUrl\":\"https:\/\/provansadekor.rs\/wp-content\/uploads\/2022\/03\/logo-provansa.jpg\",\"width\":200,\"height\":200,\"caption\":\"Provansa Dekor Cve\u0107ara Beograd\"},\"image\":{\"@id\":\"https:\/\/provansadekor.rs\/#\/schema\/logo\/image\/\"},\"sameAs\":[\"https:\/\/www.facebook.com\/provansadekor\",\"https:\/\/www.instagram.com\/provansadekor\/\"]}]}<\/script>\n<!-- \/ Yoast SEO Premium plugin. -->","yoast_head_json":{"title":"101 Rose heart \u2013 Provence Decor Provence Decor","description":"101 roses heart, flower delivery Belgrade. Easily and simply order this wonderful arrangement online and indicate when and where you want delivery","robots":{"index":"index","follow":"follow","max-snippet":"max-snippet:-1","max-image-preview":"max-image-preview:large","max-video-preview":"max-video-preview:-1"},"canonical":"https:\/\/provansadekor.rs\/en\/proizvod\/101-pink-heart\/","og_locale":"en_US","og_type":"article","og_title":"101 Ru\u017ea srce","og_description":"101 ru\u017ea srce, dostava cve\u0107a Beograd. Lako i jednostavno naru\u010dite online ovaj predivan aran\u017eman i nazna\u010dite kada i gde \u017eelite dostavu","og_url":"https:\/\/provansadekor.rs\/en\/proizvod\/101-pink-heart\/","og_site_name":"Provansa Dekor","article_publisher":"https:\/\/www.facebook.com\/provansadekor","article_modified_time":"2026-03-18T15:19:54+00:00","og_image":[{"width":900,"height":900,"url":"https:\/\/provansadekor.rs\/wp-content\/uploads\/2022\/08\/3.jpg","type":"image\/jpeg"}],"twitter_card":"summary_large_image","twitter_misc":{"Est. reading time":"1 minute"},"schema":{"@context":"https:\/\/schema.org","@graph":[{"@type":["WebPage","ItemPage"],"@id":"https:\/\/provansadekor.rs\/proizvod\/101-ruza-srce\/","url":"https:\/\/provansadekor.rs\/proizvod\/101-ruza-srce\/","name":"101 Rose heart \u2013 Provence Decor Provence Decor","isPartOf":{"@id":"https:\/\/provansadekor.rs\/#website"},"primaryImageOfPage":{"@id":"https:\/\/provansadekor.rs\/proizvod\/101-ruza-srce\/#primaryimage"},"image":{"@id":"https:\/\/provansadekor.rs\/proizvod\/101-ruza-srce\/#primaryimage"},"thumbnailUrl":"https:\/\/provansadekor.rs\/wp-content\/uploads\/2022\/08\/3.jpg","datePublished":"2020-08-06T10:39:20+00:00","dateModified":"2026-03-18T15:19:54+00:00","description":"101 roses heart, flower delivery Belgrade. Easily and simply order this wonderful arrangement online and indicate when and where you want delivery","breadcrumb":{"@id":"https:\/\/provansadekor.rs\/proizvod\/101-ruza-srce\/#breadcrumb"},"inLanguage":"en-US","potentialAction":[{"@type":"ReadAction","target":["https:\/\/provansadekor.rs\/proizvod\/101-ruza-srce\/"]}]},{"@type":"ImageObject","inLanguage":"en-US","@id":"https:\/\/provansadekor.rs\/proizvod\/101-ruza-srce\/#primaryimage","url":"https:\/\/provansadekor.rs\/wp-content\/uploads\/2022\/08\/3.jpg","contentUrl":"https:\/\/provansadekor.rs\/wp-content\/uploads\/2022\/08\/3.jpg","width":900,"height":900,"caption":"101 Ru\u017ea srce - Provansa Dekor - Dostava Cve\u0107a Beograd"},{"@type":"BreadcrumbList","@id":"https:\/\/provansadekor.rs\/proizvod\/101-ruza-srce\/#breadcrumb","itemListElement":[{"@type":"ListItem","position":1,"name":"\u041f\u043e\u0447\u0435\u0442\u043d\u0430","item":"https:\/\/provansadekor.rs\/"},{"@type":"ListItem","position":2,"name":"\u041f\u0440\u043e\u0438\u0437\u0432\u043e\u0434\u0438","item":"https:\/\/provansadekor.rs\/shop\/"},{"@type":"ListItem","position":3,"name":"101 Ru\u017ea srce"}]},{"@type":"WebSite","@id":"https:\/\/provansadekor.rs\/#website","url":"https:\/\/provansadekor.rs\/","name":"Provence Decor","description":"Flower delivery Belgrade - Event organization and decoration - Landscaping","publisher":{"@id":"https:\/\/provansadekor.rs\/#organization"},"potentialAction":[{"@type":"SearchAction","target":{"@type":"EntryPoint","urlTemplate":"https:\/\/provansadekor.rs\/?s={search_term_string}"},"query-input":{"@type":"PropertyValueSpecification","valueRequired":true,"valueName":"search_term_string"}}],"inLanguage":"en-US"},{"@type":"Organization","@id":"https:\/\/provansadekor.rs\/#organization","name":"Provence Decor Flower Shop Belgrade","url":"https:\/\/provansadekor.rs\/","logo":{"@type":"ImageObject","inLanguage":"en-US","@id":"https:\/\/provansadekor.rs\/#\/schema\/logo\/image\/","url":"https:\/\/provansadekor.rs\/wp-content\/uploads\/2022\/03\/logo-provansa.jpg","contentUrl":"https:\/\/provansadekor.rs\/wp-content\/uploads\/2022\/03\/logo-provansa.jpg","width":200,"height":200,"caption":"Provansa Dekor Cve\u0107ara Beograd"},"image":{"@id":"https:\/\/provansadekor.rs\/#\/schema\/logo\/image\/"},"sameAs":["https:\/\/www.facebook.com\/provansadekor","https:\/\/www.instagram.com\/provansadekor\/"]}]}},"_links":{"self":[{"href":"https:\/\/provansadekor.rs\/en\/wp-json\/wp\/v2\/product\/16134","targetHints":{"allow":["GET"]}}],"collection":[{"href":"https:\/\/provansadekor.rs\/en\/wp-json\/wp\/v2\/product"}],"about":[{"href":"https:\/\/provansadekor.rs\/en\/wp-json\/wp\/v2\/types\/product"}],"version-history":[{"count":9,"href":"https:\/\/provansadekor.rs\/en\/wp-json\/wp\/v2\/product\/16134\/revisions"}],"predecessor-version":[{"id":64272,"href":"https:\/\/provansadekor.rs\/en\/wp-json\/wp\/v2\/product\/16134\/revisions\/64272"}],"wp:featuredmedia":[{"embeddable":true,"href":"https:\/\/provansadekor.rs\/en\/wp-json\/wp\/v2\/media\/64269"}],"wp:attachment":[{"href":"https:\/\/provansadekor.rs\/en\/wp-json\/wp\/v2\/media?parent=16134"}],"wp:term":[{"taxonomy":"product_brand","embeddable":true,"href":"https:\/\/provansadekor.rs\/en\/wp-json\/wp\/v2\/product_brand?post=16134"},{"taxonomy":"product_cat","embeddable":true,"href":"https:\/\/provansadekor.rs\/en\/wp-json\/wp\/v2\/product_cat?post=16134"},{"taxonomy":"product_tag","embeddable":true,"href":"https:\/\/provansadekor.rs\/en\/wp-json\/wp\/v2\/product_tag?post=16134"}],"curies":[{"name":"wp","href":"https:\/\/api.w.org\/{rel}","templated":true}]}}