{"id":16130,"date":"2020-08-06T12:15:40","date_gmt":"2020-08-06T10:15:40","guid":{"rendered":"http:\/\/provansadekor.rs\/?post_type=product&#038;p=16130"},"modified":"2026-03-18T16:20:27","modified_gmt":"2026-03-18T15:20:27","slug":"kada-101-zuta-ruza-u-srcu-zamirise-reci-nisu-potrebne","status":"publish","type":"product","link":"https:\/\/provansadekor.rs\/en\/proizvod\/when-101-yellow-roses-in-the-heart-smells-no-words-are-necessary\/","title":{"rendered":"Yellow 101 roses for the bold and different"},"content":{"rendered":"<h2>101 Yellow rose in the heart<\/h2>\n<p>101 A yellow rose in your heart when you want to be different and unique.<\/p>\n<p><em>The type of flowers in the arrangement<\/em>: <strong>yellow Rose<\/strong>.<\/p>\n<p><em>Accompanying decoration<\/em>: teddy bear, black decorative heart-shaped box, cream white satin ribbon, lace cream decorative ribbon.<\/p>\n<p><a href=\"https:\/\/provansadekor.rs\/kategorija-proizvoda\/101-ruza\/\"><strong>101 roses<\/strong> <\/a>packed in an elegant black heart-shaped box with a white bow, and a white teddy bear. Be different and special, impress her like no one before!<\/p>\n<h2><a href=\"https:\/\/provansadekor.rs\/online-cvecara\/\">Flower delivery, Belgrade<\/a><\/h2>\n<p>&nbsp;<\/p>\n<p>&nbsp;<\/p>\n<p>&nbsp;<\/p>","protected":false},"excerpt":{"rendered":"<p>101 \u017duta ru\u017ea u srcu 101 \u017duta ru\u017ea u srcu kada po\u017eeli\u0161 da bude\u0161 druga\u010diji i neponovljiv. Vrsta cve\u0107a u aran\u017emanu: \u017euta ru\u017ea. Prate\u0107a dekoracija: pli\u0161ani meda, crna dekorativna kutija u obliku srca, krem bela satenska traka, \u010dipkasta krem dekorativna traka. 101 Ru\u017ea upakovana u elegantnu kutiju crne boje u obliku srca sa belom ma\u0161nom, [&hellip;]<\/p>","protected":false},"featured_media":16116,"template":"","meta":[],"product_brand":[],"product_cat":[162,169],"product_tag":[],"class_list":{"0":"post-16130","1":"product","2":"type-product","3":"status-publish","4":"has-post-thumbnail","6":"product_cat-101-ruza","7":"product_cat-dan-zaljubljenih","9":"first","10":"instock","11":"shipping-taxable","12":"purchasable","13":"product-type-simple"},"yoast_head":"<!-- This site is optimized with the Yoast SEO Premium plugin v20.9 (Yoast SEO v26.5) - https:\/\/yoast.com\/wordpress\/plugins\/seo\/ -->\n<title>101 \u017duta ru\u017ea u srcu za neponovljive &#8211; Provansa Dekor<\/title>\n<meta name=\"description\" content=\"101 \u017duta ru\u017ea u srcu elegantno pakovanje crne boje sa belom ma\u0161nom, i belim pli\u0161anim medom. Budite druga\u010diji i posebni impresionirajte je kao niko do sada!\" \/>\n<meta name=\"robots\" content=\"index, follow, max-snippet:-1, max-image-preview:large, max-video-preview:-1\" \/>\n<link rel=\"canonical\" href=\"https:\/\/provansadekor.rs\/en\/proizvod\/when-101-yellow-roses-in-the-heart-smells-no-words-are-necessary\/\" \/>\n<meta property=\"og:locale\" content=\"en_US\" \/>\n<meta property=\"og:type\" content=\"article\" \/>\n<meta property=\"og:title\" content=\"\u017duta 101 ru\u017ea za smele i druga\u010dije\" \/>\n<meta property=\"og:description\" content=\"101 \u017duta ru\u017ea u srcu elegantno pakovanje crne boje sa belom ma\u0161nom, i belim pli\u0161anim medom. Budite druga\u010diji i posebni impresionirajte je kao niko do sada!\" \/>\n<meta property=\"og:url\" content=\"https:\/\/provansadekor.rs\/en\/proizvod\/when-101-yellow-roses-in-the-heart-smells-no-words-are-necessary\/\" \/>\n<meta property=\"og:site_name\" content=\"Provansa Dekor\" \/>\n<meta property=\"article:publisher\" content=\"https:\/\/www.facebook.com\/provansadekor\" \/>\n<meta property=\"article:modified_time\" content=\"2026-03-18T15:20:27+00:00\" \/>\n<meta property=\"og:image\" content=\"https:\/\/provansadekor.rs\/wp-content\/uploads\/2020\/08\/IMG-3d9a4fe0824b4b269cfb1a2ca5b4d2fa-V.jpg\" \/>\n\t<meta property=\"og:image:width\" content=\"1200\" \/>\n\t<meta property=\"og:image:height\" content=\"1600\" \/>\n\t<meta property=\"og:image:type\" content=\"image\/jpeg\" \/>\n<meta name=\"twitter:card\" content=\"summary_large_image\" \/>\n<meta name=\"twitter:label1\" content=\"Est. reading time\" \/>\n\t<meta name=\"twitter:data1\" content=\"1 minute\" \/>\n<script type=\"application\/ld+json\" class=\"yoast-schema-graph\">{\"@context\":\"https:\/\/schema.org\",\"@graph\":[{\"@type\":[\"WebPage\",\"ItemPage\"],\"@id\":\"https:\/\/provansadekor.rs\/proizvod\/kada-101-zuta-ruza-u-srcu-zamirise-reci-nisu-potrebne\/\",\"url\":\"https:\/\/provansadekor.rs\/proizvod\/kada-101-zuta-ruza-u-srcu-zamirise-reci-nisu-potrebne\/\",\"name\":\"101 \u017duta ru\u017ea u srcu za neponovljive &#8211; Provansa Dekor\",\"isPartOf\":{\"@id\":\"https:\/\/provansadekor.rs\/#website\"},\"primaryImageOfPage\":{\"@id\":\"https:\/\/provansadekor.rs\/proizvod\/kada-101-zuta-ruza-u-srcu-zamirise-reci-nisu-potrebne\/#primaryimage\"},\"image\":{\"@id\":\"https:\/\/provansadekor.rs\/proizvod\/kada-101-zuta-ruza-u-srcu-zamirise-reci-nisu-potrebne\/#primaryimage\"},\"thumbnailUrl\":\"https:\/\/provansadekor.rs\/wp-content\/uploads\/2020\/08\/IMG-3d9a4fe0824b4b269cfb1a2ca5b4d2fa-V.jpg\",\"datePublished\":\"2020-08-06T10:15:40+00:00\",\"dateModified\":\"2026-03-18T15:20:27+00:00\",\"description\":\"101 \u017duta ru\u017ea u srcu elegantno pakovanje crne boje sa belom ma\u0161nom, i belim pli\u0161anim medom. Budite druga\u010diji i posebni impresionirajte je kao niko do sada!\",\"breadcrumb\":{\"@id\":\"https:\/\/provansadekor.rs\/proizvod\/kada-101-zuta-ruza-u-srcu-zamirise-reci-nisu-potrebne\/#breadcrumb\"},\"inLanguage\":\"en-US\",\"potentialAction\":[{\"@type\":\"ReadAction\",\"target\":[\"https:\/\/provansadekor.rs\/proizvod\/kada-101-zuta-ruza-u-srcu-zamirise-reci-nisu-potrebne\/\"]}]},{\"@type\":\"ImageObject\",\"inLanguage\":\"en-US\",\"@id\":\"https:\/\/provansadekor.rs\/proizvod\/kada-101-zuta-ruza-u-srcu-zamirise-reci-nisu-potrebne\/#primaryimage\",\"url\":\"https:\/\/provansadekor.rs\/wp-content\/uploads\/2020\/08\/IMG-3d9a4fe0824b4b269cfb1a2ca5b4d2fa-V.jpg\",\"contentUrl\":\"https:\/\/provansadekor.rs\/wp-content\/uploads\/2020\/08\/IMG-3d9a4fe0824b4b269cfb1a2ca5b4d2fa-V.jpg\",\"width\":1200,\"height\":1600,\"caption\":\"101 \u017duta ru\u017ea u srcu - Dostava cve\u0107a - Cve\u0107ara provansa Dekor\"},{\"@type\":\"BreadcrumbList\",\"@id\":\"https:\/\/provansadekor.rs\/proizvod\/kada-101-zuta-ruza-u-srcu-zamirise-reci-nisu-potrebne\/#breadcrumb\",\"itemListElement\":[{\"@type\":\"ListItem\",\"position\":1,\"name\":\"\u041f\u043e\u0447\u0435\u0442\u043d\u0430\",\"item\":\"https:\/\/provansadekor.rs\/\"},{\"@type\":\"ListItem\",\"position\":2,\"name\":\"\u041f\u0440\u043e\u0438\u0437\u0432\u043e\u0434\u0438\",\"item\":\"https:\/\/provansadekor.rs\/shop\/\"},{\"@type\":\"ListItem\",\"position\":3,\"name\":\"\u017duta 101 ru\u017ea za smele i druga\u010dije\"}]},{\"@type\":\"WebSite\",\"@id\":\"https:\/\/provansadekor.rs\/#website\",\"url\":\"https:\/\/provansadekor.rs\/\",\"name\":\"Provansa Dekor\",\"description\":\"Dostava cve\u0107a Beograd - Organizacija i Dekoracija doga\u0111aja - Ure\u0111enje zelenih povr\u0161ina\",\"publisher\":{\"@id\":\"https:\/\/provansadekor.rs\/#organization\"},\"potentialAction\":[{\"@type\":\"SearchAction\",\"target\":{\"@type\":\"EntryPoint\",\"urlTemplate\":\"https:\/\/provansadekor.rs\/?s={search_term_string}\"},\"query-input\":{\"@type\":\"PropertyValueSpecification\",\"valueRequired\":true,\"valueName\":\"search_term_string\"}}],\"inLanguage\":\"en-US\"},{\"@type\":\"Organization\",\"@id\":\"https:\/\/provansadekor.rs\/#organization\",\"name\":\"Provansa Dekor Cve\u0107ara Beograd\",\"url\":\"https:\/\/provansadekor.rs\/\",\"logo\":{\"@type\":\"ImageObject\",\"inLanguage\":\"en-US\",\"@id\":\"https:\/\/provansadekor.rs\/#\/schema\/logo\/image\/\",\"url\":\"https:\/\/provansadekor.rs\/wp-content\/uploads\/2022\/03\/logo-provansa.jpg\",\"contentUrl\":\"https:\/\/provansadekor.rs\/wp-content\/uploads\/2022\/03\/logo-provansa.jpg\",\"width\":200,\"height\":200,\"caption\":\"Provansa Dekor Cve\u0107ara Beograd\"},\"image\":{\"@id\":\"https:\/\/provansadekor.rs\/#\/schema\/logo\/image\/\"},\"sameAs\":[\"https:\/\/www.facebook.com\/provansadekor\",\"https:\/\/www.instagram.com\/provansadekor\/\"]}]}<\/script>\n<!-- \/ Yoast SEO Premium plugin. -->","yoast_head_json":{"title":"101 Yellow rose in the heart for the unique - Provence Decor","description":"101 Yellow rose in the heart, elegant black packaging with a white bow, and a white teddy bear. Be different and special, impress her like no one before!","robots":{"index":"index","follow":"follow","max-snippet":"max-snippet:-1","max-image-preview":"max-image-preview:large","max-video-preview":"max-video-preview:-1"},"canonical":"https:\/\/provansadekor.rs\/en\/proizvod\/when-101-yellow-roses-in-the-heart-smells-no-words-are-necessary\/","og_locale":"en_US","og_type":"article","og_title":"\u017duta 101 ru\u017ea za smele i druga\u010dije","og_description":"101 \u017duta ru\u017ea u srcu elegantno pakovanje crne boje sa belom ma\u0161nom, i belim pli\u0161anim medom. Budite druga\u010diji i posebni impresionirajte je kao niko do sada!","og_url":"https:\/\/provansadekor.rs\/en\/proizvod\/when-101-yellow-roses-in-the-heart-smells-no-words-are-necessary\/","og_site_name":"Provansa Dekor","article_publisher":"https:\/\/www.facebook.com\/provansadekor","article_modified_time":"2026-03-18T15:20:27+00:00","og_image":[{"width":1200,"height":1600,"url":"https:\/\/provansadekor.rs\/wp-content\/uploads\/2020\/08\/IMG-3d9a4fe0824b4b269cfb1a2ca5b4d2fa-V.jpg","type":"image\/jpeg"}],"twitter_card":"summary_large_image","twitter_misc":{"Est. reading time":"1 minute"},"schema":{"@context":"https:\/\/schema.org","@graph":[{"@type":["WebPage","ItemPage"],"@id":"https:\/\/provansadekor.rs\/proizvod\/kada-101-zuta-ruza-u-srcu-zamirise-reci-nisu-potrebne\/","url":"https:\/\/provansadekor.rs\/proizvod\/kada-101-zuta-ruza-u-srcu-zamirise-reci-nisu-potrebne\/","name":"101 Yellow rose in the heart for the unique - Provence Decor","isPartOf":{"@id":"https:\/\/provansadekor.rs\/#website"},"primaryImageOfPage":{"@id":"https:\/\/provansadekor.rs\/proizvod\/kada-101-zuta-ruza-u-srcu-zamirise-reci-nisu-potrebne\/#primaryimage"},"image":{"@id":"https:\/\/provansadekor.rs\/proizvod\/kada-101-zuta-ruza-u-srcu-zamirise-reci-nisu-potrebne\/#primaryimage"},"thumbnailUrl":"https:\/\/provansadekor.rs\/wp-content\/uploads\/2020\/08\/IMG-3d9a4fe0824b4b269cfb1a2ca5b4d2fa-V.jpg","datePublished":"2020-08-06T10:15:40+00:00","dateModified":"2026-03-18T15:20:27+00:00","description":"101 Yellow rose in the heart, elegant black packaging with a white bow, and a white teddy bear. Be different and special, impress her like no one before!","breadcrumb":{"@id":"https:\/\/provansadekor.rs\/proizvod\/kada-101-zuta-ruza-u-srcu-zamirise-reci-nisu-potrebne\/#breadcrumb"},"inLanguage":"en-US","potentialAction":[{"@type":"ReadAction","target":["https:\/\/provansadekor.rs\/proizvod\/kada-101-zuta-ruza-u-srcu-zamirise-reci-nisu-potrebne\/"]}]},{"@type":"ImageObject","inLanguage":"en-US","@id":"https:\/\/provansadekor.rs\/proizvod\/kada-101-zuta-ruza-u-srcu-zamirise-reci-nisu-potrebne\/#primaryimage","url":"https:\/\/provansadekor.rs\/wp-content\/uploads\/2020\/08\/IMG-3d9a4fe0824b4b269cfb1a2ca5b4d2fa-V.jpg","contentUrl":"https:\/\/provansadekor.rs\/wp-content\/uploads\/2020\/08\/IMG-3d9a4fe0824b4b269cfb1a2ca5b4d2fa-V.jpg","width":1200,"height":1600,"caption":"101 \u017duta ru\u017ea u srcu - Dostava cve\u0107a - Cve\u0107ara provansa Dekor"},{"@type":"BreadcrumbList","@id":"https:\/\/provansadekor.rs\/proizvod\/kada-101-zuta-ruza-u-srcu-zamirise-reci-nisu-potrebne\/#breadcrumb","itemListElement":[{"@type":"ListItem","position":1,"name":"\u041f\u043e\u0447\u0435\u0442\u043d\u0430","item":"https:\/\/provansadekor.rs\/"},{"@type":"ListItem","position":2,"name":"\u041f\u0440\u043e\u0438\u0437\u0432\u043e\u0434\u0438","item":"https:\/\/provansadekor.rs\/shop\/"},{"@type":"ListItem","position":3,"name":"\u017duta 101 ru\u017ea za smele i druga\u010dije"}]},{"@type":"WebSite","@id":"https:\/\/provansadekor.rs\/#website","url":"https:\/\/provansadekor.rs\/","name":"Provence Decor","description":"Flower delivery Belgrade - Event organization and decoration - Landscaping","publisher":{"@id":"https:\/\/provansadekor.rs\/#organization"},"potentialAction":[{"@type":"SearchAction","target":{"@type":"EntryPoint","urlTemplate":"https:\/\/provansadekor.rs\/?s={search_term_string}"},"query-input":{"@type":"PropertyValueSpecification","valueRequired":true,"valueName":"search_term_string"}}],"inLanguage":"en-US"},{"@type":"Organization","@id":"https:\/\/provansadekor.rs\/#organization","name":"Provence Decor Flower Shop Belgrade","url":"https:\/\/provansadekor.rs\/","logo":{"@type":"ImageObject","inLanguage":"en-US","@id":"https:\/\/provansadekor.rs\/#\/schema\/logo\/image\/","url":"https:\/\/provansadekor.rs\/wp-content\/uploads\/2022\/03\/logo-provansa.jpg","contentUrl":"https:\/\/provansadekor.rs\/wp-content\/uploads\/2022\/03\/logo-provansa.jpg","width":200,"height":200,"caption":"Provansa Dekor Cve\u0107ara Beograd"},"image":{"@id":"https:\/\/provansadekor.rs\/#\/schema\/logo\/image\/"},"sameAs":["https:\/\/www.facebook.com\/provansadekor","https:\/\/www.instagram.com\/provansadekor\/"]}]}},"_links":{"self":[{"href":"https:\/\/provansadekor.rs\/en\/wp-json\/wp\/v2\/product\/16130","targetHints":{"allow":["GET"]}}],"collection":[{"href":"https:\/\/provansadekor.rs\/en\/wp-json\/wp\/v2\/product"}],"about":[{"href":"https:\/\/provansadekor.rs\/en\/wp-json\/wp\/v2\/types\/product"}],"version-history":[{"count":7,"href":"https:\/\/provansadekor.rs\/en\/wp-json\/wp\/v2\/product\/16130\/revisions"}],"predecessor-version":[{"id":70598,"href":"https:\/\/provansadekor.rs\/en\/wp-json\/wp\/v2\/product\/16130\/revisions\/70598"}],"wp:featuredmedia":[{"embeddable":true,"href":"https:\/\/provansadekor.rs\/en\/wp-json\/wp\/v2\/media\/16116"}],"wp:attachment":[{"href":"https:\/\/provansadekor.rs\/en\/wp-json\/wp\/v2\/media?parent=16130"}],"wp:term":[{"taxonomy":"product_brand","embeddable":true,"href":"https:\/\/provansadekor.rs\/en\/wp-json\/wp\/v2\/product_brand?post=16130"},{"taxonomy":"product_cat","embeddable":true,"href":"https:\/\/provansadekor.rs\/en\/wp-json\/wp\/v2\/product_cat?post=16130"},{"taxonomy":"product_tag","embeddable":true,"href":"https:\/\/provansadekor.rs\/en\/wp-json\/wp\/v2\/product_tag?post=16130"}],"curies":[{"name":"wp","href":"https:\/\/api.w.org\/{rel}","templated":true}]}}