{"id":80144,"date":"2024-07-31T15:27:38","date_gmt":"2024-07-31T13:27:38","guid":{"rendered":"https:\/\/provansadekor.rs\/?page_id=80144"},"modified":"2025-06-03T15:35:49","modified_gmt":"2025-06-03T13:35:49","slug":"veleprodaja-cveca","status":"publish","type":"page","link":"https:\/\/provansadekor.rs\/en\/veleprodaja-cveca\/","title":{"rendered":"Veleprodaja Cve\u0107a"},"content":{"rendered":"<div data-elementor-type=\"wp-page\" data-elementor-id=\"80144\" class=\"elementor elementor-80144\" data-elementor-post-type=\"page\">\n\t\t\t\t\t\t<header class=\"elementor-section elementor-top-section elementor-element elementor-element-5ce78c9a elementor-section-height-min-height elementor-section-boxed elementor-section-height-default elementor-section-items-middle\" data-id=\"5ce78c9a\" data-element_type=\"section\" data-settings=\"{&quot;background_background&quot;:&quot;classic&quot;}\">\n\t\t\t\t\t\t\t<div class=\"elementor-background-overlay\"><\/div>\n\t\t\t\t\t\t\t<div class=\"elementor-container elementor-column-gap-default\">\n\t\t\t\t\t<div class=\"elementor-column elementor-col-100 elementor-top-column elementor-element elementor-element-7a71d843\" data-id=\"7a71d843\" data-element_type=\"column\" data-settings=\"{&quot;background_background&quot;:&quot;classic&quot;}\">\n\t\t\t<div class=\"elementor-widget-wrap elementor-element-populated\">\n\t\t\t\t\t\t<section class=\"elementor-section elementor-inner-section elementor-element elementor-element-684248ee elementor-section-boxed elementor-section-height-default elementor-section-height-default\" data-id=\"684248ee\" data-element_type=\"section\" data-settings=\"{&quot;background_background&quot;:&quot;classic&quot;}\">\n\t\t\t\t\t\t<div class=\"elementor-container elementor-column-gap-default\">\n\t\t\t\t\t<div class=\"elementor-column elementor-col-100 elementor-inner-column elementor-element elementor-element-6318e2b3\" data-id=\"6318e2b3\" data-element_type=\"column\">\n\t\t\t<div class=\"elementor-widget-wrap elementor-element-populated\">\n\t\t\t\t\t\t<div class=\"elementor-element elementor-element-7daf2e56 elementor-widget elementor-widget-heading\" data-id=\"7daf2e56\" data-element_type=\"widget\" data-widget_type=\"heading.default\">\n\t\t\t\t<div class=\"elementor-widget-container\">\n\t\t\t\t\t<h1 class=\"elementor-heading-title elementor-size-default\">Veleprodaja Cve\u0107a<\/h1>\t\t\t\t<\/div>\n\t\t\t\t<\/div>\n\t\t\t\t\t<\/div>\n\t\t<\/div>\n\t\t\t\t\t<\/div>\n\t\t<\/section>\n\t\t\t\t\t<\/div>\n\t\t<\/div>\n\t\t\t\t\t<\/div>\n\t\t<\/header>\n\t\t\t\t<section class=\"elementor-section elementor-top-section elementor-element elementor-element-1eec3bc elementor-section-boxed elementor-section-height-default elementor-section-height-default\" data-id=\"1eec3bc\" data-element_type=\"section\">\n\t\t\t\t\t\t<div class=\"elementor-container elementor-column-gap-default\">\n\t\t\t\t\t<div class=\"elementor-column elementor-col-100 elementor-top-column elementor-element elementor-element-fd0b234\" data-id=\"fd0b234\" data-element_type=\"column\">\n\t\t\t<div class=\"elementor-widget-wrap elementor-element-populated\">\n\t\t\t\t\t\t<div class=\"elementor-element elementor-element-5af66a27 elementor-widget elementor-widget-heading\" data-id=\"5af66a27\" data-element_type=\"widget\" data-settings=\"{&quot;_animation_mobile&quot;:&quot;fadeInUp&quot;}\" data-widget_type=\"heading.default\">\n\t\t\t\t<div class=\"elementor-widget-container\">\n\t\t\t\t\t<h2 class=\"elementor-heading-title elementor-size-default\">\nVeleprodaja rezanog i saksijskog cve\u0107a<\/h2>\t\t\t\t<\/div>\n\t\t\t\t<\/div>\n\t\t\t\t<div class=\"elementor-element elementor-element-5ba1b8b2 elementor-widget elementor-widget-text-editor\" data-id=\"5ba1b8b2\" data-element_type=\"widget\" data-widget_type=\"text-editor.default\">\n\t\t\t\t<div class=\"elementor-widget-container\">\n\t\t\t\t\t\t\t\t\t<p dir=\"ltr\">Provansa Dekor pru\u017ea pouzdanu i profesionalnu veleprodaju rezanog i saksijskog cve\u0107a cve\u0107arima \u0161irom Srbije. Posebnu vrednost u na\u0161em sistemu donosi <a href=\"https:\/\/naibelflowers.com\/\">Naibel Flowers<\/a> koji je sada integralni deo kompanije Provansa Dekor.<\/p><p dir=\"ltr\">\u00a0<\/p>\t\t\t\t\t\t\t\t<\/div>\n\t\t\t\t<\/div>\n\t\t\t\t\t<\/div>\n\t\t<\/div>\n\t\t\t\t\t<\/div>\n\t\t<\/section>\n\t\t\t\t<section class=\"elementor-section elementor-top-section elementor-element elementor-element-66e4c99 elementor-section-boxed elementor-section-height-default elementor-section-height-default\" data-id=\"66e4c99\" data-element_type=\"section\">\n\t\t\t\t\t\t<div class=\"elementor-container elementor-column-gap-default\">\n\t\t\t\t\t<div class=\"elementor-column elementor-col-50 elementor-top-column elementor-element elementor-element-c243e56\" data-id=\"c243e56\" data-element_type=\"column\">\n\t\t\t<div class=\"elementor-widget-wrap elementor-element-populated\">\n\t\t\t\t\t\t<div class=\"elementor-element elementor-element-eecae38 elementor-widget elementor-widget-text-editor\" data-id=\"eecae38\" data-element_type=\"widget\" data-widget_type=\"text-editor.default\">\n\t\t\t\t<div class=\"elementor-widget-container\">\n\t\t\t\t\t\t\t\t\t<p dir=\"ltr\">Kao direktni uvoznik, Naibel Flowers obezbe\u0111uje cve\u0107e vrhunskog kvaliteta direktno sa planta\u017ea iz Afrike, Ju\u017ene Amerike i Holandije, bez posrednika. Ovaj model rada omogu\u0107ava nam da obezbedimo izuzetnu sve\u017einu, stabilne isporuke i konkurentne cene \u2013 uz maksimalnu kontrolu kvaliteta u svakom koraku.<\/p>\t\t\t\t\t\t\t\t<\/div>\n\t\t\t\t<\/div>\n\t\t\t\t\t<\/div>\n\t\t<\/div>\n\t\t\t\t<div class=\"elementor-column elementor-col-50 elementor-top-column elementor-element elementor-element-e7d8699\" data-id=\"e7d8699\" data-element_type=\"column\">\n\t\t\t<div class=\"elementor-widget-wrap elementor-element-populated\">\n\t\t\t\t\t\t<div class=\"elementor-element elementor-element-1c105c8 elementor-widget elementor-widget-image\" data-id=\"1c105c8\" data-element_type=\"widget\" data-widget_type=\"image.default\">\n\t\t\t\t<div class=\"elementor-widget-container\">\n\t\t\t\t\t\t\t\t\t\t\t\t\t\t\t<img fetchpriority=\"high\" decoding=\"async\" width=\"800\" height=\"550\" src=\"https:\/\/provansadekor.rs\/wp-content\/uploads\/2022\/10\/Cvecara-Vozdovac-1-1.jpg\" class=\"attachment-large size-large wp-image-68344\" alt=\"\" srcset=\"https:\/\/provansadekor.rs\/wp-content\/uploads\/2022\/10\/Cvecara-Vozdovac-1-1.jpg 800w, https:\/\/provansadekor.rs\/wp-content\/uploads\/2022\/10\/Cvecara-Vozdovac-1-1-300x206.jpg 300w, https:\/\/provansadekor.rs\/wp-content\/uploads\/2022\/10\/Cvecara-Vozdovac-1-1-768x528.jpg 768w, https:\/\/provansadekor.rs\/wp-content\/uploads\/2022\/10\/Cvecara-Vozdovac-1-1-18x12.jpg 18w, https:\/\/provansadekor.rs\/wp-content\/uploads\/2022\/10\/Cvecara-Vozdovac-1-1-700x481.jpg 700w\" sizes=\"(max-width: 800px) 100vw, 800px\" \/>\t\t\t\t\t\t\t\t\t\t\t\t\t\t\t<\/div>\n\t\t\t\t<\/div>\n\t\t\t\t\t<\/div>\n\t\t<\/div>\n\t\t\t\t\t<\/div>\n\t\t<\/section>\n\t\t\t\t<section class=\"elementor-section elementor-top-section elementor-element elementor-element-fb40587 elementor-section-boxed elementor-section-height-default elementor-section-height-default\" data-id=\"fb40587\" data-element_type=\"section\">\n\t\t\t\t\t\t<div class=\"elementor-container elementor-column-gap-default\">\n\t\t\t\t\t<div class=\"elementor-column elementor-col-50 elementor-top-column elementor-element elementor-element-49b4e49\" data-id=\"49b4e49\" data-element_type=\"column\">\n\t\t\t<div class=\"elementor-widget-wrap elementor-element-populated\">\n\t\t\t\t\t\t<div class=\"elementor-element elementor-element-2d805e0 elementor-widget elementor-widget-image\" data-id=\"2d805e0\" data-element_type=\"widget\" data-widget_type=\"image.default\">\n\t\t\t\t<div class=\"elementor-widget-container\">\n\t\t\t\t\t\t\t\t\t\t\t\t\t\t\t<img decoding=\"async\" width=\"800\" height=\"534\" src=\"https:\/\/provansadekor.rs\/wp-content\/uploads\/2022\/10\/Provansa-legat-9-1024x683.jpg\" class=\"attachment-large size-large wp-image-68340\" alt=\"\" srcset=\"https:\/\/provansadekor.rs\/wp-content\/uploads\/2022\/10\/Provansa-legat-9-1024x683.jpg 1024w, https:\/\/provansadekor.rs\/wp-content\/uploads\/2022\/10\/Provansa-legat-9-300x200.jpg 300w, https:\/\/provansadekor.rs\/wp-content\/uploads\/2022\/10\/Provansa-legat-9-768x512.jpg 768w, https:\/\/provansadekor.rs\/wp-content\/uploads\/2022\/10\/Provansa-legat-9-18x12.jpg 18w, https:\/\/provansadekor.rs\/wp-content\/uploads\/2022\/10\/Provansa-legat-9-700x467.jpg 700w, https:\/\/provansadekor.rs\/wp-content\/uploads\/2022\/10\/Provansa-legat-9.jpg 1200w\" sizes=\"(max-width: 800px) 100vw, 800px\" \/>\t\t\t\t\t\t\t\t\t\t\t\t\t\t\t<\/div>\n\t\t\t\t<\/div>\n\t\t\t\t\t<\/div>\n\t\t<\/div>\n\t\t\t\t<div class=\"elementor-column elementor-col-50 elementor-top-column elementor-element elementor-element-61012bc\" data-id=\"61012bc\" data-element_type=\"column\">\n\t\t\t<div class=\"elementor-widget-wrap elementor-element-populated\">\n\t\t\t\t\t\t<div class=\"elementor-element elementor-element-63180bf elementor-widget elementor-widget-text-editor\" data-id=\"63180bf\" data-element_type=\"widget\" data-widget_type=\"text-editor.default\">\n\t\t\t\t<div class=\"elementor-widget-container\">\n\t\t\t\t\t\t\t\t\t<p data-start=\"826\" data-end=\"1090\">Na\u0161a prednost ne le\u017ei samo u logistici i \u0161irokom asortimanu, ve\u0107 i u \u010dinjenici da <strong data-start=\"908\" data-end=\"951\">i sami dolazimo iz cve\u0107arske industrije<\/strong>. Znamo koliko je va\u017eno imati pouzdan izvor sve\u017eeg cve\u0107a, posebno kada se radi o vremenski osetljivim aran\u017emanima i zahtevnim klijentima.<\/p><p data-start=\"1092\" data-end=\"1388\">Kao tim cve\u0107ara i distributera, pru\u017eamo re\u0161enja koja odgovaraju realnim potrebama savremenih radionica \u2013 sa sve\u017einom, ta\u010dno\u0161\u0107u i podr\u0161kom koja \u010dini razliku. Svaki cvet koji isporu\u010dujemo pa\u017eljivo je odabran kako bi ispunio najvi\u0161e standarde, ba\u0161 onako kako bismo \u017eeleli i za sopstvenu proizvodnju.<\/p>\t\t\t\t\t\t\t\t<\/div>\n\t\t\t\t<\/div>\n\t\t\t\t\t<\/div>\n\t\t<\/div>\n\t\t\t\t\t<\/div>\n\t\t<\/section>\n\t\t\t\t<section class=\"elementor-section elementor-top-section elementor-element elementor-element-f497e2f elementor-section-boxed elementor-section-height-default elementor-section-height-default\" data-id=\"f497e2f\" data-element_type=\"section\">\n\t\t\t\t\t\t<div class=\"elementor-container elementor-column-gap-default\">\n\t\t\t\t\t<div class=\"elementor-column elementor-col-100 elementor-top-column elementor-element elementor-element-7bcc557\" data-id=\"7bcc557\" data-element_type=\"column\">\n\t\t\t<div class=\"elementor-widget-wrap elementor-element-populated\">\n\t\t\t\t\t\t<div class=\"elementor-element elementor-element-c8522a8 elementor-widget elementor-widget-heading\" data-id=\"c8522a8\" data-element_type=\"widget\" data-settings=\"{&quot;_animation_mobile&quot;:&quot;fadeInLeft&quot;}\" data-widget_type=\"heading.default\">\n\t\t\t\t<div class=\"elementor-widget-container\">\n\t\t\t\t\t<h4 class=\"elementor-heading-title elementor-size-default\">Veleprodaja Cve\u0107a Kontakt<\/h4>\t\t\t\t<\/div>\n\t\t\t\t<\/div>\n\t\t\t\t\t<\/div>\n\t\t<\/div>\n\t\t\t\t\t<\/div>\n\t\t<\/section>\n\t\t\t\t<section class=\"elementor-section elementor-top-section elementor-element elementor-element-d0f6ad4 elementor-section-boxed elementor-section-height-default elementor-section-height-default\" data-id=\"d0f6ad4\" data-element_type=\"section\">\n\t\t\t\t\t\t<div class=\"elementor-container elementor-column-gap-default\">\n\t\t\t\t\t<div class=\"elementor-column elementor-col-100 elementor-top-column elementor-element elementor-element-77313fb\" data-id=\"77313fb\" data-element_type=\"column\">\n\t\t\t<div class=\"elementor-widget-wrap elementor-element-populated\">\n\t\t\t\t\t\t<div class=\"elementor-element elementor-element-5831225 elementor-widget elementor-widget-text-editor\" data-id=\"5831225\" data-element_type=\"widget\" data-widget_type=\"text-editor.default\">\n\t\t\t\t<div class=\"elementor-widget-container\">\n\t\t\t\t\t\t\t\t\t<p>Preporu\u010dujemo da postanete deo na\u0161e pri\u010de i oslonite se na Naibel Flowers \u2013 sada integralni deo Provansa Dekor \u2013 kao pouzdan izvor cve\u0107a koje postavlja standarde u sve\u017eini, kvalitetu i estetskoj vrednosti. Bilo da kreirate svakodnevne aran\u017emane ili najzahtevnije dekoracije, mo\u017eete ra\u010dunati na stabilan lanac snabdevanja i proizvode koji inspiri\u0161u poverenje.<\/p>\t\t\t\t\t\t\t\t<\/div>\n\t\t\t\t<\/div>\n\t\t\t\t\t<\/div>\n\t\t<\/div>\n\t\t\t\t\t<\/div>\n\t\t<\/section>\n\t\t\t\t<section class=\"elementor-section elementor-top-section elementor-element elementor-element-bcbc6e6 elementor-section-boxed elementor-section-height-default elementor-section-height-default\" data-id=\"bcbc6e6\" data-element_type=\"section\">\n\t\t\t\t\t\t<div class=\"elementor-container elementor-column-gap-default\">\n\t\t\t\t\t<div class=\"elementor-column elementor-col-100 elementor-top-column elementor-element elementor-element-3d64910\" data-id=\"3d64910\" data-element_type=\"column\">\n\t\t\t<div class=\"elementor-widget-wrap elementor-element-populated\">\n\t\t\t\t\t\t<div class=\"elementor-element elementor-element-0d59a64 elementor-align-center elementor-widget elementor-widget-button\" data-id=\"0d59a64\" data-element_type=\"widget\" data-widget_type=\"button.default\">\n\t\t\t\t<div class=\"elementor-widget-container\">\n\t\t\t\t\t\t\t\t\t<div class=\"elementor-button-wrapper\">\n\t\t\t\t\t<a class=\"elementor-button elementor-button-link elementor-size-sm\" href=\"https:\/\/naibelflowers.com\/prodavnica\/\">\n\t\t\t\t\t\t<span class=\"elementor-button-content-wrapper\">\n\t\t\t\t\t\t\t\t\t<span class=\"elementor-button-text\">Veleprodaja Cve\u0107a Ponuda<\/span>\n\t\t\t\t\t<\/span>\n\t\t\t\t\t<\/a>\n\t\t\t\t<\/div>\n\t\t\t\t\t\t\t\t<\/div>\n\t\t\t\t<\/div>\n\t\t\t\t\t<\/div>\n\t\t<\/div>\n\t\t\t\t\t<\/div>\n\t\t<\/section>\n\t\t\t\t<\/div>","protected":false},"excerpt":{"rendered":"<p>Veleprodaja Cve\u0107a Veleprodaja rezanog i saksijskog cve\u0107a Provansa Dekor pru\u017ea pouzdanu i profesionalnu veleprodaju rezanog i saksijskog cve\u0107a cve\u0107arima \u0161irom Srbije. Posebnu vrednost u na\u0161em sistemu donosi Naibel Flowers koji je sada integralni deo kompanije Provansa Dekor. \u00a0 Kao direktni uvoznik, Naibel Flowers obezbe\u0111uje cve\u0107e vrhunskog kvaliteta direktno sa planta\u017ea iz Afrike, Ju\u017ene Amerike i [&hellip;]<\/p>","protected":false},"author":113,"featured_media":0,"parent":0,"menu_order":0,"comment_status":"closed","ping_status":"closed","template":"","meta":{"footnotes":""},"categories":[],"tags":[],"class_list":["post-80144","page","type-page","status-publish","hentry"],"yoast_head":"<!-- This site is optimized with the Yoast SEO Premium plugin v20.9 (Yoast SEO v26.5) - https:\/\/yoast.com\/wordpress\/plugins\/seo\/ -->\n<title>Veleprodaja Cve\u0107a &#8211; Provansa Dekor<\/title>\n<meta name=\"description\" content=\"Provansa Dekor Centar je osnovan sa vizijom pretvaranja svakog va\u0161eg posebnog trenutka u \u017eivotu u ne\u0161to nezaboravno.\" \/>\n<meta name=\"robots\" content=\"index, follow, max-snippet:-1, max-image-preview:large, max-video-preview:-1\" \/>\n<link rel=\"canonical\" href=\"https:\/\/provansadekor.rs\/en\/veleprodaja-cveca\/\" \/>\n<meta property=\"og:locale\" content=\"en_US\" \/>\n<meta property=\"og:type\" content=\"article\" \/>\n<meta property=\"og:title\" content=\"Veleprodaja Cve\u0107a\" \/>\n<meta property=\"og:description\" content=\"Provansa Dekor Centar je osnovan sa vizijom pretvaranja svakog va\u0161eg posebnog trenutka u \u017eivotu u ne\u0161to nezaboravno.\" \/>\n<meta property=\"og:url\" content=\"https:\/\/provansadekor.rs\/en\/veleprodaja-cveca\/\" \/>\n<meta property=\"og:site_name\" content=\"Provansa Dekor\" \/>\n<meta property=\"article:publisher\" content=\"https:\/\/www.facebook.com\/provansadekor\" \/>\n<meta property=\"article:modified_time\" content=\"2025-06-03T13:35:49+00:00\" \/>\n<meta property=\"og:image\" content=\"https:\/\/provansadekor.rs\/wp-content\/uploads\/2022\/10\/Cvecara-Vozdovac-1-1.jpg\" \/>\n\t<meta property=\"og:image:width\" content=\"800\" \/>\n\t<meta property=\"og:image:height\" content=\"550\" \/>\n\t<meta property=\"og:image:type\" content=\"image\/jpeg\" \/>\n<meta name=\"twitter:card\" content=\"summary_large_image\" \/>\n<meta name=\"twitter:label1\" content=\"Est. reading time\" \/>\n\t<meta name=\"twitter:data1\" content=\"2 minutes\" \/>\n<script type=\"application\/ld+json\" class=\"yoast-schema-graph\">{\"@context\":\"https:\/\/schema.org\",\"@graph\":[{\"@type\":\"WebPage\",\"@id\":\"https:\/\/provansadekor.rs\/veleprodaja-cveca\/\",\"url\":\"https:\/\/provansadekor.rs\/veleprodaja-cveca\/\",\"name\":\"Veleprodaja Cve\u0107a &#8211; Provansa Dekor\",\"isPartOf\":{\"@id\":\"https:\/\/provansadekor.rs\/#website\"},\"primaryImageOfPage\":{\"@id\":\"https:\/\/provansadekor.rs\/veleprodaja-cveca\/#primaryimage\"},\"image\":{\"@id\":\"https:\/\/provansadekor.rs\/veleprodaja-cveca\/#primaryimage\"},\"thumbnailUrl\":\"https:\/\/provansadekor.rs\/wp-content\/uploads\/2022\/10\/Cvecara-Vozdovac-1-1.jpg\",\"datePublished\":\"2024-07-31T13:27:38+00:00\",\"dateModified\":\"2025-06-03T13:35:49+00:00\",\"description\":\"Provansa Dekor Centar je osnovan sa vizijom pretvaranja svakog va\u0161eg posebnog trenutka u \u017eivotu u ne\u0161to nezaboravno.\",\"breadcrumb\":{\"@id\":\"https:\/\/provansadekor.rs\/veleprodaja-cveca\/#breadcrumb\"},\"inLanguage\":\"en-US\",\"potentialAction\":[{\"@type\":\"ReadAction\",\"target\":[\"https:\/\/provansadekor.rs\/veleprodaja-cveca\/\"]}]},{\"@type\":\"ImageObject\",\"inLanguage\":\"en-US\",\"@id\":\"https:\/\/provansadekor.rs\/veleprodaja-cveca\/#primaryimage\",\"url\":\"https:\/\/provansadekor.rs\/wp-content\/uploads\/2022\/10\/Cvecara-Vozdovac-1-1.jpg\",\"contentUrl\":\"https:\/\/provansadekor.rs\/wp-content\/uploads\/2022\/10\/Cvecara-Vozdovac-1-1.jpg\"},{\"@type\":\"BreadcrumbList\",\"@id\":\"https:\/\/provansadekor.rs\/veleprodaja-cveca\/#breadcrumb\",\"itemListElement\":[{\"@type\":\"ListItem\",\"position\":1,\"name\":\"\u041f\u043e\u0447\u0435\u0442\u043d\u0430\",\"item\":\"https:\/\/provansadekor.rs\/\"},{\"@type\":\"ListItem\",\"position\":2,\"name\":\"Veleprodaja Cve\u0107a\"}]},{\"@type\":\"WebSite\",\"@id\":\"https:\/\/provansadekor.rs\/#website\",\"url\":\"https:\/\/provansadekor.rs\/\",\"name\":\"Provansa Dekor\",\"description\":\"Dostava cve\u0107a Beograd - Organizacija i Dekoracija doga\u0111aja - Ure\u0111enje zelenih povr\u0161ina\",\"publisher\":{\"@id\":\"https:\/\/provansadekor.rs\/#organization\"},\"potentialAction\":[{\"@type\":\"SearchAction\",\"target\":{\"@type\":\"EntryPoint\",\"urlTemplate\":\"https:\/\/provansadekor.rs\/?s={search_term_string}\"},\"query-input\":{\"@type\":\"PropertyValueSpecification\",\"valueRequired\":true,\"valueName\":\"search_term_string\"}}],\"inLanguage\":\"en-US\"},{\"@type\":\"Organization\",\"@id\":\"https:\/\/provansadekor.rs\/#organization\",\"name\":\"Provansa Dekor Cve\u0107ara Beograd\",\"url\":\"https:\/\/provansadekor.rs\/\",\"logo\":{\"@type\":\"ImageObject\",\"inLanguage\":\"en-US\",\"@id\":\"https:\/\/provansadekor.rs\/#\/schema\/logo\/image\/\",\"url\":\"https:\/\/provansadekor.rs\/wp-content\/uploads\/2022\/03\/logo-provansa.jpg\",\"contentUrl\":\"https:\/\/provansadekor.rs\/wp-content\/uploads\/2022\/03\/logo-provansa.jpg\",\"width\":200,\"height\":200,\"caption\":\"Provansa Dekor Cve\u0107ara Beograd\"},\"image\":{\"@id\":\"https:\/\/provansadekor.rs\/#\/schema\/logo\/image\/\"},\"sameAs\":[\"https:\/\/www.facebook.com\/provansadekor\",\"https:\/\/www.instagram.com\/provansadekor\/\"]}]}<\/script>\n<!-- \/ Yoast SEO Premium plugin. -->","yoast_head_json":{"title":"Veleprodaja Cve\u0107a &#8211; Provansa Dekor","description":"Provence Decor Center was founded with the vision of turning every special moment in your life into something unforgettable.","robots":{"index":"index","follow":"follow","max-snippet":"max-snippet:-1","max-image-preview":"max-image-preview:large","max-video-preview":"max-video-preview:-1"},"canonical":"https:\/\/provansadekor.rs\/en\/veleprodaja-cveca\/","og_locale":"en_US","og_type":"article","og_title":"Veleprodaja Cve\u0107a","og_description":"Provansa Dekor Centar je osnovan sa vizijom pretvaranja svakog va\u0161eg posebnog trenutka u \u017eivotu u ne\u0161to nezaboravno.","og_url":"https:\/\/provansadekor.rs\/en\/veleprodaja-cveca\/","og_site_name":"Provansa Dekor","article_publisher":"https:\/\/www.facebook.com\/provansadekor","article_modified_time":"2025-06-03T13:35:49+00:00","og_image":[{"width":800,"height":550,"url":"https:\/\/provansadekor.rs\/wp-content\/uploads\/2022\/10\/Cvecara-Vozdovac-1-1.jpg","type":"image\/jpeg"}],"twitter_card":"summary_large_image","twitter_misc":{"Est. reading time":"2 minutes"},"schema":{"@context":"https:\/\/schema.org","@graph":[{"@type":"WebPage","@id":"https:\/\/provansadekor.rs\/veleprodaja-cveca\/","url":"https:\/\/provansadekor.rs\/veleprodaja-cveca\/","name":"Veleprodaja Cve\u0107a &#8211; Provansa Dekor","isPartOf":{"@id":"https:\/\/provansadekor.rs\/#website"},"primaryImageOfPage":{"@id":"https:\/\/provansadekor.rs\/veleprodaja-cveca\/#primaryimage"},"image":{"@id":"https:\/\/provansadekor.rs\/veleprodaja-cveca\/#primaryimage"},"thumbnailUrl":"https:\/\/provansadekor.rs\/wp-content\/uploads\/2022\/10\/Cvecara-Vozdovac-1-1.jpg","datePublished":"2024-07-31T13:27:38+00:00","dateModified":"2025-06-03T13:35:49+00:00","description":"Provence Decor Center was founded with the vision of turning every special moment in your life into something unforgettable.","breadcrumb":{"@id":"https:\/\/provansadekor.rs\/veleprodaja-cveca\/#breadcrumb"},"inLanguage":"en-US","potentialAction":[{"@type":"ReadAction","target":["https:\/\/provansadekor.rs\/veleprodaja-cveca\/"]}]},{"@type":"ImageObject","inLanguage":"en-US","@id":"https:\/\/provansadekor.rs\/veleprodaja-cveca\/#primaryimage","url":"https:\/\/provansadekor.rs\/wp-content\/uploads\/2022\/10\/Cvecara-Vozdovac-1-1.jpg","contentUrl":"https:\/\/provansadekor.rs\/wp-content\/uploads\/2022\/10\/Cvecara-Vozdovac-1-1.jpg"},{"@type":"BreadcrumbList","@id":"https:\/\/provansadekor.rs\/veleprodaja-cveca\/#breadcrumb","itemListElement":[{"@type":"ListItem","position":1,"name":"\u041f\u043e\u0447\u0435\u0442\u043d\u0430","item":"https:\/\/provansadekor.rs\/"},{"@type":"ListItem","position":2,"name":"Veleprodaja Cve\u0107a"}]},{"@type":"WebSite","@id":"https:\/\/provansadekor.rs\/#website","url":"https:\/\/provansadekor.rs\/","name":"Provence Decor","description":"Flower delivery Belgrade - Event organization and decoration - Landscaping","publisher":{"@id":"https:\/\/provansadekor.rs\/#organization"},"potentialAction":[{"@type":"SearchAction","target":{"@type":"EntryPoint","urlTemplate":"https:\/\/provansadekor.rs\/?s={search_term_string}"},"query-input":{"@type":"PropertyValueSpecification","valueRequired":true,"valueName":"search_term_string"}}],"inLanguage":"en-US"},{"@type":"Organization","@id":"https:\/\/provansadekor.rs\/#organization","name":"Provence Decor Flower Shop Belgrade","url":"https:\/\/provansadekor.rs\/","logo":{"@type":"ImageObject","inLanguage":"en-US","@id":"https:\/\/provansadekor.rs\/#\/schema\/logo\/image\/","url":"https:\/\/provansadekor.rs\/wp-content\/uploads\/2022\/03\/logo-provansa.jpg","contentUrl":"https:\/\/provansadekor.rs\/wp-content\/uploads\/2022\/03\/logo-provansa.jpg","width":200,"height":200,"caption":"Provansa Dekor Cve\u0107ara Beograd"},"image":{"@id":"https:\/\/provansadekor.rs\/#\/schema\/logo\/image\/"},"sameAs":["https:\/\/www.facebook.com\/provansadekor","https:\/\/www.instagram.com\/provansadekor\/"]}]}},"_links":{"self":[{"href":"https:\/\/provansadekor.rs\/en\/wp-json\/wp\/v2\/pages\/80144","targetHints":{"allow":["GET"]}}],"collection":[{"href":"https:\/\/provansadekor.rs\/en\/wp-json\/wp\/v2\/pages"}],"about":[{"href":"https:\/\/provansadekor.rs\/en\/wp-json\/wp\/v2\/types\/page"}],"author":[{"embeddable":true,"href":"https:\/\/provansadekor.rs\/en\/wp-json\/wp\/v2\/users\/113"}],"replies":[{"embeddable":true,"href":"https:\/\/provansadekor.rs\/en\/wp-json\/wp\/v2\/comments?post=80144"}],"version-history":[{"count":9,"href":"https:\/\/provansadekor.rs\/en\/wp-json\/wp\/v2\/pages\/80144\/revisions"}],"predecessor-version":[{"id":83709,"href":"https:\/\/provansadekor.rs\/en\/wp-json\/wp\/v2\/pages\/80144\/revisions\/83709"}],"wp:attachment":[{"href":"https:\/\/provansadekor.rs\/en\/wp-json\/wp\/v2\/media?parent=80144"}],"wp:term":[{"taxonomy":"category","embeddable":true,"href":"https:\/\/provansadekor.rs\/en\/wp-json\/wp\/v2\/categories?post=80144"},{"taxonomy":"post_tag","embeddable":true,"href":"https:\/\/provansadekor.rs\/en\/wp-json\/wp\/v2\/tags?post=80144"}],"curies":[{"name":"wp","href":"https:\/\/api.w.org\/{rel}","templated":true}]}}