{"id":75353,"date":"2023-07-19T14:35:23","date_gmt":"2023-07-19T12:35:23","guid":{"rendered":"https:\/\/provansadekor.rs\/?page_id=75353"},"modified":"2023-07-19T14:37:42","modified_gmt":"2023-07-19T12:37:42","slug":"izgradnja-zelenih-krovova","status":"publish","type":"page","link":"https:\/\/provansadekor.rs\/en\/green\/services\/building-green-roofs\/","title":{"rendered":"Construction of green roofs"},"content":{"rendered":"<div data-elementor-type=\"wp-page\" data-elementor-id=\"75353\" class=\"elementor elementor-75353\" data-elementor-post-type=\"page\">\n\t\t\t\t\t\t<section class=\"elementor-section elementor-top-section elementor-element elementor-element-19e592f elementor-section-height-min-height elementor-section-boxed elementor-section-height-default elementor-section-items-middle\" data-id=\"19e592f\" data-element_type=\"section\" data-settings=\"{&quot;background_background&quot;:&quot;classic&quot;}\">\n\t\t\t\t\t\t<div class=\"elementor-container elementor-column-gap-default\">\n\t\t\t\t\t<div class=\"elementor-column elementor-col-100 elementor-top-column elementor-element elementor-element-52bcf56\" data-id=\"52bcf56\" data-element_type=\"column\">\n\t\t\t<div class=\"elementor-widget-wrap elementor-element-populated\">\n\t\t\t\t\t\t<div class=\"elementor-element elementor-element-63410a5 elementor-widget elementor-widget-heading\" data-id=\"63410a5\" data-element_type=\"widget\" data-widget_type=\"heading.default\">\n\t\t\t\t<div class=\"elementor-widget-container\">\n\t\t\t\t\t<h2 class=\"elementor-heading-title elementor-size-default\">Construction of green roofs<\/h2>\t\t\t\t<\/div>\n\t\t\t\t<\/div>\n\t\t\t\t\t<\/div>\n\t\t<\/div>\n\t\t\t\t\t<\/div>\n\t\t<\/section>\n\t\t\t\t<section class=\"elementor-section elementor-top-section elementor-element elementor-element-f4b0a6c elementor-section-content-middle elementor-section-boxed elementor-section-height-default elementor-section-height-default\" data-id=\"f4b0a6c\" data-element_type=\"section\">\n\t\t\t\t\t\t<div class=\"elementor-container elementor-column-gap-default\">\n\t\t\t\t\t<div class=\"elementor-column elementor-col-50 elementor-top-column elementor-element elementor-element-f385084\" data-id=\"f385084\" data-element_type=\"column\">\n\t\t\t<div class=\"elementor-widget-wrap elementor-element-populated\">\n\t\t\t\t\t\t<div class=\"elementor-element elementor-element-38282a7 elementor-widget elementor-widget-image\" data-id=\"38282a7\" data-element_type=\"widget\" data-widget_type=\"image.default\">\n\t\t\t\t<div class=\"elementor-widget-container\">\n\t\t\t\t\t\t\t\t\t\t\t\t\t\t\t<img fetchpriority=\"high\" decoding=\"async\" width=\"800\" height=\"550\" src=\"https:\/\/provansadekor.rs\/wp-content\/uploads\/2023\/07\/Izgradnja-zelenih-krovova-3.jpg\" class=\"attachment-large size-large wp-image-75356\" alt=\"\" srcset=\"https:\/\/provansadekor.rs\/wp-content\/uploads\/2023\/07\/Izgradnja-zelenih-krovova-3.jpg 1000w, https:\/\/provansadekor.rs\/wp-content\/uploads\/2023\/07\/Izgradnja-zelenih-krovova-3-300x206.jpg 300w, https:\/\/provansadekor.rs\/wp-content\/uploads\/2023\/07\/Izgradnja-zelenih-krovova-3-768x528.jpg 768w, https:\/\/provansadekor.rs\/wp-content\/uploads\/2023\/07\/Izgradnja-zelenih-krovova-3-700x481.jpg 700w\" sizes=\"(max-width: 800px) 100vw, 800px\" \/>\t\t\t\t\t\t\t\t\t\t\t\t\t\t\t<\/div>\n\t\t\t\t<\/div>\n\t\t\t\t\t<\/div>\n\t\t<\/div>\n\t\t\t\t<div class=\"elementor-column elementor-col-50 elementor-top-column elementor-element elementor-element-0527b59\" data-id=\"0527b59\" data-element_type=\"column\">\n\t\t\t<div class=\"elementor-widget-wrap elementor-element-populated\">\n\t\t\t\t\t\t<div class=\"elementor-element elementor-element-f01d5b9 elementor-widget elementor-widget-text-editor\" data-id=\"f01d5b9\" data-element_type=\"widget\" data-widget_type=\"text-editor.default\">\n\t\t\t\t<div class=\"elementor-widget-container\">\n\t\t\t\t\t\t\t\t\t<p>Roof gardens are becoming more and more popular in urban areas both because of aesthetics because they increase the attractiveness and value of the object itself, and because of many other factors such as energy efficiency, air quality, rainwater storage, and as one of the most important factors today, which is a positive influence on mental user&#039;s health.<\/p><p>There are two types of roof gardens and they are intensive and extensive\u00a0<strong>green bloods<\/strong>.<\/p><p>The circumstance that decides on the formation of one of these two types of gardens is the carrying capacity of the building. Based on the static calculation, we decide whether it will be on the roof\u00a0<strong>be an intensive or extensive green garden.<\/strong><\/p>\t\t\t\t\t\t\t\t<\/div>\n\t\t\t\t<\/div>\n\t\t\t\t\t<\/div>\n\t\t<\/div>\n\t\t\t\t\t<\/div>\n\t\t<\/section>\n\t\t\t\t<section class=\"elementor-section elementor-top-section elementor-element elementor-element-61cd0be elementor-section-content-middle elementor-section-boxed elementor-section-height-default elementor-section-height-default\" data-id=\"61cd0be\" data-element_type=\"section\">\n\t\t\t\t\t\t<div class=\"elementor-container elementor-column-gap-default\">\n\t\t\t\t\t<div class=\"elementor-column elementor-col-50 elementor-top-column elementor-element elementor-element-009814d\" data-id=\"009814d\" data-element_type=\"column\">\n\t\t\t<div class=\"elementor-widget-wrap elementor-element-populated\">\n\t\t\t\t\t\t<div class=\"elementor-element elementor-element-104ebfe elementor-widget elementor-widget-text-editor\" data-id=\"104ebfe\" data-element_type=\"widget\" data-widget_type=\"text-editor.default\">\n\t\t\t\t<div class=\"elementor-widget-container\">\n\t\t\t\t\t\t\t\t\t<p>Extensive\u00a0<strong>green roof<\/strong>\u00a0characterized by low vegetation such as sedums (plants very resistant to extreme environmental conditions and requiring minimal maintenance). Considering the resistance and self-sustaining nature of these plants, a watering system is not necessary. It is necessary to remove weeds and feed the plant twice a year.<\/p><p>In contrast to the extensive green roof, the intensive one contains high vegetation, thus a larger amount of substrate, garden furniture, but also a watering system, which is necessary. This kind of sight\u00a0<strong>roof garden<\/strong>\u00a0it is intended for active use.<\/p><p>In addition to the visible differences, these roofs also differ in the layers of material on which the roof garden begins.<\/p>\t\t\t\t\t\t\t\t<\/div>\n\t\t\t\t<\/div>\n\t\t\t\t\t<\/div>\n\t\t<\/div>\n\t\t\t\t<div class=\"elementor-column elementor-col-50 elementor-top-column elementor-element elementor-element-8e51ece\" data-id=\"8e51ece\" data-element_type=\"column\">\n\t\t\t<div class=\"elementor-widget-wrap elementor-element-populated\">\n\t\t\t\t\t\t<div class=\"elementor-element elementor-element-e38cd41 elementor-widget elementor-widget-image\" data-id=\"e38cd41\" data-element_type=\"widget\" data-widget_type=\"image.default\">\n\t\t\t\t<div class=\"elementor-widget-container\">\n\t\t\t\t\t\t\t\t\t\t\t\t\t\t\t<img decoding=\"async\" width=\"160\" height=\"206\" src=\"https:\/\/provansadekor.rs\/wp-content\/uploads\/2023\/07\/DD.png\" class=\"attachment-large size-large wp-image-75355\" alt=\"\" \/>\t\t\t\t\t\t\t\t\t\t\t\t\t\t\t<\/div>\n\t\t\t\t<\/div>\n\t\t\t\t<div class=\"elementor-element elementor-element-dd3116f elementor-widget elementor-widget-text-editor\" data-id=\"dd3116f\" data-element_type=\"widget\" data-widget_type=\"text-editor.default\">\n\t\t\t\t<div class=\"elementor-widget-container\">\n\t\t\t\t\t\t\t\t\t<p><em>Layout of green roof layers<\/em><\/p>\t\t\t\t\t\t\t\t<\/div>\n\t\t\t\t<\/div>\n\t\t\t\t\t<\/div>\n\t\t<\/div>\n\t\t\t\t\t<\/div>\n\t\t<\/section>\n\t\t\t\t<section class=\"elementor-section elementor-top-section elementor-element elementor-element-1ec0da1 elementor-section-content-middle elementor-section-boxed elementor-section-height-default elementor-section-height-default\" data-id=\"1ec0da1\" data-element_type=\"section\">\n\t\t\t\t\t\t<div class=\"elementor-container elementor-column-gap-default\">\n\t\t\t\t\t<div class=\"elementor-column elementor-col-50 elementor-top-column elementor-element elementor-element-f9a5341\" data-id=\"f9a5341\" data-element_type=\"column\">\n\t\t\t<div class=\"elementor-widget-wrap elementor-element-populated\">\n\t\t\t\t\t\t<div class=\"elementor-element elementor-element-e64a8e0 elementor-widget elementor-widget-image\" data-id=\"e64a8e0\" data-element_type=\"widget\" data-widget_type=\"image.default\">\n\t\t\t\t<div class=\"elementor-widget-container\">\n\t\t\t\t\t\t\t\t\t\t\t\t\t\t\t<img decoding=\"async\" width=\"800\" height=\"563\" src=\"https:\/\/provansadekor.rs\/wp-content\/uploads\/2023\/07\/Izgradnja-zelenih-krovova-4-1024x721-1.jpg\" class=\"attachment-large size-large wp-image-75357\" alt=\"\" srcset=\"https:\/\/provansadekor.rs\/wp-content\/uploads\/2023\/07\/Izgradnja-zelenih-krovova-4-1024x721-1.jpg 1024w, https:\/\/provansadekor.rs\/wp-content\/uploads\/2023\/07\/Izgradnja-zelenih-krovova-4-1024x721-1-300x211.jpg 300w, https:\/\/provansadekor.rs\/wp-content\/uploads\/2023\/07\/Izgradnja-zelenih-krovova-4-1024x721-1-768x541.jpg 768w, https:\/\/provansadekor.rs\/wp-content\/uploads\/2023\/07\/Izgradnja-zelenih-krovova-4-1024x721-1-700x493.jpg 700w\" sizes=\"(max-width: 800px) 100vw, 800px\" \/>\t\t\t\t\t\t\t\t\t\t\t\t\t\t\t<\/div>\n\t\t\t\t<\/div>\n\t\t\t\t\t<\/div>\n\t\t<\/div>\n\t\t\t\t<div class=\"elementor-column elementor-col-50 elementor-top-column elementor-element elementor-element-941c831\" data-id=\"941c831\" data-element_type=\"column\">\n\t\t\t<div class=\"elementor-widget-wrap elementor-element-populated\">\n\t\t\t\t\t\t<div class=\"elementor-element elementor-element-9a6dc7d elementor-widget elementor-widget-text-editor\" data-id=\"9a6dc7d\" data-element_type=\"widget\" data-widget_type=\"text-editor.default\">\n\t\t\t\t<div class=\"elementor-widget-container\">\n\t\t\t\t\t\t\t\t\t<p>The most important starting point for formation\u00a0<strong>roof garden<\/strong>\u00a0is the correct installation of waterproofing, which, in addition to its basic purpose, prevents the penetration of plant roots. A geotextile is placed on this layer as a barrier that will protect the waterproofing from possible damage. A drainage-accumulation film is placed on the geotextile, the role of which is reflected in the accumulation of water due to watering and atmospheric precipitation. Drainage accumulation foils are filled with light material - expanded clay. A geotextile filter layer is placed over this layer. Its role is to keep fine particles from the substrate, so you are sure that the drainage system will perform its function well. After placing these layers, a layer of specialized substrate follows, which must have certain properties characteristic for this purpose, which is to be very nutritious and light. Plants that are planted on\u00a0<strong>green roofs<\/strong>\u00a0they must be very resistant, most often they are autochthonous species that are adapted to the given climatic conditions.<\/p>\t\t\t\t\t\t\t\t<\/div>\n\t\t\t\t<\/div>\n\t\t\t\t\t<\/div>\n\t\t<\/div>\n\t\t\t\t\t<\/div>\n\t\t<\/section>\n\t\t\t\t<section class=\"elementor-section elementor-top-section elementor-element elementor-element-e7f59ee elementor-section-full_width elementor-section-height-default elementor-section-height-default\" data-id=\"e7f59ee\" data-element_type=\"section\">\n\t\t\t\t\t\t<div class=\"elementor-container elementor-column-gap-default\">\n\t\t\t\t\t<div class=\"elementor-column elementor-col-100 elementor-top-column elementor-element elementor-element-ad815dd\" data-id=\"ad815dd\" data-element_type=\"column\">\n\t\t\t<div class=\"elementor-widget-wrap elementor-element-populated\">\n\t\t\t\t\t\t<section class=\"elementor-section elementor-inner-section elementor-element elementor-element-f3afab7 elementor-section-full_width elementor-section-content-middle elementor-section-height-default elementor-section-height-default\" data-id=\"f3afab7\" data-element_type=\"section\">\n\t\t\t\t\t\t<div class=\"elementor-container elementor-column-gap-default\">\n\t\t\t\t\t<div class=\"elementor-column elementor-col-50 elementor-inner-column elementor-element elementor-element-fe02b94\" data-id=\"fe02b94\" data-element_type=\"column\" data-settings=\"{&quot;background_background&quot;:&quot;classic&quot;}\">\n\t\t\t<div class=\"elementor-widget-wrap elementor-element-populated\">\n\t\t\t\t\t\t<div class=\"elementor-element elementor-element-64f858d elementor-position-left elementor-view-default elementor-mobile-position-top elementor-widget elementor-widget-icon-box\" data-id=\"64f858d\" data-element_type=\"widget\" data-widget_type=\"icon-box.default\">\n\t\t\t\t<div class=\"elementor-widget-container\">\n\t\t\t\t\t\t\t<div class=\"elementor-icon-box-wrapper\">\n\n\t\t\t\t\t\t<div class=\"elementor-icon-box-icon\">\n\t\t\t\t<span  class=\"elementor-icon\">\n\t\t\t\t<i aria-hidden=\"true\" class=\"icon icon-email\"><\/i>\t\t\t\t<\/span>\n\t\t\t<\/div>\n\t\t\t\n\t\t\t\t\t\t<div class=\"elementor-icon-box-content\">\n\n\t\t\t\t\t\t\t\t\t<h3 class=\"elementor-icon-box-title\">\n\t\t\t\t\t\t<span  >\n\t\t\t\t\t\t\tIf you want more information about our offer, write to us or call us, we will answer you as soon as possible\t\t\t\t\t\t<\/span>\n\t\t\t\t\t<\/h3>\n\t\t\t\t\n\t\t\t\t\n\t\t\t<\/div>\n\t\t\t\n\t\t<\/div>\n\t\t\t\t\t\t<\/div>\n\t\t\t\t<\/div>\n\t\t\t\t\t<\/div>\n\t\t<\/div>\n\t\t\t\t<div class=\"elementor-column elementor-col-50 elementor-inner-column elementor-element elementor-element-d997b68\" data-id=\"d997b68\" data-element_type=\"column\" data-settings=\"{&quot;background_background&quot;:&quot;classic&quot;}\">\n\t\t\t<div class=\"elementor-widget-wrap elementor-element-populated\">\n\t\t\t\t\t\t<div class=\"elementor-element elementor-element-3a46e50 elementor-align-center elementor-widget elementor-widget-button\" data-id=\"3a46e50\" data-element_type=\"widget\" data-widget_type=\"button.default\">\n\t\t\t\t<div class=\"elementor-widget-container\">\n\t\t\t\t\t\t\t\t\t<div class=\"elementor-button-wrapper\">\n\t\t\t\t\t<a class=\"elementor-button elementor-button-link elementor-size-sm\" href=\"https:\/\/provansadekor.rs\/green\/kontakt\">\n\t\t\t\t\t\t<span class=\"elementor-button-content-wrapper\">\n\t\t\t\t\t\t\t\t\t<span class=\"elementor-button-text\">Contact<\/span>\n\t\t\t\t\t<\/span>\n\t\t\t\t\t<\/a>\n\t\t\t\t<\/div>\n\t\t\t\t\t\t\t\t<\/div>\n\t\t\t\t<\/div>\n\t\t\t\t\t<\/div>\n\t\t<\/div>\n\t\t\t\t\t<\/div>\n\t\t<\/section>\n\t\t\t\t\t<\/div>\n\t\t<\/div>\n\t\t\t\t\t<\/div>\n\t\t<\/section>\n\t\t\t\t<\/div>","protected":false},"excerpt":{"rendered":"<p>Izgradnja zelenih krovova Krovni vrtovi postaju sve popularniji u urbanim sredinama kako zbog estetike jer pove\u0107avaju atraktivnost i vrednost samog objekta tako i zbog mnogih drugih faktora kao \u0161to su\u00a0 energetska efikasnost, kvalitet vazduha, skladi\u0161tenje ki\u0161nice, i kao jedan od najva\u017enijih faktora dana\u0161njice a to je pozitivan uticaj na mentalno zdravlje korisnika. Postoje dve vrste [&hellip;]<\/p>","protected":false},"author":113,"featured_media":0,"parent":74790,"menu_order":0,"comment_status":"closed","ping_status":"closed","template":"","meta":{"footnotes":""},"categories":[],"tags":[],"class_list":["post-75353","page","type-page","status-publish","hentry"],"yoast_head":"<!-- This site is optimized with the Yoast SEO Premium plugin v20.9 (Yoast SEO v26.5) - https:\/\/yoast.com\/wordpress\/plugins\/seo\/ -->\n<title>Izgradnja zelenih krovova &#8211; Provansa Dekor<\/title>\n<meta name=\"robots\" content=\"index, follow, max-snippet:-1, max-image-preview:large, max-video-preview:-1\" \/>\n<link rel=\"canonical\" href=\"https:\/\/provansadekor.rs\/en\/green\/services\/building-green-roofs\/\" \/>\n<meta property=\"og:locale\" content=\"en_US\" \/>\n<meta property=\"og:type\" content=\"article\" \/>\n<meta property=\"og:title\" content=\"Izgradnja zelenih krovova\" \/>\n<meta property=\"og:description\" content=\"Izgradnja zelenih krovova Krovni vrtovi postaju sve popularniji u urbanim sredinama kako zbog estetike jer pove\u0107avaju atraktivnost i vrednost samog objekta tako i zbog mnogih drugih faktora kao \u0161to su\u00a0 energetska efikasnost, kvalitet vazduha, skladi\u0161tenje ki\u0161nice, i kao jedan od najva\u017enijih faktora dana\u0161njice a to je pozitivan uticaj na mentalno zdravlje korisnika. Postoje dve vrste [&hellip;]\" \/>\n<meta property=\"og:url\" content=\"https:\/\/provansadekor.rs\/en\/green\/services\/building-green-roofs\/\" \/>\n<meta property=\"og:site_name\" content=\"Provansa Dekor\" \/>\n<meta property=\"article:publisher\" content=\"https:\/\/www.facebook.com\/provansadekor\" \/>\n<meta property=\"article:modified_time\" content=\"2023-07-19T12:37:42+00:00\" \/>\n<meta property=\"og:image\" content=\"https:\/\/provansadekor.rs\/wp-content\/uploads\/2023\/07\/Izgradnja-zelenih-krovova-3.jpg\" \/>\n<meta name=\"twitter:card\" content=\"summary_large_image\" \/>\n<meta name=\"twitter:label1\" content=\"Est. reading time\" \/>\n\t<meta name=\"twitter:data1\" content=\"3 minutes\" \/>\n<script type=\"application\/ld+json\" class=\"yoast-schema-graph\">{\"@context\":\"https:\/\/schema.org\",\"@graph\":[{\"@type\":\"WebPage\",\"@id\":\"https:\/\/provansadekor.rs\/green\/usluge\/izgradnja-zelenih-krovova\/\",\"url\":\"https:\/\/provansadekor.rs\/green\/usluge\/izgradnja-zelenih-krovova\/\",\"name\":\"Izgradnja zelenih krovova &#8211; Provansa Dekor\",\"isPartOf\":{\"@id\":\"https:\/\/provansadekor.rs\/#website\"},\"primaryImageOfPage\":{\"@id\":\"https:\/\/provansadekor.rs\/green\/usluge\/izgradnja-zelenih-krovova\/#primaryimage\"},\"image\":{\"@id\":\"https:\/\/provansadekor.rs\/green\/usluge\/izgradnja-zelenih-krovova\/#primaryimage\"},\"thumbnailUrl\":\"https:\/\/provansadekor.rs\/wp-content\/uploads\/2023\/07\/Izgradnja-zelenih-krovova-3.jpg\",\"datePublished\":\"2023-07-19T12:35:23+00:00\",\"dateModified\":\"2023-07-19T12:37:42+00:00\",\"breadcrumb\":{\"@id\":\"https:\/\/provansadekor.rs\/green\/usluge\/izgradnja-zelenih-krovova\/#breadcrumb\"},\"inLanguage\":\"en-US\",\"potentialAction\":[{\"@type\":\"ReadAction\",\"target\":[\"https:\/\/provansadekor.rs\/green\/usluge\/izgradnja-zelenih-krovova\/\"]}]},{\"@type\":\"ImageObject\",\"inLanguage\":\"en-US\",\"@id\":\"https:\/\/provansadekor.rs\/green\/usluge\/izgradnja-zelenih-krovova\/#primaryimage\",\"url\":\"https:\/\/provansadekor.rs\/wp-content\/uploads\/2023\/07\/Izgradnja-zelenih-krovova-3.jpg\",\"contentUrl\":\"https:\/\/provansadekor.rs\/wp-content\/uploads\/2023\/07\/Izgradnja-zelenih-krovova-3.jpg\"},{\"@type\":\"BreadcrumbList\",\"@id\":\"https:\/\/provansadekor.rs\/green\/usluge\/izgradnja-zelenih-krovova\/#breadcrumb\",\"itemListElement\":[{\"@type\":\"ListItem\",\"position\":1,\"name\":\"\u041f\u043e\u0447\u0435\u0442\u043d\u0430\",\"item\":\"https:\/\/provansadekor.rs\/\"},{\"@type\":\"ListItem\",\"position\":2,\"name\":\"Green\",\"item\":\"https:\/\/provansadekor.rs\/green\/\"},{\"@type\":\"ListItem\",\"position\":3,\"name\":\"Delatnosti i usluge\",\"item\":\"https:\/\/provansadekor.rs\/green\/usluge\/\"},{\"@type\":\"ListItem\",\"position\":4,\"name\":\"Izgradnja zelenih krovova\"}]},{\"@type\":\"WebSite\",\"@id\":\"https:\/\/provansadekor.rs\/#website\",\"url\":\"https:\/\/provansadekor.rs\/\",\"name\":\"Provansa Dekor\",\"description\":\"Dostava cve\u0107a Beograd - Organizacija i Dekoracija doga\u0111aja - Ure\u0111enje zelenih povr\u0161ina\",\"publisher\":{\"@id\":\"https:\/\/provansadekor.rs\/#organization\"},\"potentialAction\":[{\"@type\":\"SearchAction\",\"target\":{\"@type\":\"EntryPoint\",\"urlTemplate\":\"https:\/\/provansadekor.rs\/?s={search_term_string}\"},\"query-input\":{\"@type\":\"PropertyValueSpecification\",\"valueRequired\":true,\"valueName\":\"search_term_string\"}}],\"inLanguage\":\"en-US\"},{\"@type\":\"Organization\",\"@id\":\"https:\/\/provansadekor.rs\/#organization\",\"name\":\"Provansa Dekor Cve\u0107ara Beograd\",\"url\":\"https:\/\/provansadekor.rs\/\",\"logo\":{\"@type\":\"ImageObject\",\"inLanguage\":\"en-US\",\"@id\":\"https:\/\/provansadekor.rs\/#\/schema\/logo\/image\/\",\"url\":\"https:\/\/provansadekor.rs\/wp-content\/uploads\/2022\/03\/logo-provansa.jpg\",\"contentUrl\":\"https:\/\/provansadekor.rs\/wp-content\/uploads\/2022\/03\/logo-provansa.jpg\",\"width\":200,\"height\":200,\"caption\":\"Provansa Dekor Cve\u0107ara Beograd\"},\"image\":{\"@id\":\"https:\/\/provansadekor.rs\/#\/schema\/logo\/image\/\"},\"sameAs\":[\"https:\/\/www.facebook.com\/provansadekor\",\"https:\/\/www.instagram.com\/provansadekor\/\"]}]}<\/script>\n<!-- \/ Yoast SEO Premium plugin. -->","yoast_head_json":{"title":"Construction of green roofs - Provence Decor","robots":{"index":"index","follow":"follow","max-snippet":"max-snippet:-1","max-image-preview":"max-image-preview:large","max-video-preview":"max-video-preview:-1"},"canonical":"https:\/\/provansadekor.rs\/en\/green\/services\/building-green-roofs\/","og_locale":"en_US","og_type":"article","og_title":"Izgradnja zelenih krovova","og_description":"Izgradnja zelenih krovova Krovni vrtovi postaju sve popularniji u urbanim sredinama kako zbog estetike jer pove\u0107avaju atraktivnost i vrednost samog objekta tako i zbog mnogih drugih faktora kao \u0161to su\u00a0 energetska efikasnost, kvalitet vazduha, skladi\u0161tenje ki\u0161nice, i kao jedan od najva\u017enijih faktora dana\u0161njice a to je pozitivan uticaj na mentalno zdravlje korisnika. Postoje dve vrste [&hellip;]","og_url":"https:\/\/provansadekor.rs\/en\/green\/services\/building-green-roofs\/","og_site_name":"Provansa Dekor","article_publisher":"https:\/\/www.facebook.com\/provansadekor","article_modified_time":"2023-07-19T12:37:42+00:00","og_image":[{"url":"https:\/\/provansadekor.rs\/wp-content\/uploads\/2023\/07\/Izgradnja-zelenih-krovova-3.jpg","type":"","width":"","height":""}],"twitter_card":"summary_large_image","twitter_misc":{"Est. reading time":"3 minutes"},"schema":{"@context":"https:\/\/schema.org","@graph":[{"@type":"WebPage","@id":"https:\/\/provansadekor.rs\/green\/usluge\/izgradnja-zelenih-krovova\/","url":"https:\/\/provansadekor.rs\/green\/usluge\/izgradnja-zelenih-krovova\/","name":"Construction of green roofs - Provence Decor","isPartOf":{"@id":"https:\/\/provansadekor.rs\/#website"},"primaryImageOfPage":{"@id":"https:\/\/provansadekor.rs\/green\/usluge\/izgradnja-zelenih-krovova\/#primaryimage"},"image":{"@id":"https:\/\/provansadekor.rs\/green\/usluge\/izgradnja-zelenih-krovova\/#primaryimage"},"thumbnailUrl":"https:\/\/provansadekor.rs\/wp-content\/uploads\/2023\/07\/Izgradnja-zelenih-krovova-3.jpg","datePublished":"2023-07-19T12:35:23+00:00","dateModified":"2023-07-19T12:37:42+00:00","breadcrumb":{"@id":"https:\/\/provansadekor.rs\/green\/usluge\/izgradnja-zelenih-krovova\/#breadcrumb"},"inLanguage":"en-US","potentialAction":[{"@type":"ReadAction","target":["https:\/\/provansadekor.rs\/green\/usluge\/izgradnja-zelenih-krovova\/"]}]},{"@type":"ImageObject","inLanguage":"en-US","@id":"https:\/\/provansadekor.rs\/green\/usluge\/izgradnja-zelenih-krovova\/#primaryimage","url":"https:\/\/provansadekor.rs\/wp-content\/uploads\/2023\/07\/Izgradnja-zelenih-krovova-3.jpg","contentUrl":"https:\/\/provansadekor.rs\/wp-content\/uploads\/2023\/07\/Izgradnja-zelenih-krovova-3.jpg"},{"@type":"BreadcrumbList","@id":"https:\/\/provansadekor.rs\/green\/usluge\/izgradnja-zelenih-krovova\/#breadcrumb","itemListElement":[{"@type":"ListItem","position":1,"name":"\u041f\u043e\u0447\u0435\u0442\u043d\u0430","item":"https:\/\/provansadekor.rs\/"},{"@type":"ListItem","position":2,"name":"Green","item":"https:\/\/provansadekor.rs\/green\/"},{"@type":"ListItem","position":3,"name":"Delatnosti i usluge","item":"https:\/\/provansadekor.rs\/green\/usluge\/"},{"@type":"ListItem","position":4,"name":"Izgradnja zelenih krovova"}]},{"@type":"WebSite","@id":"https:\/\/provansadekor.rs\/#website","url":"https:\/\/provansadekor.rs\/","name":"Provence Decor","description":"Flower delivery Belgrade - Event organization and decoration - Landscaping","publisher":{"@id":"https:\/\/provansadekor.rs\/#organization"},"potentialAction":[{"@type":"SearchAction","target":{"@type":"EntryPoint","urlTemplate":"https:\/\/provansadekor.rs\/?s={search_term_string}"},"query-input":{"@type":"PropertyValueSpecification","valueRequired":true,"valueName":"search_term_string"}}],"inLanguage":"en-US"},{"@type":"Organization","@id":"https:\/\/provansadekor.rs\/#organization","name":"Provence Decor Flower Shop Belgrade","url":"https:\/\/provansadekor.rs\/","logo":{"@type":"ImageObject","inLanguage":"en-US","@id":"https:\/\/provansadekor.rs\/#\/schema\/logo\/image\/","url":"https:\/\/provansadekor.rs\/wp-content\/uploads\/2022\/03\/logo-provansa.jpg","contentUrl":"https:\/\/provansadekor.rs\/wp-content\/uploads\/2022\/03\/logo-provansa.jpg","width":200,"height":200,"caption":"Provansa Dekor Cve\u0107ara Beograd"},"image":{"@id":"https:\/\/provansadekor.rs\/#\/schema\/logo\/image\/"},"sameAs":["https:\/\/www.facebook.com\/provansadekor","https:\/\/www.instagram.com\/provansadekor\/"]}]}},"_links":{"self":[{"href":"https:\/\/provansadekor.rs\/en\/wp-json\/wp\/v2\/pages\/75353","targetHints":{"allow":["GET"]}}],"collection":[{"href":"https:\/\/provansadekor.rs\/en\/wp-json\/wp\/v2\/pages"}],"about":[{"href":"https:\/\/provansadekor.rs\/en\/wp-json\/wp\/v2\/types\/page"}],"author":[{"embeddable":true,"href":"https:\/\/provansadekor.rs\/en\/wp-json\/wp\/v2\/users\/113"}],"replies":[{"embeddable":true,"href":"https:\/\/provansadekor.rs\/en\/wp-json\/wp\/v2\/comments?post=75353"}],"version-history":[{"count":4,"href":"https:\/\/provansadekor.rs\/en\/wp-json\/wp\/v2\/pages\/75353\/revisions"}],"predecessor-version":[{"id":75360,"href":"https:\/\/provansadekor.rs\/en\/wp-json\/wp\/v2\/pages\/75353\/revisions\/75360"}],"up":[{"embeddable":true,"href":"https:\/\/provansadekor.rs\/en\/wp-json\/wp\/v2\/pages\/74790"}],"wp:attachment":[{"href":"https:\/\/provansadekor.rs\/en\/wp-json\/wp\/v2\/media?parent=75353"}],"wp:term":[{"taxonomy":"category","embeddable":true,"href":"https:\/\/provansadekor.rs\/en\/wp-json\/wp\/v2\/categories?post=75353"},{"taxonomy":"post_tag","embeddable":true,"href":"https:\/\/provansadekor.rs\/en\/wp-json\/wp\/v2\/tags?post=75353"}],"curies":[{"name":"wp","href":"https:\/\/api.w.org\/{rel}","templated":true}]}}