{"id":74425,"date":"2023-07-07T16:02:27","date_gmt":"2023-07-07T14:02:27","guid":{"rendered":"https:\/\/provansadekor.rs\/?page_id=74425"},"modified":"2023-07-07T16:03:36","modified_gmt":"2023-07-07T14:03:36","slug":"kicenje-automobila-za-svadbu","status":"publish","type":"page","link":"https:\/\/provansadekor.rs\/en\/events\/decorating-the-car-for-the-wedding\/","title":{"rendered":"decoration of the car for the wedding"},"content":{"rendered":"<div data-elementor-type=\"wp-page\" data-elementor-id=\"74425\" class=\"elementor elementor-74425\" data-elementor-post-type=\"page\">\n\t\t\t\t\t\t<section class=\"elementor-section elementor-top-section elementor-element elementor-element-17bb2f26 elementor-section-boxed elementor-section-height-default elementor-section-height-default\" data-id=\"17bb2f26\" data-element_type=\"section\" data-settings=\"{&quot;background_background&quot;:&quot;classic&quot;}\">\n\t\t\t\t\t\t<div class=\"elementor-container elementor-column-gap-default\">\n\t\t\t\t\t<div class=\"elementor-column elementor-col-50 elementor-top-column elementor-element elementor-element-8eac2d0\" data-id=\"8eac2d0\" data-element_type=\"column\">\n\t\t\t<div class=\"elementor-widget-wrap elementor-element-populated\">\n\t\t\t\t\t\t<div class=\"elementor-element elementor-element-6d190b2c elementor-widget elementor-widget-heading\" data-id=\"6d190b2c\" data-element_type=\"widget\" data-widget_type=\"heading.default\">\n\t\t\t\t<div class=\"elementor-widget-container\">\n\t\t\t\t\t<h1 class=\"elementor-heading-title elementor-size-default\">Car decoration<\/h1>\t\t\t\t<\/div>\n\t\t\t\t<\/div>\n\t\t\t\t<div class=\"elementor-element elementor-element-5951b83d elementor-hidden-desktop elementor-hidden-tablet elementor-widget elementor-widget-image\" data-id=\"5951b83d\" data-element_type=\"widget\" data-widget_type=\"image.default\">\n\t\t\t\t<div class=\"elementor-widget-container\">\n\t\t\t\t\t\t\t\t\t\t\t\t\t\t\t<img fetchpriority=\"high\" decoding=\"async\" width=\"1000\" height=\"800\" src=\"https:\/\/provansadekor.rs\/wp-content\/uploads\/2023\/07\/3-2-1.jpg\" class=\"attachment-full size-full wp-image-74435\" alt=\"\" srcset=\"https:\/\/provansadekor.rs\/wp-content\/uploads\/2023\/07\/3-2-1.jpg 1000w, https:\/\/provansadekor.rs\/wp-content\/uploads\/2023\/07\/3-2-1-300x240.jpg 300w, https:\/\/provansadekor.rs\/wp-content\/uploads\/2023\/07\/3-2-1-768x614.jpg 768w, https:\/\/provansadekor.rs\/wp-content\/uploads\/2023\/07\/3-2-1-700x560.jpg 700w\" sizes=\"(max-width: 1000px) 100vw, 1000px\" \/>\t\t\t\t\t\t\t\t\t\t\t\t\t\t\t<\/div>\n\t\t\t\t<\/div>\n\t\t\t\t<div class=\"elementor-element elementor-element-54b804b6 elementor-widget elementor-widget-text-editor\" data-id=\"54b804b6\" data-element_type=\"widget\" data-widget_type=\"text-editor.default\">\n\t\t\t\t<div class=\"elementor-widget-container\">\n\t\t\t\t\t\t\t\t\t<p>Once an old-fashioned tradition, <b>wedding car<\/b>, today has a modern and trendy look. From colored balloons to garlands created with greenery and flowers.<\/p><p>The tradition of the bride and groom leaving the reception in a car with a &quot;Just Married&quot; sign and cans strapped to the bumper has long fallen out of favor. Newlyweds stay longer at receptions. It is customary for many guests to leave before the bride and groom.<\/p><p>Classic <b>cars<\/b> are a popular choice for cars for <b>the wedding<\/b>. Some couples choose to rent a limo instead. If the vehicle is rented, be sure to check all rules about decoration <b>car<\/b>.<\/p><p>\u00a0<\/p>\t\t\t\t\t\t\t\t<\/div>\n\t\t\t\t<\/div>\n\t\t\t\t\t<\/div>\n\t\t<\/div>\n\t\t\t\t<div class=\"elementor-column elementor-col-50 elementor-top-column elementor-element elementor-element-21d3be1a\" data-id=\"21d3be1a\" data-element_type=\"column\">\n\t\t\t<div class=\"elementor-widget-wrap elementor-element-populated\">\n\t\t\t\t\t\t<div class=\"elementor-element elementor-element-20125f0a elementor-hidden-mobile elementor-widget elementor-widget-image\" data-id=\"20125f0a\" data-element_type=\"widget\" data-widget_type=\"image.default\">\n\t\t\t\t<div class=\"elementor-widget-container\">\n\t\t\t\t\t\t\t\t\t\t\t\t\t\t\t<img decoding=\"async\" width=\"800\" height=\"640\" src=\"https:\/\/provansadekor.rs\/wp-content\/uploads\/2023\/07\/3-2-1.jpg\" class=\"attachment-large size-large wp-image-74435\" alt=\"\" srcset=\"https:\/\/provansadekor.rs\/wp-content\/uploads\/2023\/07\/3-2-1.jpg 1000w, https:\/\/provansadekor.rs\/wp-content\/uploads\/2023\/07\/3-2-1-300x240.jpg 300w, https:\/\/provansadekor.rs\/wp-content\/uploads\/2023\/07\/3-2-1-768x614.jpg 768w, https:\/\/provansadekor.rs\/wp-content\/uploads\/2023\/07\/3-2-1-700x560.jpg 700w\" sizes=\"(max-width: 800px) 100vw, 800px\" \/>\t\t\t\t\t\t\t\t\t\t\t\t\t\t\t<\/div>\n\t\t\t\t<\/div>\n\t\t\t\t\t<\/div>\n\t\t<\/div>\n\t\t\t\t\t<\/div>\n\t\t<\/section>\n\t\t\t\t<section class=\"elementor-section elementor-top-section elementor-element elementor-element-12bace43 elementor-section-boxed elementor-section-height-default elementor-section-height-default\" data-id=\"12bace43\" data-element_type=\"section\" data-settings=\"{&quot;background_background&quot;:&quot;classic&quot;}\">\n\t\t\t\t\t\t<div class=\"elementor-container elementor-column-gap-default\">\n\t\t\t\t\t<div class=\"elementor-column elementor-col-50 elementor-top-column elementor-element elementor-element-444e1b6c\" data-id=\"444e1b6c\" data-element_type=\"column\">\n\t\t\t<div class=\"elementor-widget-wrap elementor-element-populated\">\n\t\t\t\t\t\t<div class=\"elementor-element elementor-element-1bb42ef8 elementor-widget elementor-widget-image\" data-id=\"1bb42ef8\" data-element_type=\"widget\" data-widget_type=\"image.default\">\n\t\t\t\t<div class=\"elementor-widget-container\">\n\t\t\t\t\t\t\t\t\t\t\t\t\t\t\t<img decoding=\"async\" width=\"800\" height=\"640\" src=\"https:\/\/provansadekor.rs\/wp-content\/uploads\/2023\/07\/9-1-1-1.jpg\" class=\"attachment-large size-large wp-image-74436\" alt=\"\" srcset=\"https:\/\/provansadekor.rs\/wp-content\/uploads\/2023\/07\/9-1-1-1.jpg 1000w, https:\/\/provansadekor.rs\/wp-content\/uploads\/2023\/07\/9-1-1-1-300x240.jpg 300w, https:\/\/provansadekor.rs\/wp-content\/uploads\/2023\/07\/9-1-1-1-768x614.jpg 768w, https:\/\/provansadekor.rs\/wp-content\/uploads\/2023\/07\/9-1-1-1-700x560.jpg 700w\" sizes=\"(max-width: 800px) 100vw, 800px\" \/>\t\t\t\t\t\t\t\t\t\t\t\t\t\t\t<\/div>\n\t\t\t\t<\/div>\n\t\t\t\t\t<\/div>\n\t\t<\/div>\n\t\t\t\t<div class=\"elementor-column elementor-col-50 elementor-top-column elementor-element elementor-element-3df069f4\" data-id=\"3df069f4\" data-element_type=\"column\">\n\t\t\t<div class=\"elementor-widget-wrap elementor-element-populated\">\n\t\t\t\t\t\t<div class=\"elementor-element elementor-element-40283bc2 elementor-widget elementor-widget-text-editor\" data-id=\"40283bc2\" data-element_type=\"widget\" data-widget_type=\"text-editor.default\">\n\t\t\t\t<div class=\"elementor-widget-container\">\n\t\t\t\t\t\t\t\t\t<p>Before you decide to <b>decoration<\/b>, check which car you will be using and request the necessary permission to decorate it. If you borrow or rent <b>car<\/b>, check which decorations are allowed, as many companies charge a large fee for cleaning and removing decorations.<\/p>\n<p>The content of our services includes the organization of events, so we also provide a service <a href=\"https:\/\/provansadekor.rs\/events\/organizacija-dogadjaja\/\">wedding organization<\/a> which can enable you to rent <b>car<\/b>.<\/p>\n<p><\/p>\t\t\t\t\t\t\t\t<\/div>\n\t\t\t\t<\/div>\n\t\t\t\t\t<\/div>\n\t\t<\/div>\n\t\t\t\t\t<\/div>\n\t\t<\/section>\n\t\t\t\t<section class=\"elementor-section elementor-top-section elementor-element elementor-element-67c4d6c5 elementor-section-boxed elementor-section-height-default elementor-section-height-default\" data-id=\"67c4d6c5\" data-element_type=\"section\">\n\t\t\t\t\t\t<div class=\"elementor-container elementor-column-gap-default\">\n\t\t\t\t\t<div class=\"elementor-column elementor-col-100 elementor-top-column elementor-element elementor-element-4cdbc1c3\" data-id=\"4cdbc1c3\" data-element_type=\"column\">\n\t\t\t<div class=\"elementor-widget-wrap\">\n\t\t\t\t\t\t\t<\/div>\n\t\t<\/div>\n\t\t\t\t\t<\/div>\n\t\t<\/section>\n\t\t\t\t<\/div>","protected":false},"excerpt":{"rendered":"<p>Dekoracija Automobila Nekada staromodna tradicija, automobil za ven\u010danje, danas ima moderan i trendovski izgled. Od balona u boji, do venaca kreiranih zelenilom I cve\u0107em. Tradicija da mlada i mlado\u017eenja napu\u0161taju prijem u automobilu sa natpisom \u201eUpravo ven\u010dani\u201c i limenkama koje su vezane za branik odavno nije popularna. Mladenci se du\u017ee zadr\u017eavaju na prijemima. Uobi\u010dajeno je [&hellip;]<\/p>","protected":false},"author":113,"featured_media":0,"parent":72761,"menu_order":0,"comment_status":"closed","ping_status":"closed","template":"","meta":{"footnotes":""},"categories":[],"tags":[],"class_list":["post-74425","page","type-page","status-publish","hentry"],"yoast_head":"<!-- This site is optimized with the Yoast SEO Premium plugin v20.9 (Yoast SEO v26.5) - https:\/\/yoast.com\/wordpress\/plugins\/seo\/ -->\n<title>kicenje automobila za svadbu &#8211; Provansa Dekor<\/title>\n<meta name=\"robots\" content=\"index, follow, max-snippet:-1, max-image-preview:large, max-video-preview:-1\" \/>\n<link rel=\"canonical\" href=\"https:\/\/provansadekor.rs\/en\/events\/decorating-the-car-for-the-wedding\/\" \/>\n<meta property=\"og:locale\" content=\"en_US\" \/>\n<meta property=\"og:type\" content=\"article\" \/>\n<meta property=\"og:title\" content=\"kicenje automobila za svadbu\" \/>\n<meta property=\"og:description\" content=\"Dekoracija Automobila Nekada staromodna tradicija, automobil za ven\u010danje, danas ima moderan i trendovski izgled. Od balona u boji, do venaca kreiranih zelenilom I cve\u0107em. Tradicija da mlada i mlado\u017eenja napu\u0161taju prijem u automobilu sa natpisom \u201eUpravo ven\u010dani\u201c i limenkama koje su vezane za branik odavno nije popularna. Mladenci se du\u017ee zadr\u017eavaju na prijemima. Uobi\u010dajeno je [&hellip;]\" \/>\n<meta property=\"og:url\" content=\"https:\/\/provansadekor.rs\/en\/events\/decorating-the-car-for-the-wedding\/\" \/>\n<meta property=\"og:site_name\" content=\"Provansa Dekor\" \/>\n<meta property=\"article:publisher\" content=\"https:\/\/www.facebook.com\/provansadekor\" \/>\n<meta property=\"article:modified_time\" content=\"2023-07-07T14:03:36+00:00\" \/>\n<meta property=\"og:image\" content=\"https:\/\/provansadekor.rs\/wp-content\/uploads\/2023\/07\/3-2-1.jpg\" \/>\n<meta name=\"twitter:card\" content=\"summary_large_image\" \/>\n<meta name=\"twitter:label1\" content=\"Est. reading time\" \/>\n\t<meta name=\"twitter:data1\" content=\"2 minutes\" \/>\n<script type=\"application\/ld+json\" class=\"yoast-schema-graph\">{\"@context\":\"https:\/\/schema.org\",\"@graph\":[{\"@type\":\"WebPage\",\"@id\":\"https:\/\/provansadekor.rs\/events\/kicenje-automobila-za-svadbu\/\",\"url\":\"https:\/\/provansadekor.rs\/events\/kicenje-automobila-za-svadbu\/\",\"name\":\"kicenje automobila za svadbu &#8211; Provansa Dekor\",\"isPartOf\":{\"@id\":\"https:\/\/provansadekor.rs\/#website\"},\"primaryImageOfPage\":{\"@id\":\"https:\/\/provansadekor.rs\/events\/kicenje-automobila-za-svadbu\/#primaryimage\"},\"image\":{\"@id\":\"https:\/\/provansadekor.rs\/events\/kicenje-automobila-za-svadbu\/#primaryimage\"},\"thumbnailUrl\":\"https:\/\/provansadekor.rs\/wp-content\/uploads\/2023\/07\/3-2-1.jpg\",\"datePublished\":\"2023-07-07T14:02:27+00:00\",\"dateModified\":\"2023-07-07T14:03:36+00:00\",\"breadcrumb\":{\"@id\":\"https:\/\/provansadekor.rs\/events\/kicenje-automobila-za-svadbu\/#breadcrumb\"},\"inLanguage\":\"en-US\",\"potentialAction\":[{\"@type\":\"ReadAction\",\"target\":[\"https:\/\/provansadekor.rs\/events\/kicenje-automobila-za-svadbu\/\"]}]},{\"@type\":\"ImageObject\",\"inLanguage\":\"en-US\",\"@id\":\"https:\/\/provansadekor.rs\/events\/kicenje-automobila-za-svadbu\/#primaryimage\",\"url\":\"https:\/\/provansadekor.rs\/wp-content\/uploads\/2023\/07\/3-2-1.jpg\",\"contentUrl\":\"https:\/\/provansadekor.rs\/wp-content\/uploads\/2023\/07\/3-2-1.jpg\"},{\"@type\":\"BreadcrumbList\",\"@id\":\"https:\/\/provansadekor.rs\/events\/kicenje-automobila-za-svadbu\/#breadcrumb\",\"itemListElement\":[{\"@type\":\"ListItem\",\"position\":1,\"name\":\"\u041f\u043e\u0447\u0435\u0442\u043d\u0430\",\"item\":\"https:\/\/provansadekor.rs\/\"},{\"@type\":\"ListItem\",\"position\":2,\"name\":\"Events\",\"item\":\"https:\/\/provansadekor.rs\/events\/\"},{\"@type\":\"ListItem\",\"position\":3,\"name\":\"kicenje automobila za svadbu\"}]},{\"@type\":\"WebSite\",\"@id\":\"https:\/\/provansadekor.rs\/#website\",\"url\":\"https:\/\/provansadekor.rs\/\",\"name\":\"Provansa Dekor\",\"description\":\"Dostava cve\u0107a Beograd - Organizacija i Dekoracija doga\u0111aja - Ure\u0111enje zelenih povr\u0161ina\",\"publisher\":{\"@id\":\"https:\/\/provansadekor.rs\/#organization\"},\"potentialAction\":[{\"@type\":\"SearchAction\",\"target\":{\"@type\":\"EntryPoint\",\"urlTemplate\":\"https:\/\/provansadekor.rs\/?s={search_term_string}\"},\"query-input\":{\"@type\":\"PropertyValueSpecification\",\"valueRequired\":true,\"valueName\":\"search_term_string\"}}],\"inLanguage\":\"en-US\"},{\"@type\":\"Organization\",\"@id\":\"https:\/\/provansadekor.rs\/#organization\",\"name\":\"Provansa Dekor Cve\u0107ara Beograd\",\"url\":\"https:\/\/provansadekor.rs\/\",\"logo\":{\"@type\":\"ImageObject\",\"inLanguage\":\"en-US\",\"@id\":\"https:\/\/provansadekor.rs\/#\/schema\/logo\/image\/\",\"url\":\"https:\/\/provansadekor.rs\/wp-content\/uploads\/2022\/03\/logo-provansa.jpg\",\"contentUrl\":\"https:\/\/provansadekor.rs\/wp-content\/uploads\/2022\/03\/logo-provansa.jpg\",\"width\":200,\"height\":200,\"caption\":\"Provansa Dekor Cve\u0107ara Beograd\"},\"image\":{\"@id\":\"https:\/\/provansadekor.rs\/#\/schema\/logo\/image\/\"},\"sameAs\":[\"https:\/\/www.facebook.com\/provansadekor\",\"https:\/\/www.instagram.com\/provansadekor\/\"]}]}<\/script>\n<!-- \/ Yoast SEO Premium plugin. -->","yoast_head_json":{"title":"decorating a car for a wedding - Provence Decor","robots":{"index":"index","follow":"follow","max-snippet":"max-snippet:-1","max-image-preview":"max-image-preview:large","max-video-preview":"max-video-preview:-1"},"canonical":"https:\/\/provansadekor.rs\/en\/events\/decorating-the-car-for-the-wedding\/","og_locale":"en_US","og_type":"article","og_title":"kicenje automobila za svadbu","og_description":"Dekoracija Automobila Nekada staromodna tradicija, automobil za ven\u010danje, danas ima moderan i trendovski izgled. Od balona u boji, do venaca kreiranih zelenilom I cve\u0107em. Tradicija da mlada i mlado\u017eenja napu\u0161taju prijem u automobilu sa natpisom \u201eUpravo ven\u010dani\u201c i limenkama koje su vezane za branik odavno nije popularna. Mladenci se du\u017ee zadr\u017eavaju na prijemima. Uobi\u010dajeno je [&hellip;]","og_url":"https:\/\/provansadekor.rs\/en\/events\/decorating-the-car-for-the-wedding\/","og_site_name":"Provansa Dekor","article_publisher":"https:\/\/www.facebook.com\/provansadekor","article_modified_time":"2023-07-07T14:03:36+00:00","og_image":[{"url":"https:\/\/provansadekor.rs\/wp-content\/uploads\/2023\/07\/3-2-1.jpg","type":"","width":"","height":""}],"twitter_card":"summary_large_image","twitter_misc":{"Est. reading time":"2 minutes"},"schema":{"@context":"https:\/\/schema.org","@graph":[{"@type":"WebPage","@id":"https:\/\/provansadekor.rs\/events\/kicenje-automobila-za-svadbu\/","url":"https:\/\/provansadekor.rs\/events\/kicenje-automobila-za-svadbu\/","name":"decorating a car for a wedding - Provence Decor","isPartOf":{"@id":"https:\/\/provansadekor.rs\/#website"},"primaryImageOfPage":{"@id":"https:\/\/provansadekor.rs\/events\/kicenje-automobila-za-svadbu\/#primaryimage"},"image":{"@id":"https:\/\/provansadekor.rs\/events\/kicenje-automobila-za-svadbu\/#primaryimage"},"thumbnailUrl":"https:\/\/provansadekor.rs\/wp-content\/uploads\/2023\/07\/3-2-1.jpg","datePublished":"2023-07-07T14:02:27+00:00","dateModified":"2023-07-07T14:03:36+00:00","breadcrumb":{"@id":"https:\/\/provansadekor.rs\/events\/kicenje-automobila-za-svadbu\/#breadcrumb"},"inLanguage":"en-US","potentialAction":[{"@type":"ReadAction","target":["https:\/\/provansadekor.rs\/events\/kicenje-automobila-za-svadbu\/"]}]},{"@type":"ImageObject","inLanguage":"en-US","@id":"https:\/\/provansadekor.rs\/events\/kicenje-automobila-za-svadbu\/#primaryimage","url":"https:\/\/provansadekor.rs\/wp-content\/uploads\/2023\/07\/3-2-1.jpg","contentUrl":"https:\/\/provansadekor.rs\/wp-content\/uploads\/2023\/07\/3-2-1.jpg"},{"@type":"BreadcrumbList","@id":"https:\/\/provansadekor.rs\/events\/kicenje-automobila-za-svadbu\/#breadcrumb","itemListElement":[{"@type":"ListItem","position":1,"name":"\u041f\u043e\u0447\u0435\u0442\u043d\u0430","item":"https:\/\/provansadekor.rs\/"},{"@type":"ListItem","position":2,"name":"Events","item":"https:\/\/provansadekor.rs\/events\/"},{"@type":"ListItem","position":3,"name":"kicenje automobila za svadbu"}]},{"@type":"WebSite","@id":"https:\/\/provansadekor.rs\/#website","url":"https:\/\/provansadekor.rs\/","name":"Provence Decor","description":"Flower delivery Belgrade - Event organization and decoration - Landscaping","publisher":{"@id":"https:\/\/provansadekor.rs\/#organization"},"potentialAction":[{"@type":"SearchAction","target":{"@type":"EntryPoint","urlTemplate":"https:\/\/provansadekor.rs\/?s={search_term_string}"},"query-input":{"@type":"PropertyValueSpecification","valueRequired":true,"valueName":"search_term_string"}}],"inLanguage":"en-US"},{"@type":"Organization","@id":"https:\/\/provansadekor.rs\/#organization","name":"Provence Decor Flower Shop Belgrade","url":"https:\/\/provansadekor.rs\/","logo":{"@type":"ImageObject","inLanguage":"en-US","@id":"https:\/\/provansadekor.rs\/#\/schema\/logo\/image\/","url":"https:\/\/provansadekor.rs\/wp-content\/uploads\/2022\/03\/logo-provansa.jpg","contentUrl":"https:\/\/provansadekor.rs\/wp-content\/uploads\/2022\/03\/logo-provansa.jpg","width":200,"height":200,"caption":"Provansa Dekor Cve\u0107ara Beograd"},"image":{"@id":"https:\/\/provansadekor.rs\/#\/schema\/logo\/image\/"},"sameAs":["https:\/\/www.facebook.com\/provansadekor","https:\/\/www.instagram.com\/provansadekor\/"]}]}},"_links":{"self":[{"href":"https:\/\/provansadekor.rs\/en\/wp-json\/wp\/v2\/pages\/74425","targetHints":{"allow":["GET"]}}],"collection":[{"href":"https:\/\/provansadekor.rs\/en\/wp-json\/wp\/v2\/pages"}],"about":[{"href":"https:\/\/provansadekor.rs\/en\/wp-json\/wp\/v2\/types\/page"}],"author":[{"embeddable":true,"href":"https:\/\/provansadekor.rs\/en\/wp-json\/wp\/v2\/users\/113"}],"replies":[{"embeddable":true,"href":"https:\/\/provansadekor.rs\/en\/wp-json\/wp\/v2\/comments?post=74425"}],"version-history":[{"count":4,"href":"https:\/\/provansadekor.rs\/en\/wp-json\/wp\/v2\/pages\/74425\/revisions"}],"predecessor-version":[{"id":74439,"href":"https:\/\/provansadekor.rs\/en\/wp-json\/wp\/v2\/pages\/74425\/revisions\/74439"}],"up":[{"embeddable":true,"href":"https:\/\/provansadekor.rs\/en\/wp-json\/wp\/v2\/pages\/72761"}],"wp:attachment":[{"href":"https:\/\/provansadekor.rs\/en\/wp-json\/wp\/v2\/media?parent=74425"}],"wp:term":[{"taxonomy":"category","embeddable":true,"href":"https:\/\/provansadekor.rs\/en\/wp-json\/wp\/v2\/categories?post=74425"},{"taxonomy":"post_tag","embeddable":true,"href":"https:\/\/provansadekor.rs\/en\/wp-json\/wp\/v2\/tags?post=74425"}],"curies":[{"name":"wp","href":"https:\/\/api.w.org\/{rel}","templated":true}]}}