{"id":73675,"date":"2023-07-04T14:28:14","date_gmt":"2023-07-04T12:28:14","guid":{"rendered":"https:\/\/provansadekor.rs\/?page_id=73675"},"modified":"2023-07-04T14:29:53","modified_gmt":"2023-07-04T12:29:53","slug":"korporativni-dogadjaji","status":"publish","type":"page","link":"https:\/\/provansadekor.rs\/en\/events\/event-decoration\/corporate-events\/","title":{"rendered":"Corporate events"},"content":{"rendered":"<div data-elementor-type=\"wp-page\" data-elementor-id=\"73675\" class=\"elementor elementor-73675\" data-elementor-post-type=\"page\">\n\t\t\t\t\t\t<section class=\"elementor-section elementor-top-section elementor-element elementor-element-78ff95af elementor-section-content-middle elementor-section-height-min-height elementor-section-items-bottom elementor-section-boxed elementor-section-height-default\" data-id=\"78ff95af\" data-element_type=\"section\" data-settings=\"{&quot;background_background&quot;:&quot;classic&quot;}\">\n\t\t\t\t\t\t\t<div class=\"elementor-background-overlay\"><\/div>\n\t\t\t\t\t\t\t<div class=\"elementor-container elementor-column-gap-default\">\n\t\t\t\t\t<div class=\"elementor-column elementor-col-100 elementor-top-column elementor-element elementor-element-28456dee\" data-id=\"28456dee\" data-element_type=\"column\" data-settings=\"{&quot;animation_mobile&quot;:&quot;none&quot;,&quot;background_background&quot;:&quot;classic&quot;}\">\n\t\t\t<div class=\"elementor-widget-wrap elementor-element-populated\">\n\t\t\t\t\t\t<section class=\"elementor-section elementor-inner-section elementor-element elementor-element-21c13565 elementor-section-boxed elementor-section-height-default elementor-section-height-default\" data-id=\"21c13565\" data-element_type=\"section\">\n\t\t\t\t\t\t<div class=\"elementor-container elementor-column-gap-default\">\n\t\t\t\t\t<div class=\"elementor-column elementor-col-100 elementor-inner-column elementor-element elementor-element-608bca37\" data-id=\"608bca37\" data-element_type=\"column\">\n\t\t\t<div class=\"elementor-widget-wrap elementor-element-populated\">\n\t\t\t\t\t\t<div class=\"elementor-element elementor-element-5f72aa09 elementor-widget elementor-widget-text-editor\" data-id=\"5f72aa09\" data-element_type=\"widget\" data-widget_type=\"text-editor.default\">\n\t\t\t\t<div class=\"elementor-widget-container\">\n\t\t\t\t\t\t\t\t\t<p>PROVANCE DECOR CENTER\u00a0<\/p>\t\t\t\t\t\t\t\t<\/div>\n\t\t\t\t<\/div>\n\t\t\t\t\t<\/div>\n\t\t<\/div>\n\t\t\t\t\t<\/div>\n\t\t<\/section>\n\t\t\t\t<div class=\"elementor-element elementor-element-7028405e elementor-widget elementor-widget-heading\" data-id=\"7028405e\" data-element_type=\"widget\" data-widget_type=\"heading.default\">\n\t\t\t\t<div class=\"elementor-widget-container\">\n\t\t\t\t\t<h1 class=\"elementor-heading-title elementor-size-default\">Corporate Events<\/h1>\t\t\t\t<\/div>\n\t\t\t\t<\/div>\n\t\t\t\t\t<\/div>\n\t\t<\/div>\n\t\t\t\t\t<\/div>\n\t\t<\/section>\n\t\t\t\t<section class=\"elementor-section elementor-top-section elementor-element elementor-element-343a5099 sec_srv_inner_01 elementor-section-boxed elementor-section-height-default elementor-section-height-default\" data-id=\"343a5099\" data-element_type=\"section\">\n\t\t\t\t\t\t<div class=\"elementor-container elementor-column-gap-default\">\n\t\t\t\t\t<div class=\"elementor-column elementor-col-50 elementor-top-column elementor-element elementor-element-6730e4cd\" data-id=\"6730e4cd\" data-element_type=\"column\">\n\t\t\t<div class=\"elementor-widget-wrap elementor-element-populated\">\n\t\t\t\t\t\t<div class=\"elementor-element elementor-element-2b3264aa e-transform elementor-widget elementor-widget-image\" data-id=\"2b3264aa\" data-element_type=\"widget\" data-settings=\"{&quot;_transform_translateX_effect&quot;:{&quot;unit&quot;:&quot;px&quot;,&quot;size&quot;:&quot;&quot;,&quot;sizes&quot;:[]},&quot;_transform_translateX_effect_tablet&quot;:{&quot;unit&quot;:&quot;px&quot;,&quot;size&quot;:&quot;&quot;,&quot;sizes&quot;:[]},&quot;_transform_translateX_effect_mobile&quot;:{&quot;unit&quot;:&quot;px&quot;,&quot;size&quot;:&quot;&quot;,&quot;sizes&quot;:[]},&quot;_transform_translateY_effect&quot;:{&quot;unit&quot;:&quot;px&quot;,&quot;size&quot;:&quot;&quot;,&quot;sizes&quot;:[]},&quot;_transform_translateY_effect_tablet&quot;:{&quot;unit&quot;:&quot;px&quot;,&quot;size&quot;:&quot;&quot;,&quot;sizes&quot;:[]},&quot;_transform_translateY_effect_mobile&quot;:{&quot;unit&quot;:&quot;px&quot;,&quot;size&quot;:&quot;&quot;,&quot;sizes&quot;:[]}}\" data-widget_type=\"image.default\">\n\t\t\t\t<div class=\"elementor-widget-container\">\n\t\t\t\t\t\t\t\t\t\t\t\t\t\t\t<img fetchpriority=\"high\" decoding=\"async\" width=\"720\" height=\"1000\" src=\"https:\/\/provansadekor.rs\/wp-content\/uploads\/2023\/07\/korporativne-zabave-1.jpg\" class=\"attachment-full size-full wp-image-73682\" alt=\"\" srcset=\"https:\/\/provansadekor.rs\/wp-content\/uploads\/2023\/07\/korporativne-zabave-1.jpg 720w, https:\/\/provansadekor.rs\/wp-content\/uploads\/2023\/07\/korporativne-zabave-1-216x300.jpg 216w, https:\/\/provansadekor.rs\/wp-content\/uploads\/2023\/07\/korporativne-zabave-1-9x12.jpg 9w, https:\/\/provansadekor.rs\/wp-content\/uploads\/2023\/07\/korporativne-zabave-1-700x972.jpg 700w\" sizes=\"(max-width: 720px) 100vw, 720px\" \/>\t\t\t\t\t\t\t\t\t\t\t\t\t\t\t<\/div>\n\t\t\t\t<\/div>\n\t\t\t\t\t<\/div>\n\t\t<\/div>\n\t\t\t\t<div class=\"elementor-column elementor-col-50 elementor-top-column elementor-element elementor-element-5dfe51f8\" data-id=\"5dfe51f8\" data-element_type=\"column\">\n\t\t\t<div class=\"elementor-widget-wrap elementor-element-populated\">\n\t\t\t\t\t\t<div class=\"elementor-element elementor-element-2e96df46 elementor-widget elementor-widget-text-editor\" data-id=\"2e96df46\" data-element_type=\"widget\" data-widget_type=\"text-editor.default\">\n\t\t\t\t<div class=\"elementor-widget-container\">\n\t\t\t\t\t\t\t\t\t<p>We provide decorative services for grand openings, <b>corporate events, gala events, special events, fairs, exhibitions, fashion shows, IT conferences,<\/b> product presentations, business meetings and private <b>events<\/b> with effective decorations suitable for any theme.<\/p>\n<p>Let&#039;s take your company colors and create a personalized touch for your next one <b>corporate entertainment<\/b>! We organize everything according to your needs, your style and budget, creating a unique decor.<\/p>\n<p>We specialize in exterior and interior comprehensive styling with <b>floral arrangements, promotional balloons, lighting, stage backdrops, arches and pillars and entrance decorations.<\/b><\/p>\n<p>We offer a variety of decorations to suit your needs and event style. We can create a custom package and include everything your party needs!<\/p>\t\t\t\t\t\t\t\t<\/div>\n\t\t\t\t<\/div>\n\t\t\t\t<section class=\"elementor-section elementor-inner-section elementor-element elementor-element-7b68bd97 elementor-section-boxed elementor-section-height-default elementor-section-height-default\" data-id=\"7b68bd97\" data-element_type=\"section\">\n\t\t\t\t\t\t<div class=\"elementor-container elementor-column-gap-default\">\n\t\t\t\t\t<div class=\"elementor-column elementor-col-100 elementor-inner-column elementor-element elementor-element-79b88f41\" data-id=\"79b88f41\" data-element_type=\"column\" data-settings=\"{&quot;background_background&quot;:&quot;classic&quot;}\">\n\t\t\t<div class=\"elementor-widget-wrap\">\n\t\t\t\t\t\t\t<\/div>\n\t\t<\/div>\n\t\t\t\t\t<\/div>\n\t\t<\/section>\n\t\t\t\t\t<\/div>\n\t\t<\/div>\n\t\t\t\t\t<\/div>\n\t\t<\/section>\n\t\t\t\t<section class=\"elementor-section elementor-top-section elementor-element elementor-element-fa00458 sec_srv_inner_02 elementor-section-boxed elementor-section-height-default elementor-section-height-default\" data-id=\"fa00458\" data-element_type=\"section\" data-settings=\"{&quot;background_background&quot;:&quot;classic&quot;}\">\n\t\t\t\t\t\t\t<div class=\"elementor-background-overlay\"><\/div>\n\t\t\t\t\t\t\t<div class=\"elementor-container elementor-column-gap-no\">\n\t\t\t\t\t<div class=\"elementor-column elementor-col-100 elementor-top-column elementor-element elementor-element-596a81c8\" data-id=\"596a81c8\" data-element_type=\"column\">\n\t\t\t<div class=\"elementor-widget-wrap elementor-element-populated\">\n\t\t\t\t\t\t<div class=\"elementor-element elementor-element-157803e8 elementor-button-align-stretch elementor-widget elementor-widget-form\" data-id=\"157803e8\" data-element_type=\"widget\" data-settings=\"{&quot;step_next_label&quot;:&quot;Next&quot;,&quot;step_previous_label&quot;:&quot;Previous&quot;,&quot;button_width&quot;:&quot;100&quot;,&quot;step_type&quot;:&quot;number_text&quot;,&quot;step_icon_shape&quot;:&quot;circle&quot;}\" data-widget_type=\"form.default\">\n\t\t\t\t<div class=\"elementor-widget-container\">\n\t\t\t\t\t\t\t<form class=\"elementor-form\" method=\"post\" name=\"New Form\" aria-label=\"New Form\" action=\"\">\n\t\t\t<input type=\"hidden\" name=\"post_id\" value=\"73675\"\/>\n\t\t\t<input type=\"hidden\" name=\"form_id\" value=\"157803e8\"\/>\n\t\t\t<input type=\"hidden\" name=\"referer_title\" value=\"Korporativni dogadjaji &#8211; Provansa Dekor\" \/>\n\n\t\t\t\t\t\t\t<input type=\"hidden\" name=\"queried_id\" value=\"73675\"\/>\n\t\t\t\n\t\t\t<div class=\"elementor-form-fields-wrapper elementor-labels-above\">\n\t\t\t\t\t\t\t\t<div class=\"elementor-field-type-text elementor-field-group elementor-column elementor-field-group-name elementor-col-100\">\n\t\t\t\t\t\t\t\t\t\t\t\t<label for=\"form-field-name\" class=\"elementor-field-label\">\n\t\t\t\t\t\t\t\tName\t\t\t\t\t\t\t<\/label>\n\t\t\t\t\t\t\t\t\t\t\t\t\t\t<input size=\"1\" type=\"text\" name=\"form_fields[name]\" id=\"form-field-name\" class=\"elementor-field elementor-size-sm  elementor-field-textual\" placeholder=\"Name\">\n\t\t\t\t\t\t\t\t\t\t\t<\/div>\n\t\t\t\t\t\t\t\t<div class=\"elementor-field-type-email elementor-field-group elementor-column elementor-field-group-email elementor-col-100 elementor-field-required\">\n\t\t\t\t\t\t\t\t\t\t\t\t<label for=\"form-field-email\" class=\"elementor-field-label\">\n\t\t\t\t\t\t\t\tE-mail\t\t\t\t\t\t\t<\/label>\n\t\t\t\t\t\t\t\t\t\t\t\t\t\t<input size=\"1\" type=\"email\" name=\"form_fields[email]\" id=\"form-field-email\" class=\"elementor-field elementor-size-sm  elementor-field-textual\" placeholder=\"E-mail\" required=\"required\">\n\t\t\t\t\t\t\t\t\t\t\t<\/div>\n\t\t\t\t\t\t\t\t<div class=\"elementor-field-type-checkbox elementor-field-group elementor-column elementor-field-group-field_fa027ff elementor-col-100\">\n\t\t\t\t\t<div class=\"elementor-field-subgroup  elementor-subgroup-inline\"><span class=\"elementor-field-option\"><input type=\"checkbox\" value=\"Scenska dekoracija\" id=\"form-field-field_fa027ff-0\" name=\"form_fields[field_fa027ff][]\"> <label for=\"form-field-field_fa027ff-0\">Stage decoration<\/label><\/span><span class=\"elementor-field-option\"><input type=\"checkbox\" value=\"Korporativne  proslave\" id=\"form-field-field_fa027ff-1\" name=\"form_fields[field_fa027ff][]\"> <label for=\"form-field-field_fa027ff-1\">Corporate celebrations<\/label><\/span><\/div>\t\t\t\t<\/div>\n\t\t\t\t\t\t\t\t<div class=\"elementor-field-type-textarea elementor-field-group elementor-column elementor-field-group-message elementor-col-100\">\n\t\t\t\t\t\t\t\t\t\t\t\t<label for=\"form-field-message\" class=\"elementor-field-label\">\n\t\t\t\t\t\t\t\tMessage\t\t\t\t\t\t\t<\/label>\n\t\t\t\t\t\t<textarea class=\"elementor-field-textual elementor-field  elementor-size-sm\" name=\"form_fields[message]\" id=\"form-field-message\" rows=\"4\" placeholder=\"Message\"><\/textarea>\t\t\t\t<\/div>\n\t\t\t\t\t\t\t\t<div class=\"elementor-field-group elementor-column elementor-field-type-submit elementor-col-100 e-form__buttons\">\n\t\t\t\t\t<button class=\"elementor-button elementor-size-sm\" type=\"submit\">\n\t\t\t\t\t\t<span class=\"elementor-button-content-wrapper\">\n\t\t\t\t\t\t\t\t\t\t\t\t\t\t\t\t\t\t\t\t\t\t<span class=\"elementor-button-text\">Send<\/span>\n\t\t\t\t\t\t\t\t\t\t\t\t\t<\/span>\n\t\t\t\t\t<\/button>\n\t\t\t\t<\/div>\n\t\t\t<\/div>\n\t\t<input type=\"hidden\" name=\"trp-form-language\" value=\"en\"\/><\/form>\n\t\t\t\t\t\t<\/div>\n\t\t\t\t<\/div>\n\t\t\t\t\t<\/div>\n\t\t<\/div>\n\t\t\t\t\t<\/div>\n\t\t<\/section>\n\t\t\t\t<\/div>","protected":false},"excerpt":{"rendered":"<p>PROVANSA DEKOR CENTAR Korporativni Doga\u0111aji Pru\u017eamo dekorativne usluge za sve\u010dana otvaranja, korporativne doga\u0111aje, gala doga\u0111aje, specijalne doga\u0111aje, sajmove, izlo\u017ebe, modne revije, IT konferencije, predstavljanja proizvoda, poslovne sastanke i privatne doga\u0111aje sa efektnim dekoracijama pogodnim bilo kojoj temi. Uzmimo boje va\u0161e kompanije i napravimo personalizovani dodir za va\u0161u sledec\u0301u korporativnu zabavu! Sve organizujemo po Va\u0161im potrebama, [&hellip;]<\/p>","protected":false},"author":113,"featured_media":0,"parent":72851,"menu_order":0,"comment_status":"closed","ping_status":"closed","template":"","meta":{"footnotes":""},"categories":[],"tags":[],"class_list":["post-73675","page","type-page","status-publish","hentry"],"yoast_head":"<!-- This site is optimized with the Yoast SEO Premium plugin v20.9 (Yoast SEO v26.5) - https:\/\/yoast.com\/wordpress\/plugins\/seo\/ -->\n<title>Korporativni dogadjaji &#8211; Provansa Dekor<\/title>\n<meta name=\"robots\" content=\"index, follow, max-snippet:-1, max-image-preview:large, max-video-preview:-1\" \/>\n<link rel=\"canonical\" href=\"https:\/\/provansadekor.rs\/en\/events\/event-decoration\/corporate-events\/\" \/>\n<meta property=\"og:locale\" content=\"en_US\" \/>\n<meta property=\"og:type\" content=\"article\" \/>\n<meta property=\"og:title\" content=\"Korporativni dogadjaji\" \/>\n<meta property=\"og:description\" content=\"PROVANSA DEKOR CENTAR Korporativni Doga\u0111aji Pru\u017eamo dekorativne usluge za sve\u010dana otvaranja, korporativne doga\u0111aje, gala doga\u0111aje, specijalne doga\u0111aje, sajmove, izlo\u017ebe, modne revije, IT konferencije, predstavljanja proizvoda, poslovne sastanke i privatne doga\u0111aje sa efektnim dekoracijama pogodnim bilo kojoj temi. Uzmimo boje va\u0161e kompanije i napravimo personalizovani dodir za va\u0161u sledec\u0301u korporativnu zabavu! Sve organizujemo po Va\u0161im potrebama, [&hellip;]\" \/>\n<meta property=\"og:url\" content=\"https:\/\/provansadekor.rs\/en\/events\/event-decoration\/corporate-events\/\" \/>\n<meta property=\"og:site_name\" content=\"Provansa Dekor\" \/>\n<meta property=\"article:publisher\" content=\"https:\/\/www.facebook.com\/provansadekor\" \/>\n<meta property=\"article:modified_time\" content=\"2023-07-04T12:29:53+00:00\" \/>\n<meta property=\"og:image\" content=\"https:\/\/provansadekor.rs\/wp-content\/uploads\/2023\/07\/korporativne-zabave-1.jpg\" \/>\n<meta name=\"twitter:card\" content=\"summary_large_image\" \/>\n<meta name=\"twitter:label1\" content=\"Est. reading time\" \/>\n\t<meta name=\"twitter:data1\" content=\"1 minute\" \/>\n<script type=\"application\/ld+json\" class=\"yoast-schema-graph\">{\"@context\":\"https:\/\/schema.org\",\"@graph\":[{\"@type\":\"WebPage\",\"@id\":\"https:\/\/provansadekor.rs\/events\/dekoracija-dogadjaja\/korporativni-dogadjaji\/\",\"url\":\"https:\/\/provansadekor.rs\/events\/dekoracija-dogadjaja\/korporativni-dogadjaji\/\",\"name\":\"Korporativni dogadjaji &#8211; Provansa Dekor\",\"isPartOf\":{\"@id\":\"https:\/\/provansadekor.rs\/#website\"},\"primaryImageOfPage\":{\"@id\":\"https:\/\/provansadekor.rs\/events\/dekoracija-dogadjaja\/korporativni-dogadjaji\/#primaryimage\"},\"image\":{\"@id\":\"https:\/\/provansadekor.rs\/events\/dekoracija-dogadjaja\/korporativni-dogadjaji\/#primaryimage\"},\"thumbnailUrl\":\"https:\/\/provansadekor.rs\/wp-content\/uploads\/2023\/07\/korporativne-zabave-1.jpg\",\"datePublished\":\"2023-07-04T12:28:14+00:00\",\"dateModified\":\"2023-07-04T12:29:53+00:00\",\"breadcrumb\":{\"@id\":\"https:\/\/provansadekor.rs\/events\/dekoracija-dogadjaja\/korporativni-dogadjaji\/#breadcrumb\"},\"inLanguage\":\"en-US\",\"potentialAction\":[{\"@type\":\"ReadAction\",\"target\":[\"https:\/\/provansadekor.rs\/events\/dekoracija-dogadjaja\/korporativni-dogadjaji\/\"]}]},{\"@type\":\"ImageObject\",\"inLanguage\":\"en-US\",\"@id\":\"https:\/\/provansadekor.rs\/events\/dekoracija-dogadjaja\/korporativni-dogadjaji\/#primaryimage\",\"url\":\"https:\/\/provansadekor.rs\/wp-content\/uploads\/2023\/07\/korporativne-zabave-1.jpg\",\"contentUrl\":\"https:\/\/provansadekor.rs\/wp-content\/uploads\/2023\/07\/korporativne-zabave-1.jpg\"},{\"@type\":\"BreadcrumbList\",\"@id\":\"https:\/\/provansadekor.rs\/events\/dekoracija-dogadjaja\/korporativni-dogadjaji\/#breadcrumb\",\"itemListElement\":[{\"@type\":\"ListItem\",\"position\":1,\"name\":\"\u041f\u043e\u0447\u0435\u0442\u043d\u0430\",\"item\":\"https:\/\/provansadekor.rs\/\"},{\"@type\":\"ListItem\",\"position\":2,\"name\":\"Events\",\"item\":\"https:\/\/provansadekor.rs\/events\/\"},{\"@type\":\"ListItem\",\"position\":3,\"name\":\"Dekoracija dogadjaja\",\"item\":\"https:\/\/provansadekor.rs\/events\/dekoracija-dogadjaja\/\"},{\"@type\":\"ListItem\",\"position\":4,\"name\":\"Korporativni dogadjaji\"}]},{\"@type\":\"WebSite\",\"@id\":\"https:\/\/provansadekor.rs\/#website\",\"url\":\"https:\/\/provansadekor.rs\/\",\"name\":\"Provansa Dekor\",\"description\":\"Dostava cve\u0107a Beograd - Organizacija i Dekoracija doga\u0111aja - Ure\u0111enje zelenih povr\u0161ina\",\"publisher\":{\"@id\":\"https:\/\/provansadekor.rs\/#organization\"},\"potentialAction\":[{\"@type\":\"SearchAction\",\"target\":{\"@type\":\"EntryPoint\",\"urlTemplate\":\"https:\/\/provansadekor.rs\/?s={search_term_string}\"},\"query-input\":{\"@type\":\"PropertyValueSpecification\",\"valueRequired\":true,\"valueName\":\"search_term_string\"}}],\"inLanguage\":\"en-US\"},{\"@type\":\"Organization\",\"@id\":\"https:\/\/provansadekor.rs\/#organization\",\"name\":\"Provansa Dekor Cve\u0107ara Beograd\",\"url\":\"https:\/\/provansadekor.rs\/\",\"logo\":{\"@type\":\"ImageObject\",\"inLanguage\":\"en-US\",\"@id\":\"https:\/\/provansadekor.rs\/#\/schema\/logo\/image\/\",\"url\":\"https:\/\/provansadekor.rs\/wp-content\/uploads\/2022\/03\/logo-provansa.jpg\",\"contentUrl\":\"https:\/\/provansadekor.rs\/wp-content\/uploads\/2022\/03\/logo-provansa.jpg\",\"width\":200,\"height\":200,\"caption\":\"Provansa Dekor Cve\u0107ara Beograd\"},\"image\":{\"@id\":\"https:\/\/provansadekor.rs\/#\/schema\/logo\/image\/\"},\"sameAs\":[\"https:\/\/www.facebook.com\/provansadekor\",\"https:\/\/www.instagram.com\/provansadekor\/\"]}]}<\/script>\n<!-- \/ Yoast SEO Premium plugin. -->","yoast_head_json":{"title":"Corporate events - Provence Decor","robots":{"index":"index","follow":"follow","max-snippet":"max-snippet:-1","max-image-preview":"max-image-preview:large","max-video-preview":"max-video-preview:-1"},"canonical":"https:\/\/provansadekor.rs\/en\/events\/event-decoration\/corporate-events\/","og_locale":"en_US","og_type":"article","og_title":"Korporativni dogadjaji","og_description":"PROVANSA DEKOR CENTAR Korporativni Doga\u0111aji Pru\u017eamo dekorativne usluge za sve\u010dana otvaranja, korporativne doga\u0111aje, gala doga\u0111aje, specijalne doga\u0111aje, sajmove, izlo\u017ebe, modne revije, IT konferencije, predstavljanja proizvoda, poslovne sastanke i privatne doga\u0111aje sa efektnim dekoracijama pogodnim bilo kojoj temi. Uzmimo boje va\u0161e kompanije i napravimo personalizovani dodir za va\u0161u sledec\u0301u korporativnu zabavu! Sve organizujemo po Va\u0161im potrebama, [&hellip;]","og_url":"https:\/\/provansadekor.rs\/en\/events\/event-decoration\/corporate-events\/","og_site_name":"Provansa Dekor","article_publisher":"https:\/\/www.facebook.com\/provansadekor","article_modified_time":"2023-07-04T12:29:53+00:00","og_image":[{"url":"https:\/\/provansadekor.rs\/wp-content\/uploads\/2023\/07\/korporativne-zabave-1.jpg","type":"","width":"","height":""}],"twitter_card":"summary_large_image","twitter_misc":{"Est. reading time":"1 minute"},"schema":{"@context":"https:\/\/schema.org","@graph":[{"@type":"WebPage","@id":"https:\/\/provansadekor.rs\/events\/dekoracija-dogadjaja\/korporativni-dogadjaji\/","url":"https:\/\/provansadekor.rs\/events\/dekoracija-dogadjaja\/korporativni-dogadjaji\/","name":"Corporate events - Provence Decor","isPartOf":{"@id":"https:\/\/provansadekor.rs\/#website"},"primaryImageOfPage":{"@id":"https:\/\/provansadekor.rs\/events\/dekoracija-dogadjaja\/korporativni-dogadjaji\/#primaryimage"},"image":{"@id":"https:\/\/provansadekor.rs\/events\/dekoracija-dogadjaja\/korporativni-dogadjaji\/#primaryimage"},"thumbnailUrl":"https:\/\/provansadekor.rs\/wp-content\/uploads\/2023\/07\/korporativne-zabave-1.jpg","datePublished":"2023-07-04T12:28:14+00:00","dateModified":"2023-07-04T12:29:53+00:00","breadcrumb":{"@id":"https:\/\/provansadekor.rs\/events\/dekoracija-dogadjaja\/korporativni-dogadjaji\/#breadcrumb"},"inLanguage":"en-US","potentialAction":[{"@type":"ReadAction","target":["https:\/\/provansadekor.rs\/events\/dekoracija-dogadjaja\/korporativni-dogadjaji\/"]}]},{"@type":"ImageObject","inLanguage":"en-US","@id":"https:\/\/provansadekor.rs\/events\/dekoracija-dogadjaja\/korporativni-dogadjaji\/#primaryimage","url":"https:\/\/provansadekor.rs\/wp-content\/uploads\/2023\/07\/korporativne-zabave-1.jpg","contentUrl":"https:\/\/provansadekor.rs\/wp-content\/uploads\/2023\/07\/korporativne-zabave-1.jpg"},{"@type":"BreadcrumbList","@id":"https:\/\/provansadekor.rs\/events\/dekoracija-dogadjaja\/korporativni-dogadjaji\/#breadcrumb","itemListElement":[{"@type":"ListItem","position":1,"name":"\u041f\u043e\u0447\u0435\u0442\u043d\u0430","item":"https:\/\/provansadekor.rs\/"},{"@type":"ListItem","position":2,"name":"Events","item":"https:\/\/provansadekor.rs\/events\/"},{"@type":"ListItem","position":3,"name":"Dekoracija dogadjaja","item":"https:\/\/provansadekor.rs\/events\/dekoracija-dogadjaja\/"},{"@type":"ListItem","position":4,"name":"Korporativni dogadjaji"}]},{"@type":"WebSite","@id":"https:\/\/provansadekor.rs\/#website","url":"https:\/\/provansadekor.rs\/","name":"Provence Decor","description":"Flower delivery Belgrade - Event organization and decoration - Landscaping","publisher":{"@id":"https:\/\/provansadekor.rs\/#organization"},"potentialAction":[{"@type":"SearchAction","target":{"@type":"EntryPoint","urlTemplate":"https:\/\/provansadekor.rs\/?s={search_term_string}"},"query-input":{"@type":"PropertyValueSpecification","valueRequired":true,"valueName":"search_term_string"}}],"inLanguage":"en-US"},{"@type":"Organization","@id":"https:\/\/provansadekor.rs\/#organization","name":"Provence Decor Flower Shop Belgrade","url":"https:\/\/provansadekor.rs\/","logo":{"@type":"ImageObject","inLanguage":"en-US","@id":"https:\/\/provansadekor.rs\/#\/schema\/logo\/image\/","url":"https:\/\/provansadekor.rs\/wp-content\/uploads\/2022\/03\/logo-provansa.jpg","contentUrl":"https:\/\/provansadekor.rs\/wp-content\/uploads\/2022\/03\/logo-provansa.jpg","width":200,"height":200,"caption":"Provansa Dekor Cve\u0107ara Beograd"},"image":{"@id":"https:\/\/provansadekor.rs\/#\/schema\/logo\/image\/"},"sameAs":["https:\/\/www.facebook.com\/provansadekor","https:\/\/www.instagram.com\/provansadekor\/"]}]}},"_links":{"self":[{"href":"https:\/\/provansadekor.rs\/en\/wp-json\/wp\/v2\/pages\/73675","targetHints":{"allow":["GET"]}}],"collection":[{"href":"https:\/\/provansadekor.rs\/en\/wp-json\/wp\/v2\/pages"}],"about":[{"href":"https:\/\/provansadekor.rs\/en\/wp-json\/wp\/v2\/types\/page"}],"author":[{"embeddable":true,"href":"https:\/\/provansadekor.rs\/en\/wp-json\/wp\/v2\/users\/113"}],"replies":[{"embeddable":true,"href":"https:\/\/provansadekor.rs\/en\/wp-json\/wp\/v2\/comments?post=73675"}],"version-history":[{"count":5,"href":"https:\/\/provansadekor.rs\/en\/wp-json\/wp\/v2\/pages\/73675\/revisions"}],"predecessor-version":[{"id":73698,"href":"https:\/\/provansadekor.rs\/en\/wp-json\/wp\/v2\/pages\/73675\/revisions\/73698"}],"up":[{"embeddable":true,"href":"https:\/\/provansadekor.rs\/en\/wp-json\/wp\/v2\/pages\/72851"}],"wp:attachment":[{"href":"https:\/\/provansadekor.rs\/en\/wp-json\/wp\/v2\/media?parent=73675"}],"wp:term":[{"taxonomy":"category","embeddable":true,"href":"https:\/\/provansadekor.rs\/en\/wp-json\/wp\/v2\/categories?post=73675"},{"taxonomy":"post_tag","embeddable":true,"href":"https:\/\/provansadekor.rs\/en\/wp-json\/wp\/v2\/tags?post=73675"}],"curies":[{"name":"wp","href":"https:\/\/api.w.org\/{rel}","templated":true}]}}