{"id":64275,"date":"2022-08-16T21:08:59","date_gmt":"2022-08-16T19:08:59","guid":{"rendered":"https:\/\/provansadekor.rs\/?page_id=64275"},"modified":"2022-11-04T01:04:05","modified_gmt":"2022-11-04T00:04:05","slug":"provansa-isporucuje-24-7","status":"publish","type":"page","link":"https:\/\/provansadekor.rs\/en\/provence-delivers-24-7\/","title":{"rendered":"PROVANSA DELIVERS 24\/7"},"content":{"rendered":"<div data-elementor-type=\"wp-page\" data-elementor-id=\"64275\" class=\"elementor elementor-64275\" data-elementor-post-type=\"page\">\n\t\t\t\t\t\t<header class=\"elementor-section elementor-top-section elementor-element elementor-element-151510bf elementor-section-height-min-height elementor-section-boxed elementor-section-height-default elementor-section-items-middle\" data-id=\"151510bf\" data-element_type=\"section\" data-settings=\"{&quot;background_background&quot;:&quot;classic&quot;}\">\n\t\t\t\t\t\t\t<div class=\"elementor-background-overlay\"><\/div>\n\t\t\t\t\t\t\t<div class=\"elementor-container elementor-column-gap-default\">\n\t\t\t\t\t<div class=\"elementor-column elementor-col-100 elementor-top-column elementor-element elementor-element-3abbe005\" data-id=\"3abbe005\" data-element_type=\"column\" data-settings=\"{&quot;background_background&quot;:&quot;classic&quot;}\">\n\t\t\t<div class=\"elementor-widget-wrap elementor-element-populated\">\n\t\t\t\t\t\t<section class=\"elementor-section elementor-inner-section elementor-element elementor-element-3bc7c557 elementor-section-boxed elementor-section-height-default elementor-section-height-default elementor-invisible\" data-id=\"3bc7c557\" data-element_type=\"section\" data-settings=\"{&quot;animation&quot;:&quot;fadeInUp&quot;}\">\n\t\t\t\t\t\t<div class=\"elementor-container elementor-column-gap-no\">\n\t\t\t\t\t<div class=\"elementor-column elementor-col-100 elementor-inner-column elementor-element elementor-element-3c081b25\" data-id=\"3c081b25\" data-element_type=\"column\">\n\t\t\t<div class=\"elementor-widget-wrap elementor-element-populated\">\n\t\t\t\t\t\t<div class=\"elementor-element elementor-element-3c39c08 elementor-widget-mobile__width-inherit elementor-widget elementor-widget-heading\" data-id=\"3c39c08\" data-element_type=\"widget\" data-widget_type=\"heading.default\">\n\t\t\t\t<div class=\"elementor-widget-container\">\n\t\t\t\t\t<h1 class=\"elementor-heading-title elementor-size-default\">PROVANSA DELIVERS 24\/7!<\/h1>\t\t\t\t<\/div>\n\t\t\t\t<\/div>\n\t\t\t\t<div class=\"elementor-element elementor-element-1825b639 elementor-widget__width-initial elementor-view-default elementor-widget elementor-widget-icon\" data-id=\"1825b639\" data-element_type=\"widget\" data-widget_type=\"icon.default\">\n\t\t\t\t<div class=\"elementor-widget-container\">\n\t\t\t\t\t\t\t<div class=\"elementor-icon-wrapper\">\n\t\t\t<a class=\"elementor-icon elementor-animation-push\" href=\"#101ruza\">\n\t\t\t<i aria-hidden=\"true\" class=\"fas fa-angle-down\"><\/i>\t\t\t<\/a>\n\t\t<\/div>\n\t\t\t\t\t\t<\/div>\n\t\t\t\t<\/div>\n\t\t\t\t\t<\/div>\n\t\t<\/div>\n\t\t\t\t\t<\/div>\n\t\t<\/section>\n\t\t\t\t\t<\/div>\n\t\t<\/div>\n\t\t\t\t\t<\/div>\n\t\t<\/header>\n\t\t\t\t<section class=\"elementor-section elementor-top-section elementor-element elementor-element-5e1b072 elementor-section-boxed elementor-section-height-default elementor-section-height-default\" data-id=\"5e1b072\" data-element_type=\"section\">\n\t\t\t\t\t\t<div class=\"elementor-container elementor-column-gap-default\">\n\t\t\t\t\t<div class=\"elementor-column elementor-col-100 elementor-top-column elementor-element elementor-element-118f5cd\" data-id=\"118f5cd\" data-element_type=\"column\" data-settings=\"{&quot;background_background&quot;:&quot;classic&quot;}\">\n\t\t\t<div class=\"elementor-widget-wrap elementor-element-populated\">\n\t\t\t\t\t\t<section class=\"elementor-section elementor-inner-section elementor-element elementor-element-974acf4 elementor-section-boxed elementor-section-height-default elementor-section-height-default\" data-id=\"974acf4\" data-element_type=\"section\">\n\t\t\t\t\t\t<div class=\"elementor-container elementor-column-gap-default\">\n\t\t\t\t\t<div class=\"elementor-column elementor-col-100 elementor-inner-column elementor-element elementor-element-60ff00d\" data-id=\"60ff00d\" data-element_type=\"column\">\n\t\t\t<div class=\"elementor-widget-wrap elementor-element-populated\">\n\t\t\t\t\t\t<div class=\"elementor-element elementor-element-d9dfb35 elementor-widget elementor-widget-text-editor\" data-id=\"d9dfb35\" data-element_type=\"widget\" data-widget_type=\"text-editor.default\">\n\t\t\t\t<div class=\"elementor-widget-container\">\n\t\t\t\t\t\t\t\t\t<p>The color of the flowers, the number to be given, the choice of the type of flowers, everything is taken into account when you want to surprise. Love cannot be bought, but you will definitely show your affection to your loved ones with a gift like this. Don&#039;t let the fact that you work a lot and don&#039;t have time to pay attention to your loved one be your excuse.\u00a0<\/p><p>And there is a solution for that.<\/p>\t\t\t\t\t\t\t\t<\/div>\n\t\t\t\t<\/div>\n\t\t\t\t\t<\/div>\n\t\t<\/div>\n\t\t\t\t\t<\/div>\n\t\t<\/section>\n\t\t\t\t<div class=\"elementor-element elementor-element-e21636d elementor-hidden-desktop elementor-hidden-tablet elementor-widget elementor-widget-image\" data-id=\"e21636d\" data-element_type=\"widget\" data-settings=\"{&quot;_animation_mobile&quot;:&quot;fadeInUp&quot;}\" data-widget_type=\"image.default\">\n\t\t\t\t<div class=\"elementor-widget-container\">\n\t\t\t\t\t\t\t\t\t\t\t\t\t\t\t<img fetchpriority=\"high\" decoding=\"async\" width=\"500\" height=\"500\" src=\"https:\/\/provansadekor.rs\/wp-content\/uploads\/2022\/08\/box-101-1-500x500-1.jpg\" class=\"attachment-large size-large wp-image-64363\" alt=\"\" srcset=\"https:\/\/provansadekor.rs\/wp-content\/uploads\/2022\/08\/box-101-1-500x500-1.jpg 500w, https:\/\/provansadekor.rs\/wp-content\/uploads\/2022\/08\/box-101-1-500x500-1-300x300.jpg 300w, https:\/\/provansadekor.rs\/wp-content\/uploads\/2022\/08\/box-101-1-500x500-1-150x150.jpg 150w, https:\/\/provansadekor.rs\/wp-content\/uploads\/2022\/08\/box-101-1-500x500-1-100x100.jpg 100w\" sizes=\"(max-width: 500px) 100vw, 500px\" \/>\t\t\t\t\t\t\t\t\t\t\t\t\t\t\t<\/div>\n\t\t\t\t<\/div>\n\t\t\t\t\t<\/div>\n\t\t<\/div>\n\t\t\t\t\t<\/div>\n\t\t<\/section>\n\t\t\t\t<section class=\"elementor-section elementor-top-section elementor-element elementor-element-39d3575 elementor-section-boxed elementor-section-height-default elementor-section-height-default\" data-id=\"39d3575\" data-element_type=\"section\">\n\t\t\t\t\t\t<div class=\"elementor-container elementor-column-gap-default\">\n\t\t\t\t\t<div class=\"elementor-column elementor-col-50 elementor-top-column elementor-element elementor-element-c6bb9f2\" data-id=\"c6bb9f2\" data-element_type=\"column\">\n\t\t\t<div class=\"elementor-widget-wrap elementor-element-populated\">\n\t\t\t\t\t\t<div class=\"elementor-element elementor-element-1b75958 elementor-widget elementor-widget-text-editor\" data-id=\"1b75958\" data-element_type=\"widget\" data-widget_type=\"text-editor.default\">\n\t\t\t\t<div class=\"elementor-widget-container\">\n\t\t\t\t\t\t\t\t\t<p><b>Flower delivery in Belgrade<\/b>, is an excellent option, if you have many obligations and are not able to go from one part of the city to another. There are various ways to &quot;deliver&quot; your manners and brighten up your day.<br>If you miss your friends&#039; wedding, you can always thank them.<br><b>A luxury gift<\/b>,<b> a bouquet of 101 roses<\/b>, <b>flowers in a box<\/b>, can be a nice option to atone for your absence.<br><b>Provence Decor Center,<\/b> with her leaders, she came up with the idea of how to meet each client. So, if you are not mobile, you don&#039;t have time, you are far from a flower shop, you have no idea how a luxurious gift or bouquet should look, <b>Provence Decor Center<\/b>, is here for you.<\/p>\t\t\t\t\t\t\t\t<\/div>\n\t\t\t\t<\/div>\n\t\t\t\t\t<\/div>\n\t\t<\/div>\n\t\t\t\t<div class=\"elementor-column elementor-col-50 elementor-top-column elementor-element elementor-element-6810596\" data-id=\"6810596\" data-element_type=\"column\">\n\t\t\t<div class=\"elementor-widget-wrap elementor-element-populated\">\n\t\t\t\t\t\t<div class=\"elementor-element elementor-element-102fb91 elementor-widget elementor-widget-image\" data-id=\"102fb91\" data-element_type=\"widget\" data-widget_type=\"image.default\">\n\t\t\t\t<div class=\"elementor-widget-container\">\n\t\t\t\t\t\t\t\t\t\t\t\t\t\t\t<img decoding=\"async\" width=\"500\" height=\"500\" src=\"https:\/\/provansadekor.rs\/wp-content\/uploads\/2022\/08\/101-meda-4-500x500-1.jpg\" class=\"attachment-large size-large wp-image-64314\" alt=\"101 roses in a basket - Provence decor - flower delivery Belgrade\" srcset=\"https:\/\/provansadekor.rs\/wp-content\/uploads\/2022\/08\/101-meda-4-500x500-1.jpg 500w, https:\/\/provansadekor.rs\/wp-content\/uploads\/2022\/08\/101-meda-4-500x500-1-300x300.jpg 300w, https:\/\/provansadekor.rs\/wp-content\/uploads\/2022\/08\/101-meda-4-500x500-1-150x150.jpg 150w, https:\/\/provansadekor.rs\/wp-content\/uploads\/2022\/08\/101-meda-4-500x500-1-100x100.jpg 100w\" sizes=\"(max-width: 500px) 100vw, 500px\" \/>\t\t\t\t\t\t\t\t\t\t\t\t\t\t\t<\/div>\n\t\t\t\t<\/div>\n\t\t\t\t\t<\/div>\n\t\t<\/div>\n\t\t\t\t\t<\/div>\n\t\t<\/section>\n\t\t\t\t<section class=\"elementor-section elementor-top-section elementor-element elementor-element-ae99eb5 elementor-section-boxed elementor-section-height-default elementor-section-height-default\" data-id=\"ae99eb5\" data-element_type=\"section\">\n\t\t\t\t\t\t<div class=\"elementor-container elementor-column-gap-default\">\n\t\t\t\t\t<div class=\"elementor-column elementor-col-100 elementor-top-column elementor-element elementor-element-2ec17436\" data-id=\"2ec17436\" data-element_type=\"column\" data-settings=\"{&quot;background_background&quot;:&quot;classic&quot;}\">\n\t\t\t<div class=\"elementor-widget-wrap elementor-element-populated\">\n\t\t\t\t\t\t<div class=\"elementor-element elementor-element-279347c elementor-align-center elementor-widget elementor-widget-button\" data-id=\"279347c\" data-element_type=\"widget\" data-widget_type=\"button.default\">\n\t\t\t\t<div class=\"elementor-widget-container\">\n\t\t\t\t\t\t\t\t\t<div class=\"elementor-button-wrapper\">\n\t\t\t\t\t<a class=\"elementor-button elementor-button-link elementor-size-sm\" href=\"https:\/\/provansadekor.rs\/online-cvecara\/\">\n\t\t\t\t\t\t<span class=\"elementor-button-content-wrapper\">\n\t\t\t\t\t\t\t\t\t<span class=\"elementor-button-text\">DELIVERY WITHIN AN HOUR IN THE TERRITORY OF BELGRADE FROM THE MOMENT OF ORDERING!<\/span>\n\t\t\t\t\t<\/span>\n\t\t\t\t\t<\/a>\n\t\t\t\t<\/div>\n\t\t\t\t\t\t\t\t<\/div>\n\t\t\t\t<\/div>\n\t\t\t\t\t<\/div>\n\t\t<\/div>\n\t\t\t\t\t<\/div>\n\t\t<\/section>\n\t\t\t\t<section class=\"elementor-section elementor-top-section elementor-element elementor-element-9bbe01d elementor-section-boxed elementor-section-height-default elementor-section-height-default\" data-id=\"9bbe01d\" data-element_type=\"section\">\n\t\t\t\t\t\t<div class=\"elementor-container elementor-column-gap-no\">\n\t\t\t\t\t<div class=\"elementor-column elementor-col-100 elementor-top-column elementor-element elementor-element-c721144\" data-id=\"c721144\" data-element_type=\"column\">\n\t\t\t<div class=\"elementor-widget-wrap elementor-element-populated\">\n\t\t\t\t\t\t<div class=\"elementor-element elementor-element-5a24819 elementor-widget elementor-widget-text-editor\" data-id=\"5a24819\" data-element_type=\"widget\" data-widget_type=\"text-editor.default\">\n\t\t\t\t<div class=\"elementor-widget-container\">\n\t\t\t\t\t\t\t\t\tOnline flower shop in Belgrade\t\t\t\t\t\t\t\t<\/div>\n\t\t\t\t<\/div>\n\t\t\t\t\t<\/div>\n\t\t<\/div>\n\t\t\t\t\t<\/div>\n\t\t<\/section>\n\t\t\t\t<section class=\"elementor-section elementor-top-section elementor-element elementor-element-d338723 elementor-section-boxed elementor-section-height-default elementor-section-height-default\" data-id=\"d338723\" data-element_type=\"section\">\n\t\t\t\t\t\t<div class=\"elementor-container elementor-column-gap-default\">\n\t\t\t\t\t<div class=\"elementor-column elementor-col-100 elementor-top-column elementor-element elementor-element-fb5a161\" data-id=\"fb5a161\" data-element_type=\"column\">\n\t\t\t<div class=\"elementor-widget-wrap elementor-element-populated\">\n\t\t\t\t\t\t<div class=\"elementor-element elementor-element-33c99b1 elementor-widget elementor-widget-text-editor\" data-id=\"33c99b1\" data-element_type=\"widget\" data-widget_type=\"text-editor.default\">\n\t\t\t\t<div class=\"elementor-widget-container\">\n\t\t\t\t\t\t\t\t\t<p><strong>Online flower shop in Belgrade<\/strong> works all 7 days, 24 hours a day. <strong>flower delivery,<\/strong> used is always fresh and looks just like the pictures. With one click, you&#039;ve done most of the work. When you have completed your complete order, you leave your shipping information. If you are not creative enough, creatives <strong>Provence Decor Center<\/strong>, who are in charge of making beautiful<b> flower arrangements<\/b>, I can write a dedication for you and hand it over during delivery. Order easily and simply<strong> on line<\/strong>.<\/p>\n<p>&nbsp;Let people talk about your unique gift.<\/p>\t\t\t\t\t\t\t\t<\/div>\n\t\t\t\t<\/div>\n\t\t\t\t\t<\/div>\n\t\t<\/div>\n\t\t\t\t\t<\/div>\n\t\t<\/section>\n\t\t\t\t<\/div>","protected":false},"excerpt":{"rendered":"<p>PROVANSA DELIVERS 24\/7! The color of the flowers, the number to be given, the choice of the type of flowers, everything is taken into account when you want to surprise. Love cannot be bought, but you will definitely show your affection to your loved ones with a gift like this. Don&#039;t let the fact that you work a lot and don&#039;t have time to pay attention to your loved one be your excuse. And that&#039;s why [\u2026]<\/p>","protected":false},"author":113,"featured_media":0,"parent":0,"menu_order":0,"comment_status":"closed","ping_status":"closed","template":"","meta":{"footnotes":""},"categories":[],"tags":[],"class_list":["post-64275","page","type-page","status-publish","hentry"],"yoast_head":"<!-- This site is optimized with the Yoast SEO Premium plugin v20.9 (Yoast SEO v26.5) - https:\/\/yoast.com\/wordpress\/plugins\/seo\/ -->\n<title>PROVANSA ISPORU\u010cUJE 24\/7 &#8211; Provansa Dekor<\/title>\n<meta name=\"description\" content=\"Dostava cve\u0107a u Beogradu, odli\u010dna je opcija, ukoliko imate mnogo obaveza i niste u mogu\u0107nosti da odete iz jednog dela grada u drugi\" \/>\n<meta name=\"robots\" content=\"index, follow, max-snippet:-1, max-image-preview:large, max-video-preview:-1\" \/>\n<link rel=\"canonical\" href=\"https:\/\/provansadekor.rs\/en\/provence-delivers-24-7\/\" \/>\n<meta property=\"og:locale\" content=\"en_US\" \/>\n<meta property=\"og:type\" content=\"article\" \/>\n<meta property=\"og:title\" content=\"PROVANSA ISPORU\u010cUJE 24\/7\" \/>\n<meta property=\"og:description\" content=\"Dostava cve\u0107a u Beogradu, odli\u010dna je opcija, ukoliko imate mnogo obaveza i niste u mogu\u0107nosti da odete iz jednog dela grada u drugi\" \/>\n<meta property=\"og:url\" content=\"https:\/\/provansadekor.rs\/en\/provence-delivers-24-7\/\" \/>\n<meta property=\"og:site_name\" content=\"Provansa Dekor\" \/>\n<meta property=\"article:publisher\" content=\"https:\/\/www.facebook.com\/provansadekor\" \/>\n<meta property=\"article:modified_time\" content=\"2022-11-04T00:04:05+00:00\" \/>\n<meta property=\"og:image\" content=\"https:\/\/provansadekor.rs\/wp-content\/uploads\/2022\/08\/box-101-1-500x500-1.jpg\" \/>\n<meta name=\"twitter:card\" content=\"summary_large_image\" \/>\n<meta name=\"twitter:label1\" content=\"Est. reading time\" \/>\n\t<meta name=\"twitter:data1\" content=\"2 minutes\" \/>\n<script type=\"application\/ld+json\" class=\"yoast-schema-graph\">{\"@context\":\"https:\/\/schema.org\",\"@graph\":[{\"@type\":\"WebPage\",\"@id\":\"https:\/\/provansadekor.rs\/provansa-isporucuje-24-7\/\",\"url\":\"https:\/\/provansadekor.rs\/provansa-isporucuje-24-7\/\",\"name\":\"PROVANSA ISPORU\u010cUJE 24\/7 &#8211; Provansa Dekor\",\"isPartOf\":{\"@id\":\"https:\/\/provansadekor.rs\/#website\"},\"primaryImageOfPage\":{\"@id\":\"https:\/\/provansadekor.rs\/provansa-isporucuje-24-7\/#primaryimage\"},\"image\":{\"@id\":\"https:\/\/provansadekor.rs\/provansa-isporucuje-24-7\/#primaryimage\"},\"thumbnailUrl\":\"https:\/\/provansadekor.rs\/wp-content\/uploads\/2022\/08\/box-101-1-500x500-1.jpg\",\"datePublished\":\"2022-08-16T19:08:59+00:00\",\"dateModified\":\"2022-11-04T00:04:05+00:00\",\"description\":\"Dostava cve\u0107a u Beogradu, odli\u010dna je opcija, ukoliko imate mnogo obaveza i niste u mogu\u0107nosti da odete iz jednog dela grada u drugi\",\"breadcrumb\":{\"@id\":\"https:\/\/provansadekor.rs\/provansa-isporucuje-24-7\/#breadcrumb\"},\"inLanguage\":\"en-US\",\"potentialAction\":[{\"@type\":\"ReadAction\",\"target\":[\"https:\/\/provansadekor.rs\/provansa-isporucuje-24-7\/\"]}]},{\"@type\":\"ImageObject\",\"inLanguage\":\"en-US\",\"@id\":\"https:\/\/provansadekor.rs\/provansa-isporucuje-24-7\/#primaryimage\",\"url\":\"https:\/\/provansadekor.rs\/wp-content\/uploads\/2022\/08\/box-101-1-500x500-1.jpg\",\"contentUrl\":\"https:\/\/provansadekor.rs\/wp-content\/uploads\/2022\/08\/box-101-1-500x500-1.jpg\"},{\"@type\":\"BreadcrumbList\",\"@id\":\"https:\/\/provansadekor.rs\/provansa-isporucuje-24-7\/#breadcrumb\",\"itemListElement\":[{\"@type\":\"ListItem\",\"position\":1,\"name\":\"\u041f\u043e\u0447\u0435\u0442\u043d\u0430\",\"item\":\"https:\/\/provansadekor.rs\/\"},{\"@type\":\"ListItem\",\"position\":2,\"name\":\"PROVANSA ISPORU\u010cUJE 24\/7\"}]},{\"@type\":\"WebSite\",\"@id\":\"https:\/\/provansadekor.rs\/#website\",\"url\":\"https:\/\/provansadekor.rs\/\",\"name\":\"Provansa Dekor\",\"description\":\"Dostava cve\u0107a Beograd - Organizacija i Dekoracija doga\u0111aja - Ure\u0111enje zelenih povr\u0161ina\",\"publisher\":{\"@id\":\"https:\/\/provansadekor.rs\/#organization\"},\"potentialAction\":[{\"@type\":\"SearchAction\",\"target\":{\"@type\":\"EntryPoint\",\"urlTemplate\":\"https:\/\/provansadekor.rs\/?s={search_term_string}\"},\"query-input\":{\"@type\":\"PropertyValueSpecification\",\"valueRequired\":true,\"valueName\":\"search_term_string\"}}],\"inLanguage\":\"en-US\"},{\"@type\":\"Organization\",\"@id\":\"https:\/\/provansadekor.rs\/#organization\",\"name\":\"Provansa Dekor Cve\u0107ara Beograd\",\"url\":\"https:\/\/provansadekor.rs\/\",\"logo\":{\"@type\":\"ImageObject\",\"inLanguage\":\"en-US\",\"@id\":\"https:\/\/provansadekor.rs\/#\/schema\/logo\/image\/\",\"url\":\"https:\/\/provansadekor.rs\/wp-content\/uploads\/2022\/03\/logo-provansa.jpg\",\"contentUrl\":\"https:\/\/provansadekor.rs\/wp-content\/uploads\/2022\/03\/logo-provansa.jpg\",\"width\":200,\"height\":200,\"caption\":\"Provansa Dekor Cve\u0107ara Beograd\"},\"image\":{\"@id\":\"https:\/\/provansadekor.rs\/#\/schema\/logo\/image\/\"},\"sameAs\":[\"https:\/\/www.facebook.com\/provansadekor\",\"https:\/\/www.instagram.com\/provansadekor\/\"]}]}<\/script>\n<!-- \/ Yoast SEO Premium plugin. -->","yoast_head_json":{"title":"PROVANSA DELIVERS 24\/7 - Provence Decor","description":"Flower delivery in Belgrade is an excellent option if you have many obligations and are unable to go from one part of the city to another.","robots":{"index":"index","follow":"follow","max-snippet":"max-snippet:-1","max-image-preview":"max-image-preview:large","max-video-preview":"max-video-preview:-1"},"canonical":"https:\/\/provansadekor.rs\/en\/provence-delivers-24-7\/","og_locale":"en_US","og_type":"article","og_title":"PROVANSA ISPORU\u010cUJE 24\/7","og_description":"Dostava cve\u0107a u Beogradu, odli\u010dna je opcija, ukoliko imate mnogo obaveza i niste u mogu\u0107nosti da odete iz jednog dela grada u drugi","og_url":"https:\/\/provansadekor.rs\/en\/provence-delivers-24-7\/","og_site_name":"Provansa Dekor","article_publisher":"https:\/\/www.facebook.com\/provansadekor","article_modified_time":"2022-11-04T00:04:05+00:00","og_image":[{"url":"https:\/\/provansadekor.rs\/wp-content\/uploads\/2022\/08\/box-101-1-500x500-1.jpg","type":"","width":"","height":""}],"twitter_card":"summary_large_image","twitter_misc":{"Est. reading time":"2 minutes"},"schema":{"@context":"https:\/\/schema.org","@graph":[{"@type":"WebPage","@id":"https:\/\/provansadekor.rs\/provansa-isporucuje-24-7\/","url":"https:\/\/provansadekor.rs\/provansa-isporucuje-24-7\/","name":"PROVANSA DELIVERS 24\/7 - Provence Decor","isPartOf":{"@id":"https:\/\/provansadekor.rs\/#website"},"primaryImageOfPage":{"@id":"https:\/\/provansadekor.rs\/provansa-isporucuje-24-7\/#primaryimage"},"image":{"@id":"https:\/\/provansadekor.rs\/provansa-isporucuje-24-7\/#primaryimage"},"thumbnailUrl":"https:\/\/provansadekor.rs\/wp-content\/uploads\/2022\/08\/box-101-1-500x500-1.jpg","datePublished":"2022-08-16T19:08:59+00:00","dateModified":"2022-11-04T00:04:05+00:00","description":"Flower delivery in Belgrade is an excellent option if you have many obligations and are unable to go from one part of the city to another.","breadcrumb":{"@id":"https:\/\/provansadekor.rs\/provansa-isporucuje-24-7\/#breadcrumb"},"inLanguage":"en-US","potentialAction":[{"@type":"ReadAction","target":["https:\/\/provansadekor.rs\/provansa-isporucuje-24-7\/"]}]},{"@type":"ImageObject","inLanguage":"en-US","@id":"https:\/\/provansadekor.rs\/provansa-isporucuje-24-7\/#primaryimage","url":"https:\/\/provansadekor.rs\/wp-content\/uploads\/2022\/08\/box-101-1-500x500-1.jpg","contentUrl":"https:\/\/provansadekor.rs\/wp-content\/uploads\/2022\/08\/box-101-1-500x500-1.jpg"},{"@type":"BreadcrumbList","@id":"https:\/\/provansadekor.rs\/provansa-isporucuje-24-7\/#breadcrumb","itemListElement":[{"@type":"ListItem","position":1,"name":"\u041f\u043e\u0447\u0435\u0442\u043d\u0430","item":"https:\/\/provansadekor.rs\/"},{"@type":"ListItem","position":2,"name":"PROVANSA ISPORU\u010cUJE 24\/7"}]},{"@type":"WebSite","@id":"https:\/\/provansadekor.rs\/#website","url":"https:\/\/provansadekor.rs\/","name":"Provence Decor","description":"Flower delivery Belgrade - Event organization and decoration - Landscaping","publisher":{"@id":"https:\/\/provansadekor.rs\/#organization"},"potentialAction":[{"@type":"SearchAction","target":{"@type":"EntryPoint","urlTemplate":"https:\/\/provansadekor.rs\/?s={search_term_string}"},"query-input":{"@type":"PropertyValueSpecification","valueRequired":true,"valueName":"search_term_string"}}],"inLanguage":"en-US"},{"@type":"Organization","@id":"https:\/\/provansadekor.rs\/#organization","name":"Provence Decor Flower Shop Belgrade","url":"https:\/\/provansadekor.rs\/","logo":{"@type":"ImageObject","inLanguage":"en-US","@id":"https:\/\/provansadekor.rs\/#\/schema\/logo\/image\/","url":"https:\/\/provansadekor.rs\/wp-content\/uploads\/2022\/03\/logo-provansa.jpg","contentUrl":"https:\/\/provansadekor.rs\/wp-content\/uploads\/2022\/03\/logo-provansa.jpg","width":200,"height":200,"caption":"Provansa Dekor Cve\u0107ara Beograd"},"image":{"@id":"https:\/\/provansadekor.rs\/#\/schema\/logo\/image\/"},"sameAs":["https:\/\/www.facebook.com\/provansadekor","https:\/\/www.instagram.com\/provansadekor\/"]}]}},"_links":{"self":[{"href":"https:\/\/provansadekor.rs\/en\/wp-json\/wp\/v2\/pages\/64275","targetHints":{"allow":["GET"]}}],"collection":[{"href":"https:\/\/provansadekor.rs\/en\/wp-json\/wp\/v2\/pages"}],"about":[{"href":"https:\/\/provansadekor.rs\/en\/wp-json\/wp\/v2\/types\/page"}],"author":[{"embeddable":true,"href":"https:\/\/provansadekor.rs\/en\/wp-json\/wp\/v2\/users\/113"}],"replies":[{"embeddable":true,"href":"https:\/\/provansadekor.rs\/en\/wp-json\/wp\/v2\/comments?post=64275"}],"version-history":[{"count":90,"href":"https:\/\/provansadekor.rs\/en\/wp-json\/wp\/v2\/pages\/64275\/revisions"}],"predecessor-version":[{"id":68914,"href":"https:\/\/provansadekor.rs\/en\/wp-json\/wp\/v2\/pages\/64275\/revisions\/68914"}],"wp:attachment":[{"href":"https:\/\/provansadekor.rs\/en\/wp-json\/wp\/v2\/media?parent=64275"}],"wp:term":[{"taxonomy":"category","embeddable":true,"href":"https:\/\/provansadekor.rs\/en\/wp-json\/wp\/v2\/categories?post=64275"},{"taxonomy":"post_tag","embeddable":true,"href":"https:\/\/provansadekor.rs\/en\/wp-json\/wp\/v2\/tags?post=64275"}],"curies":[{"name":"wp","href":"https:\/\/api.w.org\/{rel}","templated":true}]}}